{"id":5265,"date":"2024-06-26T18:01:28","date_gmt":"2024-06-26T18:01:28","guid":{"rendered":"https:\/\/2024.hpac.ca\/?page_id=5265"},"modified":"2026-04-22T03:50:56","modified_gmt":"2026-04-22T03:50:56","slug":"homepage","status":"publish","type":"page","link":"https:\/\/2024.hpac.ca\/fr\/","title":{"rendered":"Homepage"},"content":{"rendered":"<p>[et_pb_section fb_built=\u00a0\u00bb1&Prime; _builder_version=\u00a0\u00bb4.25.2&Prime; _module_preset=\u00a0\u00bbdefault\u00a0\u00bb background_image=\u00a0\u00bbhttps:\/\/2024.hpac.ca\/wp-content\/uploads\/2024\/06\/home-page20221101.png\u00a0\u00bb custom_padding=\u00a0\u00bb360px||360px||true|false\u00a0\u00bb global_colors_info=\u00a0\u00bb{}\u00a0\u00bb][et_pb_row _builder_version=\u00a0\u00bb4.25.2&Prime; _module_preset=\u00a0\u00bbdefault\u00a0\u00bb global_colors_info=\u00a0\u00bb{}\u00a0\u00bb][et_pb_column type=\u00a0\u00bb4_4&Prime; _builder_version=\u00a0\u00bb4.25.2&Prime; _module_preset=\u00a0\u00bbdefault\u00a0\u00bb global_colors_info=\u00a0\u00bb{}\u00a0\u00bb][et_pb_divider show_divider=\u00a0\u00bboff\u00a0\u00bb _builder_version=\u00a0\u00bb4.25.2&Prime; _module_preset=\u00a0\u00bbdefault\u00a0\u00bb global_colors_info=\u00a0\u00bb{}\u00a0\u00bb][\/et_pb_divider][\/et_pb_column][\/et_pb_row][\/et_pb_section][et_pb_section fb_built=\u00a0\u00bb1&Prime; _builder_version=\u00a0\u00bb4.25.2&Prime; _module_preset=\u00a0\u00bbdefault\u00a0\u00bb global_colors_info=\u00a0\u00bb{}\u00a0\u00bb][et_pb_row column_structure=\u00a0\u00bb1_3,1_3,1_3&Prime; use_custom_gutter=\u00a0\u00bbon\u00a0\u00bb gutter_width=\u00a0\u00bb2&Prime; make_equal=\u00a0\u00bbon\u00a0\u00bb _builder_version=\u00a0\u00bb4.26.0&Prime; _module_preset=\u00a0\u00bbdefault\u00a0\u00bb global_colors_info=\u00a0\u00bb{}\u00a0\u00bb][et_pb_column type=\u00a0\u00bb1_3&Prime; _builder_version=\u00a0\u00bb4.26.0&Prime; _module_preset=\u00a0\u00bbdefault\u00a0\u00bb background_color=\u00a0\u00bb#f22312&Prime; background_image=\u00a0\u00bbhttps:\/\/2024.hpac.ca\/wp-content\/uploads\/2024\/07\/Capture.png\u00a0\u00bb background_size=\u00a0\u00bbcontain\u00a0\u00bb background_position=\u00a0\u00bbcenter_right\u00a0\u00bb custom_padding=\u00a0\u00bb15px|15px|15px|15px|true|true\u00a0\u00bb border_radii=\u00a0\u00bbon|5px|5px|5px|5px\u00a0\u00bb global_colors_info=\u00a0\u00bb{}\u00a0\u00bb][et_pb_text _builder_version=\u00a0\u00bb4.25.2&Prime; _module_preset=\u00a0\u00bbdefault\u00a0\u00bb header_2_font=\u00a0\u00bb|600|||on||||\u00a0\u00bb header_2_text_color=\u00a0\u00bb#FFFFFF\u00a0\u00bb header_2_font_size=\u00a0\u00bb24px\u00a0\u00bb custom_margin=\u00a0\u00bb||10px||false|false\u00a0\u00bb global_colors_info=\u00a0\u00bb{}\u00a0\u00bb]<\/p>\n<h2><a href=\"https:\/\/2024.hpac.ca\/fr\/apprendre-a-voler\/\">Apprendre \u00e0 voler<\/a><\/h2>\n<p>[\/et_pb_text][et_pb_text _builder_version=\u00a0\u00bb4.25.2&Prime; _module_preset=\u00a0\u00bbdefault\u00a0\u00bb text_text_color=\u00a0\u00bb#FFFFFF\u00a0\u00bb text_font_size=\u00a0\u00bb14px\u00a0\u00bb link_font=\u00a0\u00bb||||on||||\u00a0\u00bb link_text_color=\u00a0\u00bb#FFFFFF\u00a0\u00bb global_colors_info=\u00a0\u00bb{}\u00a0\u00bb]<\/p>\n<p><a href=\"https:\/\/2024.hpac.ca\/fr\/rejoindre-hpac-pour-la-premiere-fois\/\">Adh\u00e9rer \u00e0 HPAC<\/a><br \/><a href=\"https:\/\/2024.hpac.ca\/fr\/trouver-un-instructeur\/\">Trouver un instructeur<\/a><br \/><a href=\"https:\/\/2024.hpac.ca\/fr\/les-ecoles\/\">Trouver une \u00e9cole<\/a><\/p>\n<p>[\/et_pb_text][\/et_pb_column][et_pb_column type=\u00a0\u00bb1_3&Prime; _builder_version=\u00a0\u00bb4.26.0&Prime; _module_preset=\u00a0\u00bbdefault\u00a0\u00bb background_color=\u00a0\u00bb#545458&Prime; background_image=\u00a0\u00bbhttps:\/\/2024.hpac.ca\/wp-content\/uploads\/2024\/07\/Capture-1.png\u00a0\u00bb background_size=\u00a0\u00bbcontain\u00a0\u00bb background_position=\u00a0\u00bbcenter_right\u00a0\u00bb custom_padding=\u00a0\u00bb15px|15px|15px|15px|true|true\u00a0\u00bb border_radii=\u00a0\u00bbon|5px|5px|5px|5px\u00a0\u00bb global_colors_info=\u00a0\u00bb{}\u00a0\u00bb][et_pb_text _builder_version=\u00a0\u00bb4.25.2&Prime; _module_preset=\u00a0\u00bbdefault\u00a0\u00bb header_2_font=\u00a0\u00bb|600|||on||||\u00a0\u00bb header_2_text_color=\u00a0\u00bb#FFFFFF\u00a0\u00bb header_2_font_size=\u00a0\u00bb24px\u00a0\u00bb custom_margin=\u00a0\u00bb||10px||false|false\u00a0\u00bb global_colors_info=\u00a0\u00bb{}\u00a0\u00bb]<\/p>\n<h2><a href=\"https:\/\/2024.hpac.ca\/fr\/les-membres\/\">Les membres<\/a><\/h2>\n<p>[\/et_pb_text][et_pb_text _builder_version=\u00a0\u00bb4.25.2&Prime; _module_preset=\u00a0\u00bbdefault\u00a0\u00bb text_text_color=\u00a0\u00bb#FFFFFF\u00a0\u00bb text_font_size=\u00a0\u00bb14px\u00a0\u00bb link_font=\u00a0\u00bb||||on||||\u00a0\u00bb link_text_color=\u00a0\u00bb#FFFFFF\u00a0\u00bb global_colors_info=\u00a0\u00bb{}\u00a0\u00bb]<\/p>\n<p><a href=\"https:\/\/2024.hpac.ca\/fr\/les-membres\/\">Membres actuels<\/a><br \/><a href=\"https:\/\/members.hpac.ca\/login\">Renouveler l&rsquo;adh\u00e9sion<\/a><br \/><a href=\"https:\/\/members.hpac.ca\/login\">Voir la carte de membre<\/a><\/p>\n<p>[\/et_pb_text][\/et_pb_column][et_pb_column type=\u00a0\u00bb1_3&Prime; _builder_version=\u00a0\u00bb4.26.0&Prime; _module_preset=\u00a0\u00bbdefault\u00a0\u00bb background_color=\u00a0\u00bb#dbd9d6&Prime; background_image=\u00a0\u00bbhttps:\/\/2024.hpac.ca\/wp-content\/uploads\/2024\/07\/Capture-2.png\u00a0\u00bb background_size=\u00a0\u00bbcontain\u00a0\u00bb background_position=\u00a0\u00bbcenter_right\u00a0\u00bb custom_padding=\u00a0\u00bb15px|15px|15px|15px|true|true\u00a0\u00bb border_radii=\u00a0\u00bbon|5px|5px|5px|5px\u00a0\u00bb global_colors_info=\u00a0\u00bb{}\u00a0\u00bb][et_pb_text _builder_version=\u00a0\u00bb4.25.2&Prime; _module_preset=\u00a0\u00bbdefault\u00a0\u00bb header_2_font=\u00a0\u00bb|600|||on|||#474747|\u00a0\u00bb header_2_text_color=\u00a0\u00bb#474747&Prime; header_2_font_size=\u00a0\u00bb24px\u00a0\u00bb custom_margin=\u00a0\u00bb||10px||false|false\u00a0\u00bb global_colors_info=\u00a0\u00bb{}\u00a0\u00bb]<\/p>\n<h2><a href=\"https:\/\/2024.hpac.ca\/fr\/pilote\/pilotes-en-visite\/\">Pilotes en visite<\/a><\/h2>\n<p>[\/et_pb_text][et_pb_text _builder_version=\u00a0\u00bb4.27.6&Prime; _module_preset=\u00a0\u00bbdefault\u00a0\u00bb text_text_color=\u00a0\u00bb#474747&Prime; text_font_size=\u00a0\u00bb14px\u00a0\u00bb link_font=\u00a0\u00bb||||on||||\u00a0\u00bb link_text_color=\u00a0\u00bb#474747&Prime; global_colors_info=\u00a0\u00bb{}\u00a0\u00bb]<\/p>\n<p><a href=\"https:\/\/2024.hpac.ca\/fr\/pilote\/pilotes-en-visite\/\">Voler au Canada<\/a><br \/><a href=\"https:\/\/pq3ivecn4rb.typeform.com\/to\/g2mPTEm9\/?typeform-source=www.hpac.ca\" target=\"_blank\" rel=\"noopener\">Devenez membre visiteur<\/a><br \/><a href=\"https:\/\/2024.hpac.ca\/fr\/pilote\/voler-dans-les-parcs-nationaux-du-canada\/\">Voler dans les parcs nationaux du Canada<\/a><\/p>\n<p>[\/et_pb_text][\/et_pb_column][\/et_pb_row][et_pb_row column_structure=\u00a0\u00bb1_3,1_3,1_3&Prime; use_custom_gutter=\u00a0\u00bbon\u00a0\u00bb gutter_width=\u00a0\u00bb2&Prime; make_equal=\u00a0\u00bbon\u00a0\u00bb _builder_version=\u00a0\u00bb4.26.0&Prime; _module_preset=\u00a0\u00bbdefault\u00a0\u00bb custom_padding=\u00a0\u00bb||45px|||\u00a0\u00bb global_colors_info=\u00a0\u00bb{}\u00a0\u00bb][et_pb_column type=\u00a0\u00bb1_3&Prime; _builder_version=\u00a0\u00bb4.26.0&Prime; _module_preset=\u00a0\u00bbdefault\u00a0\u00bb background_color=\u00a0\u00bb#FFFFFF\u00a0\u00bb background_image=\u00a0\u00bbhttps:\/\/2024.hpac.ca\/wp-content\/uploads\/2024\/07\/Capture-3.png\u00a0\u00bb background_size=\u00a0\u00bbcontain\u00a0\u00bb background_position=\u00a0\u00bbcenter_right\u00a0\u00bb custom_padding=\u00a0\u00bb15px|15px|15px|15px|true|true\u00a0\u00bb border_radii=\u00a0\u00bbon|5px|5px|5px|5px\u00a0\u00bb border_width_all=\u00a0\u00bb1px\u00a0\u00bb border_color_all=\u00a0\u00bb#D6D6D6&Prime; global_colors_info=\u00a0\u00bb{}\u00a0\u00bb][et_pb_text _builder_version=\u00a0\u00bb4.25.2&Prime; _module_preset=\u00a0\u00bbdefault\u00a0\u00bb header_2_font=\u00a0\u00bb|600|||on|||#E02B20|\u00a0\u00bb header_2_text_color=\u00a0\u00bb#474747&Prime; header_2_font_size=\u00a0\u00bb24px\u00a0\u00bb custom_margin=\u00a0\u00bb||10px||false|false\u00a0\u00bb global_colors_info=\u00a0\u00bb{}\u00a0\u00bb]<\/p>\n<h2><a href=\"https:\/\/2024.hpac.ca\/fr\/pilote\/competition-et-records\/\">Concours<\/a><\/h2>\n<p>[\/et_pb_text][et_pb_text _builder_version=\u00a0\u00bb4.25.2&Prime; _module_preset=\u00a0\u00bbdefault\u00a0\u00bb text_text_color=\u00a0\u00bb#FFFFFF\u00a0\u00bb text_font_size=\u00a0\u00bb14px\u00a0\u00bb link_font=\u00a0\u00bb||||on||||\u00a0\u00bb link_text_color=\u00a0\u00bb#474747&Prime; global_colors_info=\u00a0\u00bb{}\u00a0\u00bb]<\/p>\n<p><a href=\"https:\/\/2024.hpac.ca\/fr\/pilote\/competition-et-records\/participer-a-des-concours\/\">Participez aux comp\u00e9titions<\/a><br \/><a href=\"https:\/\/www.facebook.com\/groups\/1203572566353229\/\">\u00c9v\u00e9nements sanctionn\u00e9s par le HPAC<\/a><\/p>\n<p>[\/et_pb_text][\/et_pb_column][et_pb_column type=\u00a0\u00bb1_3&Prime; _builder_version=\u00a0\u00bb4.26.0&Prime; _module_preset=\u00a0\u00bbdefault\u00a0\u00bb background_color=\u00a0\u00bb#FFFFFF\u00a0\u00bb background_image=\u00a0\u00bbhttps:\/\/2024.hpac.ca\/wp-content\/uploads\/2024\/07\/Capture-5.png\u00a0\u00bb background_size=\u00a0\u00bbcontain\u00a0\u00bb background_position=\u00a0\u00bbcenter_right\u00a0\u00bb custom_padding=\u00a0\u00bb15px|15px|15px|15px|true|true\u00a0\u00bb border_radii=\u00a0\u00bbon|5px|5px|5px|5px\u00a0\u00bb border_width_all=\u00a0\u00bb1px\u00a0\u00bb border_color_all=\u00a0\u00bb#D6D6D6&Prime; global_colors_info=\u00a0\u00bb{}\u00a0\u00bb][et_pb_text _builder_version=\u00a0\u00bb4.25.2&Prime; _module_preset=\u00a0\u00bbdefault\u00a0\u00bb header_2_font=\u00a0\u00bb|600|||on|||#E02B20|\u00a0\u00bb header_2_text_color=\u00a0\u00bb#474747&Prime; header_2_font_size=\u00a0\u00bb24px\u00a0\u00bb custom_margin=\u00a0\u00bb||10px||false|false\u00a0\u00bb global_colors_info=\u00a0\u00bb{}\u00a0\u00bb]<\/p>\n<h2><a href=\"https:\/\/2024.hpac.ca\/fr\/proprietaires-fonciers\/\">Propri\u00e9taires fonciers<\/a><\/h2>\n<p>[\/et_pb_text][et_pb_text _builder_version=\u00a0\u00bb4.27.4&Prime; _module_preset=\u00a0\u00bbdefault\u00a0\u00bb text_text_color=\u00a0\u00bb#FFFFFF\u00a0\u00bb text_font_size=\u00a0\u00bb14px\u00a0\u00bb link_font=\u00a0\u00bb||||on||||\u00a0\u00bb link_text_color=\u00a0\u00bb#474747&Prime; global_colors_info=\u00a0\u00bb{}\u00a0\u00bb]<\/p>\n<p><a href=\"https:\/\/2024.hpac.ca\/wp-content\/uploads\/2025\/06\/Commercial-General-Liability-Excess-Liability-25-26-Cover-Note.docx.pdf\" target=\"_blank\" rel=\"noopener\" title=\"Attestation d'assurance\">Classeur d&rsquo;assurance actuel<\/a><\/p>\n<p>[\/et_pb_text][\/et_pb_column][et_pb_column type=\u00a0\u00bb1_3&Prime; _builder_version=\u00a0\u00bb4.26.0&Prime; _module_preset=\u00a0\u00bbdefault\u00a0\u00bb background_color=\u00a0\u00bb#FFFFFF\u00a0\u00bb background_image=\u00a0\u00bbhttps:\/\/2024.hpac.ca\/wp-content\/uploads\/2024\/07\/Capture-6.png\u00a0\u00bb background_size=\u00a0\u00bbcontain\u00a0\u00bb background_position=\u00a0\u00bbcenter_right\u00a0\u00bb custom_padding=\u00a0\u00bb15px|15px|15px|15px|true|true\u00a0\u00bb border_radii=\u00a0\u00bbon|5px|5px|5px|5px\u00a0\u00bb border_width_all=\u00a0\u00bb1px\u00a0\u00bb border_color_all=\u00a0\u00bb#D6D6D6&Prime; global_colors_info=\u00a0\u00bb{}\u00a0\u00bb][et_pb_text _builder_version=\u00a0\u00bb4.25.2&Prime; _module_preset=\u00a0\u00bbdefault\u00a0\u00bb header_2_font=\u00a0\u00bb|600|||on|||#E02B20|\u00a0\u00bb header_2_text_color=\u00a0\u00bb#474747&Prime; header_2_font_size=\u00a0\u00bb24px\u00a0\u00bb custom_margin=\u00a0\u00bb||10px||false|false\u00a0\u00bb global_colors_info=\u00a0\u00bb{}\u00a0\u00bb]<\/p>\n<h2>Boutique HPAC<\/h2>\n<p>[\/et_pb_text][et_pb_text _builder_version=\u00a0\u00bb4.25.2&Prime; _module_preset=\u00a0\u00bbdefault\u00a0\u00bb text_text_color=\u00a0\u00bb#FFFFFF\u00a0\u00bb text_font_size=\u00a0\u00bb14px\u00a0\u00bb link_font=\u00a0\u00bb||||on||||\u00a0\u00bb link_text_color=\u00a0\u00bb#474747&Prime; global_colors_info=\u00a0\u00bb{}\u00a0\u00bb]<\/p>\n<p><a href=\"https:\/\/2024.hpac.ca\/fr\/securite\/carnet-de-formation\/\">Carnets de bord<\/a><br \/><a href=\"https:\/\/2024.hpac.ca\/fr\/carte-ippi\/\">Carte IPPI<\/a><\/p>\n<p>[\/et_pb_text][\/et_pb_column][\/et_pb_row][\/et_pb_section][et_pb_section fb_built=\u00a0\u00bb1&Prime; _builder_version=\u00a0\u00bb4.26.0&Prime; _module_preset=\u00a0\u00bbdefault\u00a0\u00bb background_color=\u00a0\u00bb#f7f7f7&Prime; global_colors_info=\u00a0\u00bb{}\u00a0\u00bb][et_pb_row _builder_version=\u00a0\u00bb4.25.2&Prime; _module_preset=\u00a0\u00bbdefault\u00a0\u00bb global_colors_info=\u00a0\u00bb{}\u00a0\u00bb][et_pb_column type=\u00a0\u00bb4_4&Prime; _builder_version=\u00a0\u00bb4.25.2&Prime; _module_preset=\u00a0\u00bbdefault\u00a0\u00bb global_colors_info=\u00a0\u00bb{}\u00a0\u00bb][et_pb_text _builder_version=\u00a0\u00bb4.25.2&Prime; _module_preset=\u00a0\u00bbdefault\u00a0\u00bb header_2_font=\u00a0\u00bb|600|||||||\u00a0\u00bb global_colors_info=\u00a0\u00bb{}\u00a0\u00bb]<\/p>\n<h2>Nouvelles et annonces<\/h2>\n<p>[\/et_pb_text][\/et_pb_column][\/et_pb_row][\/et_pb_section][et_pb_section fb_built=\u00a0\u00bb1&Prime; _builder_version=\u00a0\u00bb4.27.6&Prime; _module_preset=\u00a0\u00bbdefault\u00a0\u00bb global_colors_info=\u00a0\u00bb{}\u00a0\u00bb][et_pb_row _builder_version=\u00a0\u00bb4.27.6&Prime; _module_preset=\u00a0\u00bbdefault\u00a0\u00bb global_colors_info=\u00a0\u00bb{}\u00a0\u00bb][et_pb_column type=\u00a0\u00bb4_4&Prime; _builder_version=\u00a0\u00bb4.27.6&Prime; _module_preset=\u00a0\u00bbdefault\u00a0\u00bb global_colors_info=\u00a0\u00bb{}\u00a0\u00bb][et_pb_text _builder_version=\u00a0\u00bb4.27.6&Prime; _module_preset=\u00a0\u00bbdefault\u00a0\u00bb global_colors_info=\u00a0\u00bb{}\u00a0\u00bb]<\/p>\n<p>Bienvenue sur le nouveau site web du HPAC ! La situation n&rsquo;est peut-\u00eatre pas encore tr\u00e8s diff\u00e9rente, mais nous sommes occup\u00e9s \u00e0 modifier le contenu en coulisses apr\u00e8s la mise en place d&rsquo;un nouveau syst\u00e8me.<\/p>\n<p>Surveillez cet espace pour conna\u00eetre les derni\u00e8res nouvelles.<\/p>\n<p>[\/et_pb_text][\/et_pb_column][\/et_pb_row][\/et_pb_section][et_pb_section fb_built=\u00a0\u00bb1&Prime; _builder_version=\u00a0\u00bb4.26.0&Prime; _module_preset=\u00a0\u00bbdefault\u00a0\u00bb background_enable_color=\u00a0\u00bboff\u00a0\u00bb global_colors_info=\u00a0\u00bb{}\u00a0\u00bb][et_pb_row _builder_version=\u00a0\u00bb4.25.2&Prime; _module_preset=\u00a0\u00bbdefault\u00a0\u00bb global_colors_info=\u00a0\u00bb{}\u00a0\u00bb][et_pb_column type=\u00a0\u00bb4_4&Prime; _builder_version=\u00a0\u00bb4.25.2&Prime; _module_preset=\u00a0\u00bbdefault\u00a0\u00bb global_colors_info=\u00a0\u00bb{}\u00a0\u00bb][et_pb_text _builder_version=\u00a0\u00bb4.25.2&Prime; _module_preset=\u00a0\u00bbdefault\u00a0\u00bb header_3_font=\u00a0\u00bb|700|||||||\u00a0\u00bb header_3_text_align=\u00a0\u00bbcenter\u00a0\u00bb header_3_text_color=\u00a0\u00bb#000000&Prime; header_3_font_size=\u00a0\u00bb32px\u00a0\u00bb header_3_font_size_tablet=\u00a0\u00bb32px\u00a0\u00bb header_3_font_size_phone=\u00a0\u00bb22px\u00a0\u00bb header_3_font_size_last_edited=\u00a0\u00bbon|phone\u00a0\u00bb global_colors_info=\u00a0\u00bb{}\u00a0\u00bb]<\/p>\n<h3>MEMBRE DE<\/h3>\n<p>[\/et_pb_text][\/et_pb_column][\/et_pb_row][et_pb_row column_structure=\u00a0\u00bb1_2,1_2&Prime; module_class=\u00a0\u00bbphone-two-cols\u00a0\u00bb _builder_version=\u00a0\u00bb4.27.4&Prime; _module_preset=\u00a0\u00bbdefault\u00a0\u00bb global_colors_info=\u00a0\u00bb{}\u00a0\u00bb][et_pb_column type=\u00a0\u00bb1_2&Prime; _builder_version=\u00a0\u00bb4.25.2&Prime; _module_preset=\u00a0\u00bbdefault\u00a0\u00bb global_colors_info=\u00a0\u00bb{}\u00a0\u00bb][et_pb_image src=\u00a0\u00bbhttps:\/\/2024.hpac.ca\/wp-content\/uploads\/2024\/07\/fai_logo.svg\u00a0\u00bb title_text=\u00a0\u00bbfai_logo\u00a0\u00bb align=\u00a0\u00bbright\u00a0\u00bb _builder_version=\u00a0\u00bb4.27.4&Prime; _module_preset=\u00a0\u00bbdefault\u00a0\u00bb width=\u00a0\u00bb14%\u00a0\u00bb module_alignment=\u00a0\u00bbright\u00a0\u00bb global_colors_info=\u00a0\u00bb{}\u00a0\u00bb][\/et_pb_image][\/et_pb_column][et_pb_column type=\u00a0\u00bb1_2&Prime; _builder_version=\u00a0\u00bb4.25.2&Prime; _module_preset=\u00a0\u00bbdefault\u00a0\u00bb global_colors_info=\u00a0\u00bb{}\u00a0\u00bb][et_pb_image src=\u00a0\u00bbhttps:\/\/2024.hpac.ca\/wp-content\/uploads\/2024\/07\/acc_logo.svg\u00a0\u00bb title_text=\u00a0\u00bbacc_logo\u00a0\u00bb _builder_version=\u00a0\u00bb4.27.4&Prime; _module_preset=\u00a0\u00bbdefault\u00a0\u00bb global_colors_info=\u00a0\u00bb{}\u00a0\u00bb][\/et_pb_image][\/et_pb_column][\/et_pb_row][\/et_pb_section]<\/p>\n","protected":false},"excerpt":{"rendered":"<p>Apprendre \u00e0 volerAdh\u00e9rer \u00e0 HPACTrouver un instructeurTrouver une \u00e9coleLes membresMembres actuelsRenouveler l&rsquo;adh\u00e9sionVoir la carte de membrePilotes en visiteVoler au CanadaDevenez membre visiteurVoler dans les parcs nationaux du CanadaConcoursParticipez aux comp\u00e9titions\u00c9v\u00e9nements sanctionn\u00e9s par le HPACPropri\u00e9taires fonciersClasseur d&rsquo;assurance actuelBoutique HPACCarnets de bordCarte IPPINouvelles et annoncesBienvenue sur le nouveau site web du HPAC ! La situation n&rsquo;est peut-\u00eatre [&hellip;]<\/p>\n","protected":false},"author":4,"featured_media":0,"parent":0,"menu_order":0,"comment_status":"closed","ping_status":"closed","template":"","meta":{"_acf_changed":false,"_et_pb_use_builder":"on","_et_pb_old_content":"","_et_gb_content_width":"","footnotes":""},"class_list":["post-5265","page","type-page","status-publish","hentry"],"acf":[],"yoast_head":"<!-- This site is optimized with the Yoast SEO plugin v27.4 - https:\/\/yoast.com\/product\/yoast-seo-wordpress\/ -->\n<title>Homepage - HPAC.ca<\/title>\n<meta name=\"robots\" content=\"index, follow, max-snippet:-1, max-image-preview:large, max-video-preview:-1\" \/>\n<link rel=\"canonical\" href=\"https:\/\/2024.hpac.ca\/fr\/\" \/>\n<meta property=\"og:locale\" content=\"fr_FR\" \/>\n<meta property=\"og:type\" content=\"article\" \/>\n<meta property=\"og:title\" content=\"Homepage - HPAC.ca\" \/>\n<meta property=\"og:description\" content=\"Apprendre \u00e0 volerAdh\u00e9rer \u00e0 HPACTrouver un instructeurTrouver une \u00e9coleLes membresMembres actuelsRenouveler l&#039;adh\u00e9sionVoir la carte de membrePilotes en visiteVoler au CanadaDevenez membre visiteurVoler dans les parcs nationaux du CanadaConcoursParticipez aux comp\u00e9titions\u00c9v\u00e9nements sanctionn\u00e9s par le HPACPropri\u00e9taires fonciersClasseur d&#039;assurance actuelBoutique HPACCarnets de bordCarte IPPINouvelles et annoncesBienvenue sur le nouveau site web du HPAC ! La situation n&#039;est peut-\u00eatre [&hellip;]\" \/>\n<meta property=\"og:url\" content=\"https:\/\/2024.hpac.ca\/fr\/\" \/>\n<meta property=\"og:site_name\" content=\"HPAC.ca\" \/>\n<meta property=\"article:modified_time\" content=\"2026-04-22T03:50:56+00:00\" \/>\n<meta name=\"twitter:card\" content=\"summary_large_image\" \/>\n<meta name=\"twitter:label1\" content=\"Dur\u00e9e de lecture estim\u00e9e\" \/>\n\t<meta name=\"twitter:data1\" content=\"2 minute\" \/>\n<script type=\"application\/ld+json\" class=\"yoast-schema-graph\">{\"@context\":\"https:\\\/\\\/schema.org\",\"@graph\":[{\"@type\":\"WebPage\",\"@id\":\"https:\\\/\\\/2024.hpac.ca\\\/fr\\\/\",\"url\":\"https:\\\/\\\/2024.hpac.ca\\\/fr\\\/\",\"name\":\"Homepage - HPAC.ca\",\"isPartOf\":{\"@id\":\"https:\\\/\\\/2024.hpac.ca\\\/fr\\\/#website\"},\"datePublished\":\"2024-06-26T18:01:28+00:00\",\"dateModified\":\"2026-04-22T03:50:56+00:00\",\"breadcrumb\":{\"@id\":\"https:\\\/\\\/2024.hpac.ca\\\/fr\\\/#breadcrumb\"},\"inLanguage\":\"fr-FR\",\"potentialAction\":[{\"@type\":\"ReadAction\",\"target\":[\"https:\\\/\\\/2024.hpac.ca\\\/fr\\\/\"]}]},{\"@type\":\"BreadcrumbList\",\"@id\":\"https:\\\/\\\/2024.hpac.ca\\\/fr\\\/#breadcrumb\",\"itemListElement\":[{\"@type\":\"ListItem\",\"position\":1,\"name\":\"Home\",\"item\":\"https:\\\/\\\/2024.hpac.ca\\\/fr\\\/\"},{\"@type\":\"ListItem\",\"position\":2,\"name\":\"Homepage\"}]},{\"@type\":\"WebSite\",\"@id\":\"https:\\\/\\\/2024.hpac.ca\\\/fr\\\/#website\",\"url\":\"https:\\\/\\\/2024.hpac.ca\\\/fr\\\/\",\"name\":\"HPAC.ca\",\"description\":\"Hang Gliding and Paragliding Association\",\"potentialAction\":[{\"@type\":\"SearchAction\",\"target\":{\"@type\":\"EntryPoint\",\"urlTemplate\":\"https:\\\/\\\/2024.hpac.ca\\\/fr\\\/?s={search_term_string}\"},\"query-input\":{\"@type\":\"PropertyValueSpecification\",\"valueRequired\":true,\"valueName\":\"search_term_string\"}}],\"inLanguage\":\"fr-FR\"}]}<\/script>\n<!-- \/ Yoast SEO plugin. -->","yoast_head_json":{"title":"Homepage - HPAC.ca","robots":{"index":"index","follow":"follow","max-snippet":"max-snippet:-1","max-image-preview":"max-image-preview:large","max-video-preview":"max-video-preview:-1"},"canonical":"https:\/\/2024.hpac.ca\/fr\/","og_locale":"fr_FR","og_type":"article","og_title":"Homepage - HPAC.ca","og_description":"Apprendre \u00e0 volerAdh\u00e9rer \u00e0 HPACTrouver un instructeurTrouver une \u00e9coleLes membresMembres actuelsRenouveler l'adh\u00e9sionVoir la carte de membrePilotes en visiteVoler au CanadaDevenez membre visiteurVoler dans les parcs nationaux du CanadaConcoursParticipez aux comp\u00e9titions\u00c9v\u00e9nements sanctionn\u00e9s par le HPACPropri\u00e9taires fonciersClasseur d'assurance actuelBoutique HPACCarnets de bordCarte IPPINouvelles et annoncesBienvenue sur le nouveau site web du HPAC ! La situation n'est peut-\u00eatre [&hellip;]","og_url":"https:\/\/2024.hpac.ca\/fr\/","og_site_name":"HPAC.ca","article_modified_time":"2026-04-22T03:50:56+00:00","twitter_card":"summary_large_image","twitter_misc":{"Dur\u00e9e de lecture estim\u00e9e":"2 minute"},"schema":{"@context":"https:\/\/schema.org","@graph":[{"@type":"WebPage","@id":"https:\/\/2024.hpac.ca\/fr\/","url":"https:\/\/2024.hpac.ca\/fr\/","name":"Homepage - HPAC.ca","isPartOf":{"@id":"https:\/\/2024.hpac.ca\/fr\/#website"},"datePublished":"2024-06-26T18:01:28+00:00","dateModified":"2026-04-22T03:50:56+00:00","breadcrumb":{"@id":"https:\/\/2024.hpac.ca\/fr\/#breadcrumb"},"inLanguage":"fr-FR","potentialAction":[{"@type":"ReadAction","target":["https:\/\/2024.hpac.ca\/fr\/"]}]},{"@type":"BreadcrumbList","@id":"https:\/\/2024.hpac.ca\/fr\/#breadcrumb","itemListElement":[{"@type":"ListItem","position":1,"name":"Home","item":"https:\/\/2024.hpac.ca\/fr\/"},{"@type":"ListItem","position":2,"name":"Homepage"}]},{"@type":"WebSite","@id":"https:\/\/2024.hpac.ca\/fr\/#website","url":"https:\/\/2024.hpac.ca\/fr\/","name":"HPAC.ca","description":"Hang Gliding and Paragliding Association","potentialAction":[{"@type":"SearchAction","target":{"@type":"EntryPoint","urlTemplate":"https:\/\/2024.hpac.ca\/fr\/?s={search_term_string}"},"query-input":{"@type":"PropertyValueSpecification","valueRequired":true,"valueName":"search_term_string"}}],"inLanguage":"fr-FR"}]}},"_links":{"self":[{"href":"https:\/\/2024.hpac.ca\/fr\/wp-json\/wp\/v2\/pages\/5265","targetHints":{"allow":["GET"]}}],"collection":[{"href":"https:\/\/2024.hpac.ca\/fr\/wp-json\/wp\/v2\/pages"}],"about":[{"href":"https:\/\/2024.hpac.ca\/fr\/wp-json\/wp\/v2\/types\/page"}],"author":[{"embeddable":true,"href":"https:\/\/2024.hpac.ca\/fr\/wp-json\/wp\/v2\/users\/4"}],"replies":[{"embeddable":true,"href":"https:\/\/2024.hpac.ca\/fr\/wp-json\/wp\/v2\/comments?post=5265"}],"version-history":[{"count":33,"href":"https:\/\/2024.hpac.ca\/fr\/wp-json\/wp\/v2\/pages\/5265\/revisions"}],"predecessor-version":[{"id":6695,"href":"https:\/\/2024.hpac.ca\/fr\/wp-json\/wp\/v2\/pages\/5265\/revisions\/6695"}],"wp:attachment":[{"href":"https:\/\/2024.hpac.ca\/fr\/wp-json\/wp\/v2\/media?parent=5265"}],"curies":[{"name":"wp","href":"https:\/\/api.w.org\/{rel}","templated":true}]}}