{"id":5412,"date":"2024-07-02T19:38:11","date_gmt":"2024-07-02T19:38:11","guid":{"rendered":"https:\/\/2024.hpac.ca\/procedures-operationnelles-standard\/"},"modified":"2026-05-01T20:28:38","modified_gmt":"2026-05-01T20:28:38","slug":"procedures-operationnelles-standard","status":"publish","type":"page","link":"https:\/\/2024.hpac.ca\/fr\/procedures-operationnelles-standard\/","title":{"rendered":"Proc\u00e9dures op\u00e9rationnelles standard"},"content":{"rendered":"<p>[et_pb_section fb_built=\u00a0\u00bb1&Prime; _builder_version=\u00a0\u00bb4.25.2&Prime; _module_preset=\u00a0\u00bbdefault\u00a0\u00bb global_colors_info=\u00a0\u00bb{}\u00a0\u00bb][et_pb_row _builder_version=\u00a0\u00bb4.25.2&Prime; _module_preset=\u00a0\u00bbdefault\u00a0\u00bb global_colors_info=\u00a0\u00bb{}\u00a0\u00bb][et_pb_column type=\u00a0\u00bb4_4&Prime; _builder_version=\u00a0\u00bb4.25.2&Prime; _module_preset=\u00a0\u00bbdefault\u00a0\u00bb global_colors_info=\u00a0\u00bb{}\u00a0\u00bb][et_pb_text _builder_version=\u00a0\u00bb4.25.2&Prime; _module_preset=\u00a0\u00bbdefault\u00a0\u00bb header_font=\u00a0\u00bb|600|||||||\u00a0\u00bb header_text_color=\u00a0\u00bb#545458&Prime; header_font_size=\u00a0\u00bb36px\u00a0\u00bb custom_margin=\u00a0\u00bb||8px||false|false\u00a0\u00bb header_font_size_tablet=\u00a0\u00bb36px\u00a0\u00bb header_font_size_phone=\u00a0\u00bb25px\u00a0\u00bb header_font_size_last_edited=\u00a0\u00bbon|phone\u00a0\u00bb global_colors_info=\u00a0\u00bb{}\u00a0\u00bb]<\/p>\n<h1>Proc\u00e9dures op\u00e9rationnelles standard<\/h1>\n<p>[\/et_pb_text][et_pb_text _builder_version=\u00a0\u00bb4.27.6&Prime; _module_preset=\u00a0\u00bbdefault\u00a0\u00bb text_font=\u00a0\u00bb|300|||||||\u00a0\u00bb link_font=\u00a0\u00bb||||on||||\u00a0\u00bb link_text_color=\u00a0\u00bb#6B6B6B\u00a0\u00bb global_colors_info=\u00a0\u00bb{}\u00a0\u00bb]<\/p>\n<ul>\n<li><a href=\"https:\/\/2024.hpac.ca\/download\/383\/?tmstv=1719949613\" target=\"_blank\" rel=\"noopener\">SOP 100 Mission et objectifs de l&rsquo;association<\/a><\/li>\n<li><a href=\"https:\/\/2024.hpac.ca\/download\/386\/?tmstv=1719949686\" target=\"_blank\" rel=\"noopener\">POS 200 Conseil d&rsquo;administration<\/a><\/li>\n<li><a href=\"https:\/\/2024.hpac.ca\/download\/389\/?tmstv=1719949767\" target=\"_blank\" rel=\"noopener\">SOP 205 \u00c9lection des administrateurs<\/a><\/li>\n<li><a href=\"https:\/\/2024.hpac.ca\/download\/392\/?tmstv=1719949848\" target=\"_blank\" rel=\"noopener\">SOP 210 R\u00e9unions des administrateurs<\/a><\/li>\n<li><a href=\"https:\/\/2024.hpac.ca\/download\/395\/?tmstv=1719949910\" target=\"_blank\" rel=\"noopener\">SOP 220 Adh\u00e9sion<\/a><\/li>\n<li><a href=\"https:\/\/2024.hpac.ca\/download\/398\/?tmstv=1719950262\" target=\"_blank\" rel=\"noopener\">SOP 230 R\u00e9unions des membres<\/a><\/li>\n<li><a href=\"https:\/\/2024.hpac.ca\/download\/401\/?tmstv=1719950583\" target=\"_blank\" rel=\"noopener\">SOP 250 Directeur ex\u00e9cutif<\/a><\/li>\n<li><a href=\"https:\/\/2024.hpac.ca\/download\/404\/?tmstv=1719950666\" target=\"_blank\" rel=\"noopener\">SOP 280 FAI, CIVL, et Aeroclub du Canada<\/a><\/li>\n<li><a href=\"https:\/\/2024.hpac.ca\/download\/407\/?tmstv=1719950698\" target=\"_blank\" rel=\"noopener\">Concours SOP 290<\/a><\/li>\n<li><a href=\"https:\/\/2024.hpac.ca\/download\/410\/?tmstv=1719950742\" target=\"_blank\" rel=\"noopener\">SOP 310 Communications officielles externes<\/a><\/li>\n<li><a href=\"https:\/\/2024.hpac.ca\/download\/413\/?tmstv=1719951465\" target=\"_blank\" rel=\"noopener\">SOP 320 Mesures disciplinaires<\/a><\/li>\n<li><a href=\"https:\/\/2024.hpac.ca\/download\/417\/?tmstv=1719951519\" target=\"_blank\" rel=\"noopener\">SOP 350 Planification, gestion et contr\u00f4le financiers g\u00e9n\u00e9raux<\/a><\/li>\n<li><a href=\"https:\/\/2024.hpac.ca\/download\/420\/?tmstv=1719951570\" target=\"_blank\" rel=\"noopener\">SOP 400 S\u00e9curit\u00e9 des vols<\/a><\/li>\n<li><a href=\"https:\/\/2024.hpac.ca\/download\/423\/?tmstv=1719951651\" target=\"_blank\" rel=\"noopener\">SOP 405 Rapport d&rsquo;accident \/ d&rsquo;incident<\/a><\/li>\n<li><a href=\"https:\/\/2024.hpac.ca\/download\/427\/?tmstv=1719951705\" target=\"_blank\" rel=\"noopener\">SOP 410 Qualifications des pilotes<\/a><\/li>\n<li><a href=\"https:\/\/2024.hpac.ca\/download\/430\/?tmstv=1719952319\" target=\"_blank\" rel=\"noopener\">Certification d&rsquo;instructeur SOP 420<\/a><\/li>\n<li><a href=\"https:\/\/2024.hpac.ca\/download\/433\/?tmstv=1719953149\" target=\"_blank\" rel=\"noopener\">SOP 430 Programme d&rsquo;homologation des tandems<\/a><\/li>\n<li><a href=\"https:\/\/2024.hpac.ca\/download\/436\/?tmstv=1719953282\" target=\"_blank\" rel=\"noopener\">SOP 431 Protocole de s\u00e9curit\u00e9 pr\u00e9-vol en tandem<\/a><\/li>\n<li><a href=\"https:\/\/2024.hpac.ca\/download\/439\/?tmstv=1719953454\" target=\"_blank\" rel=\"noopener\">SOP 432 Certification et mention d&rsquo;instructeur tandem temporaire<\/a><\/li>\n<li><a href=\"https:\/\/2024.hpac.ca\/download\/442\/?tmstv=1719953555\" target=\"_blank\" rel=\"noopener\">POS 440 Programme d&rsquo;assurance<\/a><\/li>\n<li><a href=\"https:\/\/2024.hpac.ca\/download\/447\/?tmstv=1719953653\" target=\"_blank\" rel=\"noopener\">SOP 450 Politique de certification des qualifications de pilote et d&rsquo;instructeur<\/a><\/li>\n<li><a href=\"https:\/\/2024.hpac.ca\/download\/450\/?tmstv=1719953768\" target=\"_blank\" rel=\"noopener\">SOP 460 Code de conduite de l&rsquo;instructeur<\/a><\/li>\n<li><a href=\"https:\/\/2024.hpac.ca\/download\/453\/?tmstv=1719953847\" target=\"_blank\" rel=\"noopener\">Prix de l&rsquo;association SOP 500<\/a><\/li>\n<li><a href=\"https:\/\/2024.hpac.ca\/download\/456\/?tmstv=1719953915\" target=\"_blank\" rel=\"noopener\">SOP 700 Cr\u00e9ation et r\u00e9vision des SOP<\/a><\/li>\n<\/ul>\n<p>[\/et_pb_text][\/et_pb_column][\/et_pb_row][\/et_pb_section]<\/p>\n","protected":false},"excerpt":{"rendered":"<p>Proc\u00e9dures op\u00e9rationnelles standard SOP 100 Mission et objectifs de l&rsquo;association POS 200 Conseil d&rsquo;administration SOP 205 \u00c9lection des administrateurs SOP 210 R\u00e9unions des administrateurs SOP 220 Adh\u00e9sion SOP 230 R\u00e9unions des membres SOP 250 Directeur ex\u00e9cutif SOP 280 FAI, CIVL, et Aeroclub du Canada Concours SOP 290 SOP 310 Communications officielles externes SOP 320 Mesures [&hellip;]<\/p>\n","protected":false},"author":4,"featured_media":0,"parent":0,"menu_order":0,"comment_status":"closed","ping_status":"closed","template":"","meta":{"_acf_changed":false,"_et_pb_use_builder":"on","_et_pb_old_content":"","_et_gb_content_width":"","footnotes":""},"class_list":["post-5412","page","type-page","status-publish","hentry"],"acf":[],"yoast_head":"<!-- This site is optimized with the Yoast SEO plugin v27.4 - https:\/\/yoast.com\/product\/yoast-seo-wordpress\/ -->\n<title>Proc\u00e9dures op\u00e9rationnelles standard - HPAC.ca<\/title>\n<meta name=\"robots\" content=\"index, follow, max-snippet:-1, max-image-preview:large, max-video-preview:-1\" \/>\n<link rel=\"canonical\" href=\"https:\/\/2024.hpac.ca\/fr\/procedures-operationnelles-standard\/\" \/>\n<meta property=\"og:locale\" content=\"fr_FR\" \/>\n<meta property=\"og:type\" content=\"article\" \/>\n<meta property=\"og:title\" content=\"Proc\u00e9dures op\u00e9rationnelles standard - HPAC.ca\" \/>\n<meta property=\"og:description\" content=\"Proc\u00e9dures op\u00e9rationnelles standard SOP 100 Mission et objectifs de l&#039;association POS 200 Conseil d&#039;administration SOP 205 \u00c9lection des administrateurs SOP 210 R\u00e9unions des administrateurs SOP 220 Adh\u00e9sion SOP 230 R\u00e9unions des membres SOP 250 Directeur ex\u00e9cutif SOP 280 FAI, CIVL, et Aeroclub du Canada Concours SOP 290 SOP 310 Communications officielles externes SOP 320 Mesures [&hellip;]\" \/>\n<meta property=\"og:url\" content=\"https:\/\/2024.hpac.ca\/fr\/procedures-operationnelles-standard\/\" \/>\n<meta property=\"og:site_name\" content=\"HPAC.ca\" \/>\n<meta property=\"article:modified_time\" content=\"2026-05-01T20:28:38+00:00\" \/>\n<meta name=\"twitter:card\" content=\"summary_large_image\" \/>\n<meta name=\"twitter:label1\" content=\"Dur\u00e9e de lecture estim\u00e9e\" \/>\n\t<meta name=\"twitter:data1\" content=\"1 minute\" \/>\n<script type=\"application\/ld+json\" class=\"yoast-schema-graph\">{\"@context\":\"https:\\\/\\\/schema.org\",\"@graph\":[{\"@type\":\"WebPage\",\"@id\":\"https:\\\/\\\/2024.hpac.ca\\\/fr\\\/procedures-operationnelles-standard\\\/\",\"url\":\"https:\\\/\\\/2024.hpac.ca\\\/fr\\\/procedures-operationnelles-standard\\\/\",\"name\":\"Proc\u00e9dures op\u00e9rationnelles standard - HPAC.ca\",\"isPartOf\":{\"@id\":\"https:\\\/\\\/2024.hpac.ca\\\/fr\\\/#website\"},\"datePublished\":\"2024-07-02T19:38:11+00:00\",\"dateModified\":\"2026-05-01T20:28:38+00:00\",\"breadcrumb\":{\"@id\":\"https:\\\/\\\/2024.hpac.ca\\\/fr\\\/procedures-operationnelles-standard\\\/#breadcrumb\"},\"inLanguage\":\"fr-FR\",\"potentialAction\":[{\"@type\":\"ReadAction\",\"target\":[\"https:\\\/\\\/2024.hpac.ca\\\/fr\\\/procedures-operationnelles-standard\\\/\"]}]},{\"@type\":\"BreadcrumbList\",\"@id\":\"https:\\\/\\\/2024.hpac.ca\\\/fr\\\/procedures-operationnelles-standard\\\/#breadcrumb\",\"itemListElement\":[{\"@type\":\"ListItem\",\"position\":1,\"name\":\"Home\",\"item\":\"https:\\\/\\\/2024.hpac.ca\\\/fr\\\/\"},{\"@type\":\"ListItem\",\"position\":2,\"name\":\"Proc\u00e9dures op\u00e9rationnelles standard\"}]},{\"@type\":\"WebSite\",\"@id\":\"https:\\\/\\\/2024.hpac.ca\\\/fr\\\/#website\",\"url\":\"https:\\\/\\\/2024.hpac.ca\\\/fr\\\/\",\"name\":\"HPAC.ca\",\"description\":\"Hang Gliding and Paragliding Association\",\"potentialAction\":[{\"@type\":\"SearchAction\",\"target\":{\"@type\":\"EntryPoint\",\"urlTemplate\":\"https:\\\/\\\/2024.hpac.ca\\\/fr\\\/?s={search_term_string}\"},\"query-input\":{\"@type\":\"PropertyValueSpecification\",\"valueRequired\":true,\"valueName\":\"search_term_string\"}}],\"inLanguage\":\"fr-FR\"}]}<\/script>\n<!-- \/ Yoast SEO plugin. -->","yoast_head_json":{"title":"Proc\u00e9dures op\u00e9rationnelles standard - HPAC.ca","robots":{"index":"index","follow":"follow","max-snippet":"max-snippet:-1","max-image-preview":"max-image-preview:large","max-video-preview":"max-video-preview:-1"},"canonical":"https:\/\/2024.hpac.ca\/fr\/procedures-operationnelles-standard\/","og_locale":"fr_FR","og_type":"article","og_title":"Proc\u00e9dures op\u00e9rationnelles standard - HPAC.ca","og_description":"Proc\u00e9dures op\u00e9rationnelles standard SOP 100 Mission et objectifs de l'association POS 200 Conseil d'administration SOP 205 \u00c9lection des administrateurs SOP 210 R\u00e9unions des administrateurs SOP 220 Adh\u00e9sion SOP 230 R\u00e9unions des membres SOP 250 Directeur ex\u00e9cutif SOP 280 FAI, CIVL, et Aeroclub du Canada Concours SOP 290 SOP 310 Communications officielles externes SOP 320 Mesures [&hellip;]","og_url":"https:\/\/2024.hpac.ca\/fr\/procedures-operationnelles-standard\/","og_site_name":"HPAC.ca","article_modified_time":"2026-05-01T20:28:38+00:00","twitter_card":"summary_large_image","twitter_misc":{"Dur\u00e9e de lecture estim\u00e9e":"1 minute"},"schema":{"@context":"https:\/\/schema.org","@graph":[{"@type":"WebPage","@id":"https:\/\/2024.hpac.ca\/fr\/procedures-operationnelles-standard\/","url":"https:\/\/2024.hpac.ca\/fr\/procedures-operationnelles-standard\/","name":"Proc\u00e9dures op\u00e9rationnelles standard - HPAC.ca","isPartOf":{"@id":"https:\/\/2024.hpac.ca\/fr\/#website"},"datePublished":"2024-07-02T19:38:11+00:00","dateModified":"2026-05-01T20:28:38+00:00","breadcrumb":{"@id":"https:\/\/2024.hpac.ca\/fr\/procedures-operationnelles-standard\/#breadcrumb"},"inLanguage":"fr-FR","potentialAction":[{"@type":"ReadAction","target":["https:\/\/2024.hpac.ca\/fr\/procedures-operationnelles-standard\/"]}]},{"@type":"BreadcrumbList","@id":"https:\/\/2024.hpac.ca\/fr\/procedures-operationnelles-standard\/#breadcrumb","itemListElement":[{"@type":"ListItem","position":1,"name":"Home","item":"https:\/\/2024.hpac.ca\/fr\/"},{"@type":"ListItem","position":2,"name":"Proc\u00e9dures op\u00e9rationnelles standard"}]},{"@type":"WebSite","@id":"https:\/\/2024.hpac.ca\/fr\/#website","url":"https:\/\/2024.hpac.ca\/fr\/","name":"HPAC.ca","description":"Hang Gliding and Paragliding Association","potentialAction":[{"@type":"SearchAction","target":{"@type":"EntryPoint","urlTemplate":"https:\/\/2024.hpac.ca\/fr\/?s={search_term_string}"},"query-input":{"@type":"PropertyValueSpecification","valueRequired":true,"valueName":"search_term_string"}}],"inLanguage":"fr-FR"}]}},"_links":{"self":[{"href":"https:\/\/2024.hpac.ca\/fr\/wp-json\/wp\/v2\/pages\/5412","targetHints":{"allow":["GET"]}}],"collection":[{"href":"https:\/\/2024.hpac.ca\/fr\/wp-json\/wp\/v2\/pages"}],"about":[{"href":"https:\/\/2024.hpac.ca\/fr\/wp-json\/wp\/v2\/types\/page"}],"author":[{"embeddable":true,"href":"https:\/\/2024.hpac.ca\/fr\/wp-json\/wp\/v2\/users\/4"}],"replies":[{"embeddable":true,"href":"https:\/\/2024.hpac.ca\/fr\/wp-json\/wp\/v2\/comments?post=5412"}],"version-history":[{"count":4,"href":"https:\/\/2024.hpac.ca\/fr\/wp-json\/wp\/v2\/pages\/5412\/revisions"}],"predecessor-version":[{"id":6716,"href":"https:\/\/2024.hpac.ca\/fr\/wp-json\/wp\/v2\/pages\/5412\/revisions\/6716"}],"wp:attachment":[{"href":"https:\/\/2024.hpac.ca\/fr\/wp-json\/wp\/v2\/media?parent=5412"}],"curies":[{"name":"wp","href":"https:\/\/api.w.org\/{rel}","templated":true}]}}