{"id":5425,"date":"2024-07-05T07:08:20","date_gmt":"2024-07-05T07:08:20","guid":{"rendered":"https:\/\/2024.hpac.ca\/financement-de-concours-internationaux\/"},"modified":"2026-03-11T13:32:28","modified_gmt":"2026-03-11T13:32:28","slug":"financement-de-concours-internationaux","status":"publish","type":"page","link":"https:\/\/2024.hpac.ca\/fr\/pilote\/competition-et-records\/financement-de-concours-internationaux\/","title":{"rendered":"Financement de concours internationaux"},"content":{"rendered":"<p>[et_pb_section fb_built=\u00a0\u00bb1&Prime; admin_label=\u00a0\u00bbsection\u00a0\u00bb _builder_version=\u00a0\u00bb4.16&Prime; global_colors_info=\u00a0\u00bb{}\u00a0\u00bb][et_pb_row admin_label=\u00a0\u00bbrang\u00e9e\u00a0\u00bb _builder_version=\u00a0\u00bb4.16&Prime; background_size=\u00a0\u00bbinitial\u00a0\u00bb background_position=\u00a0\u00bbtop_left\u00a0\u00bb background_repeat=\u00a0\u00bbrepeat\u00a0\u00bb global_colors_info=\u00a0\u00bb{}\u00a0\u00bb][et_pb_column type=\u00a0\u00bb4_4&Prime; _builder_version=\u00a0\u00bb4.16&Prime; custom_padding=\u00a0\u00bb|||\u00a0\u00bb global_colors_info=\u00a0\u00bb{}\u00a0\u00bb custom_padding__hover=\u00a0\u00bb|||\u00a0\u00bb][et_pb_heading title=\u00a0\u00bb@ET-DC@eyJkeW5hbWljIjp0cnVlLCJjb250ZW50IjoicG9zdF90aXRsZSIsInNldHRpbmdzIjp7ImJlZm9yZSI6IiIsImFmdGVyIjoiIn19@\u00a0\u00bb _builder_version=\u00a0\u00bb4.25.2&Prime; _module_preset=\u00a0\u00bbdefault\u00a0\u00bb title_font=\u00a0\u00bb|600|||||||\u00a0\u00bb _dynamic_attributes=\u00a0\u00bbtitle\u00a0\u00bb hover_enabled=\u00a0\u00bb0&Prime; sticky_enabled=\u00a0\u00bb0&Prime;][\/et_pb_heading][et_pb_text admin_label=\u00a0\u00bbText\u00a0\u00bb _builder_version=\u00a0\u00bb4.16&Prime; background_size=\u00a0\u00bbinitial\u00a0\u00bb background_position=\u00a0\u00bbtop_left\u00a0\u00bb background_repeat=\u00a0\u00bbrepeat\u00a0\u00bb global_colors_info=\u00a0\u00bb{}\u00a0\u00bb]<\/p>\n<h2>Financement des comp\u00e9titions internationales FAI\/PWC\/Red Bull<\/h2>\n<p>Un financement est disponible pour les pilotes HG et PG qualifi\u00e9s qui se rendent aux championnats FAI (XC ou acro), aux superfinales de la Coupe du monde et au Red Bull X-Alps. Il s&rsquo;agit de comp\u00e9titions d&rsquo;\u00e9lite avec des crit\u00e8res de s\u00e9lection rigoureux ; peu de pilotes sont accept\u00e9s dans ces comp\u00e9titions. Le financement est destin\u00e9 \u00e0 compenser partiellement les co\u00fbts de participation \u00e0 ces comp\u00e9titions d&rsquo;environ 2 semaines et vise \u00e0 couvrir les d\u00e9penses telles que les billets d&rsquo;avion, les frais d&rsquo;inscription et les frais de remorquage.  <\/p>\n<p>Les pilotes doivent \u00eatre membres de la HPAC. Les pilotes sont admissibles \u00e0 un financement pour une comp\u00e9tition par exercice financier ; les pilotes qui participent \u00e0 un championnat de la FAI et \u00e0 une superfinale de la PWC la m\u00eame ann\u00e9e ne peuvent pas obtenir de financement pour les deux. Le CCPS et le pr\u00e9sident de la comp\u00e9tition s&rsquo;occuperont du financement et les pilotes admissibles seront avis\u00e9s une fois que leur participation aura \u00e9t\u00e9 confirm\u00e9e. Le financement sera accord\u00e9 APR\u00c8S la fin de la comp\u00e9tition. Le financement d\u00e9pend du budget annuel du HPAC.    <\/p>\n<p>Pour plus d&rsquo;informations, contactez le <a href=\"mailto:competition@hpac.ca\">comit\u00e9 du concours<\/a>.[\/et_pb_text][\/et_pb_column][\/et_pb_row][\/et_pb_section]<\/p>\n","protected":false},"excerpt":{"rendered":"<p>Financement des comp\u00e9titions internationales FAI\/PWC\/Red Bull Un financement est disponible pour les pilotes HG et PG qualifi\u00e9s qui se rendent aux championnats FAI (XC ou acro), aux superfinales de la Coupe du monde et au Red Bull X-Alps. Il s&rsquo;agit de comp\u00e9titions d&rsquo;\u00e9lite avec des crit\u00e8res de s\u00e9lection rigoureux ; peu de pilotes sont accept\u00e9s [&hellip;]<\/p>\n","protected":false},"author":4,"featured_media":0,"parent":5564,"menu_order":0,"comment_status":"closed","ping_status":"closed","template":"","meta":{"_acf_changed":false,"_et_pb_use_builder":"on","_et_pb_old_content":"","_et_gb_content_width":"","footnotes":""},"class_list":["post-5425","page","type-page","status-publish","hentry"],"acf":[],"yoast_head":"<!-- This site is optimized with the Yoast SEO plugin v27.4 - https:\/\/yoast.com\/product\/yoast-seo-wordpress\/ -->\n<title>Financement de concours internationaux - HPAC.ca<\/title>\n<meta name=\"robots\" content=\"index, follow, max-snippet:-1, max-image-preview:large, max-video-preview:-1\" \/>\n<link rel=\"canonical\" href=\"https:\/\/2024.hpac.ca\/fr\/pilote\/competition-et-records\/financement-de-concours-internationaux\/\" \/>\n<meta property=\"og:locale\" content=\"fr_FR\" \/>\n<meta property=\"og:type\" content=\"article\" \/>\n<meta property=\"og:title\" content=\"Financement de concours internationaux - HPAC.ca\" \/>\n<meta property=\"og:description\" content=\"Financement des comp\u00e9titions internationales FAI\/PWC\/Red Bull Un financement est disponible pour les pilotes HG et PG qualifi\u00e9s qui se rendent aux championnats FAI (XC ou acro), aux superfinales de la Coupe du monde et au Red Bull X-Alps. Il s&#039;agit de comp\u00e9titions d&#039;\u00e9lite avec des crit\u00e8res de s\u00e9lection rigoureux ; peu de pilotes sont accept\u00e9s [&hellip;]\" \/>\n<meta property=\"og:url\" content=\"https:\/\/2024.hpac.ca\/fr\/pilote\/competition-et-records\/financement-de-concours-internationaux\/\" \/>\n<meta property=\"og:site_name\" content=\"HPAC.ca\" \/>\n<meta property=\"article:modified_time\" content=\"2026-03-11T13:32:28+00:00\" \/>\n<meta name=\"twitter:card\" content=\"summary_large_image\" \/>\n<meta name=\"twitter:label1\" content=\"Dur\u00e9e de lecture estim\u00e9e\" \/>\n\t<meta name=\"twitter:data1\" content=\"2 minute\" \/>\n<script type=\"application\/ld+json\" class=\"yoast-schema-graph\">{\"@context\":\"https:\\\/\\\/schema.org\",\"@graph\":[{\"@type\":\"WebPage\",\"@id\":\"https:\\\/\\\/2024.hpac.ca\\\/fr\\\/pilote\\\/competition-et-records\\\/financement-de-concours-internationaux\\\/\",\"url\":\"https:\\\/\\\/2024.hpac.ca\\\/fr\\\/pilote\\\/competition-et-records\\\/financement-de-concours-internationaux\\\/\",\"name\":\"Financement de concours internationaux - HPAC.ca\",\"isPartOf\":{\"@id\":\"https:\\\/\\\/2024.hpac.ca\\\/fr\\\/#website\"},\"datePublished\":\"2024-07-05T07:08:20+00:00\",\"dateModified\":\"2026-03-11T13:32:28+00:00\",\"breadcrumb\":{\"@id\":\"https:\\\/\\\/2024.hpac.ca\\\/fr\\\/pilote\\\/competition-et-records\\\/financement-de-concours-internationaux\\\/#breadcrumb\"},\"inLanguage\":\"fr-FR\",\"potentialAction\":[{\"@type\":\"ReadAction\",\"target\":[\"https:\\\/\\\/2024.hpac.ca\\\/fr\\\/pilote\\\/competition-et-records\\\/financement-de-concours-internationaux\\\/\"]}]},{\"@type\":\"BreadcrumbList\",\"@id\":\"https:\\\/\\\/2024.hpac.ca\\\/fr\\\/pilote\\\/competition-et-records\\\/financement-de-concours-internationaux\\\/#breadcrumb\",\"itemListElement\":[{\"@type\":\"ListItem\",\"position\":1,\"name\":\"Home\",\"item\":\"https:\\\/\\\/2024.hpac.ca\\\/fr\\\/\"},{\"@type\":\"ListItem\",\"position\":2,\"name\":\"Pilote\",\"item\":\"https:\\\/\\\/2024.hpac.ca\\\/fr\\\/pilote\\\/\"},{\"@type\":\"ListItem\",\"position\":3,\"name\":\"Comp\u00e9tition et records\",\"item\":\"https:\\\/\\\/2024.hpac.ca\\\/fr\\\/pilote\\\/competition-et-records\\\/\"},{\"@type\":\"ListItem\",\"position\":4,\"name\":\"Financement de concours internationaux\"}]},{\"@type\":\"WebSite\",\"@id\":\"https:\\\/\\\/2024.hpac.ca\\\/fr\\\/#website\",\"url\":\"https:\\\/\\\/2024.hpac.ca\\\/fr\\\/\",\"name\":\"HPAC.ca\",\"description\":\"Hang Gliding and Paragliding Association\",\"potentialAction\":[{\"@type\":\"SearchAction\",\"target\":{\"@type\":\"EntryPoint\",\"urlTemplate\":\"https:\\\/\\\/2024.hpac.ca\\\/fr\\\/?s={search_term_string}\"},\"query-input\":{\"@type\":\"PropertyValueSpecification\",\"valueRequired\":true,\"valueName\":\"search_term_string\"}}],\"inLanguage\":\"fr-FR\"}]}<\/script>\n<!-- \/ Yoast SEO plugin. -->","yoast_head_json":{"title":"Financement de concours internationaux - HPAC.ca","robots":{"index":"index","follow":"follow","max-snippet":"max-snippet:-1","max-image-preview":"max-image-preview:large","max-video-preview":"max-video-preview:-1"},"canonical":"https:\/\/2024.hpac.ca\/fr\/pilote\/competition-et-records\/financement-de-concours-internationaux\/","og_locale":"fr_FR","og_type":"article","og_title":"Financement de concours internationaux - HPAC.ca","og_description":"Financement des comp\u00e9titions internationales FAI\/PWC\/Red Bull Un financement est disponible pour les pilotes HG et PG qualifi\u00e9s qui se rendent aux championnats FAI (XC ou acro), aux superfinales de la Coupe du monde et au Red Bull X-Alps. Il s'agit de comp\u00e9titions d'\u00e9lite avec des crit\u00e8res de s\u00e9lection rigoureux ; peu de pilotes sont accept\u00e9s [&hellip;]","og_url":"https:\/\/2024.hpac.ca\/fr\/pilote\/competition-et-records\/financement-de-concours-internationaux\/","og_site_name":"HPAC.ca","article_modified_time":"2026-03-11T13:32:28+00:00","twitter_card":"summary_large_image","twitter_misc":{"Dur\u00e9e de lecture estim\u00e9e":"2 minute"},"schema":{"@context":"https:\/\/schema.org","@graph":[{"@type":"WebPage","@id":"https:\/\/2024.hpac.ca\/fr\/pilote\/competition-et-records\/financement-de-concours-internationaux\/","url":"https:\/\/2024.hpac.ca\/fr\/pilote\/competition-et-records\/financement-de-concours-internationaux\/","name":"Financement de concours internationaux - HPAC.ca","isPartOf":{"@id":"https:\/\/2024.hpac.ca\/fr\/#website"},"datePublished":"2024-07-05T07:08:20+00:00","dateModified":"2026-03-11T13:32:28+00:00","breadcrumb":{"@id":"https:\/\/2024.hpac.ca\/fr\/pilote\/competition-et-records\/financement-de-concours-internationaux\/#breadcrumb"},"inLanguage":"fr-FR","potentialAction":[{"@type":"ReadAction","target":["https:\/\/2024.hpac.ca\/fr\/pilote\/competition-et-records\/financement-de-concours-internationaux\/"]}]},{"@type":"BreadcrumbList","@id":"https:\/\/2024.hpac.ca\/fr\/pilote\/competition-et-records\/financement-de-concours-internationaux\/#breadcrumb","itemListElement":[{"@type":"ListItem","position":1,"name":"Home","item":"https:\/\/2024.hpac.ca\/fr\/"},{"@type":"ListItem","position":2,"name":"Pilote","item":"https:\/\/2024.hpac.ca\/fr\/pilote\/"},{"@type":"ListItem","position":3,"name":"Comp\u00e9tition et records","item":"https:\/\/2024.hpac.ca\/fr\/pilote\/competition-et-records\/"},{"@type":"ListItem","position":4,"name":"Financement de concours internationaux"}]},{"@type":"WebSite","@id":"https:\/\/2024.hpac.ca\/fr\/#website","url":"https:\/\/2024.hpac.ca\/fr\/","name":"HPAC.ca","description":"Hang Gliding and Paragliding Association","potentialAction":[{"@type":"SearchAction","target":{"@type":"EntryPoint","urlTemplate":"https:\/\/2024.hpac.ca\/fr\/?s={search_term_string}"},"query-input":{"@type":"PropertyValueSpecification","valueRequired":true,"valueName":"search_term_string"}}],"inLanguage":"fr-FR"}]}},"_links":{"self":[{"href":"https:\/\/2024.hpac.ca\/fr\/wp-json\/wp\/v2\/pages\/5425","targetHints":{"allow":["GET"]}}],"collection":[{"href":"https:\/\/2024.hpac.ca\/fr\/wp-json\/wp\/v2\/pages"}],"about":[{"href":"https:\/\/2024.hpac.ca\/fr\/wp-json\/wp\/v2\/types\/page"}],"author":[{"embeddable":true,"href":"https:\/\/2024.hpac.ca\/fr\/wp-json\/wp\/v2\/users\/4"}],"replies":[{"embeddable":true,"href":"https:\/\/2024.hpac.ca\/fr\/wp-json\/wp\/v2\/comments?post=5425"}],"version-history":[{"count":4,"href":"https:\/\/2024.hpac.ca\/fr\/wp-json\/wp\/v2\/pages\/5425\/revisions"}],"predecessor-version":[{"id":5433,"href":"https:\/\/2024.hpac.ca\/fr\/wp-json\/wp\/v2\/pages\/5425\/revisions\/5433"}],"up":[{"embeddable":true,"href":"https:\/\/2024.hpac.ca\/fr\/wp-json\/wp\/v2\/pages\/5564"}],"wp:attachment":[{"href":"https:\/\/2024.hpac.ca\/fr\/wp-json\/wp\/v2\/media?parent=5425"}],"curies":[{"name":"wp","href":"https:\/\/api.w.org\/{rel}","templated":true}]}}