{"id":5430,"date":"2024-07-05T07:14:12","date_gmt":"2024-07-05T07:14:12","guid":{"rendered":"https:\/\/2024.hpac.ca\/lignes-directrices-pour-lorganisation-de-competitions-sanctionnees-par-la-hpac-au-canada\/"},"modified":"2026-03-11T13:32:28","modified_gmt":"2026-03-11T13:32:28","slug":"lignes-directrices-pour-lorganisation-de-competitions-sanctionnees-par-la-hpac-au-canada","status":"publish","type":"page","link":"https:\/\/2024.hpac.ca\/fr\/pilote\/competition-et-records\/lignes-directrices-pour-lorganisation-de-competitions-sanctionnees-par-la-hpac-au-canada\/","title":{"rendered":"Lignes directrices pour l&rsquo;organisation de comp\u00e9titions sanctionn\u00e9es par la HPAC au Canada"},"content":{"rendered":"<p>[et_pb_section fb_built=\u00a0\u00bb1&Prime; admin_label=\u00a0\u00bbsection\u00a0\u00bb _builder_version=\u00a0\u00bb4.16&Prime; global_colors_info=\u00a0\u00bb{}\u00a0\u00bb][et_pb_row admin_label=\u00a0\u00bbrang\u00e9e\u00a0\u00bb _builder_version=\u00a0\u00bb4.16&Prime; background_size=\u00a0\u00bbinitial\u00a0\u00bb background_position=\u00a0\u00bbtop_left\u00a0\u00bb background_repeat=\u00a0\u00bbrepeat\u00a0\u00bb global_colors_info=\u00a0\u00bb{}\u00a0\u00bb][et_pb_column type=\u00a0\u00bb4_4&Prime; _builder_version=\u00a0\u00bb4.16&Prime; custom_padding=\u00a0\u00bb|||\u00a0\u00bb global_colors_info=\u00a0\u00bb{}\u00a0\u00bb custom_padding__hover=\u00a0\u00bb|||\u00a0\u00bb][et_pb_heading title=\u00a0\u00bb@ET-DC@eyJkeW5hbWljIjp0cnVlLCJjb250ZW50IjoicG9zdF90aXRsZSIsInNldHRpbmdzIjp7ImJlZm9yZSI6IiIsImFmdGVyIjoiIn19@\u00a0\u00bb _builder_version=\u00a0\u00bb4.25.2&Prime; _dynamic_attributes=\u00a0\u00bbtitle\u00a0\u00bb _module_preset=\u00a0\u00bbdefault\u00a0\u00bb title_font=\u00a0\u00bb|600|||||||\u00a0\u00bb global_colors_info=\u00a0\u00bb{}\u00a0\u00bb][\/et_pb_heading][et_pb_text admin_label=\u00a0\u00bbText\u00a0\u00bb _builder_version=\u00a0\u00bb4.25.2&Prime; link_font=\u00a0\u00bb||||on||||\u00a0\u00bb link_text_color=\u00a0\u00bb#6B6B6B\u00a0\u00bb background_size=\u00a0\u00bbinitial\u00a0\u00bb background_position=\u00a0\u00bbtop_left\u00a0\u00bb background_repeat=\u00a0\u00bbrepeat\u00a0\u00bb global_colors_info=\u00a0\u00bb{}\u00a0\u00bb]<\/p>\n<p>Tous les participants doivent \u00eatre membres en r\u00e8gle de la HPAC. Les pilotes qui se trouvent \u00e0 l&rsquo;\u00e9tranger doivent adh\u00e9rer temporairement \u00e0 la HPAC. <\/p>\n<p>Le directeur des comp\u00e9titions doit veiller \u00e0 ce que l&rsquo;environnement soit s\u00fbr et agr\u00e9able pour tous les comp\u00e9titeurs, ainsi que pour les spectateurs du grand public.<\/p>\n<p>Le directeur des comp\u00e9titions doit prendre des mesures raisonnables pour promouvoir la s\u00e9curit\u00e9 et r\u00e9duire la responsabilit\u00e9 de la HPAC sur les sites assur\u00e9s par la HPAC :<\/p>\n<ul>\n<li style=\"list-style-type: none;\">\n<ul>\n<li>Pas de drogue ni d&rsquo;alcool sur les sites assur\u00e9s par HPAC.<\/li>\n<li>Les spectateurs doivent se tenir \u00e0 une distance raisonnable des zones de lancement et d&rsquo;atterrissage.<\/li>\n<\/ul>\n<\/li>\n<\/ul>\n<p>Le directeur de la comp\u00e9tition doit mettre \u00e0 disposition un site web d\u00e9di\u00e9 \u00e0 la comp\u00e9tition avec des informations pertinentes et la capacit\u00e9 de mettre \u00e0 jour ce site web selon les besoins (r\u00e9sultats quotidiens, photos, etc.).<\/p>\n<p>Le directeur des comp\u00e9titions profitera des occasions pour mettre en valeur l&rsquo;image de marque du CHPV dans les photos, les vid\u00e9os, les gagnants des podiums, etc. Le PCSA dispose de banni\u00e8res et de plumes \u00e0 cette fin, qui seront mises \u00e0 la disposition des organisateurs de comp\u00e9titions. <\/p>\n<p>Le financement est disponible aupr\u00e8s de la HPAC pour un maximum de 5 comp\u00e9titions B et C sanctionn\u00e9es au Canada par ann\u00e9e. De plus, le PCSA peut financer deux comp\u00e9titions nationales par ann\u00e9e (une pour le delta et une pour le parapente). Les organisateurs doivent suivre les directives \u00e9num\u00e9r\u00e9es ci-dessus et avoir au moins 10 pilotes inscrits. Pour organiser une comp\u00e9tition sanctionn\u00e9e ou pour plus d&rsquo;informations, contactez le <a href=\"mailto:competitions@hpac.ca\">comit\u00e9 de comp\u00e9tition<\/a>.   <\/p>\n<p>[\/et_pb_text][\/et_pb_column][\/et_pb_row][\/et_pb_section]<\/p>\n","protected":false},"excerpt":{"rendered":"<p>Tous les participants doivent \u00eatre membres en r\u00e8gle de la HPAC. Les pilotes qui se trouvent \u00e0 l&rsquo;\u00e9tranger doivent adh\u00e9rer temporairement \u00e0 la HPAC. Le directeur des comp\u00e9titions doit veiller \u00e0 ce que l&rsquo;environnement soit s\u00fbr et agr\u00e9able pour tous les comp\u00e9titeurs, ainsi que pour les spectateurs du grand public. Le directeur des comp\u00e9titions doit [&hellip;]<\/p>\n","protected":false},"author":4,"featured_media":0,"parent":5564,"menu_order":0,"comment_status":"closed","ping_status":"closed","template":"","meta":{"_acf_changed":false,"_et_pb_use_builder":"on","_et_pb_old_content":"","_et_gb_content_width":"","footnotes":""},"class_list":["post-5430","page","type-page","status-publish","hentry"],"acf":[],"yoast_head":"<!-- This site is optimized with the Yoast SEO plugin v27.4 - https:\/\/yoast.com\/product\/yoast-seo-wordpress\/ -->\n<title>Lignes directrices pour l&#039;organisation de comp\u00e9titions sanctionn\u00e9es par la HPAC au Canada - HPAC.ca<\/title>\n<meta name=\"robots\" content=\"index, follow, max-snippet:-1, max-image-preview:large, max-video-preview:-1\" \/>\n<link rel=\"canonical\" href=\"https:\/\/2024.hpac.ca\/fr\/pilote\/competition-et-records\/lignes-directrices-pour-lorganisation-de-competitions-sanctionnees-par-la-hpac-au-canada\/\" \/>\n<meta property=\"og:locale\" content=\"fr_FR\" \/>\n<meta property=\"og:type\" content=\"article\" \/>\n<meta property=\"og:title\" content=\"Lignes directrices pour l&#039;organisation de comp\u00e9titions sanctionn\u00e9es par la HPAC au Canada - HPAC.ca\" \/>\n<meta property=\"og:description\" content=\"Tous les participants doivent \u00eatre membres en r\u00e8gle de la HPAC. Les pilotes qui se trouvent \u00e0 l&#039;\u00e9tranger doivent adh\u00e9rer temporairement \u00e0 la HPAC. Le directeur des comp\u00e9titions doit veiller \u00e0 ce que l&#039;environnement soit s\u00fbr et agr\u00e9able pour tous les comp\u00e9titeurs, ainsi que pour les spectateurs du grand public. Le directeur des comp\u00e9titions doit [&hellip;]\" \/>\n<meta property=\"og:url\" content=\"https:\/\/2024.hpac.ca\/fr\/pilote\/competition-et-records\/lignes-directrices-pour-lorganisation-de-competitions-sanctionnees-par-la-hpac-au-canada\/\" \/>\n<meta property=\"og:site_name\" content=\"HPAC.ca\" \/>\n<meta property=\"article:modified_time\" content=\"2026-03-11T13:32:28+00:00\" \/>\n<meta name=\"twitter:card\" content=\"summary_large_image\" \/>\n<meta name=\"twitter:label1\" content=\"Dur\u00e9e de lecture estim\u00e9e\" \/>\n\t<meta name=\"twitter:data1\" content=\"2 minute\" \/>\n<script type=\"application\/ld+json\" class=\"yoast-schema-graph\">{\"@context\":\"https:\\\/\\\/schema.org\",\"@graph\":[{\"@type\":\"WebPage\",\"@id\":\"https:\\\/\\\/2024.hpac.ca\\\/fr\\\/pilote\\\/competition-et-records\\\/lignes-directrices-pour-lorganisation-de-competitions-sanctionnees-par-la-hpac-au-canada\\\/\",\"url\":\"https:\\\/\\\/2024.hpac.ca\\\/fr\\\/pilote\\\/competition-et-records\\\/lignes-directrices-pour-lorganisation-de-competitions-sanctionnees-par-la-hpac-au-canada\\\/\",\"name\":\"Lignes directrices pour l'organisation de comp\u00e9titions sanctionn\u00e9es par la HPAC au Canada - HPAC.ca\",\"isPartOf\":{\"@id\":\"https:\\\/\\\/2024.hpac.ca\\\/fr\\\/#website\"},\"datePublished\":\"2024-07-05T07:14:12+00:00\",\"dateModified\":\"2026-03-11T13:32:28+00:00\",\"breadcrumb\":{\"@id\":\"https:\\\/\\\/2024.hpac.ca\\\/fr\\\/pilote\\\/competition-et-records\\\/lignes-directrices-pour-lorganisation-de-competitions-sanctionnees-par-la-hpac-au-canada\\\/#breadcrumb\"},\"inLanguage\":\"fr-FR\",\"potentialAction\":[{\"@type\":\"ReadAction\",\"target\":[\"https:\\\/\\\/2024.hpac.ca\\\/fr\\\/pilote\\\/competition-et-records\\\/lignes-directrices-pour-lorganisation-de-competitions-sanctionnees-par-la-hpac-au-canada\\\/\"]}]},{\"@type\":\"BreadcrumbList\",\"@id\":\"https:\\\/\\\/2024.hpac.ca\\\/fr\\\/pilote\\\/competition-et-records\\\/lignes-directrices-pour-lorganisation-de-competitions-sanctionnees-par-la-hpac-au-canada\\\/#breadcrumb\",\"itemListElement\":[{\"@type\":\"ListItem\",\"position\":1,\"name\":\"Home\",\"item\":\"https:\\\/\\\/2024.hpac.ca\\\/fr\\\/\"},{\"@type\":\"ListItem\",\"position\":2,\"name\":\"Pilote\",\"item\":\"https:\\\/\\\/2024.hpac.ca\\\/fr\\\/pilote\\\/\"},{\"@type\":\"ListItem\",\"position\":3,\"name\":\"Comp\u00e9tition et records\",\"item\":\"https:\\\/\\\/2024.hpac.ca\\\/fr\\\/pilote\\\/competition-et-records\\\/\"},{\"@type\":\"ListItem\",\"position\":4,\"name\":\"Lignes directrices pour l&rsquo;organisation de comp\u00e9titions sanctionn\u00e9es par la HPAC au Canada\"}]},{\"@type\":\"WebSite\",\"@id\":\"https:\\\/\\\/2024.hpac.ca\\\/fr\\\/#website\",\"url\":\"https:\\\/\\\/2024.hpac.ca\\\/fr\\\/\",\"name\":\"HPAC.ca\",\"description\":\"Hang Gliding and Paragliding Association\",\"potentialAction\":[{\"@type\":\"SearchAction\",\"target\":{\"@type\":\"EntryPoint\",\"urlTemplate\":\"https:\\\/\\\/2024.hpac.ca\\\/fr\\\/?s={search_term_string}\"},\"query-input\":{\"@type\":\"PropertyValueSpecification\",\"valueRequired\":true,\"valueName\":\"search_term_string\"}}],\"inLanguage\":\"fr-FR\"}]}<\/script>\n<!-- \/ Yoast SEO plugin. -->","yoast_head_json":{"title":"Lignes directrices pour l'organisation de comp\u00e9titions sanctionn\u00e9es par la HPAC au Canada - HPAC.ca","robots":{"index":"index","follow":"follow","max-snippet":"max-snippet:-1","max-image-preview":"max-image-preview:large","max-video-preview":"max-video-preview:-1"},"canonical":"https:\/\/2024.hpac.ca\/fr\/pilote\/competition-et-records\/lignes-directrices-pour-lorganisation-de-competitions-sanctionnees-par-la-hpac-au-canada\/","og_locale":"fr_FR","og_type":"article","og_title":"Lignes directrices pour l'organisation de comp\u00e9titions sanctionn\u00e9es par la HPAC au Canada - HPAC.ca","og_description":"Tous les participants doivent \u00eatre membres en r\u00e8gle de la HPAC. Les pilotes qui se trouvent \u00e0 l'\u00e9tranger doivent adh\u00e9rer temporairement \u00e0 la HPAC. Le directeur des comp\u00e9titions doit veiller \u00e0 ce que l'environnement soit s\u00fbr et agr\u00e9able pour tous les comp\u00e9titeurs, ainsi que pour les spectateurs du grand public. Le directeur des comp\u00e9titions doit [&hellip;]","og_url":"https:\/\/2024.hpac.ca\/fr\/pilote\/competition-et-records\/lignes-directrices-pour-lorganisation-de-competitions-sanctionnees-par-la-hpac-au-canada\/","og_site_name":"HPAC.ca","article_modified_time":"2026-03-11T13:32:28+00:00","twitter_card":"summary_large_image","twitter_misc":{"Dur\u00e9e de lecture estim\u00e9e":"2 minute"},"schema":{"@context":"https:\/\/schema.org","@graph":[{"@type":"WebPage","@id":"https:\/\/2024.hpac.ca\/fr\/pilote\/competition-et-records\/lignes-directrices-pour-lorganisation-de-competitions-sanctionnees-par-la-hpac-au-canada\/","url":"https:\/\/2024.hpac.ca\/fr\/pilote\/competition-et-records\/lignes-directrices-pour-lorganisation-de-competitions-sanctionnees-par-la-hpac-au-canada\/","name":"Lignes directrices pour l'organisation de comp\u00e9titions sanctionn\u00e9es par la HPAC au Canada - HPAC.ca","isPartOf":{"@id":"https:\/\/2024.hpac.ca\/fr\/#website"},"datePublished":"2024-07-05T07:14:12+00:00","dateModified":"2026-03-11T13:32:28+00:00","breadcrumb":{"@id":"https:\/\/2024.hpac.ca\/fr\/pilote\/competition-et-records\/lignes-directrices-pour-lorganisation-de-competitions-sanctionnees-par-la-hpac-au-canada\/#breadcrumb"},"inLanguage":"fr-FR","potentialAction":[{"@type":"ReadAction","target":["https:\/\/2024.hpac.ca\/fr\/pilote\/competition-et-records\/lignes-directrices-pour-lorganisation-de-competitions-sanctionnees-par-la-hpac-au-canada\/"]}]},{"@type":"BreadcrumbList","@id":"https:\/\/2024.hpac.ca\/fr\/pilote\/competition-et-records\/lignes-directrices-pour-lorganisation-de-competitions-sanctionnees-par-la-hpac-au-canada\/#breadcrumb","itemListElement":[{"@type":"ListItem","position":1,"name":"Home","item":"https:\/\/2024.hpac.ca\/fr\/"},{"@type":"ListItem","position":2,"name":"Pilote","item":"https:\/\/2024.hpac.ca\/fr\/pilote\/"},{"@type":"ListItem","position":3,"name":"Comp\u00e9tition et records","item":"https:\/\/2024.hpac.ca\/fr\/pilote\/competition-et-records\/"},{"@type":"ListItem","position":4,"name":"Lignes directrices pour l&rsquo;organisation de comp\u00e9titions sanctionn\u00e9es par la HPAC au Canada"}]},{"@type":"WebSite","@id":"https:\/\/2024.hpac.ca\/fr\/#website","url":"https:\/\/2024.hpac.ca\/fr\/","name":"HPAC.ca","description":"Hang Gliding and Paragliding Association","potentialAction":[{"@type":"SearchAction","target":{"@type":"EntryPoint","urlTemplate":"https:\/\/2024.hpac.ca\/fr\/?s={search_term_string}"},"query-input":{"@type":"PropertyValueSpecification","valueRequired":true,"valueName":"search_term_string"}}],"inLanguage":"fr-FR"}]}},"_links":{"self":[{"href":"https:\/\/2024.hpac.ca\/fr\/wp-json\/wp\/v2\/pages\/5430","targetHints":{"allow":["GET"]}}],"collection":[{"href":"https:\/\/2024.hpac.ca\/fr\/wp-json\/wp\/v2\/pages"}],"about":[{"href":"https:\/\/2024.hpac.ca\/fr\/wp-json\/wp\/v2\/types\/page"}],"author":[{"embeddable":true,"href":"https:\/\/2024.hpac.ca\/fr\/wp-json\/wp\/v2\/users\/4"}],"replies":[{"embeddable":true,"href":"https:\/\/2024.hpac.ca\/fr\/wp-json\/wp\/v2\/comments?post=5430"}],"version-history":[{"count":1,"href":"https:\/\/2024.hpac.ca\/fr\/wp-json\/wp\/v2\/pages\/5430\/revisions"}],"predecessor-version":[{"id":5435,"href":"https:\/\/2024.hpac.ca\/fr\/wp-json\/wp\/v2\/pages\/5430\/revisions\/5435"}],"up":[{"embeddable":true,"href":"https:\/\/2024.hpac.ca\/fr\/wp-json\/wp\/v2\/pages\/5564"}],"wp:attachment":[{"href":"https:\/\/2024.hpac.ca\/fr\/wp-json\/wp\/v2\/media?parent=5430"}],"curies":[{"name":"wp","href":"https:\/\/api.w.org\/{rel}","templated":true}]}}