{"id":5501,"date":"2024-06-26T18:29:23","date_gmt":"2024-06-26T18:29:23","guid":{"rendered":"https:\/\/2024.hpac.ca\/les-ecoles\/"},"modified":"2026-04-15T17:55:15","modified_gmt":"2026-04-15T17:55:15","slug":"les-ecoles","status":"publish","type":"page","link":"https:\/\/2024.hpac.ca\/fr\/les-ecoles\/","title":{"rendered":"Les \u00e9coles"},"content":{"rendered":"<p>[et_pb_section fb_built=\u00a0\u00bb1&Prime; _builder_version=\u00a0\u00bb4.25.2&Prime; _module_preset=\u00a0\u00bbdefault\u00a0\u00bb global_colors_info=\u00a0\u00bb{}\u00a0\u00bb][et_pb_row _builder_version=\u00a0\u00bb4.25.2&Prime; _module_preset=\u00a0\u00bbdefault\u00a0\u00bb global_colors_info=\u00a0\u00bb{}\u00a0\u00bb][et_pb_column type=\u00a0\u00bb4_4&Prime; _builder_version=\u00a0\u00bb4.25.2&Prime; _module_preset=\u00a0\u00bbdefault\u00a0\u00bb global_colors_info=\u00a0\u00bb{}\u00a0\u00bb][et_pb_text _builder_version=\u00a0\u00bb4.25.2&Prime; _module_preset=\u00a0\u00bbdefault\u00a0\u00bb header_font=\u00a0\u00bb|600|||||||\u00a0\u00bb header_text_color=\u00a0\u00bb#545458&Prime; header_font_size=\u00a0\u00bb36px\u00a0\u00bb custom_margin=\u00a0\u00bb||8px||false|false\u00a0\u00bb header_font_size_tablet=\u00a0\u00bb36px\u00a0\u00bb header_font_size_phone=\u00a0\u00bb25px\u00a0\u00bb header_font_size_last_edited=\u00a0\u00bbon|phone\u00a0\u00bb global_colors_info=\u00a0\u00bb{}\u00a0\u00bb]<\/p>\n<h1>Les \u00e9coles<\/h1>\n<p>[\/et_pb_text][et_pb_text _builder_version=\u00a0\u00bb4.25.2&Prime; _module_preset=\u00a0\u00bbdefault\u00a0\u00bb text_font=\u00a0\u00bb|300|||||||\u00a0\u00bb text_text_color=\u00a0\u00bb#6B6B6B\u00a0\u00bb link_text_color=\u00a0\u00bb#6b6b6b\u00a0\u00bb global_colors_info=\u00a0\u00bb{}\u00a0\u00bb]Nos instructeurs certifi\u00e9s HPAC ont \u00e9t\u00e9 rigoureusement form\u00e9s pour offrir une instruction compl\u00e8te dans les sports de deltaplane et de parapente conform\u00e9ment aux normes nationales.<\/p>\n<p>Dans tout le Canada, il y a des \u00e9coles, grandes et petites, qui offrent des cours dispens\u00e9s par un certain nombre d&rsquo;instructeurs certifi\u00e9s travaillant dans une \u00e9cole. Il y a \u00e9galement des instructeurs certifi\u00e9s par la HPAC qui proposent des cours individuels. <\/p>\n<p>Vous trouverez ici les formations certifi\u00e9es HPAC disponibles dans chaque r\u00e9gion ainsi que les coordonn\u00e9es des \u00e9coles\/instructeurs.<br \/>\n[\/et_pb_text][et_pb_text _builder_version=\u00a0\u00bb4.25.2&Prime; _module_preset=\u00a0\u00bbdefault\u00a0\u00bb header_5_font=\u00a0\u00bb|600|||||||\u00a0\u00bb header_5_text_color=\u00a0\u00bb#6B6B6B\u00a0\u00bb global_colors_info=\u00a0\u00bb{}\u00a0\u00bb]<\/p>\n<h5>\u00c9COLES<\/h5>\n<p>[\/et_pb_text][et_pb_text _builder_version=\u00a0\u00bb4.27.4&Prime; _module_preset=\u00a0\u00bbdefault\u00a0\u00bb text_font=\u00a0\u00bb|300|||||||\u00a0\u00bb text_text_color=\u00a0\u00bb#6B6B6B\u00a0\u00bb link_text_color=\u00a0\u00bb#6b6b6b\u00a0\u00bb custom_margin=\u00a0\u00bb||0px||false|false\u00a0\u00bb global_colors_info=\u00a0\u00bb{}\u00a0\u00bb]<strong>ALBERTA &amp; TERRITOIRES DU NORD-OUEST<\/strong><\/p>\n<ul>\n<li><span style=\"text-decoration: underline;\"><a href=\"https:\/\/horizonflightschool.ca\/\" target=\"_blank\" rel=\"noopener\">Horizon Flight School<\/a><\/span><\/li>\n<li><span style=\"text-decoration: underline;\"><a href=\"https:\/\/hangglidealberta.ca\/\" target=\"_blank\" rel=\"noopener\">Infinity Hang Gliding School Ltd.<\/a><\/span><\/li>\n<li><span style=\"text-decoration: underline;\"><a href=\"https:\/\/www.mullerwindsports.com\/\" target=\"_blank\" rel=\"noopener\">Muller Wind Sports Ltd.<\/a><\/span><\/li>\n<\/ul>\n<p>[\/et_pb_text][et_pb_text _builder_version=\u00a0\u00bb4.27.6&Prime; _module_preset=\u00a0\u00bbdefault\u00a0\u00bb text_font=\u00a0\u00bb|300|||||||\u00a0\u00bb text_text_color=\u00a0\u00bb#6B6B6B\u00a0\u00bb link_text_color=\u00a0\u00bb#6b6b6b\u00a0\u00bb custom_margin=\u00a0\u00bb||0px||false|false\u00a0\u00bb global_colors_info=\u00a0\u00bb{}\u00a0\u00bb]<strong>COLOMBIE BRITANNIQUE<\/strong><\/p>\n<ul>\n<li><span style=\"text-decoration: underline;\"><a href=\"https:\/\/www.adaptiveairtime.com\/\" target=\"_blank\" rel=\"noopener\">Adaptive Airtime<\/a><\/span><\/li>\n<li><span style=\"text-decoration: underline;\"><a href=\"https:\/\/www.bridalparagliding.com\/\" target=\"_blank\" rel=\"noopener\">Deimos Paragliding Flight School<\/a><\/span><\/li>\n<li><a href=\"https:\/\/dragonflysister.ca\/\" target=\"_blank\" rel=\"noopener\"><span style=\"text-decoration: underline;\">draGOnFLYsister Canada<\/span><\/a><\/li>\n<li><span style=\"text-decoration: underline;\"><a href=\"http:\/\/www.flybc.org\/\" target=\"_blank\" rel=\"noopener\">FlyBC Airsports Paragliding<\/a><\/span><\/li>\n<li><span style=\"text-decoration: underline;\"><a href=\"https:\/\/flyingmax.com\/\" target=\"_blank\" rel=\"noopener\">Flying Max<\/a><\/span><\/li>\n<li><span style=\"text-decoration: underline;\"><a href=\"https:\/\/freeflyhg.com\/\" target=\"_blank\" rel=\"noopener\">Free Fly HG<\/a><\/span><\/li>\n<li><span style=\"text-decoration: underline;\"><a href=\"https:\/\/www.freedomflightschool.com\/\" target=\"_blank\" rel=\"noopener\">Freedom Flight School<\/a><\/span><\/li>\n<li><span style=\"text-decoration: underline;\"><a href=\"https:\/\/www.iparaglide.com\/\" target=\"_blank\" rel=\"noopener\">iParaglide<\/a><\/span><\/li>\n<li><span style=\"text-decoration: underline;\"><a href=\"https:\/\/www.kootenayparaglidingadventures.com\/\" target=\"_blank\" rel=\"noopener\">Kootenay Paragliding Adventures<\/a><\/span><\/li>\n<li><span style=\"text-decoration: underline;\"><a href=\"https:\/\/www.paraglidecanada.com\/\" target=\"_blank\" rel=\"noopener\">Paraglide Canada<\/a><\/span><\/li>\n<li><span style=\"text-decoration: underline;\"><a href=\"https:\/\/www.seatoskyparagliding.com\/\" target=\"_blank\" rel=\"noopener\">Sea to Sky Paragliding<\/a><\/span><\/li>\n<li><span style=\"text-decoration: underline;\"><a href=\"http:\/\/solariswings.com\/\" target=\"_blank\" rel=\"noopener\">Solaris Wings<\/a><\/span><\/li>\n<li><span style=\"text-decoration: underline;\"><a href=\"https:\/\/www.viparagliding.com\/\" target=\"_blank\" rel=\"noopener\">Vancouver Island Paragliding<\/a><\/span><\/li>\n<li><span style=\"text-decoration: underline;\"><a href=\"https:\/\/xcparagliding.net\/\" target=\"_blank\" rel=\"noopener\">XC Paragliding<\/a><\/span><\/li>\n<li><span style=\"text-decoration: underline;\"><a href=\"https:\/\/xskyparagliding.com\/\" target=\"_blank\" rel=\"noopener\">X Sky Paragliding<\/a><\/span><\/li>\n<\/ul>\n<p>[\/et_pb_text][et_pb_text _builder_version=\u00a0\u00bb4.27.4&Prime; _module_preset=\u00a0\u00bbdefault\u00a0\u00bb text_font=\u00a0\u00bb|300|||||||\u00a0\u00bb text_text_color=\u00a0\u00bb#6B6B6B\u00a0\u00bb link_text_color=\u00a0\u00bb#6b6b6b\u00a0\u00bb custom_margin=\u00a0\u00bb||0px||false|false\u00a0\u00bb global_colors_info=\u00a0\u00bb{}\u00a0\u00bb]<strong>MANITOBA<\/strong><\/p>\n<ul>\n<li><span style=\"text-decoration: underline;\"><a href=\"https:\/\/altitude.ca\/\" target=\"_blank\" rel=\"noopener\">Adventure at Altitude<\/a><\/span><\/li>\n<\/ul>\n<p>[\/et_pb_text][et_pb_text _builder_version=\u00a0\u00bb4.27.6&Prime; _module_preset=\u00a0\u00bbdefault\u00a0\u00bb text_font=\u00a0\u00bb|300|||||||\u00a0\u00bb text_text_color=\u00a0\u00bb#6B6B6B\u00a0\u00bb link_text_color=\u00a0\u00bb#6b6b6b\u00a0\u00bb custom_margin=\u00a0\u00bb||0px||false|false\u00a0\u00bb global_colors_info=\u00a0\u00bb{}\u00a0\u00bb]<strong>ONTARIO<\/strong><\/p>\n<ul>\n<li><span style=\"text-decoration: underline;\"><a href=\"https:\/\/www.airvisionadventures.club\/\" target=\"_blank\" rel=\"noopener\">Air Vision Adventures ltd.<\/a><\/span><\/li>\n<li><a href=\"https:\/\/instinct.pro\/\" target=\"_blank\" rel=\"noopener\"><span style=\"text-decoration: underline;\">Instinct Windsports Inc<\/span><\/a><\/li>\n<li><a href=\"https:\/\/paragliding.ca\/\" target=\"_blank\" rel=\"noopener\"><span style=\"text-decoration: underline;\">paragliding.ca<\/span><\/a><\/li>\n<li><a href=\"https:\/\/paraglidingontario.com\/\" target=\"_blank\" rel=\"noopener\"><span style=\"text-decoration: underline;\">Paragliding Ontario Flight School<\/span><\/a><\/li>\n<li><span style=\"text-decoration: underline;\"><a href=\"https:\/\/www.summitparagliding.com\/en\" target=\"_blank\" rel=\"noopener\">SummitParagliding.com<\/a><\/span><\/li>\n<\/ul>\n<p>[\/et_pb_text][et_pb_text _builder_version=\u00a0\u00bb4.27.6&Prime; _module_preset=\u00a0\u00bbdefault\u00a0\u00bb text_font=\u00a0\u00bb|300|||||||\u00a0\u00bb text_text_color=\u00a0\u00bb#6B6B6B\u00a0\u00bb link_text_color=\u00a0\u00bb#6b6b6b\u00a0\u00bb custom_margin=\u00a0\u00bb||0px||false|false\u00a0\u00bb global_colors_info=\u00a0\u00bb{}\u00a0\u00bb]<strong>QU\u00c9BEC<\/strong><\/p>\n<ul>\n<li><span style=\"text-decoration: underline;\"><a href=\"https:\/\/airsport.ca\" target=\"_blank\" rel=\"noopener\">Airsport.ca<\/a><\/span><\/li>\n<li><a href=\"https:\/\/dragonflysister.ca\/\" target=\"_blank\" rel=\"noopener\"><span style=\"text-decoration: underline;\">draGOnFLYsister Canada<\/span><\/a><\/li>\n<li><a href=\"https:\/\/www.horizonvollibre.com\/\" target=\"_blank\" rel=\"noopener\"><span style=\"text-decoration: underline;\">Horizon Vol Libre<\/span><\/a><\/li>\n<li><a href=\"https:\/\/www.parazone.com\/\" target=\"_blank\" rel=\"noopener\"><span style=\"text-decoration: underline;\">ParaZone Inc.<\/span><\/a><\/li>\n<li><a href=\"https:\/\/skywithme.ca\/\" target=\"_blank\" rel=\"noopener\"><span style=\"text-decoration: underline;\">Sky With Me<\/span><\/a><\/li>\n<li><a href=\"https:\/\/skywithme.ca\/\" target=\"_blank\" rel=\"noopener\"><span style=\"text-decoration: underline;\">SummitParagliding.com<\/span><\/a><\/li>\n<li><a href=\"https:\/\/www.voiles4saisons.com\/\" target=\"_blank\" rel=\"noopener\"><span style=\"text-decoration: underline;\">Voiles Quatre Saisons<\/span><\/a><\/li>\n<\/ul>\n<p>[\/et_pb_text][et_pb_text _builder_version=\u00a0\u00bb4.27.4&Prime; _module_preset=\u00a0\u00bbdefault\u00a0\u00bb text_font=\u00a0\u00bb|300|||||||\u00a0\u00bb text_text_color=\u00a0\u00bb#6B6B6B\u00a0\u00bb link_text_color=\u00a0\u00bb#6b6b6b\u00a0\u00bb custom_margin=\u00a0\u00bb||0px||false|false\u00a0\u00bb global_colors_info=\u00a0\u00bb{}\u00a0\u00bb]<strong>SASKATCHEWAN<\/strong><\/p>\n<ul>\n<li><span style=\"text-decoration: underline;\"><a href=\"https:\/\/www.prairieparagliding.ca\/\" target=\"_blank\" rel=\"noopener\">Prairie Paragliding<\/a><\/span><\/li>\n<\/ul>\n<p>[\/et_pb_text][\/et_pb_column][\/et_pb_row][\/et_pb_section]<\/p>\n","protected":false},"excerpt":{"rendered":"<p>Les \u00e9coles Nos instructeurs certifi\u00e9s HPAC ont \u00e9t\u00e9 rigoureusement form\u00e9s pour offrir une instruction compl\u00e8te dans les sports de deltaplane et de parapente conform\u00e9ment aux normes nationales. Dans tout le Canada, il y a des \u00e9coles, grandes et petites, qui offrent des cours dispens\u00e9s par un certain nombre d&rsquo;instructeurs certifi\u00e9s travaillant dans une \u00e9cole. Il [&hellip;]<\/p>\n","protected":false},"author":4,"featured_media":0,"parent":0,"menu_order":0,"comment_status":"closed","ping_status":"closed","template":"","meta":{"_acf_changed":false,"_et_pb_use_builder":"on","_et_pb_old_content":"","_et_gb_content_width":"","footnotes":""},"class_list":["post-5501","page","type-page","status-publish","hentry"],"acf":[],"yoast_head":"<!-- This site is optimized with the Yoast SEO plugin v27.4 - https:\/\/yoast.com\/product\/yoast-seo-wordpress\/ -->\n<title>Les \u00e9coles - HPAC.ca<\/title>\n<meta name=\"robots\" content=\"index, follow, max-snippet:-1, max-image-preview:large, max-video-preview:-1\" \/>\n<link rel=\"canonical\" href=\"https:\/\/2024.hpac.ca\/fr\/les-ecoles\/\" \/>\n<meta property=\"og:locale\" content=\"fr_FR\" \/>\n<meta property=\"og:type\" content=\"article\" \/>\n<meta property=\"og:title\" content=\"Les \u00e9coles - HPAC.ca\" \/>\n<meta property=\"og:description\" content=\"Les \u00e9coles Nos instructeurs certifi\u00e9s HPAC ont \u00e9t\u00e9 rigoureusement form\u00e9s pour offrir une instruction compl\u00e8te dans les sports de deltaplane et de parapente conform\u00e9ment aux normes nationales. Dans tout le Canada, il y a des \u00e9coles, grandes et petites, qui offrent des cours dispens\u00e9s par un certain nombre d&#039;instructeurs certifi\u00e9s travaillant dans une \u00e9cole. Il [&hellip;]\" \/>\n<meta property=\"og:url\" content=\"https:\/\/2024.hpac.ca\/fr\/les-ecoles\/\" \/>\n<meta property=\"og:site_name\" content=\"HPAC.ca\" \/>\n<meta property=\"article:modified_time\" content=\"2026-04-15T17:55:15+00:00\" \/>\n<meta name=\"twitter:card\" content=\"summary_large_image\" \/>\n<meta name=\"twitter:label1\" content=\"Dur\u00e9e de lecture estim\u00e9e\" \/>\n\t<meta name=\"twitter:data1\" content=\"3 minute\" \/>\n<script type=\"application\/ld+json\" class=\"yoast-schema-graph\">{\"@context\":\"https:\\\/\\\/schema.org\",\"@graph\":[{\"@type\":\"WebPage\",\"@id\":\"https:\\\/\\\/2024.hpac.ca\\\/fr\\\/les-ecoles\\\/\",\"url\":\"https:\\\/\\\/2024.hpac.ca\\\/fr\\\/les-ecoles\\\/\",\"name\":\"Les \u00e9coles - HPAC.ca\",\"isPartOf\":{\"@id\":\"https:\\\/\\\/2024.hpac.ca\\\/fr\\\/#website\"},\"datePublished\":\"2024-06-26T18:29:23+00:00\",\"dateModified\":\"2026-04-15T17:55:15+00:00\",\"breadcrumb\":{\"@id\":\"https:\\\/\\\/2024.hpac.ca\\\/fr\\\/les-ecoles\\\/#breadcrumb\"},\"inLanguage\":\"fr-FR\",\"potentialAction\":[{\"@type\":\"ReadAction\",\"target\":[\"https:\\\/\\\/2024.hpac.ca\\\/fr\\\/les-ecoles\\\/\"]}]},{\"@type\":\"BreadcrumbList\",\"@id\":\"https:\\\/\\\/2024.hpac.ca\\\/fr\\\/les-ecoles\\\/#breadcrumb\",\"itemListElement\":[{\"@type\":\"ListItem\",\"position\":1,\"name\":\"Home\",\"item\":\"https:\\\/\\\/2024.hpac.ca\\\/fr\\\/\"},{\"@type\":\"ListItem\",\"position\":2,\"name\":\"Les \u00e9coles\"}]},{\"@type\":\"WebSite\",\"@id\":\"https:\\\/\\\/2024.hpac.ca\\\/fr\\\/#website\",\"url\":\"https:\\\/\\\/2024.hpac.ca\\\/fr\\\/\",\"name\":\"HPAC.ca\",\"description\":\"Hang Gliding and Paragliding Association\",\"potentialAction\":[{\"@type\":\"SearchAction\",\"target\":{\"@type\":\"EntryPoint\",\"urlTemplate\":\"https:\\\/\\\/2024.hpac.ca\\\/fr\\\/?s={search_term_string}\"},\"query-input\":{\"@type\":\"PropertyValueSpecification\",\"valueRequired\":true,\"valueName\":\"search_term_string\"}}],\"inLanguage\":\"fr-FR\"}]}<\/script>\n<!-- \/ Yoast SEO plugin. -->","yoast_head_json":{"title":"Les \u00e9coles - HPAC.ca","robots":{"index":"index","follow":"follow","max-snippet":"max-snippet:-1","max-image-preview":"max-image-preview:large","max-video-preview":"max-video-preview:-1"},"canonical":"https:\/\/2024.hpac.ca\/fr\/les-ecoles\/","og_locale":"fr_FR","og_type":"article","og_title":"Les \u00e9coles - HPAC.ca","og_description":"Les \u00e9coles Nos instructeurs certifi\u00e9s HPAC ont \u00e9t\u00e9 rigoureusement form\u00e9s pour offrir une instruction compl\u00e8te dans les sports de deltaplane et de parapente conform\u00e9ment aux normes nationales. Dans tout le Canada, il y a des \u00e9coles, grandes et petites, qui offrent des cours dispens\u00e9s par un certain nombre d'instructeurs certifi\u00e9s travaillant dans une \u00e9cole. Il [&hellip;]","og_url":"https:\/\/2024.hpac.ca\/fr\/les-ecoles\/","og_site_name":"HPAC.ca","article_modified_time":"2026-04-15T17:55:15+00:00","twitter_card":"summary_large_image","twitter_misc":{"Dur\u00e9e de lecture estim\u00e9e":"3 minute"},"schema":{"@context":"https:\/\/schema.org","@graph":[{"@type":"WebPage","@id":"https:\/\/2024.hpac.ca\/fr\/les-ecoles\/","url":"https:\/\/2024.hpac.ca\/fr\/les-ecoles\/","name":"Les \u00e9coles - HPAC.ca","isPartOf":{"@id":"https:\/\/2024.hpac.ca\/fr\/#website"},"datePublished":"2024-06-26T18:29:23+00:00","dateModified":"2026-04-15T17:55:15+00:00","breadcrumb":{"@id":"https:\/\/2024.hpac.ca\/fr\/les-ecoles\/#breadcrumb"},"inLanguage":"fr-FR","potentialAction":[{"@type":"ReadAction","target":["https:\/\/2024.hpac.ca\/fr\/les-ecoles\/"]}]},{"@type":"BreadcrumbList","@id":"https:\/\/2024.hpac.ca\/fr\/les-ecoles\/#breadcrumb","itemListElement":[{"@type":"ListItem","position":1,"name":"Home","item":"https:\/\/2024.hpac.ca\/fr\/"},{"@type":"ListItem","position":2,"name":"Les \u00e9coles"}]},{"@type":"WebSite","@id":"https:\/\/2024.hpac.ca\/fr\/#website","url":"https:\/\/2024.hpac.ca\/fr\/","name":"HPAC.ca","description":"Hang Gliding and Paragliding Association","potentialAction":[{"@type":"SearchAction","target":{"@type":"EntryPoint","urlTemplate":"https:\/\/2024.hpac.ca\/fr\/?s={search_term_string}"},"query-input":{"@type":"PropertyValueSpecification","valueRequired":true,"valueName":"search_term_string"}}],"inLanguage":"fr-FR"}]}},"_links":{"self":[{"href":"https:\/\/2024.hpac.ca\/fr\/wp-json\/wp\/v2\/pages\/5501","targetHints":{"allow":["GET"]}}],"collection":[{"href":"https:\/\/2024.hpac.ca\/fr\/wp-json\/wp\/v2\/pages"}],"about":[{"href":"https:\/\/2024.hpac.ca\/fr\/wp-json\/wp\/v2\/types\/page"}],"author":[{"embeddable":true,"href":"https:\/\/2024.hpac.ca\/fr\/wp-json\/wp\/v2\/users\/4"}],"replies":[{"embeddable":true,"href":"https:\/\/2024.hpac.ca\/fr\/wp-json\/wp\/v2\/comments?post=5501"}],"version-history":[{"count":12,"href":"https:\/\/2024.hpac.ca\/fr\/wp-json\/wp\/v2\/pages\/5501\/revisions"}],"predecessor-version":[{"id":6420,"href":"https:\/\/2024.hpac.ca\/fr\/wp-json\/wp\/v2\/pages\/5501\/revisions\/6420"}],"wp:attachment":[{"href":"https:\/\/2024.hpac.ca\/fr\/wp-json\/wp\/v2\/media?parent=5501"}],"curies":[{"name":"wp","href":"https:\/\/api.w.org\/{rel}","templated":true}]}}