{"id":5506,"date":"2024-06-26T18:31:29","date_gmt":"2024-06-26T18:31:29","guid":{"rendered":"https:\/\/2024.hpac.ca\/rapport-daccident-et-dincident-air\/"},"modified":"2026-04-17T16:46:57","modified_gmt":"2026-04-17T16:46:57","slug":"rapport-daccident-et-dincident-air","status":"publish","type":"page","link":"https:\/\/2024.hpac.ca\/fr\/securite\/rapport-daccident-et-dincident-air\/","title":{"rendered":"Rapport d&rsquo;accident et d&rsquo;incident (AIR)"},"content":{"rendered":"<p>[et_pb_section fb_built=\u00a0\u00bb1&Prime; _builder_version=\u00a0\u00bb4.25.2&Prime; _module_preset=\u00a0\u00bbdefault\u00a0\u00bb global_colors_info=\u00a0\u00bb{}\u00a0\u00bb][et_pb_row _builder_version=\u00a0\u00bb4.25.2&Prime; _module_preset=\u00a0\u00bbdefault\u00a0\u00bb global_colors_info=\u00a0\u00bb{}\u00a0\u00bb][et_pb_column type=\u00a0\u00bb4_4&Prime; _builder_version=\u00a0\u00bb4.25.2&Prime; _module_preset=\u00a0\u00bbdefault\u00a0\u00bb global_colors_info=\u00a0\u00bb{}\u00a0\u00bb][et_pb_text _builder_version=\u00a0\u00bb4.25.2&Prime; _module_preset=\u00a0\u00bbdefault\u00a0\u00bb header_font=\u00a0\u00bb|600|||||||\u00a0\u00bb header_text_color=\u00a0\u00bb#545458&Prime; header_font_size=\u00a0\u00bb36px\u00a0\u00bb custom_margin=\u00a0\u00bb||8px||false|false\u00a0\u00bb header_font_size_tablet=\u00a0\u00bb36px\u00a0\u00bb header_font_size_phone=\u00a0\u00bb25px\u00a0\u00bb header_font_size_last_edited=\u00a0\u00bbon|phone\u00a0\u00bb global_colors_info=\u00a0\u00bb{}\u00a0\u00bb]<\/p>\n<h1>Rapport d&rsquo;accident et d&rsquo;incident (AIR)<\/h1>\n<p>[\/et_pb_text][et_pb_text _builder_version=\u00a0\u00bb4.25.2&Prime; _module_preset=\u00a0\u00bbdefault\u00a0\u00bb text_font=\u00a0\u00bb|300|||||||\u00a0\u00bb link_text_color=\u00a0\u00bb#6B6B6B\u00a0\u00bb global_colors_info=\u00a0\u00bb{}\u00a0\u00bb]<\/p>\n<p>Proc\u00e9dures g\u00e9n\u00e9rales : Veuillez vous r\u00e9f\u00e9rer aux proc\u00e9dures op\u00e9rationnelles normalis\u00e9es pertinentes :<\/p>\n<p>&nbsp;<\/p>\n<ul>\n<li><a href=\"https:\/\/2024.hpac.ca\/download\/4678\/?tmstv=1720157782\"><span style=\"text-decoration: underline;\">SOP 400 S\u00e9curit\u00e9 des vols<\/span><\/a><\/li>\n<li><a href=\"https:\/\/2024.hpac.ca\/download\/4679\/?tmstv=1720157977\"><span style=\"text-decoration: underline;\">SOP 405 Rapport d&rsquo;accident \/ d&rsquo;incident<\/span><\/a><\/li>\n<\/ul>\n<p>[\/et_pb_text][et_pb_text quote_border_color=\u00a0\u00bb#f22312&Prime; _builder_version=\u00a0\u00bb4.25.2&Prime; _module_preset=\u00a0\u00bbdefault\u00a0\u00bb header_3_font=\u00a0\u00bb|700|||||||\u00a0\u00bb header_3_text_color=\u00a0\u00bb#666666&Prime; header_3_font_size=\u00a0\u00bb24px\u00a0\u00bb header_3_line_height=\u00a0\u00bb1.4em\u00a0\u00bb header_3_font_size_tablet=\u00a0\u00bb24px\u00a0\u00bb header_3_font_size_phone=\u00a0\u00bb22px\u00a0\u00bb header_3_font_size_last_edited=\u00a0\u00bbon|phone\u00a0\u00bb global_colors_info=\u00a0\u00bb{}\u00a0\u00bb]<\/p>\n<blockquote>\n<h3>NOTIFICATION DES ACCIDENTS \/ INCIDENTS<\/h3>\n<\/blockquote>\n<p>[\/et_pb_text][et_pb_text _builder_version=\u00a0\u00bb4.27.6&Prime; _module_preset=\u00a0\u00bbdefault\u00a0\u00bb text_font=\u00a0\u00bb|300|||||||\u00a0\u00bb link_text_color=\u00a0\u00bb#6B6B6B\u00a0\u00bb global_colors_info=\u00a0\u00bb{}\u00a0\u00bb]<\/p>\n<p>En cas d&rsquo;accident ou d&rsquo;incident, le pilote commandant de bord, un instructeur ou un t\u00e9moin sont tenus de veiller \u00e0 ce que le comit\u00e9 de s\u00e9curit\u00e9 soit inform\u00e9 dans les 24 heures \u00e0 l&rsquo;adresse suivante <a href=\"mailto:safety@hpac.ca\"><span style=\"text-decoration: underline;\">safety@hpac.ca<\/span><\/a> et qu&rsquo;une notification \u00e9crite de l&rsquo;incident ou de l&rsquo;accident soit fournie au comit\u00e9 de s\u00e9curit\u00e9 de la HPAC dans les 7 jours suivant l&rsquo;\u00e9v\u00e9nement. En cas de blessure grave ou de d\u00e9c\u00e8s, une notification imm\u00e9diate au pr\u00e9sident du comit\u00e9 de s\u00e9curit\u00e9 et au bureau national est requise. <\/p>\n<p><span style=\"text-decoration: underline;\"><\/span><\/p>\n<h2><span style=\"color: #993300;\"><strong><span style=\"text-decoration: underline;\"><a href=\"https:\/\/pq3ivecn4rb.typeform.com\/to\/ZzIBaNLP\" target=\"_blank\" rel=\"noopener\" style=\"color: #993300; text-decoration: underline;\">Formulaire de rapport<\/a><\/span><\/strong><\/span><strong><span style=\"text-decoration: underline;\"><\/span><\/strong><\/h2>\n<p><strong><span style=\"text-decoration: underline;\"><\/span><\/strong><\/p>\n<p><strong><span style=\"text-decoration: underline;\"><\/span><\/strong><\/p>\n<p>[\/et_pb_text][et_pb_text quote_border_color=\u00a0\u00bb#f22312&Prime; _builder_version=\u00a0\u00bb4.25.2&Prime; _module_preset=\u00a0\u00bbdefault\u00a0\u00bb header_3_font=\u00a0\u00bb|700|||||||\u00a0\u00bb header_3_text_color=\u00a0\u00bb#666666&Prime; header_3_font_size=\u00a0\u00bb24px\u00a0\u00bb header_3_line_height=\u00a0\u00bb1.4em\u00a0\u00bb header_3_font_size_tablet=\u00a0\u00bb24px\u00a0\u00bb header_3_font_size_phone=\u00a0\u00bb22px\u00a0\u00bb header_3_font_size_last_edited=\u00a0\u00bbon|phone\u00a0\u00bb global_colors_info=\u00a0\u00bb{}\u00a0\u00bb]<\/p>\n<blockquote>\n<h3>D\u00e9finitions<\/h3>\n<\/blockquote>\n<p>[\/et_pb_text][et_pb_text _builder_version=\u00a0\u00bb4.25.2&Prime; _module_preset=\u00a0\u00bbdefault\u00a0\u00bb text_font=\u00a0\u00bb|300|||||||\u00a0\u00bb link_text_color=\u00a0\u00bb#6B6B6B\u00a0\u00bb custom_margin=\u00a0\u00bb||5px||false|false\u00a0\u00bb global_colors_info=\u00a0\u00bb{}\u00a0\u00bb]<\/p>\n<p><strong>ACCIDENT<\/strong><br \/>En ce qui concerne un deltaplane\/parapente, un \u00e9v\u00e9nement li\u00e9 \u00e0 l&rsquo;exploitation de l&rsquo;a\u00e9ronef qui se produit entre le moment o\u00f9 une personne \u00ab\u00a0s&rsquo;accroche\u00a0\u00bb \u00e0 l&rsquo;a\u00e9ronef avec l&rsquo;intention de voler et le moment o\u00f9 cette personne \u00ab\u00a0se d\u00e9croche\u00a0\u00bb :<\/p>\n<ol>\n<li>Toute personne subit un D\u00c9C\u00c8S ou une BLESSURE GRAVE du fait de sa pr\u00e9sence \u00e0 bord de l&rsquo;a\u00e9ronef ou de tout ce qui est attach\u00e9 \u00e0 l&rsquo;a\u00e9ronef ;<\/li>\n<li>Les principaux composants de l&rsquo;a\u00e9ronef (\u00e0 l&rsquo;exclusion des dommages mineurs au tube de descente) subissent des dommages ou une d\u00e9faillance structurelle qui ont un effet n\u00e9gatif sur la r\u00e9sistance structurelle, les performances ou les caract\u00e9ristiques de vol et qui n\u00e9cessiteraient normalement des r\u00e9parations importantes ou le remplacement du composant concern\u00e9 ; ou<\/li>\n<\/ol>\n<ul>\n<li>Toute d\u00e9chirure de l&rsquo;auvent sup\u00e9rieure \u00e0 15 cm (6\u2033) de longueur ;<\/li>\n<\/ul>\n<ol>\n<li>L&rsquo;a\u00e9ronef est manquant ou inaccessible ;<\/li>\n<li>Concerne tout passager, l&rsquo;\u00e9quipage ou le personnel au sol pendant le d\u00e9roulement du vol.<\/li>\n<\/ol>\n<p>[\/et_pb_text][et_pb_text _builder_version=\u00a0\u00bb4.25.2&Prime; _module_preset=\u00a0\u00bbdefault\u00a0\u00bb text_font=\u00a0\u00bb|300|||||||\u00a0\u00bb link_text_color=\u00a0\u00bb#6B6B6B\u00a0\u00bb custom_margin=\u00a0\u00bb||5px||false|false\u00a0\u00bb global_colors_info=\u00a0\u00bb{}\u00a0\u00bb]<\/p>\n<p><strong>BLESSURES GRAVES<\/strong><\/p>\n<p>Est d\u00e9finie comme toute blessure, autre que mortelle, qui :<\/p>\n<ul><\/ul>\n<ol>\n<li>n\u00e9cessite une hospitalisation ou un traitement m\u00e9dical \u00e0 tout moment en raison des blessures subies ; ou<\/li>\n<li>entra\u00eene la fracture d&rsquo;un os, \u00e0 l&rsquo;exception des fractures simples des doigts ou des orteils ; ou<\/li>\n<\/ol>\n<ul>\n<li>Les lac\u00e9rations provoquent des h\u00e9morragies graves, des l\u00e9sions des nerfs, des muscles ou des tendons ; ou<\/li>\n<\/ul>\n<ol>\n<li>implique une l\u00e9sion d&rsquo;un organe interne ; ou<\/li>\n<li>Br\u00fblures du deuxi\u00e8me ou du troisi\u00e8me degr\u00e9, ou toute br\u00fblure affectant plus de cinq pour cent de la surface corporelle.<\/li>\n<\/ol>\n<p>[\/et_pb_text][et_pb_text _builder_version=\u00a0\u00bb4.27.6&Prime; _module_preset=\u00a0\u00bbdefault\u00a0\u00bb text_font=\u00a0\u00bb|300|||||||\u00a0\u00bb link_text_color=\u00a0\u00bb#6B6B6B\u00a0\u00bb custom_margin=\u00a0\u00bb||5px||false|false\u00a0\u00bb global_colors_info=\u00a0\u00bb{}\u00a0\u00bb]<\/p>\n<p><strong>INCIDENT<\/strong><br \/>En relation avec un deltaplane ou un parapente,<\/p>\n<ol>\n<li>un \u00e9v\u00e9nement, autre qu&rsquo;un accident, li\u00e9 \u00e0 l&rsquo;exploitation de l&rsquo;a\u00e9ronef, y compris les p\u00e9riodes de pr\u00e9paration et de rangement, qui pourrait compromettre la s\u00e9curit\u00e9 de l&rsquo;exploitation de l&rsquo;a\u00e9ronef, la s\u00e9curit\u00e9 des autres a\u00e9ronefs, des spectateurs ou d&rsquo;autres personnes au sol ;<\/li>\n<li>Un accident de vol \u00e9vit\u00e9 de justesse ou une collision en vol qui n&rsquo;a pas caus\u00e9 de dommages ou de blessures ;<\/li>\n<\/ol>\n<ul>\n<li>Un d\u00e9ploiement accidentel ou tout autre d\u00e9ploiement d&rsquo;un parachute de secours, ind\u00e9pendamment des blessures ou des dommages subis par le parapente, qui provoque des blessures mineures ne n\u00e9cessitant pas de traitement m\u00e9dical pour le pilote ou le personnel au sol ; ou<\/li>\n<\/ul>\n<ol>\n<li>Provoque des dommages mineurs \u00e0 l&rsquo;a\u00e9ronef, tels que des d\u00e9chirures mineures de la verri\u00e8re (moins de 15 cm \/ 6\u2033 de longueur) ou de la barre de contr\u00f4le, du tube de base ou des lignes A, B, C et de freinage ; ou des dommages mineurs au harnais uniquement ;<\/li>\n<li>Qui fournit des informations relatives \u00e0 l&rsquo;int\u00e9r\u00eat de la communaut\u00e9 des pilotes.<\/li>\n<\/ol>\n<p>Voici quelques exemples d&rsquo;incidents \u00e0 signaler<\/p>\n<ol>\n<li>Planeur renvers\u00e9 au sol contre un autre planeur ou un v\u00e9hicule, causant des dommages ;<\/li>\n<li>Tout \u00e9v\u00e9nement qui aurait pu facilement entra\u00eener des blessures graves et dont les circonstances, si elles avaient \u00e9t\u00e9 connues ou pr\u00e9venues, auraient pu contribuer \u00e0 \u00e9viter qu&rsquo;un accident potentiel similaire ne se produise ;<\/li>\n<\/ol>\n<ul>\n<li>Toute d\u00e9faillance structurelle ou tout dommage sur un planeur r\u00e9sultant des proc\u00e9dures de mise en place ou de pliage, ou tout d\u00e9faut de composant remarqu\u00e9 avant ou apr\u00e8s le vol, mais n&rsquo;entra\u00eenant pas d&rsquo;accident.<\/li>\n<\/ul>\n<p>Statistiques : Elles sont fournies par le comit\u00e9 de s\u00e9curit\u00e9 et sont g\u00e9n\u00e9r\u00e9es \u00e0 partir des rapports A\/I.<\/p>\n<p>Les informations tir\u00e9es des rapports d&rsquo;accidents et d&rsquo;incidents ne sont partag\u00e9es que de mani\u00e8re anonyme. Nous appliquons un syst\u00e8me de signalement non punitif, dont l&rsquo;objectif est de permettre \u00e0 tous les pilotes d&rsquo;apprendre de leurs erreurs pass\u00e9es et non de les bl\u00e2mer ou de les punir. <\/p>\n<p>Contactez le comit\u00e9 de s\u00e9curit\u00e9 \u00e0 l&rsquo;adresse suivante <span style=\"text-decoration: underline;\"><a href=\"mailto:safety@hpac.ca\">safety@hpac.ca<\/a><\/span>.<\/p>\n<p>[\/et_pb_text][\/et_pb_column][\/et_pb_row][\/et_pb_section]<\/p>\n","protected":false},"excerpt":{"rendered":"<p>Rapport d&rsquo;accident et d&rsquo;incident (AIR)Proc\u00e9dures g\u00e9n\u00e9rales : Veuillez vous r\u00e9f\u00e9rer aux proc\u00e9dures op\u00e9rationnelles normalis\u00e9es pertinentes : &nbsp; SOP 400 S\u00e9curit\u00e9 des vols SOP 405 Rapport d&rsquo;accident \/ d&rsquo;incident NOTIFICATION DES ACCIDENTS \/ INCIDENTS En cas d&rsquo;accident ou d&rsquo;incident, le pilote commandant de bord, un instructeur ou un t\u00e9moin sont tenus de veiller \u00e0 ce que [&hellip;]<\/p>\n","protected":false},"author":4,"featured_media":0,"parent":5825,"menu_order":0,"comment_status":"closed","ping_status":"closed","template":"","meta":{"_acf_changed":false,"_et_pb_use_builder":"on","_et_pb_old_content":"","_et_gb_content_width":"","footnotes":""},"class_list":["post-5506","page","type-page","status-publish","hentry"],"acf":[],"yoast_head":"<!-- This site is optimized with the Yoast SEO plugin v27.4 - https:\/\/yoast.com\/product\/yoast-seo-wordpress\/ -->\n<title>Rapport d&#039;accident et d&#039;incident (AIR) - HPAC.ca<\/title>\n<meta name=\"robots\" content=\"index, follow, max-snippet:-1, max-image-preview:large, max-video-preview:-1\" \/>\n<link rel=\"canonical\" href=\"https:\/\/2024.hpac.ca\/fr\/securite\/rapport-daccident-et-dincident-air\/\" \/>\n<meta property=\"og:locale\" content=\"fr_FR\" \/>\n<meta property=\"og:type\" content=\"article\" \/>\n<meta property=\"og:title\" content=\"Rapport d&#039;accident et d&#039;incident (AIR) - HPAC.ca\" \/>\n<meta property=\"og:description\" content=\"Rapport d&#039;accident et d&#039;incident (AIR)Proc\u00e9dures g\u00e9n\u00e9rales : Veuillez vous r\u00e9f\u00e9rer aux proc\u00e9dures op\u00e9rationnelles normalis\u00e9es pertinentes : &nbsp; SOP 400 S\u00e9curit\u00e9 des vols SOP 405 Rapport d&#039;accident \/ d&#039;incident NOTIFICATION DES ACCIDENTS \/ INCIDENTS En cas d&#039;accident ou d&#039;incident, le pilote commandant de bord, un instructeur ou un t\u00e9moin sont tenus de veiller \u00e0 ce que [&hellip;]\" \/>\n<meta property=\"og:url\" content=\"https:\/\/2024.hpac.ca\/fr\/securite\/rapport-daccident-et-dincident-air\/\" \/>\n<meta property=\"og:site_name\" content=\"HPAC.ca\" \/>\n<meta property=\"article:modified_time\" content=\"2026-04-17T16:46:57+00:00\" \/>\n<meta name=\"twitter:card\" content=\"summary_large_image\" \/>\n<meta name=\"twitter:label1\" content=\"Dur\u00e9e de lecture estim\u00e9e\" \/>\n\t<meta name=\"twitter:data1\" content=\"5 minute\" \/>\n<script type=\"application\/ld+json\" class=\"yoast-schema-graph\">{\"@context\":\"https:\\\/\\\/schema.org\",\"@graph\":[{\"@type\":\"WebPage\",\"@id\":\"https:\\\/\\\/2024.hpac.ca\\\/fr\\\/securite\\\/rapport-daccident-et-dincident-air\\\/\",\"url\":\"https:\\\/\\\/2024.hpac.ca\\\/fr\\\/securite\\\/rapport-daccident-et-dincident-air\\\/\",\"name\":\"Rapport d'accident et d'incident (AIR) - HPAC.ca\",\"isPartOf\":{\"@id\":\"https:\\\/\\\/2024.hpac.ca\\\/fr\\\/#website\"},\"datePublished\":\"2024-06-26T18:31:29+00:00\",\"dateModified\":\"2026-04-17T16:46:57+00:00\",\"breadcrumb\":{\"@id\":\"https:\\\/\\\/2024.hpac.ca\\\/fr\\\/securite\\\/rapport-daccident-et-dincident-air\\\/#breadcrumb\"},\"inLanguage\":\"fr-FR\",\"potentialAction\":[{\"@type\":\"ReadAction\",\"target\":[\"https:\\\/\\\/2024.hpac.ca\\\/fr\\\/securite\\\/rapport-daccident-et-dincident-air\\\/\"]}]},{\"@type\":\"BreadcrumbList\",\"@id\":\"https:\\\/\\\/2024.hpac.ca\\\/fr\\\/securite\\\/rapport-daccident-et-dincident-air\\\/#breadcrumb\",\"itemListElement\":[{\"@type\":\"ListItem\",\"position\":1,\"name\":\"Home\",\"item\":\"https:\\\/\\\/2024.hpac.ca\\\/fr\\\/\"},{\"@type\":\"ListItem\",\"position\":2,\"name\":\"S\u00e9curit\u00e9\",\"item\":\"https:\\\/\\\/2024.hpac.ca\\\/fr\\\/securite\\\/\"},{\"@type\":\"ListItem\",\"position\":3,\"name\":\"Rapport d&rsquo;accident et d&rsquo;incident (AIR)\"}]},{\"@type\":\"WebSite\",\"@id\":\"https:\\\/\\\/2024.hpac.ca\\\/fr\\\/#website\",\"url\":\"https:\\\/\\\/2024.hpac.ca\\\/fr\\\/\",\"name\":\"HPAC.ca\",\"description\":\"Hang Gliding and Paragliding Association\",\"potentialAction\":[{\"@type\":\"SearchAction\",\"target\":{\"@type\":\"EntryPoint\",\"urlTemplate\":\"https:\\\/\\\/2024.hpac.ca\\\/fr\\\/?s={search_term_string}\"},\"query-input\":{\"@type\":\"PropertyValueSpecification\",\"valueRequired\":true,\"valueName\":\"search_term_string\"}}],\"inLanguage\":\"fr-FR\"}]}<\/script>\n<!-- \/ Yoast SEO plugin. -->","yoast_head_json":{"title":"Rapport d'accident et d'incident (AIR) - HPAC.ca","robots":{"index":"index","follow":"follow","max-snippet":"max-snippet:-1","max-image-preview":"max-image-preview:large","max-video-preview":"max-video-preview:-1"},"canonical":"https:\/\/2024.hpac.ca\/fr\/securite\/rapport-daccident-et-dincident-air\/","og_locale":"fr_FR","og_type":"article","og_title":"Rapport d'accident et d'incident (AIR) - HPAC.ca","og_description":"Rapport d'accident et d'incident (AIR)Proc\u00e9dures g\u00e9n\u00e9rales : Veuillez vous r\u00e9f\u00e9rer aux proc\u00e9dures op\u00e9rationnelles normalis\u00e9es pertinentes : &nbsp; SOP 400 S\u00e9curit\u00e9 des vols SOP 405 Rapport d'accident \/ d'incident NOTIFICATION DES ACCIDENTS \/ INCIDENTS En cas d'accident ou d'incident, le pilote commandant de bord, un instructeur ou un t\u00e9moin sont tenus de veiller \u00e0 ce que [&hellip;]","og_url":"https:\/\/2024.hpac.ca\/fr\/securite\/rapport-daccident-et-dincident-air\/","og_site_name":"HPAC.ca","article_modified_time":"2026-04-17T16:46:57+00:00","twitter_card":"summary_large_image","twitter_misc":{"Dur\u00e9e de lecture estim\u00e9e":"5 minute"},"schema":{"@context":"https:\/\/schema.org","@graph":[{"@type":"WebPage","@id":"https:\/\/2024.hpac.ca\/fr\/securite\/rapport-daccident-et-dincident-air\/","url":"https:\/\/2024.hpac.ca\/fr\/securite\/rapport-daccident-et-dincident-air\/","name":"Rapport d'accident et d'incident (AIR) - HPAC.ca","isPartOf":{"@id":"https:\/\/2024.hpac.ca\/fr\/#website"},"datePublished":"2024-06-26T18:31:29+00:00","dateModified":"2026-04-17T16:46:57+00:00","breadcrumb":{"@id":"https:\/\/2024.hpac.ca\/fr\/securite\/rapport-daccident-et-dincident-air\/#breadcrumb"},"inLanguage":"fr-FR","potentialAction":[{"@type":"ReadAction","target":["https:\/\/2024.hpac.ca\/fr\/securite\/rapport-daccident-et-dincident-air\/"]}]},{"@type":"BreadcrumbList","@id":"https:\/\/2024.hpac.ca\/fr\/securite\/rapport-daccident-et-dincident-air\/#breadcrumb","itemListElement":[{"@type":"ListItem","position":1,"name":"Home","item":"https:\/\/2024.hpac.ca\/fr\/"},{"@type":"ListItem","position":2,"name":"S\u00e9curit\u00e9","item":"https:\/\/2024.hpac.ca\/fr\/securite\/"},{"@type":"ListItem","position":3,"name":"Rapport d&rsquo;accident et d&rsquo;incident (AIR)"}]},{"@type":"WebSite","@id":"https:\/\/2024.hpac.ca\/fr\/#website","url":"https:\/\/2024.hpac.ca\/fr\/","name":"HPAC.ca","description":"Hang Gliding and Paragliding Association","potentialAction":[{"@type":"SearchAction","target":{"@type":"EntryPoint","urlTemplate":"https:\/\/2024.hpac.ca\/fr\/?s={search_term_string}"},"query-input":{"@type":"PropertyValueSpecification","valueRequired":true,"valueName":"search_term_string"}}],"inLanguage":"fr-FR"}]}},"_links":{"self":[{"href":"https:\/\/2024.hpac.ca\/fr\/wp-json\/wp\/v2\/pages\/5506","targetHints":{"allow":["GET"]}}],"collection":[{"href":"https:\/\/2024.hpac.ca\/fr\/wp-json\/wp\/v2\/pages"}],"about":[{"href":"https:\/\/2024.hpac.ca\/fr\/wp-json\/wp\/v2\/types\/page"}],"author":[{"embeddable":true,"href":"https:\/\/2024.hpac.ca\/fr\/wp-json\/wp\/v2\/users\/4"}],"replies":[{"embeddable":true,"href":"https:\/\/2024.hpac.ca\/fr\/wp-json\/wp\/v2\/comments?post=5506"}],"version-history":[{"count":7,"href":"https:\/\/2024.hpac.ca\/fr\/wp-json\/wp\/v2\/pages\/5506\/revisions"}],"predecessor-version":[{"id":6584,"href":"https:\/\/2024.hpac.ca\/fr\/wp-json\/wp\/v2\/pages\/5506\/revisions\/6584"}],"up":[{"embeddable":true,"href":"https:\/\/2024.hpac.ca\/fr\/wp-json\/wp\/v2\/pages\/5825"}],"wp:attachment":[{"href":"https:\/\/2024.hpac.ca\/fr\/wp-json\/wp\/v2\/media?parent=5506"}],"curies":[{"name":"wp","href":"https:\/\/api.w.org\/{rel}","templated":true}]}}