{"id":5515,"date":"2024-06-26T18:31:53","date_gmt":"2024-06-26T18:31:53","guid":{"rendered":"https:\/\/2024.hpac.ca\/siv-simulation-dincidents-en-vol-2\/"},"modified":"2026-03-11T13:35:46","modified_gmt":"2026-03-11T13:35:46","slug":"siv-simulation-dincidents-en-vol-2","status":"publish","type":"page","link":"https:\/\/2024.hpac.ca\/fr\/securite\/siv-simulation-dincidents-en-vol-2\/","title":{"rendered":"SIV (Simulation d&rsquo;Incidents en Vol)"},"content":{"rendered":"<p>[et_pb_section fb_built=\u00a0\u00bb1&Prime; _builder_version=\u00a0\u00bb4.25.2&Prime; _module_preset=\u00a0\u00bbdefault\u00a0\u00bb global_colors_info=\u00a0\u00bb{}\u00a0\u00bb theme_builder_area=\u00a0\u00bbpost_content\u00a0\u00bb][et_pb_row _builder_version=\u00a0\u00bb4.25.2&Prime; _module_preset=\u00a0\u00bbdefault\u00a0\u00bb global_colors_info=\u00a0\u00bb{}\u00a0\u00bb theme_builder_area=\u00a0\u00bbpost_content\u00a0\u00bb][et_pb_column type=\u00a0\u00bb4_4&Prime; _builder_version=\u00a0\u00bb4.25.2&Prime; _module_preset=\u00a0\u00bbdefault\u00a0\u00bb global_colors_info=\u00a0\u00bb{}\u00a0\u00bb theme_builder_area=\u00a0\u00bbpost_content\u00a0\u00bb][et_pb_text _builder_version=\u00a0\u00bb4.25.2&Prime; _module_preset=\u00a0\u00bbdefault\u00a0\u00bb header_font=\u00a0\u00bb|600|||||||\u00a0\u00bb header_text_color=\u00a0\u00bb#545458&Prime; header_font_size=\u00a0\u00bb36px\u00a0\u00bb custom_margin=\u00a0\u00bb||8px||false|false\u00a0\u00bb hover_enabled=\u00a0\u00bb0&Prime; header_font_size_tablet=\u00a0\u00bb36px\u00a0\u00bb header_font_size_phone=\u00a0\u00bb25px\u00a0\u00bb header_font_size_last_edited=\u00a0\u00bbon|phone\u00a0\u00bb global_colors_info=\u00a0\u00bb{}\u00a0\u00bb theme_builder_area=\u00a0\u00bbpost_content\u00a0\u00bb sticky_enabled=\u00a0\u00bb0&Prime;]<\/p>\n<h1>SIV (Simulation d&rsquo;Incidents en Vol)<\/h1>\n<p>[\/et_pb_text][et_pb_text _builder_version=\u00a0\u00bb4.25.2&Prime; _module_preset=\u00a0\u00bbdefault\u00a0\u00bb text_font=\u00a0\u00bb|300|||||||\u00a0\u00bb text_text_color=\u00a0\u00bb#6B6B6B\u00a0\u00bb link_text_color=\u00a0\u00bb#6b6b6b\u00a0\u00bb hover_enabled=\u00a0\u00bb0&Prime; global_colors_info=\u00a0\u00bb{}\u00a0\u00bb theme_builder_area=\u00a0\u00bbpost_content\u00a0\u00bb sticky_enabled=\u00a0\u00bb0&Prime;]<\/p>\n<p>Participer \u00e0 un cours SIV est l&rsquo;occasion de devenir un pilote plus s\u00fbr, plus comp\u00e9tent et plus confiant. Au cours d&rsquo;un stage SIV, vous simulerez certains des \u00e9v\u00e9nements les plus stressants et ind\u00e9sirables susceptibles de se produire en vol libre. Il peut s&rsquo;agir par exemple d&rsquo;une fermeture de parapente due \u00e0 des turbulences ou \u00e0 une erreur de pilotage.  <\/p>\n<p>Bien qu&rsquo;il y ait toujours une certaine appr\u00e9hension \u00e0 provoquer et \u00e0 pratiquer ces situations, les pilotes finissent par acqu\u00e9rir plus de confiance et de comp\u00e9tences en pratiquant les man\u0153uvres dans le cadre d&rsquo;un cours SIV.<\/p>\n<p>La HPAC exige un cours SIV complet comme condition pr\u00e9alable \u00e0 l&rsquo;obtention de la qualification avanc\u00e9e P4 en parapente.<\/p>\n<p>Il n&rsquo;existe actuellement aucun cours de ce type pour la formation au deltaplane, principalement parce qu&rsquo;un deltaplane, en tant qu&rsquo;a\u00e9ronef plus rigide, ne s&rsquo;effondre pas comme le fait un parapente.<\/p>\n<p>Pour voir un exemple d&rsquo;exp\u00e9rience SIV&#8230;<\/p>\n<p>[\/et_pb_text][et_pb_video src=\u00a0\u00bbhttps:\/\/www.youtube.com\/watch?v=ejPGh2WoGGo\u00a0\u00bb _builder_version=\u00a0\u00bb4.25.2&Prime; _module_preset=\u00a0\u00bbdefault\u00a0\u00bb theme_builder_area=\u00a0\u00bbpost_content\u00a0\u00bb hover_enabled=\u00a0\u00bb0&Prime; sticky_enabled=\u00a0\u00bb0&Prime;][\/et_pb_video][et_pb_text _builder_version=\u00a0\u00bb4.25.2&Prime; _module_preset=\u00a0\u00bbdefault\u00a0\u00bb text_font=\u00a0\u00bb|300|||||||\u00a0\u00bb text_text_color=\u00a0\u00bb#6B6B6B\u00a0\u00bb link_text_color=\u00a0\u00bb#6b6b6b\u00a0\u00bb hover_enabled=\u00a0\u00bb0&Prime; global_colors_info=\u00a0\u00bb{}\u00a0\u00bb theme_builder_area=\u00a0\u00bbpost_content\u00a0\u00bb sticky_enabled=\u00a0\u00bb0&Prime;]<\/p>\n<p><span>Veuillez contacter un instructeur certifi\u00e9 HPAC pour plus d&rsquo;informations sur les cours SIV dans votre r\u00e9gion.<\/span><\/p>\n<p>[\/et_pb_text][\/et_pb_column][\/et_pb_row][\/et_pb_section]<\/p>\n","protected":false},"excerpt":{"rendered":"<p>SIV (Simulation d&rsquo;Incidents en Vol)Participer \u00e0 un cours SIV est l&rsquo;occasion de devenir un pilote plus s\u00fbr, plus comp\u00e9tent et plus confiant. Au cours d&rsquo;un stage SIV, vous simulerez certains des \u00e9v\u00e9nements les plus stressants et ind\u00e9sirables susceptibles de se produire en vol libre. Il peut s&rsquo;agir par exemple d&rsquo;une fermeture de parapente due \u00e0 [&hellip;]<\/p>\n","protected":false},"author":4,"featured_media":0,"parent":5825,"menu_order":0,"comment_status":"closed","ping_status":"closed","template":"","meta":{"_acf_changed":false,"_et_pb_use_builder":"on","_et_pb_old_content":"","_et_gb_content_width":"","footnotes":""},"class_list":["post-5515","page","type-page","status-publish","hentry"],"acf":[],"yoast_head":"<!-- This site is optimized with the Yoast SEO plugin v27.4 - https:\/\/yoast.com\/product\/yoast-seo-wordpress\/ -->\n<title>SIV (Simulation d&#039;Incidents en Vol) - HPAC.ca<\/title>\n<meta name=\"robots\" content=\"index, follow, max-snippet:-1, max-image-preview:large, max-video-preview:-1\" \/>\n<link rel=\"canonical\" href=\"https:\/\/2024.hpac.ca\/fr\/securite\/siv-simulation-dincidents-en-vol-2\/\" \/>\n<meta property=\"og:locale\" content=\"fr_FR\" \/>\n<meta property=\"og:type\" content=\"article\" \/>\n<meta property=\"og:title\" content=\"SIV (Simulation d&#039;Incidents en Vol) - HPAC.ca\" \/>\n<meta property=\"og:description\" content=\"SIV (Simulation d&#039;Incidents en Vol)Participer \u00e0 un cours SIV est l&#039;occasion de devenir un pilote plus s\u00fbr, plus comp\u00e9tent et plus confiant. Au cours d&#039;un stage SIV, vous simulerez certains des \u00e9v\u00e9nements les plus stressants et ind\u00e9sirables susceptibles de se produire en vol libre. Il peut s&#039;agir par exemple d&#039;une fermeture de parapente due \u00e0 [&hellip;]\" \/>\n<meta property=\"og:url\" content=\"https:\/\/2024.hpac.ca\/fr\/securite\/siv-simulation-dincidents-en-vol-2\/\" \/>\n<meta property=\"og:site_name\" content=\"HPAC.ca\" \/>\n<meta property=\"article:modified_time\" content=\"2026-03-11T13:35:46+00:00\" \/>\n<meta name=\"twitter:card\" content=\"summary_large_image\" \/>\n<meta name=\"twitter:label1\" content=\"Dur\u00e9e de lecture estim\u00e9e\" \/>\n\t<meta name=\"twitter:data1\" content=\"2 minute\" \/>\n<script type=\"application\/ld+json\" class=\"yoast-schema-graph\">{\"@context\":\"https:\\\/\\\/schema.org\",\"@graph\":[{\"@type\":\"WebPage\",\"@id\":\"https:\\\/\\\/2024.hpac.ca\\\/fr\\\/securite\\\/siv-simulation-dincidents-en-vol-2\\\/\",\"url\":\"https:\\\/\\\/2024.hpac.ca\\\/fr\\\/securite\\\/siv-simulation-dincidents-en-vol-2\\\/\",\"name\":\"SIV (Simulation d'Incidents en Vol) - HPAC.ca\",\"isPartOf\":{\"@id\":\"https:\\\/\\\/2024.hpac.ca\\\/fr\\\/#website\"},\"datePublished\":\"2024-06-26T18:31:53+00:00\",\"dateModified\":\"2026-03-11T13:35:46+00:00\",\"breadcrumb\":{\"@id\":\"https:\\\/\\\/2024.hpac.ca\\\/fr\\\/securite\\\/siv-simulation-dincidents-en-vol-2\\\/#breadcrumb\"},\"inLanguage\":\"fr-FR\",\"potentialAction\":[{\"@type\":\"ReadAction\",\"target\":[\"https:\\\/\\\/2024.hpac.ca\\\/fr\\\/securite\\\/siv-simulation-dincidents-en-vol-2\\\/\"]}]},{\"@type\":\"BreadcrumbList\",\"@id\":\"https:\\\/\\\/2024.hpac.ca\\\/fr\\\/securite\\\/siv-simulation-dincidents-en-vol-2\\\/#breadcrumb\",\"itemListElement\":[{\"@type\":\"ListItem\",\"position\":1,\"name\":\"Home\",\"item\":\"https:\\\/\\\/2024.hpac.ca\\\/fr\\\/\"},{\"@type\":\"ListItem\",\"position\":2,\"name\":\"S\u00e9curit\u00e9\",\"item\":\"https:\\\/\\\/2024.hpac.ca\\\/fr\\\/securite\\\/\"},{\"@type\":\"ListItem\",\"position\":3,\"name\":\"SIV (Simulation d&rsquo;Incidents en Vol)\"}]},{\"@type\":\"WebSite\",\"@id\":\"https:\\\/\\\/2024.hpac.ca\\\/fr\\\/#website\",\"url\":\"https:\\\/\\\/2024.hpac.ca\\\/fr\\\/\",\"name\":\"HPAC.ca\",\"description\":\"Hang Gliding and Paragliding Association\",\"potentialAction\":[{\"@type\":\"SearchAction\",\"target\":{\"@type\":\"EntryPoint\",\"urlTemplate\":\"https:\\\/\\\/2024.hpac.ca\\\/fr\\\/?s={search_term_string}\"},\"query-input\":{\"@type\":\"PropertyValueSpecification\",\"valueRequired\":true,\"valueName\":\"search_term_string\"}}],\"inLanguage\":\"fr-FR\"}]}<\/script>\n<!-- \/ Yoast SEO plugin. -->","yoast_head_json":{"title":"SIV (Simulation d'Incidents en Vol) - HPAC.ca","robots":{"index":"index","follow":"follow","max-snippet":"max-snippet:-1","max-image-preview":"max-image-preview:large","max-video-preview":"max-video-preview:-1"},"canonical":"https:\/\/2024.hpac.ca\/fr\/securite\/siv-simulation-dincidents-en-vol-2\/","og_locale":"fr_FR","og_type":"article","og_title":"SIV (Simulation d'Incidents en Vol) - HPAC.ca","og_description":"SIV (Simulation d'Incidents en Vol)Participer \u00e0 un cours SIV est l'occasion de devenir un pilote plus s\u00fbr, plus comp\u00e9tent et plus confiant. Au cours d'un stage SIV, vous simulerez certains des \u00e9v\u00e9nements les plus stressants et ind\u00e9sirables susceptibles de se produire en vol libre. Il peut s'agir par exemple d'une fermeture de parapente due \u00e0 [&hellip;]","og_url":"https:\/\/2024.hpac.ca\/fr\/securite\/siv-simulation-dincidents-en-vol-2\/","og_site_name":"HPAC.ca","article_modified_time":"2026-03-11T13:35:46+00:00","twitter_card":"summary_large_image","twitter_misc":{"Dur\u00e9e de lecture estim\u00e9e":"2 minute"},"schema":{"@context":"https:\/\/schema.org","@graph":[{"@type":"WebPage","@id":"https:\/\/2024.hpac.ca\/fr\/securite\/siv-simulation-dincidents-en-vol-2\/","url":"https:\/\/2024.hpac.ca\/fr\/securite\/siv-simulation-dincidents-en-vol-2\/","name":"SIV (Simulation d'Incidents en Vol) - HPAC.ca","isPartOf":{"@id":"https:\/\/2024.hpac.ca\/fr\/#website"},"datePublished":"2024-06-26T18:31:53+00:00","dateModified":"2026-03-11T13:35:46+00:00","breadcrumb":{"@id":"https:\/\/2024.hpac.ca\/fr\/securite\/siv-simulation-dincidents-en-vol-2\/#breadcrumb"},"inLanguage":"fr-FR","potentialAction":[{"@type":"ReadAction","target":["https:\/\/2024.hpac.ca\/fr\/securite\/siv-simulation-dincidents-en-vol-2\/"]}]},{"@type":"BreadcrumbList","@id":"https:\/\/2024.hpac.ca\/fr\/securite\/siv-simulation-dincidents-en-vol-2\/#breadcrumb","itemListElement":[{"@type":"ListItem","position":1,"name":"Home","item":"https:\/\/2024.hpac.ca\/fr\/"},{"@type":"ListItem","position":2,"name":"S\u00e9curit\u00e9","item":"https:\/\/2024.hpac.ca\/fr\/securite\/"},{"@type":"ListItem","position":3,"name":"SIV (Simulation d&rsquo;Incidents en Vol)"}]},{"@type":"WebSite","@id":"https:\/\/2024.hpac.ca\/fr\/#website","url":"https:\/\/2024.hpac.ca\/fr\/","name":"HPAC.ca","description":"Hang Gliding and Paragliding Association","potentialAction":[{"@type":"SearchAction","target":{"@type":"EntryPoint","urlTemplate":"https:\/\/2024.hpac.ca\/fr\/?s={search_term_string}"},"query-input":{"@type":"PropertyValueSpecification","valueRequired":true,"valueName":"search_term_string"}}],"inLanguage":"fr-FR"}]}},"_links":{"self":[{"href":"https:\/\/2024.hpac.ca\/fr\/wp-json\/wp\/v2\/pages\/5515","targetHints":{"allow":["GET"]}}],"collection":[{"href":"https:\/\/2024.hpac.ca\/fr\/wp-json\/wp\/v2\/pages"}],"about":[{"href":"https:\/\/2024.hpac.ca\/fr\/wp-json\/wp\/v2\/types\/page"}],"author":[{"embeddable":true,"href":"https:\/\/2024.hpac.ca\/fr\/wp-json\/wp\/v2\/users\/4"}],"replies":[{"embeddable":true,"href":"https:\/\/2024.hpac.ca\/fr\/wp-json\/wp\/v2\/comments?post=5515"}],"version-history":[{"count":1,"href":"https:\/\/2024.hpac.ca\/fr\/wp-json\/wp\/v2\/pages\/5515\/revisions"}],"predecessor-version":[{"id":5519,"href":"https:\/\/2024.hpac.ca\/fr\/wp-json\/wp\/v2\/pages\/5515\/revisions\/5519"}],"up":[{"embeddable":true,"href":"https:\/\/2024.hpac.ca\/fr\/wp-json\/wp\/v2\/pages\/5825"}],"wp:attachment":[{"href":"https:\/\/2024.hpac.ca\/fr\/wp-json\/wp\/v2\/media?parent=5515"}],"curies":[{"name":"wp","href":"https:\/\/api.w.org\/{rel}","templated":true}]}}