{"id":5527,"date":"2024-06-26T18:42:54","date_gmt":"2024-06-26T18:42:54","guid":{"rendered":"https:\/\/2024.hpac.ca\/instructeurs\/programme-de-certification-des-instructeurs-instructeurs-tandem\/"},"modified":"2026-04-17T15:48:37","modified_gmt":"2026-04-17T15:48:37","slug":"programme-de-certification-des-instructeurs-instructeurs-tandem","status":"publish","type":"page","link":"https:\/\/2024.hpac.ca\/fr\/instructeurs\/programme-de-certification-des-instructeurs-instructeurs-tandem\/","title":{"rendered":"Programme de certification des instructeurs\/instructeurs tandem"},"content":{"rendered":"<p>[et_pb_section fb_built=\u00a0\u00bb1&Prime; _builder_version=\u00a0\u00bb4.25.2&Prime; _module_preset=\u00a0\u00bbdefault\u00a0\u00bb global_colors_info=\u00a0\u00bb{}\u00a0\u00bb][et_pb_row _builder_version=\u00a0\u00bb4.25.2&Prime; _module_preset=\u00a0\u00bbdefault\u00a0\u00bb global_colors_info=\u00a0\u00bb{}\u00a0\u00bb][et_pb_column type=\u00a0\u00bb4_4&Prime; _builder_version=\u00a0\u00bb4.25.2&Prime; _module_preset=\u00a0\u00bbdefault\u00a0\u00bb global_colors_info=\u00a0\u00bb{}\u00a0\u00bb][et_pb_text _builder_version=\u00a0\u00bb4.25.2&Prime; _module_preset=\u00a0\u00bbdefault\u00a0\u00bb header_font=\u00a0\u00bb|600|||||||\u00a0\u00bb header_text_color=\u00a0\u00bb#545458&Prime; header_font_size=\u00a0\u00bb36px\u00a0\u00bb custom_margin=\u00a0\u00bb||||false|false\u00a0\u00bb header_font_size_tablet=\u00a0\u00bb36px\u00a0\u00bb header_font_size_phone=\u00a0\u00bb25px\u00a0\u00bb header_font_size_last_edited=\u00a0\u00bbon|phone\u00a0\u00bb global_colors_info=\u00a0\u00bb{}\u00a0\u00bb]<\/p>\n<h1>Programme de certification des instructeurs\/instructeurs tandem<\/h1>\n<p>[\/et_pb_text][et_pb_text _builder_version=\u00a0\u00bb4.25.2&Prime; _module_preset=\u00a0\u00bbdefault\u00a0\u00bb text_font=\u00a0\u00bb|300|||||||\u00a0\u00bb link_font=\u00a0\u00bb||||on||||\u00a0\u00bb link_text_color=\u00a0\u00bb#6B6B6B\u00a0\u00bb global_colors_info=\u00a0\u00bb{}\u00a0\u00bb]<\/p>\n<p><strong>Certification d&rsquo;instructeur :<\/strong><\/p>\n<p>Les conditions \u00e0 remplir pour devenir un instructeur ou un instructeur principal certifi\u00e9 HPAC\/ACVL et les conditions \u00e0 remplir pour conserver la certification figurent dans la <a href=\"https:\/\/2024.hpac.ca\/download\/4681\/?tmstv=1720165962\">SOP 420 Certification des instructeurs<\/a>.<\/p>\n<p><strong>Avenant pour tandem :<\/strong><\/p>\n<p>Les exigences relatives \u00e0 la mention tandem (TI) ou \u00e0 la mention d&rsquo;instructeur tandem (T2) (avec une certification d&rsquo;instructeur ou d&rsquo;instructeur principal en cours) figurent dans la <a href=\"https:\/\/2024.hpac.ca\/download\/4682\/?tmstv=1720166004\">SOP 430 Tandem Endorsement Program (Programme de mention tandem<\/a> ).<\/p>\n<p>Veuillez noter que les instructeurs qui travaillent \u00e0 l&rsquo;obtention de l&rsquo;autorisation de vol en tandem doivent d&rsquo;abord suivre un cours de tandem donn\u00e9 par un instructeur principal (T2), suivi d&rsquo;un certain nombre de vols d&rsquo;entra\u00eenement en tandem avec des pilotes de la HPAC seulement. <strong>Au cours de ces vols d&rsquo;entra\u00eenement en tandem, le pilote tandem doit toujours avoir en sa possession le <a href=\"https:\/\/2024.hpac.ca\/download\/4699\/?tmstv=1720166166\">carnet de formation et d&rsquo;entra\u00eenement en vol pour l&rsquo;annotation tandem T1<\/a><\/strong> et le pr\u00e9senter \u00e0 la demande de tout membre de la HPAC au moment du d\u00e9collage ou de l&rsquo;atterrissage. Ce formulaire doit \u00e9galement \u00eatre soumis par l&rsquo;instructeur principal au bureau lorsqu&rsquo;il recommande l&rsquo;instructeur pour l&rsquo;obtention d&rsquo;une autorisation de vol en tandem. <\/p>\n<p>Veuillez \u00e9galement noter que la mention biplace peut \u00eatre attribu\u00e9e au plus t\u00f4t une ann\u00e9e civile compl\u00e8te apr\u00e8s que le pilote a obtenu la qualification avanc\u00e9e.<\/p>\n<p>[\/et_pb_text][et_pb_text _builder_version=\u00a0\u00bb4.25.2&Prime; _module_preset=\u00a0\u00bbdefault\u00a0\u00bb header_font=\u00a0\u00bb|600|||||||\u00a0\u00bb header_font_size=\u00a0\u00bb36px\u00a0\u00bb header_2_font=\u00a0\u00bb|600|||||||\u00a0\u00bb header_2_text_color=\u00a0\u00bb#666666&Prime; header_2_font_size=\u00a0\u00bb32px\u00a0\u00bb custom_margin=\u00a0\u00bb||10px||false|false\u00a0\u00bb header_font_size_tablet=\u00a0\u00bb36px\u00a0\u00bb header_font_size_phone=\u00a0\u00bb30px\u00a0\u00bb header_font_size_last_edited=\u00a0\u00bbon|phone\u00a0\u00bb header_2_font_size_tablet=\u00a0\u00bb32px\u00a0\u00bb header_2_font_size_phone=\u00a0\u00bb22px\u00a0\u00bb header_2_font_size_last_edited=\u00a0\u00bbon|phone\u00a0\u00bb global_colors_info=\u00a0\u00bb{}\u00a0\u00bb]<\/p>\n<h2>Certification et mention d&rsquo;instructeur tandem temporaire (visite) :<\/h2>\n<p>[\/et_pb_text][et_pb_text _builder_version=\u00a0\u00bb4.25.2&Prime; _module_preset=\u00a0\u00bbdefault\u00a0\u00bb text_font=\u00a0\u00bb|300|||||||\u00a0\u00bb link_font=\u00a0\u00bb||||on||||\u00a0\u00bb link_text_color=\u00a0\u00bb#6B6B6B\u00a0\u00bb global_colors_info=\u00a0\u00bb{}\u00a0\u00bb]<\/p>\n<p>Les instructeurs certifi\u00e9s et les instructeurs tandem d&rsquo;autres pays peuvent exercer temporairement au Canada (maximum 90 jours), sous r\u00e9serve de certaines restrictions et de l&rsquo;approbation d&rsquo;un instructeur principal certifi\u00e9 par la HPAC. Veuillez prendre connaissance de la politique \u00e9nonc\u00e9e dans la <a href=\"https:\/\/2024.hpac.ca\/download\/4684\/?tmstv=1720166227\">SOP 432, Certification et approbation des instructeurs tandem temporaires<\/a>, et contacter le bureau de la HPAC pour entamer le processus. <\/p>\n<p>[\/et_pb_text][et_pb_text _builder_version=\u00a0\u00bb4.25.2&Prime; _module_preset=\u00a0\u00bbdefault\u00a0\u00bb header_font=\u00a0\u00bb|600|||||||\u00a0\u00bb header_font_size=\u00a0\u00bb36px\u00a0\u00bb header_2_font=\u00a0\u00bb|600|||||||\u00a0\u00bb header_2_text_color=\u00a0\u00bb#666666&Prime; header_2_font_size=\u00a0\u00bb32px\u00a0\u00bb custom_margin=\u00a0\u00bb||10px||false|false\u00a0\u00bb header_font_size_tablet=\u00a0\u00bb36px\u00a0\u00bb header_font_size_phone=\u00a0\u00bb30px\u00a0\u00bb header_font_size_last_edited=\u00a0\u00bbon|phone\u00a0\u00bb header_2_font_size_tablet=\u00a0\u00bb32px\u00a0\u00bb header_2_font_size_phone=\u00a0\u00bb22px\u00a0\u00bb header_2_font_size_last_edited=\u00a0\u00bbon|phone\u00a0\u00bb global_colors_info=\u00a0\u00bb{}\u00a0\u00bb]<\/p>\n<h2>Un mot sur les d\u00e9rogations :<\/h2>\n<p>[\/et_pb_text][et_pb_text _builder_version=\u00a0\u00bb4.25.2&Prime; _module_preset=\u00a0\u00bbdefault\u00a0\u00bb text_font=\u00a0\u00bb|300|||||||\u00a0\u00bb link_font=\u00a0\u00bb||||on|||#6B6B6B|\u00a0\u00bb link_text_color=\u00a0\u00bb#6B6B6B\u00a0\u00bb global_colors_info=\u00a0\u00bb{}\u00a0\u00bb]<\/p>\n<p>La renonciation de la HPAC qui est sign\u00e9e par les \u00e9l\u00e8ves et les \u00e9l\u00e8ves en tandem, et recueillie par les instructeurs et les instructeurs en tandem au nom de la HPAC, est la propri\u00e9t\u00e9 de la HPAC. La renonciation approuv\u00e9e par l&rsquo;association, son conseiller juridique et le souscripteur de l&rsquo;assurance doit \u00eatre sign\u00e9e par tous les participants en tant que document ind\u00e9pendant. <\/p>\n<p>Les instructeurs et les pilotes en tandem, ainsi que certains propri\u00e9taires terriens, auront probablement leurs propres d\u00e9rogations qui devront \u00e9galement \u00eatre sign\u00e9es, mais celles-ci s&rsquo;ajoutent \u00e0 la d\u00e9rogation autonome de la HPAC.<\/p>\n<p>Veuillez contacter le Bureau pour toute question.<\/p>\n<p>[\/et_pb_text][et_pb_text _builder_version=\u00a0\u00bb4.25.2&Prime; _module_preset=\u00a0\u00bbdefault\u00a0\u00bb header_font=\u00a0\u00bb|600|||||||\u00a0\u00bb header_font_size=\u00a0\u00bb36px\u00a0\u00bb header_2_font=\u00a0\u00bb|600|||||||\u00a0\u00bb header_2_text_color=\u00a0\u00bb#666666&Prime; header_2_font_size=\u00a0\u00bb32px\u00a0\u00bb custom_margin=\u00a0\u00bb||10px||false|false\u00a0\u00bb header_font_size_tablet=\u00a0\u00bb36px\u00a0\u00bb header_font_size_phone=\u00a0\u00bb30px\u00a0\u00bb header_font_size_last_edited=\u00a0\u00bbon|phone\u00a0\u00bb header_2_font_size_tablet=\u00a0\u00bb32px\u00a0\u00bb header_2_font_size_phone=\u00a0\u00bb22px\u00a0\u00bb header_2_font_size_last_edited=\u00a0\u00bbon|phone\u00a0\u00bb global_colors_info=\u00a0\u00bb{}\u00a0\u00bb]<\/p>\n<h2>Formulaires pour les instructeurs principaux :<\/h2>\n<p>[\/et_pb_text][et_pb_text _builder_version=\u00a0\u00bb4.25.2&Prime; _module_preset=\u00a0\u00bbdefault\u00a0\u00bb text_font=\u00a0\u00bb|300|||||||\u00a0\u00bb link_font=\u00a0\u00bb||||on|||#6B6B6B|\u00a0\u00bb link_text_color=\u00a0\u00bb#6B6B6B\u00a0\u00bb global_colors_info=\u00a0\u00bb{}\u00a0\u00bb]<\/p>\n<ul>\n<li><a href=\"https:\/\/2024.hpac.ca\/download\/4725\/?tmstv=1720166304\">Formulaire de recommandation pour les instructeurs et les tandems<\/a><\/li>\n<li><a href=\"https:\/\/2024.hpac.ca\/download\/4699\/?tmstv=1720166330\">Journal de formation T1<\/a><\/li>\n<\/ul>\n<p>[\/et_pb_text][\/et_pb_column][\/et_pb_row][\/et_pb_section]<\/p>\n","protected":false},"excerpt":{"rendered":"<p>Programme de certification des instructeurs\/instructeurs tandemCertification d&rsquo;instructeur : Les conditions \u00e0 remplir pour devenir un instructeur ou un instructeur principal certifi\u00e9 HPAC\/ACVL et les conditions \u00e0 remplir pour conserver la certification figurent dans la SOP 420 Certification des instructeurs. Avenant pour tandem : Les exigences relatives \u00e0 la mention tandem (TI) ou \u00e0 la mention [&hellip;]<\/p>\n","protected":false},"author":4,"featured_media":0,"parent":5424,"menu_order":0,"comment_status":"closed","ping_status":"closed","template":"","meta":{"_acf_changed":false,"_et_pb_use_builder":"on","_et_pb_old_content":"","_et_gb_content_width":"","footnotes":""},"class_list":["post-5527","page","type-page","status-publish","hentry"],"acf":[],"yoast_head":"<!-- This site is optimized with the Yoast SEO plugin v27.4 - https:\/\/yoast.com\/product\/yoast-seo-wordpress\/ -->\n<title>Programme de certification des instructeurs\/instructeurs tandem - HPAC.ca<\/title>\n<meta name=\"robots\" content=\"index, follow, max-snippet:-1, max-image-preview:large, max-video-preview:-1\" \/>\n<link rel=\"canonical\" href=\"https:\/\/2024.hpac.ca\/fr\/instructeurs\/programme-de-certification-des-instructeurs-instructeurs-tandem\/\" \/>\n<meta property=\"og:locale\" content=\"fr_FR\" \/>\n<meta property=\"og:type\" content=\"article\" \/>\n<meta property=\"og:title\" content=\"Programme de certification des instructeurs\/instructeurs tandem - HPAC.ca\" \/>\n<meta property=\"og:description\" content=\"Programme de certification des instructeurs\/instructeurs tandemCertification d&#039;instructeur : Les conditions \u00e0 remplir pour devenir un instructeur ou un instructeur principal certifi\u00e9 HPAC\/ACVL et les conditions \u00e0 remplir pour conserver la certification figurent dans la SOP 420 Certification des instructeurs. Avenant pour tandem : Les exigences relatives \u00e0 la mention tandem (TI) ou \u00e0 la mention [&hellip;]\" \/>\n<meta property=\"og:url\" content=\"https:\/\/2024.hpac.ca\/fr\/instructeurs\/programme-de-certification-des-instructeurs-instructeurs-tandem\/\" \/>\n<meta property=\"og:site_name\" content=\"HPAC.ca\" \/>\n<meta property=\"article:modified_time\" content=\"2026-04-17T15:48:37+00:00\" \/>\n<meta name=\"twitter:card\" content=\"summary_large_image\" \/>\n<meta name=\"twitter:label1\" content=\"Dur\u00e9e de lecture estim\u00e9e\" \/>\n\t<meta name=\"twitter:data1\" content=\"4 minute\" \/>\n<script type=\"application\/ld+json\" class=\"yoast-schema-graph\">{\"@context\":\"https:\\\/\\\/schema.org\",\"@graph\":[{\"@type\":\"WebPage\",\"@id\":\"https:\\\/\\\/2024.hpac.ca\\\/fr\\\/instructeurs\\\/programme-de-certification-des-instructeurs-instructeurs-tandem\\\/\",\"url\":\"https:\\\/\\\/2024.hpac.ca\\\/fr\\\/instructeurs\\\/programme-de-certification-des-instructeurs-instructeurs-tandem\\\/\",\"name\":\"Programme de certification des instructeurs\\\/instructeurs tandem - HPAC.ca\",\"isPartOf\":{\"@id\":\"https:\\\/\\\/2024.hpac.ca\\\/fr\\\/#website\"},\"datePublished\":\"2024-06-26T18:42:54+00:00\",\"dateModified\":\"2026-04-17T15:48:37+00:00\",\"breadcrumb\":{\"@id\":\"https:\\\/\\\/2024.hpac.ca\\\/fr\\\/instructeurs\\\/programme-de-certification-des-instructeurs-instructeurs-tandem\\\/#breadcrumb\"},\"inLanguage\":\"fr-FR\",\"potentialAction\":[{\"@type\":\"ReadAction\",\"target\":[\"https:\\\/\\\/2024.hpac.ca\\\/fr\\\/instructeurs\\\/programme-de-certification-des-instructeurs-instructeurs-tandem\\\/\"]}]},{\"@type\":\"BreadcrumbList\",\"@id\":\"https:\\\/\\\/2024.hpac.ca\\\/fr\\\/instructeurs\\\/programme-de-certification-des-instructeurs-instructeurs-tandem\\\/#breadcrumb\",\"itemListElement\":[{\"@type\":\"ListItem\",\"position\":1,\"name\":\"Home\",\"item\":\"https:\\\/\\\/2024.hpac.ca\\\/fr\\\/\"},{\"@type\":\"ListItem\",\"position\":2,\"name\":\"instructeurs\",\"item\":\"https:\\\/\\\/2024.hpac.ca\\\/fr\\\/instructeurs\\\/\"},{\"@type\":\"ListItem\",\"position\":3,\"name\":\"Programme de certification des instructeurs\\\/instructeurs tandem\"}]},{\"@type\":\"WebSite\",\"@id\":\"https:\\\/\\\/2024.hpac.ca\\\/fr\\\/#website\",\"url\":\"https:\\\/\\\/2024.hpac.ca\\\/fr\\\/\",\"name\":\"HPAC.ca\",\"description\":\"Hang Gliding and Paragliding Association\",\"potentialAction\":[{\"@type\":\"SearchAction\",\"target\":{\"@type\":\"EntryPoint\",\"urlTemplate\":\"https:\\\/\\\/2024.hpac.ca\\\/fr\\\/?s={search_term_string}\"},\"query-input\":{\"@type\":\"PropertyValueSpecification\",\"valueRequired\":true,\"valueName\":\"search_term_string\"}}],\"inLanguage\":\"fr-FR\"}]}<\/script>\n<!-- \/ Yoast SEO plugin. -->","yoast_head_json":{"title":"Programme de certification des instructeurs\/instructeurs tandem - HPAC.ca","robots":{"index":"index","follow":"follow","max-snippet":"max-snippet:-1","max-image-preview":"max-image-preview:large","max-video-preview":"max-video-preview:-1"},"canonical":"https:\/\/2024.hpac.ca\/fr\/instructeurs\/programme-de-certification-des-instructeurs-instructeurs-tandem\/","og_locale":"fr_FR","og_type":"article","og_title":"Programme de certification des instructeurs\/instructeurs tandem - HPAC.ca","og_description":"Programme de certification des instructeurs\/instructeurs tandemCertification d'instructeur : Les conditions \u00e0 remplir pour devenir un instructeur ou un instructeur principal certifi\u00e9 HPAC\/ACVL et les conditions \u00e0 remplir pour conserver la certification figurent dans la SOP 420 Certification des instructeurs. Avenant pour tandem : Les exigences relatives \u00e0 la mention tandem (TI) ou \u00e0 la mention [&hellip;]","og_url":"https:\/\/2024.hpac.ca\/fr\/instructeurs\/programme-de-certification-des-instructeurs-instructeurs-tandem\/","og_site_name":"HPAC.ca","article_modified_time":"2026-04-17T15:48:37+00:00","twitter_card":"summary_large_image","twitter_misc":{"Dur\u00e9e de lecture estim\u00e9e":"4 minute"},"schema":{"@context":"https:\/\/schema.org","@graph":[{"@type":"WebPage","@id":"https:\/\/2024.hpac.ca\/fr\/instructeurs\/programme-de-certification-des-instructeurs-instructeurs-tandem\/","url":"https:\/\/2024.hpac.ca\/fr\/instructeurs\/programme-de-certification-des-instructeurs-instructeurs-tandem\/","name":"Programme de certification des instructeurs\/instructeurs tandem - HPAC.ca","isPartOf":{"@id":"https:\/\/2024.hpac.ca\/fr\/#website"},"datePublished":"2024-06-26T18:42:54+00:00","dateModified":"2026-04-17T15:48:37+00:00","breadcrumb":{"@id":"https:\/\/2024.hpac.ca\/fr\/instructeurs\/programme-de-certification-des-instructeurs-instructeurs-tandem\/#breadcrumb"},"inLanguage":"fr-FR","potentialAction":[{"@type":"ReadAction","target":["https:\/\/2024.hpac.ca\/fr\/instructeurs\/programme-de-certification-des-instructeurs-instructeurs-tandem\/"]}]},{"@type":"BreadcrumbList","@id":"https:\/\/2024.hpac.ca\/fr\/instructeurs\/programme-de-certification-des-instructeurs-instructeurs-tandem\/#breadcrumb","itemListElement":[{"@type":"ListItem","position":1,"name":"Home","item":"https:\/\/2024.hpac.ca\/fr\/"},{"@type":"ListItem","position":2,"name":"instructeurs","item":"https:\/\/2024.hpac.ca\/fr\/instructeurs\/"},{"@type":"ListItem","position":3,"name":"Programme de certification des instructeurs\/instructeurs tandem"}]},{"@type":"WebSite","@id":"https:\/\/2024.hpac.ca\/fr\/#website","url":"https:\/\/2024.hpac.ca\/fr\/","name":"HPAC.ca","description":"Hang Gliding and Paragliding Association","potentialAction":[{"@type":"SearchAction","target":{"@type":"EntryPoint","urlTemplate":"https:\/\/2024.hpac.ca\/fr\/?s={search_term_string}"},"query-input":{"@type":"PropertyValueSpecification","valueRequired":true,"valueName":"search_term_string"}}],"inLanguage":"fr-FR"}]}},"_links":{"self":[{"href":"https:\/\/2024.hpac.ca\/fr\/wp-json\/wp\/v2\/pages\/5527","targetHints":{"allow":["GET"]}}],"collection":[{"href":"https:\/\/2024.hpac.ca\/fr\/wp-json\/wp\/v2\/pages"}],"about":[{"href":"https:\/\/2024.hpac.ca\/fr\/wp-json\/wp\/v2\/types\/page"}],"author":[{"embeddable":true,"href":"https:\/\/2024.hpac.ca\/fr\/wp-json\/wp\/v2\/users\/4"}],"replies":[{"embeddable":true,"href":"https:\/\/2024.hpac.ca\/fr\/wp-json\/wp\/v2\/comments?post=5527"}],"version-history":[{"count":7,"href":"https:\/\/2024.hpac.ca\/fr\/wp-json\/wp\/v2\/pages\/5527\/revisions"}],"predecessor-version":[{"id":6510,"href":"https:\/\/2024.hpac.ca\/fr\/wp-json\/wp\/v2\/pages\/5527\/revisions\/6510"}],"up":[{"embeddable":true,"href":"https:\/\/2024.hpac.ca\/fr\/wp-json\/wp\/v2\/pages\/5424"}],"wp:attachment":[{"href":"https:\/\/2024.hpac.ca\/fr\/wp-json\/wp\/v2\/media?parent=5527"}],"curies":[{"name":"wp","href":"https:\/\/api.w.org\/{rel}","templated":true}]}}