{"id":5534,"date":"2024-06-26T18:29:07","date_gmt":"2024-06-26T18:29:07","guid":{"rendered":"https:\/\/2024.hpac.ca\/rejoindre-hpac-pour-la-premiere-fois\/"},"modified":"2026-03-11T13:32:25","modified_gmt":"2026-03-11T13:32:25","slug":"rejoindre-hpac-pour-la-premiere-fois","status":"publish","type":"page","link":"https:\/\/2024.hpac.ca\/fr\/rejoindre-hpac-pour-la-premiere-fois\/","title":{"rendered":"Rejoindre HPAC pour la premi\u00e8re fois"},"content":{"rendered":"<p>[et_pb_section fb_built=\u00a0\u00bb1&Prime; _builder_version=\u00a0\u00bb4.25.2&Prime; _module_preset=\u00a0\u00bbdefault\u00a0\u00bb global_colors_info=\u00a0\u00bb{}\u00a0\u00bb][et_pb_row _builder_version=\u00a0\u00bb4.25.2&Prime; _module_preset=\u00a0\u00bbdefault\u00a0\u00bb global_colors_info=\u00a0\u00bb{}\u00a0\u00bb][et_pb_column type=\u00a0\u00bb4_4&Prime; _builder_version=\u00a0\u00bb4.25.2&Prime; _module_preset=\u00a0\u00bbdefault\u00a0\u00bb global_colors_info=\u00a0\u00bb{}\u00a0\u00bb][et_pb_text _builder_version=\u00a0\u00bb4.25.2&Prime; _module_preset=\u00a0\u00bbdefault\u00a0\u00bb header_font=\u00a0\u00bb|600|||||||\u00a0\u00bb header_text_color=\u00a0\u00bb#545458&Prime; header_font_size=\u00a0\u00bb36px\u00a0\u00bb custom_margin=\u00a0\u00bb||8px||false|false\u00a0\u00bb header_font_size_tablet=\u00a0\u00bb36px\u00a0\u00bb header_font_size_phone=\u00a0\u00bb25px\u00a0\u00bb header_font_size_last_edited=\u00a0\u00bbon|phone\u00a0\u00bb global_colors_info=\u00a0\u00bb{}\u00a0\u00bb]<\/p>\n<h1>Rejoindre HPAC pour la premi\u00e8re fois<\/h1>\n<p>[\/et_pb_text][et_pb_text _builder_version=\u00a0\u00bb4.25.2&Prime; _module_preset=\u00a0\u00bbdefault\u00a0\u00bb text_font=\u00a0\u00bb|300|||||||\u00a0\u00bb text_text_color=\u00a0\u00bb#6B6B6B\u00a0\u00bb link_text_color=\u00a0\u00bb#6b6b6b\u00a0\u00bb global_colors_info=\u00a0\u00bb{}\u00a0\u00bb]<\/p>\n<p>Bienvenue dans le magnifique sport du deltaplane, du parapente et du speedflying au Canada.<\/p>\n<p>Pour les personnes souhaitant pratiquer ce sport au Canada, veuillez prendre contact avec un instructeur ou une \u00e9cole. <a href=\"https:\/\/2024.hpac.ca\/fr\/les-ecoles\/\"><span style=\"text-decoration: underline;\">instructeur ou une \u00e9cole<\/span><\/a> de votre r\u00e9gion. On vous proposera un cours d&rsquo;instruction en vue de l&rsquo;obtention d&rsquo;une qualification conform\u00e9ment aux <a href=\"https:\/\/2024.hpac.ca\/download\/4680\/?tmstv=1720157370\"><span style=\"text-decoration: underline;\">SOP 410 Qualifications des pilotes<\/span><\/a>. <\/p>\n<p>Pour pouvoir vous inscrire en tant que membre, vous aurez besoin d&rsquo;un instructeur certifi\u00e9 par l&rsquo;HPAC pour envoyer votre formulaire d&rsquo;inscription\/de notation.<a href=\"https:\/\/pq3ivecn4rb.typeform.com\/to\/CS6gUPem?typeform-source=www.hpac.ca\"><strong><span style=\"text-decoration: underline;\"><\/span><\/strong><\/a><\/p>\n<p>Si vous \u00eates un pilote qualifi\u00e9 qui arrive au Canada en provenance d&rsquo;un autre pays, veuillez prendre contact avec un instructeur certifi\u00e9 par l&rsquo;HPAC dans votre r\u00e9gion de r\u00e9sidence et pr\u00e9sentez vos qualifications \u00e9trang\u00e8res, vos carnets de vol, etc. Il discutera avec vous des \u00e9tapes \u00e0 suivre pour obtenir votre qualification canadienne.   <\/p>\n<p>Veuillez prendre connaissance de la politique concernant l&rsquo;adh\u00e9sion \u00e0 la HPAC ici : <a href=\"https:\/\/2024.hpac.ca\/download\/4671\/?tmstv=1720157419\"><span style=\"text-decoration: underline;\">SOP 220 Adh\u00e9sion<\/span><\/a><\/p>\n<p>[\/et_pb_text][\/et_pb_column][\/et_pb_row][\/et_pb_section]<\/p>\n","protected":false},"excerpt":{"rendered":"<p>Rejoindre HPAC pour la premi\u00e8re foisBienvenue dans le magnifique sport du deltaplane, du parapente et du speedflying au Canada. Pour les personnes souhaitant pratiquer ce sport au Canada, veuillez prendre contact avec un instructeur ou une \u00e9cole. instructeur ou une \u00e9cole de votre r\u00e9gion. On vous proposera un cours d&rsquo;instruction en vue de l&rsquo;obtention d&rsquo;une [&hellip;]<\/p>\n","protected":false},"author":4,"featured_media":0,"parent":0,"menu_order":0,"comment_status":"closed","ping_status":"closed","template":"","meta":{"_acf_changed":false,"_et_pb_use_builder":"on","_et_pb_old_content":"","_et_gb_content_width":"","footnotes":""},"class_list":["post-5534","page","type-page","status-publish","hentry"],"acf":[],"yoast_head":"<!-- This site is optimized with the Yoast SEO plugin v27.4 - https:\/\/yoast.com\/product\/yoast-seo-wordpress\/ -->\n<title>Rejoindre HPAC pour la premi\u00e8re fois - HPAC.ca<\/title>\n<meta name=\"robots\" content=\"index, follow, max-snippet:-1, max-image-preview:large, max-video-preview:-1\" \/>\n<link rel=\"canonical\" href=\"https:\/\/2024.hpac.ca\/fr\/rejoindre-hpac-pour-la-premiere-fois\/\" \/>\n<meta property=\"og:locale\" content=\"fr_FR\" \/>\n<meta property=\"og:type\" content=\"article\" \/>\n<meta property=\"og:title\" content=\"Rejoindre HPAC pour la premi\u00e8re fois - HPAC.ca\" \/>\n<meta property=\"og:description\" content=\"Rejoindre HPAC pour la premi\u00e8re foisBienvenue dans le magnifique sport du deltaplane, du parapente et du speedflying au Canada. Pour les personnes souhaitant pratiquer ce sport au Canada, veuillez prendre contact avec un instructeur ou une \u00e9cole. instructeur ou une \u00e9cole de votre r\u00e9gion. On vous proposera un cours d&#039;instruction en vue de l&#039;obtention d&#039;une [&hellip;]\" \/>\n<meta property=\"og:url\" content=\"https:\/\/2024.hpac.ca\/fr\/rejoindre-hpac-pour-la-premiere-fois\/\" \/>\n<meta property=\"og:site_name\" content=\"HPAC.ca\" \/>\n<meta property=\"article:modified_time\" content=\"2026-03-11T13:32:25+00:00\" \/>\n<meta name=\"twitter:card\" content=\"summary_large_image\" \/>\n<meta name=\"twitter:label1\" content=\"Dur\u00e9e de lecture estim\u00e9e\" \/>\n\t<meta name=\"twitter:data1\" content=\"1 minute\" \/>\n<script type=\"application\/ld+json\" class=\"yoast-schema-graph\">{\"@context\":\"https:\\\/\\\/schema.org\",\"@graph\":[{\"@type\":\"WebPage\",\"@id\":\"https:\\\/\\\/2024.hpac.ca\\\/fr\\\/rejoindre-hpac-pour-la-premiere-fois\\\/\",\"url\":\"https:\\\/\\\/2024.hpac.ca\\\/fr\\\/rejoindre-hpac-pour-la-premiere-fois\\\/\",\"name\":\"Rejoindre HPAC pour la premi\u00e8re fois - HPAC.ca\",\"isPartOf\":{\"@id\":\"https:\\\/\\\/2024.hpac.ca\\\/fr\\\/#website\"},\"datePublished\":\"2024-06-26T18:29:07+00:00\",\"dateModified\":\"2026-03-11T13:32:25+00:00\",\"breadcrumb\":{\"@id\":\"https:\\\/\\\/2024.hpac.ca\\\/fr\\\/rejoindre-hpac-pour-la-premiere-fois\\\/#breadcrumb\"},\"inLanguage\":\"fr-FR\",\"potentialAction\":[{\"@type\":\"ReadAction\",\"target\":[\"https:\\\/\\\/2024.hpac.ca\\\/fr\\\/rejoindre-hpac-pour-la-premiere-fois\\\/\"]}]},{\"@type\":\"BreadcrumbList\",\"@id\":\"https:\\\/\\\/2024.hpac.ca\\\/fr\\\/rejoindre-hpac-pour-la-premiere-fois\\\/#breadcrumb\",\"itemListElement\":[{\"@type\":\"ListItem\",\"position\":1,\"name\":\"Home\",\"item\":\"https:\\\/\\\/2024.hpac.ca\\\/fr\\\/\"},{\"@type\":\"ListItem\",\"position\":2,\"name\":\"Rejoindre HPAC pour la premi\u00e8re fois\"}]},{\"@type\":\"WebSite\",\"@id\":\"https:\\\/\\\/2024.hpac.ca\\\/fr\\\/#website\",\"url\":\"https:\\\/\\\/2024.hpac.ca\\\/fr\\\/\",\"name\":\"HPAC.ca\",\"description\":\"Hang Gliding and Paragliding Association\",\"potentialAction\":[{\"@type\":\"SearchAction\",\"target\":{\"@type\":\"EntryPoint\",\"urlTemplate\":\"https:\\\/\\\/2024.hpac.ca\\\/fr\\\/?s={search_term_string}\"},\"query-input\":{\"@type\":\"PropertyValueSpecification\",\"valueRequired\":true,\"valueName\":\"search_term_string\"}}],\"inLanguage\":\"fr-FR\"}]}<\/script>\n<!-- \/ Yoast SEO plugin. -->","yoast_head_json":{"title":"Rejoindre HPAC pour la premi\u00e8re fois - HPAC.ca","robots":{"index":"index","follow":"follow","max-snippet":"max-snippet:-1","max-image-preview":"max-image-preview:large","max-video-preview":"max-video-preview:-1"},"canonical":"https:\/\/2024.hpac.ca\/fr\/rejoindre-hpac-pour-la-premiere-fois\/","og_locale":"fr_FR","og_type":"article","og_title":"Rejoindre HPAC pour la premi\u00e8re fois - HPAC.ca","og_description":"Rejoindre HPAC pour la premi\u00e8re foisBienvenue dans le magnifique sport du deltaplane, du parapente et du speedflying au Canada. Pour les personnes souhaitant pratiquer ce sport au Canada, veuillez prendre contact avec un instructeur ou une \u00e9cole. instructeur ou une \u00e9cole de votre r\u00e9gion. On vous proposera un cours d'instruction en vue de l'obtention d'une [&hellip;]","og_url":"https:\/\/2024.hpac.ca\/fr\/rejoindre-hpac-pour-la-premiere-fois\/","og_site_name":"HPAC.ca","article_modified_time":"2026-03-11T13:32:25+00:00","twitter_card":"summary_large_image","twitter_misc":{"Dur\u00e9e de lecture estim\u00e9e":"1 minute"},"schema":{"@context":"https:\/\/schema.org","@graph":[{"@type":"WebPage","@id":"https:\/\/2024.hpac.ca\/fr\/rejoindre-hpac-pour-la-premiere-fois\/","url":"https:\/\/2024.hpac.ca\/fr\/rejoindre-hpac-pour-la-premiere-fois\/","name":"Rejoindre HPAC pour la premi\u00e8re fois - HPAC.ca","isPartOf":{"@id":"https:\/\/2024.hpac.ca\/fr\/#website"},"datePublished":"2024-06-26T18:29:07+00:00","dateModified":"2026-03-11T13:32:25+00:00","breadcrumb":{"@id":"https:\/\/2024.hpac.ca\/fr\/rejoindre-hpac-pour-la-premiere-fois\/#breadcrumb"},"inLanguage":"fr-FR","potentialAction":[{"@type":"ReadAction","target":["https:\/\/2024.hpac.ca\/fr\/rejoindre-hpac-pour-la-premiere-fois\/"]}]},{"@type":"BreadcrumbList","@id":"https:\/\/2024.hpac.ca\/fr\/rejoindre-hpac-pour-la-premiere-fois\/#breadcrumb","itemListElement":[{"@type":"ListItem","position":1,"name":"Home","item":"https:\/\/2024.hpac.ca\/fr\/"},{"@type":"ListItem","position":2,"name":"Rejoindre HPAC pour la premi\u00e8re fois"}]},{"@type":"WebSite","@id":"https:\/\/2024.hpac.ca\/fr\/#website","url":"https:\/\/2024.hpac.ca\/fr\/","name":"HPAC.ca","description":"Hang Gliding and Paragliding Association","potentialAction":[{"@type":"SearchAction","target":{"@type":"EntryPoint","urlTemplate":"https:\/\/2024.hpac.ca\/fr\/?s={search_term_string}"},"query-input":{"@type":"PropertyValueSpecification","valueRequired":true,"valueName":"search_term_string"}}],"inLanguage":"fr-FR"}]}},"_links":{"self":[{"href":"https:\/\/2024.hpac.ca\/fr\/wp-json\/wp\/v2\/pages\/5534","targetHints":{"allow":["GET"]}}],"collection":[{"href":"https:\/\/2024.hpac.ca\/fr\/wp-json\/wp\/v2\/pages"}],"about":[{"href":"https:\/\/2024.hpac.ca\/fr\/wp-json\/wp\/v2\/types\/page"}],"author":[{"embeddable":true,"href":"https:\/\/2024.hpac.ca\/fr\/wp-json\/wp\/v2\/users\/4"}],"replies":[{"embeddable":true,"href":"https:\/\/2024.hpac.ca\/fr\/wp-json\/wp\/v2\/comments?post=5534"}],"version-history":[{"count":8,"href":"https:\/\/2024.hpac.ca\/fr\/wp-json\/wp\/v2\/pages\/5534\/revisions"}],"predecessor-version":[{"id":5559,"href":"https:\/\/2024.hpac.ca\/fr\/wp-json\/wp\/v2\/pages\/5534\/revisions\/5559"}],"wp:attachment":[{"href":"https:\/\/2024.hpac.ca\/fr\/wp-json\/wp\/v2\/media?parent=5534"}],"curies":[{"name":"wp","href":"https:\/\/api.w.org\/{rel}","templated":true}]}}