{"id":5535,"date":"2024-06-26T18:32:39","date_gmt":"2024-06-26T18:32:39","guid":{"rendered":"https:\/\/2024.hpac.ca\/ressources-en-matiere-de-securite\/"},"modified":"2026-04-21T20:29:54","modified_gmt":"2026-04-21T20:29:54","slug":"ressources-en-matiere-de-securite","status":"publish","type":"page","link":"https:\/\/2024.hpac.ca\/fr\/securite\/ressources-en-matiere-de-securite\/","title":{"rendered":"Ressources en mati\u00e8re de s\u00e9curit\u00e9"},"content":{"rendered":"<p>[et_pb_section fb_built=\u00a0\u00bb1&Prime; _builder_version=\u00a0\u00bb4.25.2&Prime; _module_preset=\u00a0\u00bbdefault\u00a0\u00bb global_colors_info=\u00a0\u00bb{}\u00a0\u00bb][et_pb_row _builder_version=\u00a0\u00bb4.25.2&Prime; _module_preset=\u00a0\u00bbdefault\u00a0\u00bb global_colors_info=\u00a0\u00bb{}\u00a0\u00bb][et_pb_column type=\u00a0\u00bb4_4&Prime; _builder_version=\u00a0\u00bb4.25.2&Prime; _module_preset=\u00a0\u00bbdefault\u00a0\u00bb global_colors_info=\u00a0\u00bb{}\u00a0\u00bb][et_pb_text _builder_version=\u00a0\u00bb4.25.2&Prime; _module_preset=\u00a0\u00bbdefault\u00a0\u00bb header_font=\u00a0\u00bb|600|||||||\u00a0\u00bb header_text_color=\u00a0\u00bb#545458&Prime; header_font_size=\u00a0\u00bb36px\u00a0\u00bb custom_margin=\u00a0\u00bb||||false|false\u00a0\u00bb header_font_size_tablet=\u00a0\u00bb36px\u00a0\u00bb header_font_size_phone=\u00a0\u00bb25px\u00a0\u00bb header_font_size_last_edited=\u00a0\u00bbon|phone\u00a0\u00bb global_colors_info=\u00a0\u00bb{}\u00a0\u00bb]<\/p>\n<h1>Ressources en mati\u00e8re de s\u00e9curit\u00e9<\/h1>\n<p>[\/et_pb_text][et_pb_text _builder_version=\u00a0\u00bb4.27.6&Prime; _module_preset=\u00a0\u00bbdefault\u00a0\u00bb text_font=\u00a0\u00bb|300|||||||\u00a0\u00bb link_font=\u00a0\u00bb||||on||||\u00a0\u00bb link_text_color=\u00a0\u00bb#6B6B6B\u00a0\u00bb global_colors_info=\u00a0\u00bb{}\u00a0\u00bb]<\/p>\n<p><a href=\"https:\/\/2024.hpac.ca\/download\/4708\/?tmstv=1720158719\" target=\"_blank\" rel=\"noopener\"><strong><span style=\"text-decoration: underline;\">Guide des bonnes pratiques<\/span><\/strong><\/a><\/p>\n<p>[\/et_pb_text][et_pb_text _builder_version=\u00a0\u00bb4.27.6&Prime; _module_preset=\u00a0\u00bbdefault\u00a0\u00bb text_font=\u00a0\u00bb|300|||||||\u00a0\u00bb link_font=\u00a0\u00bb||||on||||\u00a0\u00bb link_text_color=\u00a0\u00bb#6B6B6B\u00a0\u00bb global_colors_info=\u00a0\u00bb{}\u00a0\u00bb]<\/p>\n<p><a href=\"https:\/\/www.outdoorgearlab.com\/topics\/camping-and-hiking\/best-personal-locator-beacon\" target=\"_blank\" rel=\"noopener\"><span style=\"text-decoration: underline;\"><strong>Suivi par satellite<\/strong><\/span><\/a><br \/>Ces derni\u00e8res ann\u00e9es, un \u00e9quipement a consid\u00e9rablement augment\u00e9 la s\u00e9curit\u00e9 des vols de cross-country : le traceur satellite. Ce dispositif permet de signaler sa position et de communiquer par texte et\/ou par courrier \u00e9lectronique lorsque l&rsquo;on se trouve hors de port\u00e9e des t\u00e9l\u00e9phones cellulaires. <\/p>\n<p>[\/et_pb_text][et_pb_text _builder_version=\u00a0\u00bb4.27.6&Prime; _module_preset=\u00a0\u00bbdefault\u00a0\u00bb text_font=\u00a0\u00bb|300|||||||\u00a0\u00bb link_font=\u00a0\u00bb||||on||||\u00a0\u00bb link_text_color=\u00a0\u00bb#6B6B6B\u00a0\u00bb global_colors_info=\u00a0\u00bb{}\u00a0\u00bb]<\/p>\n<p><a href=\"https:\/\/www.fai.org\/page\/safety-handbook\" target=\"_blank\" rel=\"noopener\"><span style=\"text-decoration: underline;\"><strong>Manuel de s\u00e9curit\u00e9 CIVL<\/strong><\/span><\/a><br \/>Une source tr\u00e8s compl\u00e8te sur la s\u00e9curit\u00e9 en vol libre de la FAI (F\u00e9d\u00e9ration Internationale de l&rsquo;Aviation).<\/p>\n<p>[\/et_pb_text][et_pb_text _builder_version=\u00a0\u00bb4.27.6&Prime; _module_preset=\u00a0\u00bbdefault\u00a0\u00bb text_font=\u00a0\u00bb|300|||||||\u00a0\u00bb link_font=\u00a0\u00bb||||on||||\u00a0\u00bb link_text_color=\u00a0\u00bb#6B6B6B\u00a0\u00bb global_colors_info=\u00a0\u00bb{}\u00a0\u00bb]<\/p>\n<p><a href=\"https:\/\/www.bhpa.co.uk\/safety\/\" target=\"_blank\" rel=\"noopener\"><span style=\"text-decoration: underline;\"><strong>Page s\u00e9curit\u00e9 de la BHPA<\/strong><\/span><\/a><br \/>La page s\u00e9curit\u00e9 de la British Hang Gliding and Paragliding Association (BHPA)<\/p>\n<p>[\/et_pb_text][et_pb_text _builder_version=\u00a0\u00bb4.27.6&Prime; _module_preset=\u00a0\u00bbdefault\u00a0\u00bb text_font=\u00a0\u00bb|300|||||||\u00a0\u00bb link_font=\u00a0\u00bb||||on||||\u00a0\u00bb link_text_color=\u00a0\u00bb#6B6B6B\u00a0\u00bb link_option_url_new_window=\u00a0\u00bbon\u00a0\u00bb global_colors_info=\u00a0\u00bb{}\u00a0\u00bb]<\/p>\n<p><a href=\"https:\/\/federation.ffvl.fr\/pages\/securite-et-technique\" target=\"_blank\" rel=\"noopener\"><span style=\"text-decoration: underline;\"><strong>Page s\u00e9curit\u00e9 de la FFVL<\/strong><\/span><\/a><br \/>La page s\u00e9curit\u00e9 de la F\u00e9d\u00e9ration Fran\u00e7aise de Vol Libre <a href=\"https:\/\/federation.ffvl.fr\/pages\/securite-et-technique\">http:\/\/federation.ffvl.fr\/pages\/securite-et-technique<\/a> et <a href=\"http:\/\/www.efvl.fr\/sites\/efvl.fr\/files\/2014_Livret_FFVL_9BD.pdf\">http:\/\/www.efvl.fr\/sites\/efvl.fr\/files\/2014_Livret_FFVL_9BD.pdf<\/a><\/p>\n<p>[\/et_pb_text][et_pb_text _builder_version=\u00a0\u00bb4.27.6&Prime; _module_preset=\u00a0\u00bbdefault\u00a0\u00bb text_font=\u00a0\u00bb|300|||||||\u00a0\u00bb link_font=\u00a0\u00bb||||on||||\u00a0\u00bb link_text_color=\u00a0\u00bb#6B6B6B\u00a0\u00bb link_option_url_new_window=\u00a0\u00bbon\u00a0\u00bb global_colors_info=\u00a0\u00bb{}\u00a0\u00bb]<\/p>\n<p><a href=\"https:\/\/www.paraglidingforum.com\/\" target=\"_blank\" rel=\"noopener\"><span style=\"text-decoration: underline;\"><strong>Paraglidingforum.com<\/strong><\/span><\/a><\/p>\n<p>Consultez le forum sur la s\u00e9curit\u00e9 pour obtenir des conseils et des rapports<\/p>\n<p>[\/et_pb_text][et_pb_text _builder_version=\u00a0\u00bb4.27.6&Prime; _module_preset=\u00a0\u00bbdefault\u00a0\u00bb text_font=\u00a0\u00bb|300|||||||\u00a0\u00bb link_font=\u00a0\u00bb||||on||||\u00a0\u00bb link_text_color=\u00a0\u00bb#6B6B6B\u00a0\u00bb link_option_url_new_window=\u00a0\u00bbon\u00a0\u00bb global_colors_info=\u00a0\u00bb{}\u00a0\u00bb]<\/p>\n<p><strong>Ozreport.com<\/strong><br \/>Pour Deltaplane<\/p>\n<p>[\/et_pb_text][et_pb_text _builder_version=\u00a0\u00bb4.27.6&Prime; _module_preset=\u00a0\u00bbdefault\u00a0\u00bb text_font=\u00a0\u00bb|300|||||||\u00a0\u00bb link_font=\u00a0\u00bb||||on||||\u00a0\u00bb link_text_color=\u00a0\u00bb#6B6B6B\u00a0\u00bb link_option_url_new_window=\u00a0\u00bbon\u00a0\u00bb global_colors_info=\u00a0\u00bb{}\u00a0\u00bb]<\/p>\n<p><strong><a href=\"https:\/\/www.scoop.it\/topic\/securite-en-vol-libre\" target=\"_blank\" rel=\"noopener\">S\u00e9curit\u00e9 et vol libre<\/a><\/strong><\/p>\n<p>[\/et_pb_text][\/et_pb_column][\/et_pb_row][\/et_pb_section]<\/p>\n","protected":false},"excerpt":{"rendered":"<p>Ressources en mati\u00e8re de s\u00e9curit\u00e9Guide des bonnes pratiquesSuivi par satelliteCes derni\u00e8res ann\u00e9es, un \u00e9quipement a consid\u00e9rablement augment\u00e9 la s\u00e9curit\u00e9 des vols de cross-country : le traceur satellite. Ce dispositif permet de signaler sa position et de communiquer par texte et\/ou par courrier \u00e9lectronique lorsque l&rsquo;on se trouve hors de port\u00e9e des t\u00e9l\u00e9phones cellulaires. Manuel de [&hellip;]<\/p>\n","protected":false},"author":4,"featured_media":0,"parent":5825,"menu_order":0,"comment_status":"closed","ping_status":"closed","template":"","meta":{"_acf_changed":false,"_et_pb_use_builder":"on","_et_pb_old_content":"","_et_gb_content_width":"","footnotes":""},"class_list":["post-5535","page","type-page","status-publish","hentry"],"acf":[],"yoast_head":"<!-- This site is optimized with the Yoast SEO plugin v27.4 - https:\/\/yoast.com\/product\/yoast-seo-wordpress\/ -->\n<title>Ressources en mati\u00e8re de s\u00e9curit\u00e9 - HPAC.ca<\/title>\n<meta name=\"robots\" content=\"index, follow, max-snippet:-1, max-image-preview:large, max-video-preview:-1\" \/>\n<link rel=\"canonical\" href=\"https:\/\/2024.hpac.ca\/fr\/securite\/ressources-en-matiere-de-securite\/\" \/>\n<meta property=\"og:locale\" content=\"fr_FR\" \/>\n<meta property=\"og:type\" content=\"article\" \/>\n<meta property=\"og:title\" content=\"Ressources en mati\u00e8re de s\u00e9curit\u00e9 - HPAC.ca\" \/>\n<meta property=\"og:description\" content=\"Ressources en mati\u00e8re de s\u00e9curit\u00e9Guide des bonnes pratiquesSuivi par satelliteCes derni\u00e8res ann\u00e9es, un \u00e9quipement a consid\u00e9rablement augment\u00e9 la s\u00e9curit\u00e9 des vols de cross-country : le traceur satellite. Ce dispositif permet de signaler sa position et de communiquer par texte et\/ou par courrier \u00e9lectronique lorsque l&#039;on se trouve hors de port\u00e9e des t\u00e9l\u00e9phones cellulaires. Manuel de [&hellip;]\" \/>\n<meta property=\"og:url\" content=\"https:\/\/2024.hpac.ca\/fr\/securite\/ressources-en-matiere-de-securite\/\" \/>\n<meta property=\"og:site_name\" content=\"HPAC.ca\" \/>\n<meta property=\"article:modified_time\" content=\"2026-04-21T20:29:54+00:00\" \/>\n<meta name=\"twitter:card\" content=\"summary_large_image\" \/>\n<meta name=\"twitter:label1\" content=\"Dur\u00e9e de lecture estim\u00e9e\" \/>\n\t<meta name=\"twitter:data1\" content=\"2 minute\" \/>\n<script type=\"application\/ld+json\" class=\"yoast-schema-graph\">{\"@context\":\"https:\\\/\\\/schema.org\",\"@graph\":[{\"@type\":\"WebPage\",\"@id\":\"https:\\\/\\\/2024.hpac.ca\\\/fr\\\/securite\\\/ressources-en-matiere-de-securite\\\/\",\"url\":\"https:\\\/\\\/2024.hpac.ca\\\/fr\\\/securite\\\/ressources-en-matiere-de-securite\\\/\",\"name\":\"Ressources en mati\u00e8re de s\u00e9curit\u00e9 - HPAC.ca\",\"isPartOf\":{\"@id\":\"https:\\\/\\\/2024.hpac.ca\\\/fr\\\/#website\"},\"datePublished\":\"2024-06-26T18:32:39+00:00\",\"dateModified\":\"2026-04-21T20:29:54+00:00\",\"breadcrumb\":{\"@id\":\"https:\\\/\\\/2024.hpac.ca\\\/fr\\\/securite\\\/ressources-en-matiere-de-securite\\\/#breadcrumb\"},\"inLanguage\":\"fr-FR\",\"potentialAction\":[{\"@type\":\"ReadAction\",\"target\":[\"https:\\\/\\\/2024.hpac.ca\\\/fr\\\/securite\\\/ressources-en-matiere-de-securite\\\/\"]}]},{\"@type\":\"BreadcrumbList\",\"@id\":\"https:\\\/\\\/2024.hpac.ca\\\/fr\\\/securite\\\/ressources-en-matiere-de-securite\\\/#breadcrumb\",\"itemListElement\":[{\"@type\":\"ListItem\",\"position\":1,\"name\":\"Home\",\"item\":\"https:\\\/\\\/2024.hpac.ca\\\/fr\\\/\"},{\"@type\":\"ListItem\",\"position\":2,\"name\":\"S\u00e9curit\u00e9\",\"item\":\"https:\\\/\\\/2024.hpac.ca\\\/fr\\\/securite\\\/\"},{\"@type\":\"ListItem\",\"position\":3,\"name\":\"Ressources en mati\u00e8re de s\u00e9curit\u00e9\"}]},{\"@type\":\"WebSite\",\"@id\":\"https:\\\/\\\/2024.hpac.ca\\\/fr\\\/#website\",\"url\":\"https:\\\/\\\/2024.hpac.ca\\\/fr\\\/\",\"name\":\"HPAC.ca\",\"description\":\"Hang Gliding and Paragliding Association\",\"potentialAction\":[{\"@type\":\"SearchAction\",\"target\":{\"@type\":\"EntryPoint\",\"urlTemplate\":\"https:\\\/\\\/2024.hpac.ca\\\/fr\\\/?s={search_term_string}\"},\"query-input\":{\"@type\":\"PropertyValueSpecification\",\"valueRequired\":true,\"valueName\":\"search_term_string\"}}],\"inLanguage\":\"fr-FR\"}]}<\/script>\n<!-- \/ Yoast SEO plugin. -->","yoast_head_json":{"title":"Ressources en mati\u00e8re de s\u00e9curit\u00e9 - HPAC.ca","robots":{"index":"index","follow":"follow","max-snippet":"max-snippet:-1","max-image-preview":"max-image-preview:large","max-video-preview":"max-video-preview:-1"},"canonical":"https:\/\/2024.hpac.ca\/fr\/securite\/ressources-en-matiere-de-securite\/","og_locale":"fr_FR","og_type":"article","og_title":"Ressources en mati\u00e8re de s\u00e9curit\u00e9 - HPAC.ca","og_description":"Ressources en mati\u00e8re de s\u00e9curit\u00e9Guide des bonnes pratiquesSuivi par satelliteCes derni\u00e8res ann\u00e9es, un \u00e9quipement a consid\u00e9rablement augment\u00e9 la s\u00e9curit\u00e9 des vols de cross-country : le traceur satellite. Ce dispositif permet de signaler sa position et de communiquer par texte et\/ou par courrier \u00e9lectronique lorsque l'on se trouve hors de port\u00e9e des t\u00e9l\u00e9phones cellulaires. Manuel de [&hellip;]","og_url":"https:\/\/2024.hpac.ca\/fr\/securite\/ressources-en-matiere-de-securite\/","og_site_name":"HPAC.ca","article_modified_time":"2026-04-21T20:29:54+00:00","twitter_card":"summary_large_image","twitter_misc":{"Dur\u00e9e de lecture estim\u00e9e":"2 minute"},"schema":{"@context":"https:\/\/schema.org","@graph":[{"@type":"WebPage","@id":"https:\/\/2024.hpac.ca\/fr\/securite\/ressources-en-matiere-de-securite\/","url":"https:\/\/2024.hpac.ca\/fr\/securite\/ressources-en-matiere-de-securite\/","name":"Ressources en mati\u00e8re de s\u00e9curit\u00e9 - HPAC.ca","isPartOf":{"@id":"https:\/\/2024.hpac.ca\/fr\/#website"},"datePublished":"2024-06-26T18:32:39+00:00","dateModified":"2026-04-21T20:29:54+00:00","breadcrumb":{"@id":"https:\/\/2024.hpac.ca\/fr\/securite\/ressources-en-matiere-de-securite\/#breadcrumb"},"inLanguage":"fr-FR","potentialAction":[{"@type":"ReadAction","target":["https:\/\/2024.hpac.ca\/fr\/securite\/ressources-en-matiere-de-securite\/"]}]},{"@type":"BreadcrumbList","@id":"https:\/\/2024.hpac.ca\/fr\/securite\/ressources-en-matiere-de-securite\/#breadcrumb","itemListElement":[{"@type":"ListItem","position":1,"name":"Home","item":"https:\/\/2024.hpac.ca\/fr\/"},{"@type":"ListItem","position":2,"name":"S\u00e9curit\u00e9","item":"https:\/\/2024.hpac.ca\/fr\/securite\/"},{"@type":"ListItem","position":3,"name":"Ressources en mati\u00e8re de s\u00e9curit\u00e9"}]},{"@type":"WebSite","@id":"https:\/\/2024.hpac.ca\/fr\/#website","url":"https:\/\/2024.hpac.ca\/fr\/","name":"HPAC.ca","description":"Hang Gliding and Paragliding Association","potentialAction":[{"@type":"SearchAction","target":{"@type":"EntryPoint","urlTemplate":"https:\/\/2024.hpac.ca\/fr\/?s={search_term_string}"},"query-input":{"@type":"PropertyValueSpecification","valueRequired":true,"valueName":"search_term_string"}}],"inLanguage":"fr-FR"}]}},"_links":{"self":[{"href":"https:\/\/2024.hpac.ca\/fr\/wp-json\/wp\/v2\/pages\/5535","targetHints":{"allow":["GET"]}}],"collection":[{"href":"https:\/\/2024.hpac.ca\/fr\/wp-json\/wp\/v2\/pages"}],"about":[{"href":"https:\/\/2024.hpac.ca\/fr\/wp-json\/wp\/v2\/types\/page"}],"author":[{"embeddable":true,"href":"https:\/\/2024.hpac.ca\/fr\/wp-json\/wp\/v2\/users\/4"}],"replies":[{"embeddable":true,"href":"https:\/\/2024.hpac.ca\/fr\/wp-json\/wp\/v2\/comments?post=5535"}],"version-history":[{"count":12,"href":"https:\/\/2024.hpac.ca\/fr\/wp-json\/wp\/v2\/pages\/5535\/revisions"}],"predecessor-version":[{"id":6623,"href":"https:\/\/2024.hpac.ca\/fr\/wp-json\/wp\/v2\/pages\/5535\/revisions\/6623"}],"up":[{"embeddable":true,"href":"https:\/\/2024.hpac.ca\/fr\/wp-json\/wp\/v2\/pages\/5825"}],"wp:attachment":[{"href":"https:\/\/2024.hpac.ca\/fr\/wp-json\/wp\/v2\/media?parent=5535"}],"curies":[{"name":"wp","href":"https:\/\/api.w.org\/{rel}","templated":true}]}}