{"id":5541,"date":"2024-06-26T18:34:16","date_gmt":"2024-06-26T18:34:16","guid":{"rendered":"https:\/\/2024.hpac.ca\/pilote\/notations-des-pilotes\/"},"modified":"2026-03-27T07:13:38","modified_gmt":"2026-03-27T07:13:38","slug":"notations-des-pilotes","status":"publish","type":"page","link":"https:\/\/2024.hpac.ca\/fr\/pilote\/notations-des-pilotes\/","title":{"rendered":"Notations des pilotes"},"content":{"rendered":"<p>[et_pb_section fb_built=\u00a0\u00bb1&Prime; _builder_version=\u00a0\u00bb4.25.2&Prime; _module_preset=\u00a0\u00bbdefault\u00a0\u00bb global_colors_info=\u00a0\u00bb{}\u00a0\u00bb][et_pb_row _builder_version=\u00a0\u00bb4.25.2&Prime; _module_preset=\u00a0\u00bbdefault\u00a0\u00bb global_colors_info=\u00a0\u00bb{}\u00a0\u00bb][et_pb_column type=\u00a0\u00bb4_4&Prime; _builder_version=\u00a0\u00bb4.25.2&Prime; _module_preset=\u00a0\u00bbdefault\u00a0\u00bb global_colors_info=\u00a0\u00bb{}\u00a0\u00bb][et_pb_text _builder_version=\u00a0\u00bb4.25.2&Prime; _module_preset=\u00a0\u00bbdefault\u00a0\u00bb header_font=\u00a0\u00bb|600|||||||\u00a0\u00bb header_text_color=\u00a0\u00bb#545458&Prime; header_font_size=\u00a0\u00bb36px\u00a0\u00bb custom_margin=\u00a0\u00bb||8px||false|false\u00a0\u00bb header_font_size_tablet=\u00a0\u00bb36px\u00a0\u00bb header_font_size_phone=\u00a0\u00bb25px\u00a0\u00bb header_font_size_last_edited=\u00a0\u00bbon|phone\u00a0\u00bb global_colors_info=\u00a0\u00bb{}\u00a0\u00bb]<\/p>\n<h1>Notations des pilotes<\/h1>\n<p>[\/et_pb_text][et_pb_text _builder_version=\u00a0\u00bb4.25.2&Prime; _module_preset=\u00a0\u00bbdefault\u00a0\u00bb text_font=\u00a0\u00bb|300|||||||\u00a0\u00bb link_font=\u00a0\u00bb||||on||||\u00a0\u00bb link_text_color=\u00a0\u00bb#6B6B6B\u00a0\u00bb global_colors_info=\u00a0\u00bb{}\u00a0\u00bb]<\/p>\n<p>Un syst\u00e8me de qualification pancanadien est en place pour tous les pilotes de deltaplane et de parapente. <strong>Les exigences en mati\u00e8re de qualifications et d&rsquo;annotations, du niveau novice au niveau avanc\u00e9<\/strong>, sont d\u00e9crites dans les <a href=\"https:\/\/2024.hpac.ca\/download\/4680\/?tmstv=1720160823\">SOP 410 &#8211; Qualifications des pilotes<\/a>. Les diff\u00e9rentes qualifications sont une combinaison de comp\u00e9tences de vol pratiques et d&rsquo;un test \u00e9crit de connaissances th\u00e9oriques. <\/p>\n<p>[\/et_pb_text][et_pb_text quote_border_color=\u00a0\u00bb#f22312&Prime; _builder_version=\u00a0\u00bb4.25.2&Prime; _module_preset=\u00a0\u00bbdefault\u00a0\u00bb header_3_font=\u00a0\u00bb|700|||||||\u00a0\u00bb header_3_text_color=\u00a0\u00bb#666666&Prime; header_3_font_size=\u00a0\u00bb24px\u00a0\u00bb header_3_line_height=\u00a0\u00bb1.2em\u00a0\u00bb min_height=\u00a0\u00bb43.8px\u00a0\u00bb custom_margin=\u00a0\u00bb||0px||false|false\u00a0\u00bb custom_padding=\u00a0\u00bb||0px||false|false\u00a0\u00bb header_3_font_size_tablet=\u00a0\u00bb24px\u00a0\u00bb header_3_font_size_phone=\u00a0\u00bb22px\u00a0\u00bb header_3_font_size_last_edited=\u00a0\u00bbon|phone\u00a0\u00bb global_colors_info=\u00a0\u00bb{}\u00a0\u00bb]<\/p>\n<blockquote>\n<h3>La gestion des risques est une priorit\u00e9 pour notre association<\/h3>\n<\/blockquote>\n<p>[\/et_pb_text][et_pb_text _builder_version=\u00a0\u00bb4.25.2&Prime; _module_preset=\u00a0\u00bbdefault\u00a0\u00bb text_font=\u00a0\u00bb|300|||||||\u00a0\u00bb link_text_color=\u00a0\u00bb#6B6B6B\u00a0\u00bb global_colors_info=\u00a0\u00bb{}\u00a0\u00bb]<\/p>\n<p>Pour la s\u00e9curit\u00e9 de nos membres, la protection de nos propri\u00e9taires terriens et notre assurabilit\u00e9 en tant que sport, tous les pilotes sont encourag\u00e9s \u00e0 travailler \u00e0 l&rsquo;obtention d&rsquo;une qualification P2 ou H2 afin d&rsquo;\u00eatre en mesure de voler de fa\u00e7on autonome et en toute s\u00e9curit\u00e9, sans la supervision d&rsquo;un instructeur.<\/p>\n<p>La formation continue et le d\u00e9veloppement des comp\u00e9tences sont des concepts fondamentaux pour tous les types d&rsquo;aviation, et notre sport n&rsquo;est pas diff\u00e9rent. Un vrai pilote est un pilote qualifi\u00e9. Les SIV p\u00e9riodiques, les stages de reconditionnement des r\u00e9serves, les sessions d&rsquo;\u00e9tude HAGAR sont autant d&rsquo;exemples de formation continue en ce sens qu&rsquo;ils permettent d&rsquo;\u00e9changer des connaissances avec les instructeurs, mais aussi avec des coll\u00e8gues pilotes plus exp\u00e9riment\u00e9s.  <\/p>\n<p>[\/et_pb_text][et_pb_text quote_border_color=\u00a0\u00bb#f22312&Prime; _builder_version=\u00a0\u00bb4.25.2&Prime; _module_preset=\u00a0\u00bbdefault\u00a0\u00bb header_3_font=\u00a0\u00bb|700|||||||\u00a0\u00bb header_3_text_color=\u00a0\u00bb#666666&Prime; header_3_font_size=\u00a0\u00bb24px\u00a0\u00bb header_3_line_height=\u00a0\u00bb1.2em\u00a0\u00bb min_height=\u00a0\u00bb43.8px\u00a0\u00bb custom_margin=\u00a0\u00bb||0px||false|false\u00a0\u00bb custom_padding=\u00a0\u00bb||0px||false|false\u00a0\u00bb header_3_font_size_tablet=\u00a0\u00bb24px\u00a0\u00bb header_3_font_size_phone=\u00a0\u00bb22px\u00a0\u00bb header_3_font_size_last_edited=\u00a0\u00bbon|phone\u00a0\u00bb global_colors_info=\u00a0\u00bb{}\u00a0\u00bb]<\/p>\n<blockquote>\n<h3>Nouveaux pilotes<\/h3>\n<\/blockquote>\n<p>[\/et_pb_text][et_pb_text _builder_version=\u00a0\u00bb4.27.6&Prime; _module_preset=\u00a0\u00bbdefault\u00a0\u00bb text_font=\u00a0\u00bb|300|||||||\u00a0\u00bb link_font=\u00a0\u00bb||||on||||\u00a0\u00bb link_text_color=\u00a0\u00bb#6B6B6B\u00a0\u00bb hover_enabled=\u00a0\u00bb0&Prime; global_colors_info=\u00a0\u00bb{}\u00a0\u00bb sticky_enabled=\u00a0\u00bb0&Prime;]<\/p>\n<p>Pour les nouveaux pilotes de parapente en cours d&rsquo;instruction, le carnet de formation parapente et delta est un outil excellent et fortement recommand\u00e9 pour travailler sur les qualifications P1\/P2 et H1\/H2 Novice avec votre instructeur. Des exemplaires sont disponibles aupr\u00e8s de votre instructeur ou du bureau. <\/p>\n<p>Le <a href=\"https:\/\/2024.hpac.ca\/fr\/securite\/carnet-de-formation\/\">carnet de formation<\/a> est votre registre personnel de l&rsquo;acquisition de vos comp\u00e9tences. Si vous changez de r\u00e9gion ou d&rsquo;instructeur avant d&rsquo;avoir obtenu votre qualification, ce carnet documente les comp\u00e9tences que vous avez ma\u00eetris\u00e9es \u00e0 ce jour en vue de l&rsquo;obtention de la qualification P2. Le carnet de formation est conserv\u00e9 par le pilote \u00e0 tout moment.  <\/p>\n<p>[\/et_pb_text][et_pb_text quote_border_color=\u00a0\u00bb#f22312&Prime; _builder_version=\u00a0\u00bb4.25.2&Prime; _module_preset=\u00a0\u00bbdefault\u00a0\u00bb header_3_font=\u00a0\u00bb|700|||||||\u00a0\u00bb header_3_text_color=\u00a0\u00bb#666666&Prime; header_3_font_size=\u00a0\u00bb24px\u00a0\u00bb header_3_line_height=\u00a0\u00bb1.2em\u00a0\u00bb min_height=\u00a0\u00bb43.8px\u00a0\u00bb custom_margin=\u00a0\u00bb||0px||false|false\u00a0\u00bb custom_padding=\u00a0\u00bb||0px||false|false\u00a0\u00bb header_3_font_size_tablet=\u00a0\u00bb24px\u00a0\u00bb header_3_font_size_phone=\u00a0\u00bb22px\u00a0\u00bb header_3_font_size_last_edited=\u00a0\u00bbon|phone\u00a0\u00bb global_colors_info=\u00a0\u00bb{}\u00a0\u00bb]<\/p>\n<blockquote>\n<h3>Notations \u00e9trang\u00e8res<\/h3>\n<\/blockquote>\n<p>[\/et_pb_text][et_pb_text _builder_version=\u00a0\u00bb4.25.2&Prime; _module_preset=\u00a0\u00bbdefault\u00a0\u00bb text_font=\u00a0\u00bb|300|||||||\u00a0\u00bb link_text_color=\u00a0\u00bb#6B6B6B\u00a0\u00bb custom_margin=\u00a0\u00bb||5px||false|false\u00a0\u00bb global_colors_info=\u00a0\u00bb{}\u00a0\u00bb]<\/p>\n<p>Si vous \u00eates un nouveau membre de la HPAC et que vous avez une qualification \u00e9trang\u00e8re, OU si vous \u00eates un pilote membre qui a acquis une qualification \u00e0 l&rsquo;ext\u00e9rieur du Canada, ces qualifications peuvent \u00eatre \u00e9valu\u00e9es par un instructeur certifi\u00e9 par la HPAC en vue de l&rsquo;attribution \u00e9ventuelle d&rsquo;une qualification \u00e9quivalente \u00e0 celle de la HPAC. Veuillez contacter un instructeur dans votre r\u00e9gion pour une telle \u00e9valuation. L&rsquo;instructeur enverra un formulaire de qualification HPAC pour vous \u00e0 l&rsquo;Office, le cas \u00e9ch\u00e9ant.  <\/p>\n<p>Ceci sera enregistr\u00e9 dans votre profil de pilote et appara\u00eetra sur votre carte de membre.<\/p>\n<p>[\/et_pb_text][et_pb_text quote_border_color=\u00a0\u00bb#f22312&Prime; _builder_version=\u00a0\u00bb4.25.2&Prime; _module_preset=\u00a0\u00bbdefault\u00a0\u00bb header_3_font=\u00a0\u00bb|700|||||||\u00a0\u00bb header_3_text_color=\u00a0\u00bb#666666&Prime; header_3_font_size=\u00a0\u00bb24px\u00a0\u00bb header_3_line_height=\u00a0\u00bb1.2em\u00a0\u00bb min_height=\u00a0\u00bb43.8px\u00a0\u00bb custom_margin=\u00a0\u00bb||0px||false|false\u00a0\u00bb custom_padding=\u00a0\u00bb||0px||false|false\u00a0\u00bb header_3_font_size_tablet=\u00a0\u00bb24px\u00a0\u00bb header_3_font_size_phone=\u00a0\u00bb22px\u00a0\u00bb header_3_font_size_last_edited=\u00a0\u00bbon|phone\u00a0\u00bb global_colors_info=\u00a0\u00bb{}\u00a0\u00bb]<\/p>\n<blockquote>\n<h3>Note concernant les cartes IPPI d\u00e9livr\u00e9es \u00e0 l&rsquo;\u00e9tranger<\/h3>\n<\/blockquote>\n<p>[\/et_pb_text][et_pb_text _builder_version=\u00a0\u00bb4.25.2&Prime; _module_preset=\u00a0\u00bbdefault\u00a0\u00bb text_font=\u00a0\u00bb|300|||||||\u00a0\u00bb link_text_color=\u00a0\u00bb#6B6B6B\u00a0\u00bb custom_margin=\u00a0\u00bb||5px||false|false\u00a0\u00bb global_colors_info=\u00a0\u00bb{}\u00a0\u00bb]<\/p>\n<p>Veuillez noter que les cartes IPPI indiquant un niveau IPPI ne sont pas suffisantes en elles-m\u00eames pour documenter les niveaux de comp\u00e9tence en vue d&rsquo;une \u00e9quivalence de notation de l&rsquo;HPAC. Veuillez fournir une carte de qualification ou d&rsquo;adh\u00e9sion de l&rsquo;association nationale documentant votre qualification. La raison en est que les directives de la FAI relatives aux niveaux IPPI sont interpr\u00e9t\u00e9es diff\u00e9remment selon les pays et qu&rsquo;une qualification d\u00e9livr\u00e9e par l&rsquo;association nationale du pays o\u00f9 la qualification a \u00e9t\u00e9 d\u00e9livr\u00e9e fournit une \u00e9valuation plus pr\u00e9cise du niveau atteint par le pilote.  <\/p>\n<p>[\/et_pb_text][\/et_pb_column][\/et_pb_row][\/et_pb_section]<\/p>\n","protected":false},"excerpt":{"rendered":"<p>Notations des pilotesUn syst\u00e8me de qualification pancanadien est en place pour tous les pilotes de deltaplane et de parapente. Les exigences en mati\u00e8re de qualifications et d&rsquo;annotations, du niveau novice au niveau avanc\u00e9, sont d\u00e9crites dans les SOP 410 &#8211; Qualifications des pilotes. Les diff\u00e9rentes qualifications sont une combinaison de comp\u00e9tences de vol pratiques et [&hellip;]<\/p>\n","protected":false},"author":4,"featured_media":0,"parent":5416,"menu_order":0,"comment_status":"closed","ping_status":"closed","template":"","meta":{"_acf_changed":false,"_et_pb_use_builder":"on","_et_pb_old_content":"","_et_gb_content_width":"","footnotes":""},"class_list":["post-5541","page","type-page","status-publish","hentry"],"acf":[],"yoast_head":"<!-- This site is optimized with the Yoast SEO plugin v27.4 - https:\/\/yoast.com\/product\/yoast-seo-wordpress\/ -->\n<title>Notations des pilotes - HPAC.ca<\/title>\n<meta name=\"robots\" content=\"index, follow, max-snippet:-1, max-image-preview:large, max-video-preview:-1\" \/>\n<link rel=\"canonical\" href=\"https:\/\/2024.hpac.ca\/fr\/pilote\/notations-des-pilotes\/\" \/>\n<meta property=\"og:locale\" content=\"fr_FR\" \/>\n<meta property=\"og:type\" content=\"article\" \/>\n<meta property=\"og:title\" content=\"Notations des pilotes - HPAC.ca\" \/>\n<meta property=\"og:description\" content=\"Notations des pilotesUn syst\u00e8me de qualification pancanadien est en place pour tous les pilotes de deltaplane et de parapente. Les exigences en mati\u00e8re de qualifications et d&#039;annotations, du niveau novice au niveau avanc\u00e9, sont d\u00e9crites dans les SOP 410 - Qualifications des pilotes. Les diff\u00e9rentes qualifications sont une combinaison de comp\u00e9tences de vol pratiques et [&hellip;]\" \/>\n<meta property=\"og:url\" content=\"https:\/\/2024.hpac.ca\/fr\/pilote\/notations-des-pilotes\/\" \/>\n<meta property=\"og:site_name\" content=\"HPAC.ca\" \/>\n<meta property=\"article:modified_time\" content=\"2026-03-27T07:13:38+00:00\" \/>\n<meta name=\"twitter:card\" content=\"summary_large_image\" \/>\n<meta name=\"twitter:label1\" content=\"Dur\u00e9e de lecture estim\u00e9e\" \/>\n\t<meta name=\"twitter:data1\" content=\"3 minute\" \/>\n<script type=\"application\/ld+json\" class=\"yoast-schema-graph\">{\"@context\":\"https:\\\/\\\/schema.org\",\"@graph\":[{\"@type\":\"WebPage\",\"@id\":\"https:\\\/\\\/2024.hpac.ca\\\/fr\\\/pilote\\\/notations-des-pilotes\\\/\",\"url\":\"https:\\\/\\\/2024.hpac.ca\\\/fr\\\/pilote\\\/notations-des-pilotes\\\/\",\"name\":\"Notations des pilotes - HPAC.ca\",\"isPartOf\":{\"@id\":\"https:\\\/\\\/2024.hpac.ca\\\/fr\\\/#website\"},\"datePublished\":\"2024-06-26T18:34:16+00:00\",\"dateModified\":\"2026-03-27T07:13:38+00:00\",\"breadcrumb\":{\"@id\":\"https:\\\/\\\/2024.hpac.ca\\\/fr\\\/pilote\\\/notations-des-pilotes\\\/#breadcrumb\"},\"inLanguage\":\"fr-FR\",\"potentialAction\":[{\"@type\":\"ReadAction\",\"target\":[\"https:\\\/\\\/2024.hpac.ca\\\/fr\\\/pilote\\\/notations-des-pilotes\\\/\"]}]},{\"@type\":\"BreadcrumbList\",\"@id\":\"https:\\\/\\\/2024.hpac.ca\\\/fr\\\/pilote\\\/notations-des-pilotes\\\/#breadcrumb\",\"itemListElement\":[{\"@type\":\"ListItem\",\"position\":1,\"name\":\"Home\",\"item\":\"https:\\\/\\\/2024.hpac.ca\\\/fr\\\/\"},{\"@type\":\"ListItem\",\"position\":2,\"name\":\"Pilote\",\"item\":\"https:\\\/\\\/2024.hpac.ca\\\/fr\\\/pilote\\\/\"},{\"@type\":\"ListItem\",\"position\":3,\"name\":\"Notations des pilotes\"}]},{\"@type\":\"WebSite\",\"@id\":\"https:\\\/\\\/2024.hpac.ca\\\/fr\\\/#website\",\"url\":\"https:\\\/\\\/2024.hpac.ca\\\/fr\\\/\",\"name\":\"HPAC.ca\",\"description\":\"Hang Gliding and Paragliding Association\",\"potentialAction\":[{\"@type\":\"SearchAction\",\"target\":{\"@type\":\"EntryPoint\",\"urlTemplate\":\"https:\\\/\\\/2024.hpac.ca\\\/fr\\\/?s={search_term_string}\"},\"query-input\":{\"@type\":\"PropertyValueSpecification\",\"valueRequired\":true,\"valueName\":\"search_term_string\"}}],\"inLanguage\":\"fr-FR\"}]}<\/script>\n<!-- \/ Yoast SEO plugin. -->","yoast_head_json":{"title":"Notations des pilotes - HPAC.ca","robots":{"index":"index","follow":"follow","max-snippet":"max-snippet:-1","max-image-preview":"max-image-preview:large","max-video-preview":"max-video-preview:-1"},"canonical":"https:\/\/2024.hpac.ca\/fr\/pilote\/notations-des-pilotes\/","og_locale":"fr_FR","og_type":"article","og_title":"Notations des pilotes - HPAC.ca","og_description":"Notations des pilotesUn syst\u00e8me de qualification pancanadien est en place pour tous les pilotes de deltaplane et de parapente. Les exigences en mati\u00e8re de qualifications et d'annotations, du niveau novice au niveau avanc\u00e9, sont d\u00e9crites dans les SOP 410 - Qualifications des pilotes. Les diff\u00e9rentes qualifications sont une combinaison de comp\u00e9tences de vol pratiques et [&hellip;]","og_url":"https:\/\/2024.hpac.ca\/fr\/pilote\/notations-des-pilotes\/","og_site_name":"HPAC.ca","article_modified_time":"2026-03-27T07:13:38+00:00","twitter_card":"summary_large_image","twitter_misc":{"Dur\u00e9e de lecture estim\u00e9e":"3 minute"},"schema":{"@context":"https:\/\/schema.org","@graph":[{"@type":"WebPage","@id":"https:\/\/2024.hpac.ca\/fr\/pilote\/notations-des-pilotes\/","url":"https:\/\/2024.hpac.ca\/fr\/pilote\/notations-des-pilotes\/","name":"Notations des pilotes - HPAC.ca","isPartOf":{"@id":"https:\/\/2024.hpac.ca\/fr\/#website"},"datePublished":"2024-06-26T18:34:16+00:00","dateModified":"2026-03-27T07:13:38+00:00","breadcrumb":{"@id":"https:\/\/2024.hpac.ca\/fr\/pilote\/notations-des-pilotes\/#breadcrumb"},"inLanguage":"fr-FR","potentialAction":[{"@type":"ReadAction","target":["https:\/\/2024.hpac.ca\/fr\/pilote\/notations-des-pilotes\/"]}]},{"@type":"BreadcrumbList","@id":"https:\/\/2024.hpac.ca\/fr\/pilote\/notations-des-pilotes\/#breadcrumb","itemListElement":[{"@type":"ListItem","position":1,"name":"Home","item":"https:\/\/2024.hpac.ca\/fr\/"},{"@type":"ListItem","position":2,"name":"Pilote","item":"https:\/\/2024.hpac.ca\/fr\/pilote\/"},{"@type":"ListItem","position":3,"name":"Notations des pilotes"}]},{"@type":"WebSite","@id":"https:\/\/2024.hpac.ca\/fr\/#website","url":"https:\/\/2024.hpac.ca\/fr\/","name":"HPAC.ca","description":"Hang Gliding and Paragliding Association","potentialAction":[{"@type":"SearchAction","target":{"@type":"EntryPoint","urlTemplate":"https:\/\/2024.hpac.ca\/fr\/?s={search_term_string}"},"query-input":{"@type":"PropertyValueSpecification","valueRequired":true,"valueName":"search_term_string"}}],"inLanguage":"fr-FR"}]}},"_links":{"self":[{"href":"https:\/\/2024.hpac.ca\/fr\/wp-json\/wp\/v2\/pages\/5541","targetHints":{"allow":["GET"]}}],"collection":[{"href":"https:\/\/2024.hpac.ca\/fr\/wp-json\/wp\/v2\/pages"}],"about":[{"href":"https:\/\/2024.hpac.ca\/fr\/wp-json\/wp\/v2\/types\/page"}],"author":[{"embeddable":true,"href":"https:\/\/2024.hpac.ca\/fr\/wp-json\/wp\/v2\/users\/4"}],"replies":[{"embeddable":true,"href":"https:\/\/2024.hpac.ca\/fr\/wp-json\/wp\/v2\/comments?post=5541"}],"version-history":[{"count":3,"href":"https:\/\/2024.hpac.ca\/fr\/wp-json\/wp\/v2\/pages\/5541\/revisions"}],"predecessor-version":[{"id":5924,"href":"https:\/\/2024.hpac.ca\/fr\/wp-json\/wp\/v2\/pages\/5541\/revisions\/5924"}],"up":[{"embeddable":true,"href":"https:\/\/2024.hpac.ca\/fr\/wp-json\/wp\/v2\/pages\/5416"}],"wp:attachment":[{"href":"https:\/\/2024.hpac.ca\/fr\/wp-json\/wp\/v2\/media?parent=5541"}],"curies":[{"name":"wp","href":"https:\/\/api.w.org\/{rel}","templated":true}]}}