{"id":5556,"date":"2024-06-26T18:32:16","date_gmt":"2024-06-26T18:32:16","guid":{"rendered":"https:\/\/2024.hpac.ca\/avis-de-securite-et-rapports-denquete-sur-les-accidents\/"},"modified":"2026-03-27T07:36:50","modified_gmt":"2026-03-27T07:36:50","slug":"avis-de-securite-et-rapports-denquete-sur-les-accidents","status":"publish","type":"page","link":"https:\/\/2024.hpac.ca\/fr\/securite\/avis-de-securite-et-rapports-denquete-sur-les-accidents\/","title":{"rendered":"Avis de s\u00e9curit\u00e9 et rapports d&rsquo;enqu\u00eate sur les accidents"},"content":{"rendered":"<p>[et_pb_section fb_built=\u00a0\u00bb1&Prime; _builder_version=\u00a0\u00bb4.25.2&Prime; _module_preset=\u00a0\u00bbdefault\u00a0\u00bb global_colors_info=\u00a0\u00bb{}\u00a0\u00bb][et_pb_row _builder_version=\u00a0\u00bb4.25.2&Prime; _module_preset=\u00a0\u00bbdefault\u00a0\u00bb global_colors_info=\u00a0\u00bb{}\u00a0\u00bb][et_pb_column type=\u00a0\u00bb4_4&Prime; _builder_version=\u00a0\u00bb4.25.2&Prime; _module_preset=\u00a0\u00bbdefault\u00a0\u00bb global_colors_info=\u00a0\u00bb{}\u00a0\u00bb][et_pb_text _builder_version=\u00a0\u00bb4.25.2&Prime; _module_preset=\u00a0\u00bbdefault\u00a0\u00bb header_font=\u00a0\u00bb|600|||||||\u00a0\u00bb header_text_color=\u00a0\u00bb#545458&Prime; header_font_size=\u00a0\u00bb36px\u00a0\u00bb custom_margin=\u00a0\u00bb||||false|false\u00a0\u00bb header_font_size_tablet=\u00a0\u00bb36px\u00a0\u00bb header_font_size_phone=\u00a0\u00bb25px\u00a0\u00bb header_font_size_last_edited=\u00a0\u00bbon|phone\u00a0\u00bb global_colors_info=\u00a0\u00bb{}\u00a0\u00bb]<\/p>\n<h1>Avis de s\u00e9curit\u00e9 et rapports d&rsquo;enqu\u00eate sur les accidents<\/h1>\n<p>[\/et_pb_text][et_pb_text _builder_version=\u00a0\u00bb4.25.2&Prime; _module_preset=\u00a0\u00bbdefault\u00a0\u00bb header_font=\u00a0\u00bb|600|||||||\u00a0\u00bb header_font_size=\u00a0\u00bb36px\u00a0\u00bb header_2_font=\u00a0\u00bb|600|||||||\u00a0\u00bb header_2_text_color=\u00a0\u00bb#666666&Prime; header_2_font_size=\u00a0\u00bb32px\u00a0\u00bb custom_margin=\u00a0\u00bb||10px||false|false\u00a0\u00bb header_font_size_tablet=\u00a0\u00bb36px\u00a0\u00bb header_font_size_phone=\u00a0\u00bb30px\u00a0\u00bb header_font_size_last_edited=\u00a0\u00bbon|phone\u00a0\u00bb header_2_font_size_tablet=\u00a0\u00bb32px\u00a0\u00bb header_2_font_size_phone=\u00a0\u00bb22px\u00a0\u00bb header_2_font_size_last_edited=\u00a0\u00bbon|phone\u00a0\u00bb global_colors_info=\u00a0\u00bb{}\u00a0\u00bb]<\/p>\n<h2>HPAC Spring 2024 Avis de s\u00e9curit\u00e9<\/h2>\n<p>[\/et_pb_text][et_pb_text _builder_version=\u00a0\u00bb4.25.2&Prime; _module_preset=\u00a0\u00bbdefault\u00a0\u00bb text_font=\u00a0\u00bb|300|||||||\u00a0\u00bb link_text_color=\u00a0\u00bb#6B6B6B\u00a0\u00bb global_colors_info=\u00a0\u00bb{}\u00a0\u00bb]<\/p>\n<p><span style=\"text-decoration: underline;\"><a href=\"https:\/\/2024.hpac.ca\/fr\/avis-de-securite-du-hpac-printemps-2024\/\">Suivez ce lien vers notre rapport de s\u00e9curit\u00e9 2024<\/a><\/span><\/p>\n<p>[\/et_pb_text][et_pb_text _builder_version=\u00a0\u00bb4.25.2&Prime; _module_preset=\u00a0\u00bbdefault\u00a0\u00bb header_font=\u00a0\u00bb|600|||||||\u00a0\u00bb header_font_size=\u00a0\u00bb36px\u00a0\u00bb header_2_font=\u00a0\u00bb|600|||||||\u00a0\u00bb header_2_text_color=\u00a0\u00bb#666666&Prime; header_2_font_size=\u00a0\u00bb32px\u00a0\u00bb custom_margin=\u00a0\u00bb||10px||false|false\u00a0\u00bb header_font_size_tablet=\u00a0\u00bb36px\u00a0\u00bb header_font_size_phone=\u00a0\u00bb30px\u00a0\u00bb header_font_size_last_edited=\u00a0\u00bbon|phone\u00a0\u00bb header_2_font_size_tablet=\u00a0\u00bb32px\u00a0\u00bb header_2_font_size_phone=\u00a0\u00bb22px\u00a0\u00bb header_2_font_size_last_edited=\u00a0\u00bbon|phone\u00a0\u00bb global_colors_info=\u00a0\u00bb{}\u00a0\u00bb]<\/p>\n<h2>Avis pr\u00e9c\u00e9dents<\/h2>\n<p>[\/et_pb_text][et_pb_text _builder_version=\u00a0\u00bb4.25.2&Prime; _module_preset=\u00a0\u00bbdefault\u00a0\u00bb text_font=\u00a0\u00bb|300|||||||\u00a0\u00bb hover_enabled=\u00a0\u00bb0&Prime; global_colors_info=\u00a0\u00bb{}\u00a0\u00bb sticky_enabled=\u00a0\u00bb0&Prime;]<\/p>\n<ul>\n<li>2023-03<\/li>\n<li>Avis pr\u00e9c\u00e9dents<\/li>\n<\/ul>\n<p>Les diff\u00e9rents fabricants d&rsquo;engins de p\u00eache publient r\u00e9guli\u00e8rement sur leurs sites web des avis concernant les d\u00e9faillances d&rsquo;\u00e9quipement, les rappels ou les commentaires g\u00e9n\u00e9raux relatifs \u00e0 la s\u00e9curit\u00e9 de leurs produits.<\/p>\n<p>Nous vous conseillons de consulter r\u00e9guli\u00e8rement les sites web des fabricants de votre mat\u00e9riel afin de rester inform\u00e9 sur votre \u00e9quipement.<\/p>\n<p>[\/et_pb_text][et_pb_text _builder_version=\u00a0\u00bb4.25.2&Prime; _module_preset=\u00a0\u00bbdefault\u00a0\u00bb header_font=\u00a0\u00bb|600|||||||\u00a0\u00bb header_font_size=\u00a0\u00bb36px\u00a0\u00bb header_2_font=\u00a0\u00bb|600|||||||\u00a0\u00bb header_2_text_color=\u00a0\u00bb#666666&Prime; header_2_font_size=\u00a0\u00bb32px\u00a0\u00bb custom_margin=\u00a0\u00bb||10px||false|false\u00a0\u00bb header_font_size_tablet=\u00a0\u00bb36px\u00a0\u00bb header_font_size_phone=\u00a0\u00bb30px\u00a0\u00bb header_font_size_last_edited=\u00a0\u00bbon|phone\u00a0\u00bb header_2_font_size_tablet=\u00a0\u00bb32px\u00a0\u00bb header_2_font_size_phone=\u00a0\u00bb22px\u00a0\u00bb header_2_font_size_last_edited=\u00a0\u00bbon|phone\u00a0\u00bb global_colors_info=\u00a0\u00bb{}\u00a0\u00bb]<\/p>\n<h2>Rapports d&rsquo;enqu\u00eate sur les accidents<\/h2>\n<p>[\/et_pb_text][et_pb_text _builder_version=\u00a0\u00bb4.25.2&Prime; _module_preset=\u00a0\u00bbdefault\u00a0\u00bb text_font=\u00a0\u00bb|300|||||||\u00a0\u00bb link_font=\u00a0\u00bb||||on||||\u00a0\u00bb link_text_color=\u00a0\u00bb#6B6B6B\u00a0\u00bb hover_enabled=\u00a0\u00bb0&Prime; global_colors_info=\u00a0\u00bb{}\u00a0\u00bb sticky_enabled=\u00a0\u00bb0&Prime;]<\/p>\n<ul>\n<li><a href=\"https:\/\/2024.hpac.ca\/download\/4920\/?tmstv=1720158500\"><span style=\"text-decoration: underline;\">Rapport d&rsquo;enqu\u00eate sur l&rsquo;accident de Yamaska 2021<\/span><\/a><\/li>\n<\/ul>\n<p>[\/et_pb_text][\/et_pb_column][\/et_pb_row][\/et_pb_section]<\/p>\n","protected":false},"excerpt":{"rendered":"<p>Avis de s\u00e9curit\u00e9 et rapports d&rsquo;enqu\u00eate sur les accidentsHPAC Spring 2024 Avis de s\u00e9curit\u00e9Suivez ce lien vers notre rapport de s\u00e9curit\u00e9 2024Avis pr\u00e9c\u00e9dents 2023-03 Avis pr\u00e9c\u00e9dents Les diff\u00e9rents fabricants d&rsquo;engins de p\u00eache publient r\u00e9guli\u00e8rement sur leurs sites web des avis concernant les d\u00e9faillances d&rsquo;\u00e9quipement, les rappels ou les commentaires g\u00e9n\u00e9raux relatifs \u00e0 la s\u00e9curit\u00e9 de [&hellip;]<\/p>\n","protected":false},"author":4,"featured_media":0,"parent":5825,"menu_order":0,"comment_status":"closed","ping_status":"closed","template":"","meta":{"_acf_changed":false,"_et_pb_use_builder":"on","_et_pb_old_content":"","_et_gb_content_width":"","footnotes":""},"class_list":["post-5556","page","type-page","status-publish","hentry"],"acf":[],"yoast_head":"<!-- This site is optimized with the Yoast SEO plugin v27.4 - https:\/\/yoast.com\/product\/yoast-seo-wordpress\/ -->\n<title>Avis de s\u00e9curit\u00e9 et rapports d&#039;enqu\u00eate sur les accidents - HPAC.ca<\/title>\n<meta name=\"robots\" content=\"index, follow, max-snippet:-1, max-image-preview:large, max-video-preview:-1\" \/>\n<link rel=\"canonical\" href=\"https:\/\/2024.hpac.ca\/fr\/securite\/avis-de-securite-et-rapports-denquete-sur-les-accidents\/\" \/>\n<meta property=\"og:locale\" content=\"fr_FR\" \/>\n<meta property=\"og:type\" content=\"article\" \/>\n<meta property=\"og:title\" content=\"Avis de s\u00e9curit\u00e9 et rapports d&#039;enqu\u00eate sur les accidents - HPAC.ca\" \/>\n<meta property=\"og:description\" content=\"Avis de s\u00e9curit\u00e9 et rapports d&#039;enqu\u00eate sur les accidentsHPAC Spring 2024 Avis de s\u00e9curit\u00e9Suivez ce lien vers notre rapport de s\u00e9curit\u00e9 2024Avis pr\u00e9c\u00e9dents 2023-03 Avis pr\u00e9c\u00e9dents Les diff\u00e9rents fabricants d&#039;engins de p\u00eache publient r\u00e9guli\u00e8rement sur leurs sites web des avis concernant les d\u00e9faillances d&#039;\u00e9quipement, les rappels ou les commentaires g\u00e9n\u00e9raux relatifs \u00e0 la s\u00e9curit\u00e9 de [&hellip;]\" \/>\n<meta property=\"og:url\" content=\"https:\/\/2024.hpac.ca\/fr\/securite\/avis-de-securite-et-rapports-denquete-sur-les-accidents\/\" \/>\n<meta property=\"og:site_name\" content=\"HPAC.ca\" \/>\n<meta property=\"article:modified_time\" content=\"2026-03-27T07:36:50+00:00\" \/>\n<meta name=\"twitter:card\" content=\"summary_large_image\" \/>\n<meta name=\"twitter:label1\" content=\"Dur\u00e9e de lecture estim\u00e9e\" \/>\n\t<meta name=\"twitter:data1\" content=\"1 minute\" \/>\n<script type=\"application\/ld+json\" class=\"yoast-schema-graph\">{\"@context\":\"https:\\\/\\\/schema.org\",\"@graph\":[{\"@type\":\"WebPage\",\"@id\":\"https:\\\/\\\/2024.hpac.ca\\\/fr\\\/securite\\\/avis-de-securite-et-rapports-denquete-sur-les-accidents\\\/\",\"url\":\"https:\\\/\\\/2024.hpac.ca\\\/fr\\\/securite\\\/avis-de-securite-et-rapports-denquete-sur-les-accidents\\\/\",\"name\":\"Avis de s\u00e9curit\u00e9 et rapports d'enqu\u00eate sur les accidents - HPAC.ca\",\"isPartOf\":{\"@id\":\"https:\\\/\\\/2024.hpac.ca\\\/fr\\\/#website\"},\"datePublished\":\"2024-06-26T18:32:16+00:00\",\"dateModified\":\"2026-03-27T07:36:50+00:00\",\"breadcrumb\":{\"@id\":\"https:\\\/\\\/2024.hpac.ca\\\/fr\\\/securite\\\/avis-de-securite-et-rapports-denquete-sur-les-accidents\\\/#breadcrumb\"},\"inLanguage\":\"fr-FR\",\"potentialAction\":[{\"@type\":\"ReadAction\",\"target\":[\"https:\\\/\\\/2024.hpac.ca\\\/fr\\\/securite\\\/avis-de-securite-et-rapports-denquete-sur-les-accidents\\\/\"]}]},{\"@type\":\"BreadcrumbList\",\"@id\":\"https:\\\/\\\/2024.hpac.ca\\\/fr\\\/securite\\\/avis-de-securite-et-rapports-denquete-sur-les-accidents\\\/#breadcrumb\",\"itemListElement\":[{\"@type\":\"ListItem\",\"position\":1,\"name\":\"Home\",\"item\":\"https:\\\/\\\/2024.hpac.ca\\\/fr\\\/\"},{\"@type\":\"ListItem\",\"position\":2,\"name\":\"S\u00e9curit\u00e9\",\"item\":\"https:\\\/\\\/2024.hpac.ca\\\/fr\\\/securite\\\/\"},{\"@type\":\"ListItem\",\"position\":3,\"name\":\"Avis de s\u00e9curit\u00e9 et rapports d&rsquo;enqu\u00eate sur les accidents\"}]},{\"@type\":\"WebSite\",\"@id\":\"https:\\\/\\\/2024.hpac.ca\\\/fr\\\/#website\",\"url\":\"https:\\\/\\\/2024.hpac.ca\\\/fr\\\/\",\"name\":\"HPAC.ca\",\"description\":\"Hang Gliding and Paragliding Association\",\"potentialAction\":[{\"@type\":\"SearchAction\",\"target\":{\"@type\":\"EntryPoint\",\"urlTemplate\":\"https:\\\/\\\/2024.hpac.ca\\\/fr\\\/?s={search_term_string}\"},\"query-input\":{\"@type\":\"PropertyValueSpecification\",\"valueRequired\":true,\"valueName\":\"search_term_string\"}}],\"inLanguage\":\"fr-FR\"}]}<\/script>\n<!-- \/ Yoast SEO plugin. -->","yoast_head_json":{"title":"Avis de s\u00e9curit\u00e9 et rapports d'enqu\u00eate sur les accidents - HPAC.ca","robots":{"index":"index","follow":"follow","max-snippet":"max-snippet:-1","max-image-preview":"max-image-preview:large","max-video-preview":"max-video-preview:-1"},"canonical":"https:\/\/2024.hpac.ca\/fr\/securite\/avis-de-securite-et-rapports-denquete-sur-les-accidents\/","og_locale":"fr_FR","og_type":"article","og_title":"Avis de s\u00e9curit\u00e9 et rapports d'enqu\u00eate sur les accidents - HPAC.ca","og_description":"Avis de s\u00e9curit\u00e9 et rapports d'enqu\u00eate sur les accidentsHPAC Spring 2024 Avis de s\u00e9curit\u00e9Suivez ce lien vers notre rapport de s\u00e9curit\u00e9 2024Avis pr\u00e9c\u00e9dents 2023-03 Avis pr\u00e9c\u00e9dents Les diff\u00e9rents fabricants d'engins de p\u00eache publient r\u00e9guli\u00e8rement sur leurs sites web des avis concernant les d\u00e9faillances d'\u00e9quipement, les rappels ou les commentaires g\u00e9n\u00e9raux relatifs \u00e0 la s\u00e9curit\u00e9 de [&hellip;]","og_url":"https:\/\/2024.hpac.ca\/fr\/securite\/avis-de-securite-et-rapports-denquete-sur-les-accidents\/","og_site_name":"HPAC.ca","article_modified_time":"2026-03-27T07:36:50+00:00","twitter_card":"summary_large_image","twitter_misc":{"Dur\u00e9e de lecture estim\u00e9e":"1 minute"},"schema":{"@context":"https:\/\/schema.org","@graph":[{"@type":"WebPage","@id":"https:\/\/2024.hpac.ca\/fr\/securite\/avis-de-securite-et-rapports-denquete-sur-les-accidents\/","url":"https:\/\/2024.hpac.ca\/fr\/securite\/avis-de-securite-et-rapports-denquete-sur-les-accidents\/","name":"Avis de s\u00e9curit\u00e9 et rapports d'enqu\u00eate sur les accidents - HPAC.ca","isPartOf":{"@id":"https:\/\/2024.hpac.ca\/fr\/#website"},"datePublished":"2024-06-26T18:32:16+00:00","dateModified":"2026-03-27T07:36:50+00:00","breadcrumb":{"@id":"https:\/\/2024.hpac.ca\/fr\/securite\/avis-de-securite-et-rapports-denquete-sur-les-accidents\/#breadcrumb"},"inLanguage":"fr-FR","potentialAction":[{"@type":"ReadAction","target":["https:\/\/2024.hpac.ca\/fr\/securite\/avis-de-securite-et-rapports-denquete-sur-les-accidents\/"]}]},{"@type":"BreadcrumbList","@id":"https:\/\/2024.hpac.ca\/fr\/securite\/avis-de-securite-et-rapports-denquete-sur-les-accidents\/#breadcrumb","itemListElement":[{"@type":"ListItem","position":1,"name":"Home","item":"https:\/\/2024.hpac.ca\/fr\/"},{"@type":"ListItem","position":2,"name":"S\u00e9curit\u00e9","item":"https:\/\/2024.hpac.ca\/fr\/securite\/"},{"@type":"ListItem","position":3,"name":"Avis de s\u00e9curit\u00e9 et rapports d&rsquo;enqu\u00eate sur les accidents"}]},{"@type":"WebSite","@id":"https:\/\/2024.hpac.ca\/fr\/#website","url":"https:\/\/2024.hpac.ca\/fr\/","name":"HPAC.ca","description":"Hang Gliding and Paragliding Association","potentialAction":[{"@type":"SearchAction","target":{"@type":"EntryPoint","urlTemplate":"https:\/\/2024.hpac.ca\/fr\/?s={search_term_string}"},"query-input":{"@type":"PropertyValueSpecification","valueRequired":true,"valueName":"search_term_string"}}],"inLanguage":"fr-FR"}]}},"_links":{"self":[{"href":"https:\/\/2024.hpac.ca\/fr\/wp-json\/wp\/v2\/pages\/5556","targetHints":{"allow":["GET"]}}],"collection":[{"href":"https:\/\/2024.hpac.ca\/fr\/wp-json\/wp\/v2\/pages"}],"about":[{"href":"https:\/\/2024.hpac.ca\/fr\/wp-json\/wp\/v2\/types\/page"}],"author":[{"embeddable":true,"href":"https:\/\/2024.hpac.ca\/fr\/wp-json\/wp\/v2\/users\/4"}],"replies":[{"embeddable":true,"href":"https:\/\/2024.hpac.ca\/fr\/wp-json\/wp\/v2\/comments?post=5556"}],"version-history":[{"count":5,"href":"https:\/\/2024.hpac.ca\/fr\/wp-json\/wp\/v2\/pages\/5556\/revisions"}],"predecessor-version":[{"id":5937,"href":"https:\/\/2024.hpac.ca\/fr\/wp-json\/wp\/v2\/pages\/5556\/revisions\/5937"}],"up":[{"embeddable":true,"href":"https:\/\/2024.hpac.ca\/fr\/wp-json\/wp\/v2\/pages\/5825"}],"wp:attachment":[{"href":"https:\/\/2024.hpac.ca\/fr\/wp-json\/wp\/v2\/media?parent=5556"}],"curies":[{"name":"wp","href":"https:\/\/api.w.org\/{rel}","templated":true}]}}