{"id":5557,"date":"2024-06-26T18:35:40","date_gmt":"2024-06-26T18:35:40","guid":{"rendered":"https:\/\/2024.hpac.ca\/pilote\/carte-de-membre\/"},"modified":"2026-03-11T13:32:27","modified_gmt":"2026-03-11T13:32:27","slug":"carte-de-membre","status":"publish","type":"page","link":"https:\/\/2024.hpac.ca\/fr\/pilote\/carte-de-membre\/","title":{"rendered":"Carte de membre"},"content":{"rendered":"<p>[et_pb_section fb_built=\u00a0\u00bb1&Prime; _builder_version=\u00a0\u00bb4.25.2&Prime; _module_preset=\u00a0\u00bbdefault\u00a0\u00bb global_colors_info=\u00a0\u00bb{}\u00a0\u00bb][et_pb_row _builder_version=\u00a0\u00bb4.25.2&Prime; _module_preset=\u00a0\u00bbdefault\u00a0\u00bb global_colors_info=\u00a0\u00bb{}\u00a0\u00bb][et_pb_column type=\u00a0\u00bb4_4&Prime; _builder_version=\u00a0\u00bb4.25.2&Prime; _module_preset=\u00a0\u00bbdefault\u00a0\u00bb global_colors_info=\u00a0\u00bb{}\u00a0\u00bb][et_pb_text _builder_version=\u00a0\u00bb4.25.2&Prime; _module_preset=\u00a0\u00bbdefault\u00a0\u00bb header_font=\u00a0\u00bb|600|||||||\u00a0\u00bb header_text_color=\u00a0\u00bb#545458&Prime; header_font_size=\u00a0\u00bb36px\u00a0\u00bb custom_margin=\u00a0\u00bb||8px||false|false\u00a0\u00bb header_font_size_tablet=\u00a0\u00bb36px\u00a0\u00bb header_font_size_phone=\u00a0\u00bb25px\u00a0\u00bb header_font_size_last_edited=\u00a0\u00bbon|phone\u00a0\u00bb global_colors_info=\u00a0\u00bb{}\u00a0\u00bb]<\/p>\n<h1>Carte de membre<\/h1>\n<p>[\/et_pb_text][et_pb_text _builder_version=\u00a0\u00bb4.25.2&Prime; _module_preset=\u00a0\u00bbdefault\u00a0\u00bb text_font=\u00a0\u00bb|300|||||||\u00a0\u00bb text_text_color=\u00a0\u00bb#6B6B6B\u00a0\u00bb link_font=\u00a0\u00bb||||on||||\u00a0\u00bb link_text_color=\u00a0\u00bb#6b6b6b\u00a0\u00bb global_colors_info=\u00a0\u00bb{}\u00a0\u00bb]<\/p>\n<p>&nbsp;<\/p>\n<p>Une fois que votre instructeur aura soumis votre qualification, vous recevrez par courriel une carte \u00e9lectronique indiquant votre statut de membre actuel et sa date d&rsquo;expiration, vos qualifications de pilote et votre num\u00e9ro HAGAR (le cas \u00e9ch\u00e9ant). Cette carte peut \u00eatre imprim\u00e9e par le pilote ou transport\u00e9e \u00e9lectroniquement sur un t\u00e9l\u00e9phone intelligent comme preuve d&rsquo;adh\u00e9sion. Chaque fois qu&rsquo;un pilote obtient une nouvelle qualification, qu&rsquo;il renouvelle son adh\u00e9sion ou qu&rsquo;il obtient des avenants, une nouvelle carte avec les informations mises \u00e0 jour est automatiquement g\u00e9n\u00e9r\u00e9e par le site web et envoy\u00e9e par courrier \u00e9lectronique au pilote.  <\/p>\n<p>Ma carte de membre (*Le pilote doit \u00eatre connect\u00e9). La carte de devises est \u00e9galement accessible sur la page d&rsquo;accueil de ce site, simplement en vous connectant au site et en cliquant sur \u00ab\u00a0Ma carte de membre\u00a0\u00bb. <\/p>\n<p>&nbsp;<\/p>\n<p>&nbsp;<\/p>\n<p>[\/et_pb_text][\/et_pb_column][\/et_pb_row][\/et_pb_section]<\/p>\n","protected":false},"excerpt":{"rendered":"<p>Carte de membre&nbsp; Une fois que votre instructeur aura soumis votre qualification, vous recevrez par courriel une carte \u00e9lectronique indiquant votre statut de membre actuel et sa date d&rsquo;expiration, vos qualifications de pilote et votre num\u00e9ro HAGAR (le cas \u00e9ch\u00e9ant). Cette carte peut \u00eatre imprim\u00e9e par le pilote ou transport\u00e9e \u00e9lectroniquement sur un t\u00e9l\u00e9phone intelligent [&hellip;]<\/p>\n","protected":false},"author":4,"featured_media":0,"parent":5416,"menu_order":0,"comment_status":"closed","ping_status":"closed","template":"","meta":{"_acf_changed":false,"_et_pb_use_builder":"on","_et_pb_old_content":"","_et_gb_content_width":"","footnotes":""},"class_list":["post-5557","page","type-page","status-publish","hentry"],"acf":[],"yoast_head":"<!-- This site is optimized with the Yoast SEO plugin v27.4 - https:\/\/yoast.com\/product\/yoast-seo-wordpress\/ -->\n<title>Carte de membre - HPAC.ca<\/title>\n<meta name=\"robots\" content=\"index, follow, max-snippet:-1, max-image-preview:large, max-video-preview:-1\" \/>\n<link rel=\"canonical\" href=\"https:\/\/2024.hpac.ca\/fr\/pilote\/carte-de-membre\/\" \/>\n<meta property=\"og:locale\" content=\"fr_FR\" \/>\n<meta property=\"og:type\" content=\"article\" \/>\n<meta property=\"og:title\" content=\"Carte de membre - HPAC.ca\" \/>\n<meta property=\"og:description\" content=\"Carte de membre&nbsp; Une fois que votre instructeur aura soumis votre qualification, vous recevrez par courriel une carte \u00e9lectronique indiquant votre statut de membre actuel et sa date d&#039;expiration, vos qualifications de pilote et votre num\u00e9ro HAGAR (le cas \u00e9ch\u00e9ant). Cette carte peut \u00eatre imprim\u00e9e par le pilote ou transport\u00e9e \u00e9lectroniquement sur un t\u00e9l\u00e9phone intelligent [&hellip;]\" \/>\n<meta property=\"og:url\" content=\"https:\/\/2024.hpac.ca\/fr\/pilote\/carte-de-membre\/\" \/>\n<meta property=\"og:site_name\" content=\"HPAC.ca\" \/>\n<meta property=\"article:modified_time\" content=\"2026-03-11T13:32:27+00:00\" \/>\n<meta name=\"twitter:card\" content=\"summary_large_image\" \/>\n<meta name=\"twitter:label1\" content=\"Dur\u00e9e de lecture estim\u00e9e\" \/>\n\t<meta name=\"twitter:data1\" content=\"1 minute\" \/>\n<script type=\"application\/ld+json\" class=\"yoast-schema-graph\">{\"@context\":\"https:\\\/\\\/schema.org\",\"@graph\":[{\"@type\":\"WebPage\",\"@id\":\"https:\\\/\\\/2024.hpac.ca\\\/fr\\\/pilote\\\/carte-de-membre\\\/\",\"url\":\"https:\\\/\\\/2024.hpac.ca\\\/fr\\\/pilote\\\/carte-de-membre\\\/\",\"name\":\"Carte de membre - HPAC.ca\",\"isPartOf\":{\"@id\":\"https:\\\/\\\/2024.hpac.ca\\\/fr\\\/#website\"},\"datePublished\":\"2024-06-26T18:35:40+00:00\",\"dateModified\":\"2026-03-11T13:32:27+00:00\",\"breadcrumb\":{\"@id\":\"https:\\\/\\\/2024.hpac.ca\\\/fr\\\/pilote\\\/carte-de-membre\\\/#breadcrumb\"},\"inLanguage\":\"fr-FR\",\"potentialAction\":[{\"@type\":\"ReadAction\",\"target\":[\"https:\\\/\\\/2024.hpac.ca\\\/fr\\\/pilote\\\/carte-de-membre\\\/\"]}]},{\"@type\":\"BreadcrumbList\",\"@id\":\"https:\\\/\\\/2024.hpac.ca\\\/fr\\\/pilote\\\/carte-de-membre\\\/#breadcrumb\",\"itemListElement\":[{\"@type\":\"ListItem\",\"position\":1,\"name\":\"Home\",\"item\":\"https:\\\/\\\/2024.hpac.ca\\\/fr\\\/\"},{\"@type\":\"ListItem\",\"position\":2,\"name\":\"Pilote\",\"item\":\"https:\\\/\\\/2024.hpac.ca\\\/fr\\\/pilote\\\/\"},{\"@type\":\"ListItem\",\"position\":3,\"name\":\"Carte de membre\"}]},{\"@type\":\"WebSite\",\"@id\":\"https:\\\/\\\/2024.hpac.ca\\\/fr\\\/#website\",\"url\":\"https:\\\/\\\/2024.hpac.ca\\\/fr\\\/\",\"name\":\"HPAC.ca\",\"description\":\"Hang Gliding and Paragliding Association\",\"potentialAction\":[{\"@type\":\"SearchAction\",\"target\":{\"@type\":\"EntryPoint\",\"urlTemplate\":\"https:\\\/\\\/2024.hpac.ca\\\/fr\\\/?s={search_term_string}\"},\"query-input\":{\"@type\":\"PropertyValueSpecification\",\"valueRequired\":true,\"valueName\":\"search_term_string\"}}],\"inLanguage\":\"fr-FR\"}]}<\/script>\n<!-- \/ Yoast SEO plugin. -->","yoast_head_json":{"title":"Carte de membre - HPAC.ca","robots":{"index":"index","follow":"follow","max-snippet":"max-snippet:-1","max-image-preview":"max-image-preview:large","max-video-preview":"max-video-preview:-1"},"canonical":"https:\/\/2024.hpac.ca\/fr\/pilote\/carte-de-membre\/","og_locale":"fr_FR","og_type":"article","og_title":"Carte de membre - HPAC.ca","og_description":"Carte de membre&nbsp; Une fois que votre instructeur aura soumis votre qualification, vous recevrez par courriel une carte \u00e9lectronique indiquant votre statut de membre actuel et sa date d'expiration, vos qualifications de pilote et votre num\u00e9ro HAGAR (le cas \u00e9ch\u00e9ant). Cette carte peut \u00eatre imprim\u00e9e par le pilote ou transport\u00e9e \u00e9lectroniquement sur un t\u00e9l\u00e9phone intelligent [&hellip;]","og_url":"https:\/\/2024.hpac.ca\/fr\/pilote\/carte-de-membre\/","og_site_name":"HPAC.ca","article_modified_time":"2026-03-11T13:32:27+00:00","twitter_card":"summary_large_image","twitter_misc":{"Dur\u00e9e de lecture estim\u00e9e":"1 minute"},"schema":{"@context":"https:\/\/schema.org","@graph":[{"@type":"WebPage","@id":"https:\/\/2024.hpac.ca\/fr\/pilote\/carte-de-membre\/","url":"https:\/\/2024.hpac.ca\/fr\/pilote\/carte-de-membre\/","name":"Carte de membre - HPAC.ca","isPartOf":{"@id":"https:\/\/2024.hpac.ca\/fr\/#website"},"datePublished":"2024-06-26T18:35:40+00:00","dateModified":"2026-03-11T13:32:27+00:00","breadcrumb":{"@id":"https:\/\/2024.hpac.ca\/fr\/pilote\/carte-de-membre\/#breadcrumb"},"inLanguage":"fr-FR","potentialAction":[{"@type":"ReadAction","target":["https:\/\/2024.hpac.ca\/fr\/pilote\/carte-de-membre\/"]}]},{"@type":"BreadcrumbList","@id":"https:\/\/2024.hpac.ca\/fr\/pilote\/carte-de-membre\/#breadcrumb","itemListElement":[{"@type":"ListItem","position":1,"name":"Home","item":"https:\/\/2024.hpac.ca\/fr\/"},{"@type":"ListItem","position":2,"name":"Pilote","item":"https:\/\/2024.hpac.ca\/fr\/pilote\/"},{"@type":"ListItem","position":3,"name":"Carte de membre"}]},{"@type":"WebSite","@id":"https:\/\/2024.hpac.ca\/fr\/#website","url":"https:\/\/2024.hpac.ca\/fr\/","name":"HPAC.ca","description":"Hang Gliding and Paragliding Association","potentialAction":[{"@type":"SearchAction","target":{"@type":"EntryPoint","urlTemplate":"https:\/\/2024.hpac.ca\/fr\/?s={search_term_string}"},"query-input":{"@type":"PropertyValueSpecification","valueRequired":true,"valueName":"search_term_string"}}],"inLanguage":"fr-FR"}]}},"_links":{"self":[{"href":"https:\/\/2024.hpac.ca\/fr\/wp-json\/wp\/v2\/pages\/5557","targetHints":{"allow":["GET"]}}],"collection":[{"href":"https:\/\/2024.hpac.ca\/fr\/wp-json\/wp\/v2\/pages"}],"about":[{"href":"https:\/\/2024.hpac.ca\/fr\/wp-json\/wp\/v2\/types\/page"}],"author":[{"embeddable":true,"href":"https:\/\/2024.hpac.ca\/fr\/wp-json\/wp\/v2\/users\/4"}],"replies":[{"embeddable":true,"href":"https:\/\/2024.hpac.ca\/fr\/wp-json\/wp\/v2\/comments?post=5557"}],"version-history":[{"count":1,"href":"https:\/\/2024.hpac.ca\/fr\/wp-json\/wp\/v2\/pages\/5557\/revisions"}],"predecessor-version":[{"id":5563,"href":"https:\/\/2024.hpac.ca\/fr\/wp-json\/wp\/v2\/pages\/5557\/revisions\/5563"}],"up":[{"embeddable":true,"href":"https:\/\/2024.hpac.ca\/fr\/wp-json\/wp\/v2\/pages\/5416"}],"wp:attachment":[{"href":"https:\/\/2024.hpac.ca\/fr\/wp-json\/wp\/v2\/media?parent=5557"}],"curies":[{"name":"wp","href":"https:\/\/api.w.org\/{rel}","templated":true}]}}