{"id":5564,"date":"2024-06-26T18:35:57","date_gmt":"2024-06-26T18:35:57","guid":{"rendered":"https:\/\/2024.hpac.ca\/pilote\/competition-et-records\/"},"modified":"2026-05-12T16:36:03","modified_gmt":"2026-05-12T16:36:03","slug":"competition-et-records","status":"publish","type":"page","link":"https:\/\/2024.hpac.ca\/fr\/pilote\/competition-et-records\/","title":{"rendered":"Comp\u00e9tition et records"},"content":{"rendered":"<p>[et_pb_section fb_built=\u00a0\u00bb1&Prime; _builder_version=\u00a0\u00bb4.25.2&Prime; _module_preset=\u00a0\u00bbdefault\u00a0\u00bb global_colors_info=\u00a0\u00bb{}\u00a0\u00bb][et_pb_row _builder_version=\u00a0\u00bb4.25.2&Prime; _module_preset=\u00a0\u00bbdefault\u00a0\u00bb global_colors_info=\u00a0\u00bb{}\u00a0\u00bb][et_pb_column type=\u00a0\u00bb4_4&Prime; _builder_version=\u00a0\u00bb4.25.2&Prime; _module_preset=\u00a0\u00bbdefault\u00a0\u00bb global_colors_info=\u00a0\u00bb{}\u00a0\u00bb][et_pb_text _builder_version=\u00a0\u00bb4.27.6&Prime; _module_preset=\u00a0\u00bbdefault\u00a0\u00bb header_font=\u00a0\u00bb|600|||||||\u00a0\u00bb header_text_color=\u00a0\u00bb#545458&Prime; header_font_size=\u00a0\u00bb36px\u00a0\u00bb custom_margin=\u00a0\u00bb||8px||false|false\u00a0\u00bb header_font_size_tablet=\u00a0\u00bb36px\u00a0\u00bb header_font_size_phone=\u00a0\u00bb25px\u00a0\u00bb header_font_size_last_edited=\u00a0\u00bbon|phone\u00a0\u00bb global_colors_info=\u00a0\u00bb{}\u00a0\u00bb]<\/p>\n<h1>Comp\u00e9tition et records<\/h1>\n<p>[\/et_pb_text][et_pb_text _builder_version=\u00a0\u00bb4.25.2&Prime; _module_preset=\u00a0\u00bbdefault\u00a0\u00bb text_font=\u00a0\u00bb|300|||||||\u00a0\u00bb link_font=\u00a0\u00bb||||on||||\u00a0\u00bb link_text_color=\u00a0\u00bb#6B6B6B\u00a0\u00bb global_colors_info=\u00a0\u00bb{}\u00a0\u00bb]<\/p>\n<p>La HPAC offre \u00e0 ses membres un programme de comp\u00e9tition nationale.<\/p>\n<p>Les comp\u00e9titions sont un moyen pour les pilotes d&rsquo;am\u00e9liorer leurs comp\u00e9tences techniques, sportives et d\u00e9cisionnelles en interagissant avec d&rsquo;autres pilotes dans un environnement amusant mais comp\u00e9titif. En volant en synergie avec d&rsquo;autres pilotes de niveaux diff\u00e9rents, les pilotes peuvent am\u00e9liorer leurs propres comp\u00e9tences par l&rsquo;observation directe et l&rsquo;exp\u00e9rience personnelle, tout en fournissant un point de r\u00e9f\u00e9rence aux pilotes de comp\u00e9tition novices pour qu&rsquo;ils puissent se comparer et aspirer \u00e0 ce qu&rsquo;ils font. <\/p>\n<p>La HPAC s&rsquo;engage \u00e0 am\u00e9liorer les comp\u00e9tences des pilotes et \u00e0 rendre le sport plus s\u00fbr en offrant des possibilit\u00e9s de comp\u00e9tition pour des exp\u00e9riences d&rsquo;apprentissage individuelles, en fournissant les moyens de d\u00e9terminer les champions nationaux canadiens, en fournissant des fonds \u00e0 nos meilleurs pilotes pour qu&rsquo;ils puissent repr\u00e9senter le Canada aux Coupes du monde et aux Championnats du monde, et en travaillant avec les pilotes pour r\u00e9soudre les probl\u00e8mes qui peuvent survenir.<\/p>\n<p>[\/et_pb_text][et_pb_text quote_border_color=\u00a0\u00bb#f22312&Prime; _builder_version=\u00a0\u00bb4.25.2&Prime; _module_preset=\u00a0\u00bbdefault\u00a0\u00bb header_3_font=\u00a0\u00bb|700|||||||\u00a0\u00bb header_3_text_color=\u00a0\u00bb#666666&Prime; header_3_font_size=\u00a0\u00bb24px\u00a0\u00bb header_3_line_height=\u00a0\u00bb1.2em\u00a0\u00bb min_height=\u00a0\u00bb43.8px\u00a0\u00bb custom_margin=\u00a0\u00bb||0px||false|false\u00a0\u00bb custom_padding=\u00a0\u00bb||0px||false|false\u00a0\u00bb header_3_font_size_tablet=\u00a0\u00bb24px\u00a0\u00bb header_3_font_size_phone=\u00a0\u00bb22px\u00a0\u00bb header_3_font_size_last_edited=\u00a0\u00bbon|phone\u00a0\u00bb global_colors_info=\u00a0\u00bb{}\u00a0\u00bb]<\/p>\n<blockquote>\n<h3>Types de concurrence<\/h3>\n<\/blockquote>\n<p>[\/et_pb_text][et_pb_text _builder_version=\u00a0\u00bb4.27.6&Prime; _module_preset=\u00a0\u00bbdefault\u00a0\u00bb text_font=\u00a0\u00bb|300|||||||\u00a0\u00bb link_font=\u00a0\u00bb||||on||||\u00a0\u00bb link_text_color=\u00a0\u00bb#6B6B6B\u00a0\u00bb global_colors_info=\u00a0\u00bb{}\u00a0\u00bb]Il y a trois domaines de comp\u00e9tition actifs au Canada pour les deltaplanes et les parapentes.<\/p>\n<p>&nbsp;<\/p>\n<ol>\n<li>Comp\u00e9titions de course au but : la fa\u00e7on standard de concourir, une course super intense, super rapide, autour d&rsquo;un parcours d\u00e9termin\u00e9. Il y a g\u00e9n\u00e9ralement un championnat canadien de deltaplane et un championnat canadien de parapente chaque ann\u00e9e, ainsi qu&rsquo;un certain nombre de comp\u00e9titions r\u00e9gionales et locales. <\/li>\n<li>XCanada : une comp\u00e9tition nationale de cross-country. Enregistrez vos vols de cross-country \u00e0 l&rsquo;aide d&rsquo;un GPS et t\u00e9l\u00e9chargez-les ! Voir <a href=\"https:\/\/www.xcontest.org\/canada\/en\/\" target=\"_blank\" rel=\"noopener\">XCanada<\/a>. Conditions requises pour participer : \u00catre membre de la HPAC et conna\u00eetre la r\u00e9glementation de l&rsquo;espace a\u00e9rien. Si vous volez dans un espace a\u00e9rien de classe E, vous devez avoir pass\u00e9 l&rsquo;examen <a href=\"https:\/\/2024.hpac.ca\/fr\/hagar\/\">HAGAR<\/a>.    <\/li>\n<li>Records canadiens de cross-country : outre les records d\u00e9clar\u00e9s, qui doivent \u00eatre planifi\u00e9s \u00e0 l&rsquo;avance, il existe un certain nombre de records ouverts qui peuvent \u00eatre revendiqu\u00e9s apr\u00e8s le vol. Une licence sportive FAI n&rsquo;est plus n\u00e9cessaire pour revendiquer les records canadiens de distance. Cependant, toute personne pr\u00e9voyant de battre un record du monde au Canada ou \u00e0 l&rsquo;\u00e9tranger aura besoin d&rsquo;un <a href=\"https:\/\/pq3ivecn4rb.typeform.com\/to\/EhU0AhCT\" target=\"_blank\" rel=\"noopener\">formulaire de licence sportive de l&rsquo;ACC <\/a>. Veuillez contacter le <a href=\"mailto:records@hpac.ca\">responsable des records du<\/a> HPAC.   <\/li>\n<\/ol>\n<p>[\/et_pb_text][et_pb_text quote_border_color=\u00a0\u00bb#f22312&Prime; _builder_version=\u00a0\u00bb4.25.2&Prime; _module_preset=\u00a0\u00bbdefault\u00a0\u00bb header_3_font=\u00a0\u00bb|700|||||||\u00a0\u00bb header_3_text_color=\u00a0\u00bb#666666&Prime; header_3_font_size=\u00a0\u00bb24px\u00a0\u00bb header_3_line_height=\u00a0\u00bb1.2em\u00a0\u00bb min_height=\u00a0\u00bb43.8px\u00a0\u00bb custom_margin=\u00a0\u00bb||0px||false|false\u00a0\u00bb custom_padding=\u00a0\u00bb||0px||false|false\u00a0\u00bb header_3_font_size_tablet=\u00a0\u00bb24px\u00a0\u00bb header_3_font_size_phone=\u00a0\u00bb22px\u00a0\u00bb header_3_font_size_last_edited=\u00a0\u00bbon|phone\u00a0\u00bb global_colors_info=\u00a0\u00bb{}\u00a0\u00bb]<\/p>\n<blockquote>\n<h3>Comp\u00e9tition<\/h3>\n<\/blockquote>\n<p>[\/et_pb_text][et_pb_text _builder_version=\u00a0\u00bb4.25.2&Prime; _module_preset=\u00a0\u00bbdefault\u00a0\u00bb text_font=\u00a0\u00bb|300|||||||\u00a0\u00bb link_font=\u00a0\u00bb||||on||||\u00a0\u00bb link_text_color=\u00a0\u00bb#6B6B6B\u00a0\u00bb custom_margin=\u00a0\u00bb||5px||false|false\u00a0\u00bb global_colors_info=\u00a0\u00bb{}\u00a0\u00bb]<a href=\"https:\/\/2024.hpac.ca\/fr\/pilote\/competition-et-records\/participer-a-des-concours\/\"><strong>SE LANCER DANS LA COMP\u00c9TITION POUR LA PREMI\u00c8RE FOIS<\/strong><\/a><br \/>\n[\/et_pb_text][et_pb_text _builder_version=\u00a0\u00bb4.25.2&Prime; _module_preset=\u00a0\u00bbdefault\u00a0\u00bb text_font=\u00a0\u00bb|300|||||||\u00a0\u00bb link_text_color=\u00a0\u00bb#6B6B6B\u00a0\u00bb custom_margin=\u00a0\u00bb||15px||false|false\u00a0\u00bb global_colors_info=\u00a0\u00bb{}\u00a0\u00bb]Si vous participez pour la premi\u00e8re fois <a href=\"https:\/\/2024.hpac.ca\/fr\/pilote\/competition-et-records\/participer-a-des-concours\/\">\u00e0 une comp\u00e9tition, vous trouverez ici quelques conseils utiles pour votre premi\u00e8re comp\u00e9tition de course au but.<\/a><br \/>\n[\/et_pb_text][et_pb_text _builder_version=\u00a0\u00bb4.27.6&Prime; _module_preset=\u00a0\u00bbdefault\u00a0\u00bb text_font=\u00a0\u00bb|300|||||||\u00a0\u00bb link_text_color=\u00a0\u00bb#6B6B6B\u00a0\u00bb custom_margin=\u00a0\u00bb||5px||false|false\u00a0\u00bb global_colors_info=\u00a0\u00bb{}\u00a0\u00bb][\/et_pb_text][et_pb_text quote_border_color=\u00a0\u00bb#f22312&Prime; _builder_version=\u00a0\u00bb4.25.2&Prime; _module_preset=\u00a0\u00bbdefault\u00a0\u00bb header_3_font=\u00a0\u00bb|700|||||||\u00a0\u00bb header_3_text_color=\u00a0\u00bb#666666&Prime; header_3_font_size=\u00a0\u00bb24px\u00a0\u00bb header_3_line_height=\u00a0\u00bb1.2em\u00a0\u00bb min_height=\u00a0\u00bb43.8px\u00a0\u00bb custom_margin=\u00a0\u00bb||0px||false|false\u00a0\u00bb custom_padding=\u00a0\u00bb||0px||false|false\u00a0\u00bb header_3_font_size_tablet=\u00a0\u00bb24px\u00a0\u00bb header_3_font_size_phone=\u00a0\u00bb22px\u00a0\u00bb header_3_font_size_last_edited=\u00a0\u00bbon|phone\u00a0\u00bb global_colors_info=\u00a0\u00bb{}\u00a0\u00bb]<\/p>\n<blockquote>\n<h3>Prochains concours<\/h3>\n<\/blockquote>\n<p>[\/et_pb_text][et_pb_text _builder_version=\u00a0\u00bb4.27.6&Prime; _module_preset=\u00a0\u00bbdefault\u00a0\u00bb text_font=\u00a0\u00bb|300|||||||\u00a0\u00bb link_font=\u00a0\u00bb||||on||||\u00a0\u00bb link_text_color=\u00a0\u00bb#6B6B6B\u00a0\u00bb custom_margin=\u00a0\u00bb||15px||false|false\u00a0\u00bb global_colors_info=\u00a0\u00bb{}\u00a0\u00bb]<\/p>\n<p>Concours et \u00e9v\u00e9nements \u00e0 venir<\/p>\n<p>July 3-9, 2026: <a href=\"https:\/\/cpgro.org\/upcomingevents?event=golden-2026\" target=\"_blank\" rel=\"noopener\" title=\"Canadian Paragliding Nationals\">Canadian Paragliding Nationals <\/a> <\/p>\n<p>July 11-16, 2026: 50th Anniversary of the Lumby Air Force (<a href=\"mailto:randy@rauck.ca\" target=\"_blank\" rel=\"noopener\">contact Randy<\/a> for details or see event on our <a href=\"https:\/\/www.facebook.com\/groups\/1203572566353229\/\" target=\"_blank\" rel=\"noopener\">Facebook page<\/a>)<\/p>\n<p>July 18-25, 2026: <a href=\"https:\/\/civlcomps.org\/event\/canadian-hang-gliding-national-championship\" target=\"_blank\" rel=\"noopener\">Candadian Hang Gliding Nationals<\/a><\/p>\n<p>Les concours et les \u00e9v\u00e9nements sont \u00e9galement disponibles sous la rubrique \u00ab\u00a0\u00c9v\u00e9nements\u00a0\u00bb sur la <a href=\"https:\/\/www.facebook.com\/groups\/1203572566353229\/\" target=\"_blank\" rel=\"noopener\">page Facebook<\/a> officielle du HPAC.<\/p>\n<p>[\/et_pb_text][et_pb_text _builder_version=\u00a0\u00bb4.27.6&Prime; _module_preset=\u00a0\u00bbdefault\u00a0\u00bb text_font=\u00a0\u00bb|300|||||||\u00a0\u00bb link_font=\u00a0\u00bb||||on||||\u00a0\u00bb link_text_color=\u00a0\u00bb#6B6B6B\u00a0\u00bb custom_margin=\u00a0\u00bb||5px||false|false\u00a0\u00bb global_colors_info=\u00a0\u00bb{}\u00a0\u00bb]<a href=\"https:\/\/2024.hpac.ca\/download\/4690\/?tmstv=1720163043\"><strong>R\u00c8GLEMENT DE LA COMP\u00c9TITION CANADIENNE<\/strong><\/a><br \/>\n<a href=\"https:\/\/airspace.canadarasp.com\/canadian_airspace.html\" target=\"_blank\" rel=\"noopener\"><strong>V\u00c9RIFICATEUR DE L&rsquo;ESPACE A\u00c9RIEN<\/strong><\/a><br \/>\n[\/et_pb_text][et_pb_text _builder_version=\u00a0\u00bb4.25.2&Prime; _module_preset=\u00a0\u00bbdefault\u00a0\u00bb text_font=\u00a0\u00bb|300|||||||\u00a0\u00bb link_text_color=\u00a0\u00bb#6B6B6B\u00a0\u00bb custom_margin=\u00a0\u00bb||15px||false|false\u00a0\u00bb global_colors_info=\u00a0\u00bb{}\u00a0\u00bb]Les pilotes doivent utiliser l&rsquo;outil de v\u00e9rification de l&rsquo;espace a\u00e9rien du HPAC afin de se familiariser avec l&rsquo;espace a\u00e9rien adjacent au lieu de la comp\u00e9tition.<br \/>\n[\/et_pb_text][et_pb_text _builder_version=\u00a0\u00bb4.27.6&Prime; _module_preset=\u00a0\u00bbdefault\u00a0\u00bb text_font=\u00a0\u00bb|300|||||||\u00a0\u00bb link_font=\u00a0\u00bb||||on||||\u00a0\u00bb link_text_color=\u00a0\u00bb#6B6B6B\u00a0\u00bb custom_margin=\u00a0\u00bb||5px||false|false\u00a0\u00bb global_colors_info=\u00a0\u00bb{}\u00a0\u00bb]<a href=\"https:\/\/2024.hpac.ca\/fr\/pilote\/competition-et-records\/financement-de-concours-internationaux\/\"><strong>FINANCEMENT DES COMP\u00c9TITIONS INTERNATIONALES<\/strong><\/a><br \/>\n<a href=\"https:\/\/2024.hpac.ca\/fr\/licence-sportive-fai\/\"><strong>LICENCE SPORTIVE FAI POUR LES COMP\u00c9TITIONS INTERNATIONALES<\/strong><\/a><br \/>\n[\/et_pb_text][et_pb_text quote_border_color=\u00a0\u00bb#f22312&Prime; _builder_version=\u00a0\u00bb4.25.2&Prime; _module_preset=\u00a0\u00bbdefault\u00a0\u00bb header_3_font=\u00a0\u00bb|700|||||||\u00a0\u00bb header_3_text_color=\u00a0\u00bb#666666&Prime; header_3_font_size=\u00a0\u00bb24px\u00a0\u00bb header_3_line_height=\u00a0\u00bb1.2em\u00a0\u00bb min_height=\u00a0\u00bb43.8px\u00a0\u00bb custom_margin=\u00a0\u00bb||0px||false|false\u00a0\u00bb custom_padding=\u00a0\u00bb||0px||false|false\u00a0\u00bb header_3_font_size_tablet=\u00a0\u00bb24px\u00a0\u00bb header_3_font_size_phone=\u00a0\u00bb22px\u00a0\u00bb header_3_font_size_last_edited=\u00a0\u00bbon|phone\u00a0\u00bb global_colors_info=\u00a0\u00bb{}\u00a0\u00bb]<\/p>\n<blockquote>\n<h3>Pour les directeurs de comp\u00e9tition<\/h3>\n<\/blockquote>\n<p>[\/et_pb_text][et_pb_text _builder_version=\u00a0\u00bb4.25.2&Prime; _module_preset=\u00a0\u00bbdefault\u00a0\u00bb text_font=\u00a0\u00bb|300|||||||\u00a0\u00bb link_font=\u00a0\u00bb||||on||||\u00a0\u00bb link_text_color=\u00a0\u00bb#6B6B6B\u00a0\u00bb custom_margin=\u00a0\u00bb||15px||false|false\u00a0\u00bb global_colors_info=\u00a0\u00bb{}\u00a0\u00bb]Les directeurs de comp\u00e9tition doivent conna\u00eetre \u00e0 fond le livre des r\u00e8glements des comp\u00e9titions canadiennes. Ils doivent \u00e9galement suivre les <a href=\"https:\/\/2024.hpac.ca\/fr\/pilote\/competition-et-records\/lignes-directrices-pour-lorganisation-de-competitions-sanctionnees-par-la-hpac-au-canada\/\">Lignes directrices pour l&rsquo;organisation de comp\u00e9titions au Canada<\/a>. <\/p>\n<p>La s\u00e9curit\u00e9 est une valeur fondamentale pour tous les \u00e9v\u00e9nements sanctionn\u00e9s par la HPAC. Les directeurs de comp\u00e9tition doivent mettre l&rsquo;accent sur la S\u00c9CURIT\u00c9 et suivre les <a href=\"https:\/\/2024.hpac.ca\/fr\/gestion-de-la-securite-des-competitions-et-des-evenements\/\">lignes directrices sur la gestion de la s\u00e9curit\u00e9 des comp\u00e9titions<\/a>.<br \/>\n[\/et_pb_text][et_pb_text quote_border_color=\u00a0\u00bb#f22312&Prime; _builder_version=\u00a0\u00bb4.25.2&Prime; _module_preset=\u00a0\u00bbdefault\u00a0\u00bb header_3_font=\u00a0\u00bb|700|||||||\u00a0\u00bb header_3_text_color=\u00a0\u00bb#666666&Prime; header_3_font_size=\u00a0\u00bb24px\u00a0\u00bb header_3_line_height=\u00a0\u00bb1.2em\u00a0\u00bb min_height=\u00a0\u00bb43.8px\u00a0\u00bb custom_margin=\u00a0\u00bb||0px||false|false\u00a0\u00bb custom_padding=\u00a0\u00bb||0px||false|false\u00a0\u00bb header_3_font_size_tablet=\u00a0\u00bb24px\u00a0\u00bb header_3_font_size_phone=\u00a0\u00bb22px\u00a0\u00bb header_3_font_size_last_edited=\u00a0\u00bbon|phone\u00a0\u00bb global_colors_info=\u00a0\u00bb{}\u00a0\u00bb]<\/p>\n<blockquote>\n<h3>Dossiers<\/h3>\n<\/blockquote>\n<p>[\/et_pb_text][et_pb_text _builder_version=\u00a0\u00bb4.25.2&Prime; _module_preset=\u00a0\u00bbdefault\u00a0\u00bb text_font=\u00a0\u00bb|300|||||||\u00a0\u00bb link_font=\u00a0\u00bb||||on||||\u00a0\u00bb link_text_color=\u00a0\u00bb#6B6B6B\u00a0\u00bb custom_margin=\u00a0\u00bb||15px||false|false\u00a0\u00bb global_colors_info=\u00a0\u00bb{}\u00a0\u00bb]La \u00ab\u00a0chasse aux records\u00a0\u00bb est une autre fa\u00e7on de concourir. Dans ce cas, au lieu de participer \u00e0 des comp\u00e9titions organis\u00e9es, les pilotes peuvent choisir de se mesurer \u00e0 un record canadien ou mondial existant en tentant d&rsquo;en \u00e9tablir un nouveau. <\/p>\n<p>Pour vous familiariser avec les types de records et les r\u00e8gles relatives \u00e0 chaque type de record, veuillez consulter le <a href=\"https:\/\/2024.hpac.ca\/download\/4692\/?tmstv=1720163964\">code sportif de la FAI<\/a> et les <a href=\"https:\/\/2024.hpac.ca\/download\/4693\/?tmstv=1720163992\">d\u00e9finitions du code sportif de la FAI<\/a> pour chaque classe de record.<\/p>\n<p>Pour conna\u00eetre les proc\u00e9dures \u00e0 suivre pour faire une demande d&rsquo;enregistrement au Canada, veuillez consulter la page suivante. Vous pouvez toujours contacter le pr\u00e9sident des archives de la HPAC pour toute information compl\u00e9mentaire. <\/p>\n<p>&nbsp;<br \/>\n[\/et_pb_text][\/et_pb_column][\/et_pb_row][\/et_pb_section]<\/p>\n","protected":false},"excerpt":{"rendered":"<p>Comp\u00e9tition et records La HPAC offre \u00e0 ses membres un programme de comp\u00e9tition nationale. Les comp\u00e9titions sont un moyen pour les pilotes d&rsquo;am\u00e9liorer leurs comp\u00e9tences techniques, sportives et d\u00e9cisionnelles en interagissant avec d&rsquo;autres pilotes dans un environnement amusant mais comp\u00e9titif. En volant en synergie avec d&rsquo;autres pilotes de niveaux diff\u00e9rents, les pilotes peuvent am\u00e9liorer leurs [&hellip;]<\/p>\n","protected":false},"author":4,"featured_media":0,"parent":5416,"menu_order":0,"comment_status":"closed","ping_status":"closed","template":"","meta":{"_acf_changed":false,"_et_pb_use_builder":"on","_et_pb_old_content":"","_et_gb_content_width":"","footnotes":""},"class_list":["post-5564","page","type-page","status-publish","hentry"],"acf":[],"yoast_head":"<!-- This site is optimized with the Yoast SEO plugin v27.4 - https:\/\/yoast.com\/product\/yoast-seo-wordpress\/ -->\n<title>Comp\u00e9tition et records - HPAC.ca<\/title>\n<meta name=\"robots\" content=\"index, follow, max-snippet:-1, max-image-preview:large, max-video-preview:-1\" \/>\n<link rel=\"canonical\" href=\"https:\/\/2024.hpac.ca\/fr\/pilote\/competition-et-records\/\" \/>\n<meta property=\"og:locale\" content=\"fr_FR\" \/>\n<meta property=\"og:type\" content=\"article\" \/>\n<meta property=\"og:title\" content=\"Comp\u00e9tition et records - HPAC.ca\" \/>\n<meta property=\"og:description\" content=\"Comp\u00e9tition et records La HPAC offre \u00e0 ses membres un programme de comp\u00e9tition nationale. Les comp\u00e9titions sont un moyen pour les pilotes d&#039;am\u00e9liorer leurs comp\u00e9tences techniques, sportives et d\u00e9cisionnelles en interagissant avec d&#039;autres pilotes dans un environnement amusant mais comp\u00e9titif. En volant en synergie avec d&#039;autres pilotes de niveaux diff\u00e9rents, les pilotes peuvent am\u00e9liorer leurs [&hellip;]\" \/>\n<meta property=\"og:url\" content=\"https:\/\/2024.hpac.ca\/fr\/pilote\/competition-et-records\/\" \/>\n<meta property=\"og:site_name\" content=\"HPAC.ca\" \/>\n<meta property=\"article:modified_time\" content=\"2026-05-12T16:36:03+00:00\" \/>\n<meta name=\"twitter:card\" content=\"summary_large_image\" \/>\n<meta name=\"twitter:label1\" content=\"Dur\u00e9e de lecture estim\u00e9e\" \/>\n\t<meta name=\"twitter:data1\" content=\"4 minute\" \/>\n<script type=\"application\/ld+json\" class=\"yoast-schema-graph\">{\"@context\":\"https:\\\/\\\/schema.org\",\"@graph\":[{\"@type\":\"WebPage\",\"@id\":\"https:\\\/\\\/2024.hpac.ca\\\/fr\\\/pilote\\\/competition-et-records\\\/\",\"url\":\"https:\\\/\\\/2024.hpac.ca\\\/fr\\\/pilote\\\/competition-et-records\\\/\",\"name\":\"Comp\u00e9tition et records - HPAC.ca\",\"isPartOf\":{\"@id\":\"https:\\\/\\\/2024.hpac.ca\\\/fr\\\/#website\"},\"datePublished\":\"2024-06-26T18:35:57+00:00\",\"dateModified\":\"2026-05-12T16:36:03+00:00\",\"breadcrumb\":{\"@id\":\"https:\\\/\\\/2024.hpac.ca\\\/fr\\\/pilote\\\/competition-et-records\\\/#breadcrumb\"},\"inLanguage\":\"fr-FR\",\"potentialAction\":[{\"@type\":\"ReadAction\",\"target\":[\"https:\\\/\\\/2024.hpac.ca\\\/fr\\\/pilote\\\/competition-et-records\\\/\"]}]},{\"@type\":\"BreadcrumbList\",\"@id\":\"https:\\\/\\\/2024.hpac.ca\\\/fr\\\/pilote\\\/competition-et-records\\\/#breadcrumb\",\"itemListElement\":[{\"@type\":\"ListItem\",\"position\":1,\"name\":\"Home\",\"item\":\"https:\\\/\\\/2024.hpac.ca\\\/fr\\\/\"},{\"@type\":\"ListItem\",\"position\":2,\"name\":\"Pilote\",\"item\":\"https:\\\/\\\/2024.hpac.ca\\\/fr\\\/pilote\\\/\"},{\"@type\":\"ListItem\",\"position\":3,\"name\":\"Comp\u00e9tition et records\"}]},{\"@type\":\"WebSite\",\"@id\":\"https:\\\/\\\/2024.hpac.ca\\\/fr\\\/#website\",\"url\":\"https:\\\/\\\/2024.hpac.ca\\\/fr\\\/\",\"name\":\"HPAC.ca\",\"description\":\"Hang Gliding and Paragliding Association\",\"potentialAction\":[{\"@type\":\"SearchAction\",\"target\":{\"@type\":\"EntryPoint\",\"urlTemplate\":\"https:\\\/\\\/2024.hpac.ca\\\/fr\\\/?s={search_term_string}\"},\"query-input\":{\"@type\":\"PropertyValueSpecification\",\"valueRequired\":true,\"valueName\":\"search_term_string\"}}],\"inLanguage\":\"fr-FR\"}]}<\/script>\n<!-- \/ Yoast SEO plugin. -->","yoast_head_json":{"title":"Comp\u00e9tition et records - HPAC.ca","robots":{"index":"index","follow":"follow","max-snippet":"max-snippet:-1","max-image-preview":"max-image-preview:large","max-video-preview":"max-video-preview:-1"},"canonical":"https:\/\/2024.hpac.ca\/fr\/pilote\/competition-et-records\/","og_locale":"fr_FR","og_type":"article","og_title":"Comp\u00e9tition et records - HPAC.ca","og_description":"Comp\u00e9tition et records La HPAC offre \u00e0 ses membres un programme de comp\u00e9tition nationale. Les comp\u00e9titions sont un moyen pour les pilotes d'am\u00e9liorer leurs comp\u00e9tences techniques, sportives et d\u00e9cisionnelles en interagissant avec d'autres pilotes dans un environnement amusant mais comp\u00e9titif. En volant en synergie avec d'autres pilotes de niveaux diff\u00e9rents, les pilotes peuvent am\u00e9liorer leurs [&hellip;]","og_url":"https:\/\/2024.hpac.ca\/fr\/pilote\/competition-et-records\/","og_site_name":"HPAC.ca","article_modified_time":"2026-05-12T16:36:03+00:00","twitter_card":"summary_large_image","twitter_misc":{"Dur\u00e9e de lecture estim\u00e9e":"4 minute"},"schema":{"@context":"https:\/\/schema.org","@graph":[{"@type":"WebPage","@id":"https:\/\/2024.hpac.ca\/fr\/pilote\/competition-et-records\/","url":"https:\/\/2024.hpac.ca\/fr\/pilote\/competition-et-records\/","name":"Comp\u00e9tition et records - HPAC.ca","isPartOf":{"@id":"https:\/\/2024.hpac.ca\/fr\/#website"},"datePublished":"2024-06-26T18:35:57+00:00","dateModified":"2026-05-12T16:36:03+00:00","breadcrumb":{"@id":"https:\/\/2024.hpac.ca\/fr\/pilote\/competition-et-records\/#breadcrumb"},"inLanguage":"fr-FR","potentialAction":[{"@type":"ReadAction","target":["https:\/\/2024.hpac.ca\/fr\/pilote\/competition-et-records\/"]}]},{"@type":"BreadcrumbList","@id":"https:\/\/2024.hpac.ca\/fr\/pilote\/competition-et-records\/#breadcrumb","itemListElement":[{"@type":"ListItem","position":1,"name":"Home","item":"https:\/\/2024.hpac.ca\/fr\/"},{"@type":"ListItem","position":2,"name":"Pilote","item":"https:\/\/2024.hpac.ca\/fr\/pilote\/"},{"@type":"ListItem","position":3,"name":"Comp\u00e9tition et records"}]},{"@type":"WebSite","@id":"https:\/\/2024.hpac.ca\/fr\/#website","url":"https:\/\/2024.hpac.ca\/fr\/","name":"HPAC.ca","description":"Hang Gliding and Paragliding Association","potentialAction":[{"@type":"SearchAction","target":{"@type":"EntryPoint","urlTemplate":"https:\/\/2024.hpac.ca\/fr\/?s={search_term_string}"},"query-input":{"@type":"PropertyValueSpecification","valueRequired":true,"valueName":"search_term_string"}}],"inLanguage":"fr-FR"}]}},"_links":{"self":[{"href":"https:\/\/2024.hpac.ca\/fr\/wp-json\/wp\/v2\/pages\/5564","targetHints":{"allow":["GET"]}}],"collection":[{"href":"https:\/\/2024.hpac.ca\/fr\/wp-json\/wp\/v2\/pages"}],"about":[{"href":"https:\/\/2024.hpac.ca\/fr\/wp-json\/wp\/v2\/types\/page"}],"author":[{"embeddable":true,"href":"https:\/\/2024.hpac.ca\/fr\/wp-json\/wp\/v2\/users\/4"}],"replies":[{"embeddable":true,"href":"https:\/\/2024.hpac.ca\/fr\/wp-json\/wp\/v2\/comments?post=5564"}],"version-history":[{"count":42,"href":"https:\/\/2024.hpac.ca\/fr\/wp-json\/wp\/v2\/pages\/5564\/revisions"}],"predecessor-version":[{"id":6724,"href":"https:\/\/2024.hpac.ca\/fr\/wp-json\/wp\/v2\/pages\/5564\/revisions\/6724"}],"up":[{"embeddable":true,"href":"https:\/\/2024.hpac.ca\/fr\/wp-json\/wp\/v2\/pages\/5416"}],"wp:attachment":[{"href":"https:\/\/2024.hpac.ca\/fr\/wp-json\/wp\/v2\/media?parent=5564"}],"curies":[{"name":"wp","href":"https:\/\/api.w.org\/{rel}","templated":true}]}}