{"id":5575,"date":"2024-07-03T16:55:54","date_gmt":"2024-07-03T16:55:54","guid":{"rendered":"https:\/\/2024.hpac.ca\/pilote\/competition-et-records\/participer-a-des-concours\/"},"modified":"2026-03-11T13:32:37","modified_gmt":"2026-03-11T13:32:37","slug":"participer-a-des-concours","status":"publish","type":"page","link":"https:\/\/2024.hpac.ca\/fr\/pilote\/competition-et-records\/participer-a-des-concours\/","title":{"rendered":"Participer \u00e0 des concours"},"content":{"rendered":"<p>[et_pb_section fb_built=\u00a0\u00bb1&Prime; _builder_version=\u00a0\u00bb4.25.2&Prime; _module_preset=\u00a0\u00bbdefault\u00a0\u00bb global_colors_info=\u00a0\u00bb{}\u00a0\u00bb theme_builder_area=\u00a0\u00bbpost_content\u00a0\u00bb][et_pb_row _builder_version=\u00a0\u00bb4.25.2&Prime; _module_preset=\u00a0\u00bbdefault\u00a0\u00bb global_colors_info=\u00a0\u00bb{}\u00a0\u00bb theme_builder_area=\u00a0\u00bbpost_content\u00a0\u00bb][et_pb_column type=\u00a0\u00bb4_4&Prime; _builder_version=\u00a0\u00bb4.25.2&Prime; _module_preset=\u00a0\u00bbdefault\u00a0\u00bb global_colors_info=\u00a0\u00bb{}\u00a0\u00bb theme_builder_area=\u00a0\u00bbpost_content\u00a0\u00bb][et_pb_text _builder_version=\u00a0\u00bb4.25.2&Prime; _module_preset=\u00a0\u00bbdefault\u00a0\u00bb header_font=\u00a0\u00bb|600|||||||\u00a0\u00bb header_text_color=\u00a0\u00bb#545458&Prime; header_font_size=\u00a0\u00bb36px\u00a0\u00bb custom_margin=\u00a0\u00bb||8px||false|false\u00a0\u00bb hover_enabled=\u00a0\u00bb0&Prime; header_font_size_tablet=\u00a0\u00bb36px\u00a0\u00bb header_font_size_phone=\u00a0\u00bb25px\u00a0\u00bb header_font_size_last_edited=\u00a0\u00bbon|phone\u00a0\u00bb global_colors_info=\u00a0\u00bb{}\u00a0\u00bb theme_builder_area=\u00a0\u00bbpost_content\u00a0\u00bb sticky_enabled=\u00a0\u00bb0&Prime;]<\/p>\n<h1>Participer \u00e0 des concours<\/h1>\n<p>[\/et_pb_text][et_pb_text _builder_version=\u00a0\u00bb4.25.2&Prime; _module_preset=\u00a0\u00bbdefault\u00a0\u00bb text_font=\u00a0\u00bb|300|||||||\u00a0\u00bb link_font=\u00a0\u00bb||||on||||\u00a0\u00bb link_text_color=\u00a0\u00bb#6B6B6B\u00a0\u00bb hover_enabled=\u00a0\u00bb0&Prime; global_colors_info=\u00a0\u00bb{}\u00a0\u00bb theme_builder_area=\u00a0\u00bbpost_content\u00a0\u00bb sticky_enabled=\u00a0\u00bb0&Prime;]<\/p>\n<p><strong>VOUS VOULEZ DONC VOUS LANCER DANS LA COMP\u00c9TITION !<\/strong><\/p>\n<p>[\/et_pb_text][et_pb_text _builder_version=\u00a0\u00bb4.25.2&Prime; _module_preset=\u00a0\u00bbdefault\u00a0\u00bb text_font=\u00a0\u00bb|300|||||||\u00a0\u00bb link_font=\u00a0\u00bb||||on||||\u00a0\u00bb link_text_color=\u00a0\u00bb#6B6B6B\u00a0\u00bb hover_enabled=\u00a0\u00bb0&Prime; global_colors_info=\u00a0\u00bb{}\u00a0\u00bb theme_builder_area=\u00a0\u00bbpost_content\u00a0\u00bb sticky_enabled=\u00a0\u00bb0&Prime; custom_margin=\u00a0\u00bb||25px||false|false\u00a0\u00bb]<\/p>\n<p>Bienvenue dans le monde de la comp\u00e9tition ! C&rsquo;est un excellent moyen d&rsquo;am\u00e9liorer vos comp\u00e9tences physiques en vol ainsi que des \u00e9l\u00e9ments tels que l&rsquo;\u00e9tiquette en vol, la pr\u00e9paration mentale, les capacit\u00e9s de jugement et la r\u00e9solution de probl\u00e8mes. La plupart des comp\u00e9titions accueillent les nouveaux pilotes de comp\u00e9tition et les nouveaux pilotes en g\u00e9n\u00e9ral, que ce soit en tant que techniciens du vent ou en tant que comp\u00e9titeurs \u00e0 part enti\u00e8re. De nos jours, de nombreuses comp\u00e9titions comprennent \u00e9galement diverses cat\u00e9gories pour les pilotes de comp\u00e9tition novices, afin que ces derniers puissent concourir sur un pied d&rsquo;\u00e9galit\u00e9.   <\/p>\n<p><strong>De quoi avez-vous besoin pour \u00eatre comp\u00e9titif ?<\/strong><\/p>\n<p>Tout d&rsquo;abord, vous avez besoin d&rsquo;un parapente, d&rsquo;une sellette et d&rsquo;un parachute de secours en \u00e9tat de marche. Ces \u00e9l\u00e9ments sont acquis, mais certaines comp\u00e9titions ont des r\u00e8gles sp\u00e9cifiques que vous devez conna\u00eetre avant de vous engager. Par exemple, certaines comp\u00e9titions peuvent exiger une certaine protection dorsale ou un certain type de casque. D&rsquo;autres peuvent exiger plus de deux parachutes de secours.   <\/p>\n<p><strong>Instrument pour enregistrer votre tracklog<\/strong>: vous aurez besoin d&rsquo;un instrument qui enregistre votre tracklog et produit ce que l&rsquo;on appelle un fichier IGC. Votre tracklog est essentiellement l&rsquo;endroit o\u00f9 vous avez vol\u00e9, l&rsquo;IGC est le format sp\u00e9cifique\/la sortie de cette piste. De nombreux instruments conviennent parfaitement aux comp\u00e9titions et celui que vous utilisez pour vos vols de loisir peut \u00e9galement servir d&rsquo;instrument de comp\u00e9tition. De nombreux pilotes de comp\u00e9tition s\u00e9rieux ont \u00e9galement un instrument de secours, ce qui signifie 2 ou 3 (voire plus) instruments, mais un seul suffit la plupart du temps.   <\/p>\n<p>En g\u00e9n\u00e9ral, le plus grand inconv\u00e9nient pour les pilotes de comp\u00e9tition d\u00e9butants et leur instrument est de ne pas savoir comment il fonctionne et d&rsquo;essayer de le d\u00e9couvrir au d\u00e9collage le premier jour de la comp\u00e9tition. Ne faites pas cela ! Entra\u00eenez-vous \u00e0 la maison : entrez une t\u00e2che d&rsquo;entra\u00eenement dans votre instrument (une t\u00e2che simple, par exemple : de votre maison \u00e0 l&rsquo;\u00e9picerie et retour \u00e0 la maison), effectuez la t\u00e2che (en marchant, dans votre voiture, peu importe), puis t\u00e9l\u00e9chargez la piste pour voir si vous avez fait ce que vous avez programm\u00e9 pour l&rsquo;instrument. Vous aurez \u00e9videmment besoin de votre guide de l&rsquo;utilisateur pour faire cela la premi\u00e8re fois, mais faites-le plusieurs fois (et demandez de l&rsquo;aide si n\u00e9cessaire) et vous serez bien meilleur \u00e0 l&rsquo;ordinateur !   <\/p>\n<p><strong>Radio<\/strong>: un autre gadget essentiel est la radio. Remarque : la radio vous sert \u00e0 \u00c9COUTER, pas \u00e0 discuter. Tout ce que vous devez entendre sur la radio, ce sont les informations de s\u00e9curit\u00e9 essentielles, ou vous r\u00e9pondant \u00e0 des questions directes ou donnant volontairement des informations de s\u00e9curit\u00e9 (par exemple : \u00ab\u00a0Il pleut au point de virage 3\u00a0\u00bb). Les comp\u00e9titions ont presque toujours des fr\u00e9quences s\u00e9par\u00e9es pour le vol et la r\u00e9cup\u00e9ration, de sorte que vous n&rsquo;aurez pas \u00e0 \u00e9couter les d\u00e9tails de la r\u00e9cup\u00e9ration pendant que vous vous concentrez sur le vol.   <\/p>\n<p>[\/et_pb_text][et_pb_text _builder_version=\u00a0\u00bb4.25.2&Prime; _module_preset=\u00a0\u00bbdefault\u00a0\u00bb text_font=\u00a0\u00bb|300|||||||\u00a0\u00bb link_font=\u00a0\u00bb||||on||||\u00a0\u00bb link_text_color=\u00a0\u00bb#6B6B6B\u00a0\u00bb hover_enabled=\u00a0\u00bb0&Prime; global_colors_info=\u00a0\u00bb{}\u00a0\u00bb theme_builder_area=\u00a0\u00bbpost_content\u00a0\u00bb sticky_enabled=\u00a0\u00bb0&Prime; custom_margin=\u00a0\u00bb||25px||false|false\u00a0\u00bb]<\/p>\n<p><strong>Autres gadgets utiles<\/strong>: t\u00e9l\u00e9phones portables, couteaux \u00e0 crochets, traceurs de vie, cam\u00e9ras et balises de sauvetage. Certains ont une utilisation limit\u00e9e (par exemple les t\u00e9l\u00e9phones portables dans les zones recul\u00e9es), mais vous ne savez jamais quand vous en aurez besoin. Le mieux est d&rsquo;en avoir et de ne jamais s&rsquo;en servir plut\u00f4t que de regretter de ne pas en avoir lorsque vous \u00eates dans le p\u00e9trin !  <\/p>\n<p><strong>A quoi peut ressembler votre premier concours<\/strong><\/p>\n<p>D&rsquo;accord, vous avez votre mat\u00e9riel, vous savez vous servir de votre instrument et vous avez pay\u00e9 le droit d&rsquo;entr\u00e9e. C&rsquo;est le premier jour. Et maintenant, que faire ?  <\/p>\n<p>Tout d&rsquo;abord, vous avez probablement assist\u00e9 \u00e0 ce que l&rsquo;on appelle le briefing de s\u00e9curit\u00e9 obligatoire la veille ou le matin m\u00eame. Ce briefing est OBLIGATOIRE (certaines comp\u00e9titions enregistrent les pr\u00e9sences et les absences et p\u00e9nalisent ceux qui ne s&rsquo;y rendent pas). L&rsquo;organisateur de la rencontre discutera de questions telles que l&rsquo;espace a\u00e9rien, les propri\u00e9taires terriens hostiles, la m\u00e9t\u00e9orologie locale&#8230; essentiellement des choses que vous voudriez savoir \u00e0 chaque fois que vous volez sur un nouveau site. Il y sera \u00e9galement question du QG, des f\u00eates \u00e0 venir, de qui est qui, des num\u00e9ros de t\u00e9l\u00e9phone importants \u00e0 noter, etc. En r\u00e9sum\u00e9, c&rsquo;est une r\u00e9union \u00e0 ne pas manquer.    <\/p>\n<p>Ensuite, vous \u00eates pr\u00eat \u00e0 d\u00e9coller. Tout d&rsquo;abord, s&rsquo;il est \u00e9vident que vous allez voler, pr\u00e9parez vos affaires <strong>MAINTENANT<\/strong>. N&rsquo;attendez pas plus tard, pour plusieurs raisons :  <\/p>\n<p><strong>Tout d&rsquo;abord<\/strong>, s&rsquo;il y a beaucoup de monde au lancement, vous risquez de ne pas trouver de place plus tard ;<\/p>\n<p><strong>Deuxi\u00e8mement<\/strong>, vous ne voulez pas \u00eatre press\u00e9 \u00e0 la fin ;<\/p>\n<p><strong>Troisi\u00e8mement<\/strong>, cela vous permet de vous assurer que tout est en ordre et que vous n&rsquo;avez rien oubli\u00e9 (et si c&rsquo;est le cas, il est encore temps pour quelqu&rsquo;un d&rsquo;en parler).<\/p>\n<p>Suivez les instructions donn\u00e9es lors de la r\u00e9union de s\u00e9curit\u00e9&#8230; s&rsquo;il y a une zone de lancement d\u00e9sign\u00e9e, restez \u00e0 l&rsquo;\u00e9cart ! Vous pouvez g\u00e9n\u00e9ralement utiliser la zone de d\u00e9collage pour vous installer, mais d\u00e9placez tout sur le c\u00f4t\u00e9 pour permettre \u00e0 quelqu&rsquo;un d&rsquo;autre de faire de m\u00eame. <\/p>\n<p>Envisagez un syst\u00e8me de miction en vol. Si vous n&rsquo;avez pas l&rsquo;habitude de vous retenir, vous risquez d&rsquo;\u00eatre distrait et contraint d&rsquo;atterrir plus t\u00f4t que pr\u00e9vu pour soulager votre vessie. Les hommes utilisent g\u00e9n\u00e9ralement des sondes \u00e0 pr\u00e9servatif externe, les femmes des couches pour adultes. D&rsquo;autres options existent \u00e9galement. Renseignez-vous pour savoir qui fait quoi et comment acheter un tel syst\u00e8me. Si vous utilisez un tel syst\u00e8me, c&rsquo;est le bon moment pour le mettre en place. Vous \u00e9viterez ainsi de vous pr\u00e9cipiter \u00e0 la fin et de commettre une erreur (d\u00e9sordonn\u00e9e).      <\/p>\n<p>\u00c0 un moment donn\u00e9, vous entendrez l&rsquo;appel \u00e0 la \u00ab\u00a0<strong>r\u00e9union pilote<\/strong>\u00ab\u00a0. GO. C&rsquo;est \u00e0 cette occasion que vous serez inform\u00e9 des conditions m\u00e9t\u00e9orologiques du jour, des \u00e9ventuels probl\u00e8mes de s\u00e9curit\u00e9, des r\u00e9sultats de la veille, des annonces de derni\u00e8re minute et, enfin, de la t\u00e2che du jour. Lorsque vient le moment de la t\u00e2che quotidienne, celle-ci est souvent pr\u00e9sent\u00e9e sur un tableau :   <\/p>\n<p>[\/et_pb_text][et_pb_image src=\u00a0\u00bbhttps:\/\/2024.hpac.ca\/wp-content\/uploads\/2024\/07\/image1.jpeg\u00a0\u00bb _builder_version=\u00a0\u00bb4.25.2&Prime; _module_preset=\u00a0\u00bbdefault\u00a0\u00bb theme_builder_area=\u00a0\u00bbpost_content\u00a0\u00bb title_text=\u00a0\u00bbimage1&Prime; align=\u00a0\u00bbcenter\u00a0\u00bb hover_enabled=\u00a0\u00bb0&Prime; sticky_enabled=\u00a0\u00bb0&Prime;][\/et_pb_image][et_pb_text _builder_version=\u00a0\u00bb4.25.2&Prime; _module_preset=\u00a0\u00bbdefault\u00a0\u00bb text_font=\u00a0\u00bb|300|||||||\u00a0\u00bb link_font=\u00a0\u00bb||||on||||\u00a0\u00bb link_text_color=\u00a0\u00bb#6B6B6B\u00a0\u00bb hover_enabled=\u00a0\u00bb0&Prime; global_colors_info=\u00a0\u00bb{}\u00a0\u00bb theme_builder_area=\u00a0\u00bbpost_content\u00a0\u00bb sticky_enabled=\u00a0\u00bb0&Prime; custom_margin=\u00a0\u00bb||25px||false|false\u00a0\u00bb]<\/p>\n<p>Comme vous pouvez le voir, il est divis\u00e9 en plusieurs blocs. Beaucoup d&rsquo;informations resteront les m\u00eames (par exemple, les num\u00e9ros de t\u00e9l\u00e9phone, les fr\u00e9quences radio, les notes g\u00e9n\u00e9rales), mais la t\u00e2che changera tous les jours. Si c&rsquo;est la premi\u00e8re fois que vous voyez un tel tableau, demandez \u00e0 quelqu&rsquo;un au d\u00e9collage de vous aider \u00e0 le comprendre. Mais demandez \u00e0 quelqu&rsquo;un AVANT le briefing des pilotes&#8230; PENDANT ou APR\u00c8S la r\u00e9union n&rsquo;est pas le meilleur moment, car les pilotes seront occup\u00e9s \u00e0 \u00e9couter le directeur de la r\u00e9union ou \u00e0 tripoter leurs propres instruments !    <\/p>\n<p>Une fois votre instrument programm\u00e9, vous serez pr\u00eat \u00e0 partir. \u00c0 un moment donn\u00e9, une file d&rsquo;attente se formera au moment du lancement. Il est recommand\u00e9 d&rsquo;\u00eatre dans cette file d&rsquo;attente le plus t\u00f4t possible. Si vous pensez qu&rsquo;il est possible de voler, allez-y ! C&rsquo;est mieux que d&rsquo;\u00eatre coinc\u00e9 dans une file d&rsquo;attente chaude et moite en regardant les autres r\u00e9ussir leur d\u00e9collage et s&rsquo;\u00e9nerver, ou d&rsquo;assister \u00e0 un accident au d\u00e9collage, ou de risquer qu&rsquo;il y ait trop de vent au d\u00e9collage pour votre niveau de confort, etc. Au moins en l&rsquo;air, vous avez le temps de r\u00e9gler vos instruments, de prendre des photos, de v\u00e9rifier les conditions de vol, d&rsquo;observer le chaos du d\u00e9collage depuis le ciel, et si vous vous plantez pour une raison ou une autre, vous avez le temps de remonter et de red\u00e9coller (si c&rsquo;est autoris\u00e9, ce sera pr\u00e9cis\u00e9 dans les r\u00e8gles sp\u00e9cifiques de la comp\u00e9tition). Si vous attendez la fin du lineup, vous aurez moins de temps (ou pas de temps du tout) pour red\u00e9coller !      <\/p>\n<p>Une fois la course lanc\u00e9e, c&rsquo;est \u00e0 vous de piloter. Votre instrument vous indiquera o\u00f9 aller (\u00e0 condition que vous l&rsquo;ayez programm\u00e9 correctement), mais c&rsquo;est \u00e0 vous de d\u00e9cider COMMENT y arriver. Prenez-vous la ligne directe ? Ou bien prenez-vous le chemin le plus long et le plus d\u00e9tourn\u00e9 ? Quelle hauteur dois-je atteindre avant de continuer ? Cela d\u00e9pend des conditions m\u00e9t\u00e9orologiques et de ce que font les autres. Observez les autres pilotes et essayez de trouver des pilotes ayant le m\u00eame type de voile et le m\u00eame niveau de comp\u00e9tence que vous pour voler avec eux. Apportez une copie papier de la t\u00e2che au cas o\u00f9 votre instrument se d\u00e9r\u00e8gle ou que vous ayez besoin de le r\u00e9initialiser en vol.       <\/p>\n<p>Si vous atteignez votre objectif, vous verrez probablement un champ tr\u00e8s \u00e9vident o\u00f9 tous les autres atterrissent. Rappelez-vous que l&rsquo;objectif n&rsquo;est PAS n\u00e9cessairement le m\u00eame terrain que celui o\u00f9 tout le monde atterrit, c&rsquo;est probablement l&rsquo;endroit le plus pratique pour atterrir apr\u00e8s avoir atteint l&rsquo;objectif. La plupart des comit\u00e9s d&rsquo;action placent les objectifs sur des terrains praticables, mais il arrive aussi qu&rsquo;ils soient situ\u00e9s au-dessus d&rsquo;une ligne d&rsquo;arbres, etc. Cependant, si vous n&rsquo;atteignez pas votre objectif, il y a de fortes chances que vous atterrissiez seul, ou peut-\u00eatre avec quelques autres pilotes. Dans ce cas, n&rsquo;oubliez pas de passer sur la fr\u00e9quence de r\u00e9cup\u00e9ration (pendant une comp\u00e9tition, rien n&rsquo;ennuie plus les pilotes en vol que d&rsquo;\u00e9couter les pilotes \u00e0 terre coordonner leurs vols) et de contacter les personnes charg\u00e9es de la r\u00e9cup\u00e9ration.    <\/p>\n<p>Lorsque vous revenez au quartier g\u00e9n\u00e9ral, assurez-vous de signer pour confirmer que vous \u00eates bien rentr\u00e9. Cela est n\u00e9cessaire pour que les organisateurs de la rencontre sachent que personne n&rsquo;est suspendu dans un arbre ou perdu. N&rsquo;OUBLIEZ PAS cette \u00e9tape, car elle est source de stress et de manque d&rsquo;\u00e9gards. Si vous devez vous rendre au bar, inscrivez-vous au quartier g\u00e9n\u00e9ral de la rencontre AVANT de repartir.   <\/p>\n<p>Quelques choses \u00e0 faire ce soir-l\u00e0 : d\u00e9posez\/reprenez votre instrument pour que votre carnet de route puisse \u00eatre v\u00e9rifi\u00e9. Chargez vos gadgets. V\u00e9rifiez votre score et demandez si quelque chose n&rsquo;a pas de sens.  <\/p>\n<p>F\u00e9licitations, vous avez surv\u00e9cu \u00e0 votre premier jour de comp\u00e9tition ! Il ne vous reste plus qu&rsquo;\u00e0 r\u00e9p\u00e9ter l&rsquo;op\u00e9ration pendant les 5 ou 6 jours suivants, jusqu&rsquo;\u00e0 la fin ! <\/p>\n<p>[\/et_pb_text][\/et_pb_column][\/et_pb_row][\/et_pb_section]<\/p>\n","protected":false},"excerpt":{"rendered":"<p>Participer \u00e0 des concoursVOUS VOULEZ DONC VOUS LANCER DANS LA COMP\u00c9TITION !Bienvenue dans le monde de la comp\u00e9tition ! C&rsquo;est un excellent moyen d&rsquo;am\u00e9liorer vos comp\u00e9tences physiques en vol ainsi que des \u00e9l\u00e9ments tels que l&rsquo;\u00e9tiquette en vol, la pr\u00e9paration mentale, les capacit\u00e9s de jugement et la r\u00e9solution de probl\u00e8mes. La plupart des comp\u00e9titions accueillent [&hellip;]<\/p>\n","protected":false},"author":4,"featured_media":0,"parent":5564,"menu_order":0,"comment_status":"closed","ping_status":"closed","template":"","meta":{"_acf_changed":false,"_et_pb_use_builder":"on","_et_pb_old_content":"","_et_gb_content_width":"","footnotes":""},"class_list":["post-5575","page","type-page","status-publish","hentry"],"acf":[],"yoast_head":"<!-- This site is optimized with the Yoast SEO plugin v27.4 - https:\/\/yoast.com\/product\/yoast-seo-wordpress\/ -->\n<title>Participer \u00e0 des concours - HPAC.ca<\/title>\n<meta name=\"robots\" content=\"index, follow, max-snippet:-1, max-image-preview:large, max-video-preview:-1\" \/>\n<link rel=\"canonical\" href=\"https:\/\/2024.hpac.ca\/fr\/pilote\/competition-et-records\/participer-a-des-concours\/\" \/>\n<meta property=\"og:locale\" content=\"fr_FR\" \/>\n<meta property=\"og:type\" content=\"article\" \/>\n<meta property=\"og:title\" content=\"Participer \u00e0 des concours - HPAC.ca\" \/>\n<meta property=\"og:description\" content=\"Participer \u00e0 des concoursVOUS VOULEZ DONC VOUS LANCER DANS LA COMP\u00c9TITION !Bienvenue dans le monde de la comp\u00e9tition ! C&#039;est un excellent moyen d&#039;am\u00e9liorer vos comp\u00e9tences physiques en vol ainsi que des \u00e9l\u00e9ments tels que l&#039;\u00e9tiquette en vol, la pr\u00e9paration mentale, les capacit\u00e9s de jugement et la r\u00e9solution de probl\u00e8mes. La plupart des comp\u00e9titions accueillent [&hellip;]\" \/>\n<meta property=\"og:url\" content=\"https:\/\/2024.hpac.ca\/fr\/pilote\/competition-et-records\/participer-a-des-concours\/\" \/>\n<meta property=\"og:site_name\" content=\"HPAC.ca\" \/>\n<meta property=\"article:modified_time\" content=\"2026-03-11T13:32:37+00:00\" \/>\n<meta name=\"twitter:card\" content=\"summary_large_image\" \/>\n<meta name=\"twitter:label1\" content=\"Dur\u00e9e de lecture estim\u00e9e\" \/>\n\t<meta name=\"twitter:data1\" content=\"10 minute\" \/>\n<script type=\"application\/ld+json\" class=\"yoast-schema-graph\">{\"@context\":\"https:\\\/\\\/schema.org\",\"@graph\":[{\"@type\":\"WebPage\",\"@id\":\"https:\\\/\\\/2024.hpac.ca\\\/fr\\\/pilote\\\/competition-et-records\\\/participer-a-des-concours\\\/\",\"url\":\"https:\\\/\\\/2024.hpac.ca\\\/fr\\\/pilote\\\/competition-et-records\\\/participer-a-des-concours\\\/\",\"name\":\"Participer \u00e0 des concours - HPAC.ca\",\"isPartOf\":{\"@id\":\"https:\\\/\\\/2024.hpac.ca\\\/fr\\\/#website\"},\"datePublished\":\"2024-07-03T16:55:54+00:00\",\"dateModified\":\"2026-03-11T13:32:37+00:00\",\"breadcrumb\":{\"@id\":\"https:\\\/\\\/2024.hpac.ca\\\/fr\\\/pilote\\\/competition-et-records\\\/participer-a-des-concours\\\/#breadcrumb\"},\"inLanguage\":\"fr-FR\",\"potentialAction\":[{\"@type\":\"ReadAction\",\"target\":[\"https:\\\/\\\/2024.hpac.ca\\\/fr\\\/pilote\\\/competition-et-records\\\/participer-a-des-concours\\\/\"]}]},{\"@type\":\"BreadcrumbList\",\"@id\":\"https:\\\/\\\/2024.hpac.ca\\\/fr\\\/pilote\\\/competition-et-records\\\/participer-a-des-concours\\\/#breadcrumb\",\"itemListElement\":[{\"@type\":\"ListItem\",\"position\":1,\"name\":\"Home\",\"item\":\"https:\\\/\\\/2024.hpac.ca\\\/fr\\\/\"},{\"@type\":\"ListItem\",\"position\":2,\"name\":\"Pilote\",\"item\":\"https:\\\/\\\/2024.hpac.ca\\\/fr\\\/pilote\\\/\"},{\"@type\":\"ListItem\",\"position\":3,\"name\":\"Comp\u00e9tition et records\",\"item\":\"https:\\\/\\\/2024.hpac.ca\\\/fr\\\/pilote\\\/competition-et-records\\\/\"},{\"@type\":\"ListItem\",\"position\":4,\"name\":\"Participer \u00e0 des concours\"}]},{\"@type\":\"WebSite\",\"@id\":\"https:\\\/\\\/2024.hpac.ca\\\/fr\\\/#website\",\"url\":\"https:\\\/\\\/2024.hpac.ca\\\/fr\\\/\",\"name\":\"HPAC.ca\",\"description\":\"Hang Gliding and Paragliding Association\",\"potentialAction\":[{\"@type\":\"SearchAction\",\"target\":{\"@type\":\"EntryPoint\",\"urlTemplate\":\"https:\\\/\\\/2024.hpac.ca\\\/fr\\\/?s={search_term_string}\"},\"query-input\":{\"@type\":\"PropertyValueSpecification\",\"valueRequired\":true,\"valueName\":\"search_term_string\"}}],\"inLanguage\":\"fr-FR\"}]}<\/script>\n<!-- \/ Yoast SEO plugin. -->","yoast_head_json":{"title":"Participer \u00e0 des concours - HPAC.ca","robots":{"index":"index","follow":"follow","max-snippet":"max-snippet:-1","max-image-preview":"max-image-preview:large","max-video-preview":"max-video-preview:-1"},"canonical":"https:\/\/2024.hpac.ca\/fr\/pilote\/competition-et-records\/participer-a-des-concours\/","og_locale":"fr_FR","og_type":"article","og_title":"Participer \u00e0 des concours - HPAC.ca","og_description":"Participer \u00e0 des concoursVOUS VOULEZ DONC VOUS LANCER DANS LA COMP\u00c9TITION !Bienvenue dans le monde de la comp\u00e9tition ! C'est un excellent moyen d'am\u00e9liorer vos comp\u00e9tences physiques en vol ainsi que des \u00e9l\u00e9ments tels que l'\u00e9tiquette en vol, la pr\u00e9paration mentale, les capacit\u00e9s de jugement et la r\u00e9solution de probl\u00e8mes. La plupart des comp\u00e9titions accueillent [&hellip;]","og_url":"https:\/\/2024.hpac.ca\/fr\/pilote\/competition-et-records\/participer-a-des-concours\/","og_site_name":"HPAC.ca","article_modified_time":"2026-03-11T13:32:37+00:00","twitter_card":"summary_large_image","twitter_misc":{"Dur\u00e9e de lecture estim\u00e9e":"10 minute"},"schema":{"@context":"https:\/\/schema.org","@graph":[{"@type":"WebPage","@id":"https:\/\/2024.hpac.ca\/fr\/pilote\/competition-et-records\/participer-a-des-concours\/","url":"https:\/\/2024.hpac.ca\/fr\/pilote\/competition-et-records\/participer-a-des-concours\/","name":"Participer \u00e0 des concours - HPAC.ca","isPartOf":{"@id":"https:\/\/2024.hpac.ca\/fr\/#website"},"datePublished":"2024-07-03T16:55:54+00:00","dateModified":"2026-03-11T13:32:37+00:00","breadcrumb":{"@id":"https:\/\/2024.hpac.ca\/fr\/pilote\/competition-et-records\/participer-a-des-concours\/#breadcrumb"},"inLanguage":"fr-FR","potentialAction":[{"@type":"ReadAction","target":["https:\/\/2024.hpac.ca\/fr\/pilote\/competition-et-records\/participer-a-des-concours\/"]}]},{"@type":"BreadcrumbList","@id":"https:\/\/2024.hpac.ca\/fr\/pilote\/competition-et-records\/participer-a-des-concours\/#breadcrumb","itemListElement":[{"@type":"ListItem","position":1,"name":"Home","item":"https:\/\/2024.hpac.ca\/fr\/"},{"@type":"ListItem","position":2,"name":"Pilote","item":"https:\/\/2024.hpac.ca\/fr\/pilote\/"},{"@type":"ListItem","position":3,"name":"Comp\u00e9tition et records","item":"https:\/\/2024.hpac.ca\/fr\/pilote\/competition-et-records\/"},{"@type":"ListItem","position":4,"name":"Participer \u00e0 des concours"}]},{"@type":"WebSite","@id":"https:\/\/2024.hpac.ca\/fr\/#website","url":"https:\/\/2024.hpac.ca\/fr\/","name":"HPAC.ca","description":"Hang Gliding and Paragliding Association","potentialAction":[{"@type":"SearchAction","target":{"@type":"EntryPoint","urlTemplate":"https:\/\/2024.hpac.ca\/fr\/?s={search_term_string}"},"query-input":{"@type":"PropertyValueSpecification","valueRequired":true,"valueName":"search_term_string"}}],"inLanguage":"fr-FR"}]}},"_links":{"self":[{"href":"https:\/\/2024.hpac.ca\/fr\/wp-json\/wp\/v2\/pages\/5575","targetHints":{"allow":["GET"]}}],"collection":[{"href":"https:\/\/2024.hpac.ca\/fr\/wp-json\/wp\/v2\/pages"}],"about":[{"href":"https:\/\/2024.hpac.ca\/fr\/wp-json\/wp\/v2\/types\/page"}],"author":[{"embeddable":true,"href":"https:\/\/2024.hpac.ca\/fr\/wp-json\/wp\/v2\/users\/4"}],"replies":[{"embeddable":true,"href":"https:\/\/2024.hpac.ca\/fr\/wp-json\/wp\/v2\/comments?post=5575"}],"version-history":[{"count":1,"href":"https:\/\/2024.hpac.ca\/fr\/wp-json\/wp\/v2\/pages\/5575\/revisions"}],"predecessor-version":[{"id":5581,"href":"https:\/\/2024.hpac.ca\/fr\/wp-json\/wp\/v2\/pages\/5575\/revisions\/5581"}],"up":[{"embeddable":true,"href":"https:\/\/2024.hpac.ca\/fr\/wp-json\/wp\/v2\/pages\/5564"}],"wp:attachment":[{"href":"https:\/\/2024.hpac.ca\/fr\/wp-json\/wp\/v2\/media?parent=5575"}],"curies":[{"name":"wp","href":"https:\/\/api.w.org\/{rel}","templated":true}]}}