{"id":5582,"date":"2024-06-26T18:37:38","date_gmt":"2024-06-26T18:37:38","guid":{"rendered":"https:\/\/2024.hpac.ca\/pilote\/voler-dans-les-parcs-nationaux-du-canada\/"},"modified":"2026-04-24T21:02:34","modified_gmt":"2026-04-24T21:02:34","slug":"voler-dans-les-parcs-nationaux-du-canada","status":"publish","type":"page","link":"https:\/\/2024.hpac.ca\/fr\/pilote\/voler-dans-les-parcs-nationaux-du-canada\/","title":{"rendered":"Voler dans les parcs nationaux du Canada"},"content":{"rendered":"<p>[et_pb_section fb_built=\u00a0\u00bb1&Prime; _builder_version=\u00a0\u00bb4.25.2&Prime; _module_preset=\u00a0\u00bbdefault\u00a0\u00bb global_colors_info=\u00a0\u00bb{}\u00a0\u00bb][et_pb_row _builder_version=\u00a0\u00bb4.25.2&Prime; _module_preset=\u00a0\u00bbdefault\u00a0\u00bb global_colors_info=\u00a0\u00bb{}\u00a0\u00bb][et_pb_column type=\u00a0\u00bb4_4&Prime; _builder_version=\u00a0\u00bb4.25.2&Prime; _module_preset=\u00a0\u00bbdefault\u00a0\u00bb global_colors_info=\u00a0\u00bb{}\u00a0\u00bb][et_pb_text _builder_version=\u00a0\u00bb4.25.2&Prime; _module_preset=\u00a0\u00bbdefault\u00a0\u00bb header_font=\u00a0\u00bb|600|||||||\u00a0\u00bb header_text_color=\u00a0\u00bb#545458&Prime; header_font_size=\u00a0\u00bb36px\u00a0\u00bb custom_margin=\u00a0\u00bb||||false|false\u00a0\u00bb header_font_size_tablet=\u00a0\u00bb36px\u00a0\u00bb header_font_size_phone=\u00a0\u00bb25px\u00a0\u00bb header_font_size_last_edited=\u00a0\u00bbon|phone\u00a0\u00bb global_colors_info=\u00a0\u00bb{}\u00a0\u00bb]<\/p>\n<h1>Voler dans les parcs nationaux du Canada<\/h1>\n<p>[\/et_pb_text][et_pb_image src=\u00a0\u00bbhttps:\/\/2024.hpac.ca\/wp-content\/uploads\/2024\/06\/parks-768&#215;1024-1.jpg\u00a0\u00bb title_text=\u00a0\u00bbparcs-768&#215;1024&Prime; align=\u00a0\u00bbcenter\u00a0\u00bb _builder_version=\u00a0\u00bb4.25.2&Prime; _module_preset=\u00a0\u00bbdefault\u00a0\u00bb width=\u00a0\u00bb50%\u00a0\u00bb global_colors_info=\u00a0\u00bb{}\u00a0\u00bb][\/et_pb_image][et_pb_text _builder_version=\u00a0\u00bb4.25.2&Prime; _module_preset=\u00a0\u00bbdefault\u00a0\u00bb text_font=\u00a0\u00bb|300|||||||\u00a0\u00bb link_text_color=\u00a0\u00bb#6B6B6B\u00a0\u00bb global_colors_info=\u00a0\u00bb{}\u00a0\u00bb]Il existe quelques parcs nationaux o\u00f9 il est d\u00e9sormais permis de voler. C&rsquo;est le r\u00e9sultat de nombreuses ann\u00e9es de discussions entre Parcs Canada et la HPAC. Il s&rsquo;agit d&rsquo;un partenariat pr\u00e9cieux qui n\u00e9cessite une gestion permanente et un comportement responsable de la part des pilotes.  <\/p>\n<p>Les conditions requises pour voler dans chaque parc ont des points communs :<\/p>\n<p>&nbsp;<\/p>\n<ul>\n<li>Il est fortement recommand\u00e9 d&rsquo;avoir une qualification interm\u00e9diaire ou sup\u00e9rieure et de savoir voler sur des sites de haute montagne.<\/li>\n<li>Ne rien laisser derri\u00e8re soi<\/li>\n<li>\u00c9vitez de lancer, de voler ou d&rsquo;atterrir \u00e0 proximit\u00e9 d&rsquo;animaux sauvages<\/li>\n<li>Comme les autres utilisateurs de l&rsquo;arri\u00e8re-pays, informez quelqu&rsquo;un de votre plan de vol.<\/li>\n<li>Renseignez-vous soigneusement sur le parc, la zone que vous allez survoler et les zones ferm\u00e9es.<\/li>\n<li>\u00c9vitez absolument toutes les zones ferm\u00e9es aux autres utilisateurs du parc.<\/li>\n<li>Enregistrez votre vol : la participation des pilotes \u00e0 l&rsquo;enregistrement des vols permet de constituer une base de donn\u00e9es qui pourra \u00eatre utilis\u00e9e lors de discussions futures sur l&rsquo;acc\u00e8s \u00e0 d&rsquo;autres parcs nationaux au Canada.<\/li>\n<li>Le paramoteur est interdit dans tous les parcs nationaux<\/li>\n<\/ul>\n<p>[\/et_pb_text][et_pb_text _builder_version=\u00a0\u00bb4.25.2&Prime; _module_preset=\u00a0\u00bbdefault\u00a0\u00bb header_font=\u00a0\u00bb|600|||||||\u00a0\u00bb header_font_size=\u00a0\u00bb36px\u00a0\u00bb header_2_font=\u00a0\u00bb|600|||||||\u00a0\u00bb header_2_text_color=\u00a0\u00bb#666666&Prime; header_2_font_size=\u00a0\u00bb32px\u00a0\u00bb custom_margin=\u00a0\u00bb||10px||false|false\u00a0\u00bb header_font_size_tablet=\u00a0\u00bb36px\u00a0\u00bb header_font_size_phone=\u00a0\u00bb30px\u00a0\u00bb header_font_size_last_edited=\u00a0\u00bbon|phone\u00a0\u00bb header_2_font_size_tablet=\u00a0\u00bb32px\u00a0\u00bb header_2_font_size_phone=\u00a0\u00bb22px\u00a0\u00bb header_2_font_size_last_edited=\u00a0\u00bbon|phone\u00a0\u00bb global_colors_info=\u00a0\u00bb{}\u00a0\u00bb]<\/p>\n<h2>Planifier des vols XC et acc\u00e9der \u00e0 plus de d\u00e9tails sur le parc<\/h2>\n<p>[\/et_pb_text][et_pb_text _builder_version=\u00a0\u00bb4.25.2&Prime; _module_preset=\u00a0\u00bbdefault\u00a0\u00bb text_font=\u00a0\u00bb|300|||||||\u00a0\u00bb link_font=\u00a0\u00bb||||on||||\u00a0\u00bb link_text_color=\u00a0\u00bb#6B6B6B\u00a0\u00bb global_colors_info=\u00a0\u00bb{}\u00a0\u00bb]Voici un <a href=\"https:\/\/2024.hpac.ca\/download\/4967\/?tmstv=1720164530\">guide<\/a> utile sur la fa\u00e7on d&rsquo;utiliser Google Earth pour cartographier votre plan de vol dans un parc donn\u00e9, gracieuset\u00e9 de l&rsquo;Alberta Hang Gliding and Paragliding Association (Association de deltaplane et de parapente de l&rsquo;Alberta).<br \/>\n[\/et_pb_text][et_pb_text _builder_version=\u00a0\u00bb4.25.2&Prime; _module_preset=\u00a0\u00bbdefault\u00a0\u00bb header_font=\u00a0\u00bb|600|||||||\u00a0\u00bb header_font_size=\u00a0\u00bb36px\u00a0\u00bb header_2_font=\u00a0\u00bb|600|||||||\u00a0\u00bb header_2_text_color=\u00a0\u00bb#666666&Prime; header_2_font_size=\u00a0\u00bb32px\u00a0\u00bb custom_margin=\u00a0\u00bb||10px||false|false\u00a0\u00bb header_font_size_tablet=\u00a0\u00bb36px\u00a0\u00bb header_font_size_phone=\u00a0\u00bb30px\u00a0\u00bb header_font_size_last_edited=\u00a0\u00bbon|phone\u00a0\u00bb header_2_font_size_tablet=\u00a0\u00bb32px\u00a0\u00bb header_2_font_size_phone=\u00a0\u00bb22px\u00a0\u00bb header_2_font_size_last_edited=\u00a0\u00bbon|phone\u00a0\u00bb global_colors_info=\u00a0\u00bb{}\u00a0\u00bb]<\/p>\n<h2>Parcs approuv\u00e9s<\/h2>\n<p>[\/et_pb_text][et_pb_text _builder_version=\u00a0\u00bb4.27.6&Prime; _module_preset=\u00a0\u00bbdefault\u00a0\u00bb text_font=\u00a0\u00bb|300|||||||\u00a0\u00bb text_font_size=\u00a0\u00bb16px\u00a0\u00bb link_font=\u00a0\u00bb||||on|||#6B6B6B|\u00a0\u00bb link_text_color=\u00a0\u00bb#6B6B6B\u00a0\u00bb global_colors_info=\u00a0\u00bb{}\u00a0\u00bb]<\/p>\n<p>,<\/p>\n<p>Des discussions sont en cours avec Parcs Canada pour l&rsquo;acc\u00e8s \u00e0 d&rsquo;autres parcs nationaux du Canada, mais \u00e0 moins qu&rsquo;ils ne soient nomm\u00e9s sp\u00e9cifiquement ci-dessous, TOUS les autres parcs nationaux restent ferm\u00e9s \u00e0 notre sport pour le moment.<\/p>\n<p>Vous trouverez ci-dessous les liens vers les pages de Parcs Canada qui d\u00e9crivent les conditions requises pour voler dans chaque parc dont le directeur a, \u00e0 ce jour, sign\u00e9 l&rsquo;autorisation de pratiquer notre sport.<\/p>\n<p>&nbsp;<\/p>\n<p><strong>NOUVEAU ! Parc national de Banff (Alberta) <br \/><\/strong><a href=\"https:\/\/parks.canada.ca\/pn-np\/ab\/banff\/activ\/parapente-paragliding\" target=\"_blank\" rel=\"noopener\">https:\/\/parks.canada.ca\/pn-np\/ab\/banff\/activ\/parapente-paragliding<\/a><strong><br \/><\/strong><\/p>\n<p>&nbsp;<\/p>\n<h3><strong><span style=\"color: #000000;\">Veuillez remplir ce formulaire pour enregistrer vos vols \u00e0 Banff<\/span>:<\/strong><\/h3>\n<p><a href=\"https:\/\/pq3ivecn4rb.typeform.com\/to\/b96ncP0y\" target=\"_blank\" rel=\"noopener\">In English<\/a><\/p>\n<p><a href=\"https:\/\/pq3ivecn4rb.typeform.com\/to\/wFZU9MW3\" target=\"_blank\" rel=\"noopener\">en fran\u00e7ais<\/a><\/p>\n<p>&nbsp;<\/p>\n<p>Depuis le mois de mai 2025, certaines zones du parc national de Banff sont d\u00e9sormais autoris\u00e9es au d\u00e9collage et \u00e0 l&rsquo;atterrissage. Les pilotes sont tenus de conna\u00eetre les zones interdites et tout pilote qui d\u00e9colle ou atterrit \u00e0 l&rsquo;int\u00e9rieur du parc <em>doit enregistrer son voyage<\/em> \u00e0 l&rsquo;aide du formulaire dont le lien figure ci-dessus. La carte est fournie par Parcs Canada et peut \u00eatre consult\u00e9e sur son site Web. Le projet d&rsquo;ouverture du parc aux pilotes a pris pr\u00e8s de 20 ans, et il s&rsquo;agit encore d&rsquo;un programme d&rsquo;essai. Tout pilote qui utilise le parc doit se comporter comme un ambassadeur du sport et respecter toutes les r\u00e8gles et exigences \u00e9nonc\u00e9es sur le site Web de Parcs Canada. Nous remercions tout particuli\u00e8rement les pilotes Will Gadd et Brandon Hopkins pour les efforts marathoniens qu&rsquo;ils ont d\u00e9ploy\u00e9s dans le cadre de ce projet.     <\/p>\n<p><strong>Parc national de Jasper (Alberta)<\/strong><br \/><a href=\"https:\/\/parks.canada.ca\/pn-np\/ab\/jasper\/activ\" target=\"_blank\" rel=\"noopener\">https:\/\/www.pc.gc.ca\/en\/pn-np\/ab\/jasper\/activ\/activ-experience\/ete-summer\/parapente-paragliding<\/a><\/p>\n<p>&nbsp;<\/p>\n<p><strong>Parc national de Kootenay (Colombie-Britannique)<\/strong><br \/><a href=\"https:\/\/parks.canada.ca\/pn-np\/bc\/kootenay\/activ\/parapente-paragliding\" target=\"_blank\" rel=\"noopener\">https:\/\/www.pc.gc.ca\/en\/pn-np\/bc\/kootenay\/activ\/parapente-paragliding<\/a><\/p>\n<p>&nbsp;<\/p>\n<p><strong>Parc national Yoho (Colombie-Britannique)<\/strong><br \/><a href=\"https:\/\/parks.canada.ca\/pn-np\/bc\/yoho\/activ\/parapente-paragliding\" target=\"_blank\" rel=\"noopener\">https:\/\/www.pc.gc.ca\/en\/pn-np\/bc\/yoho\/activ\/parapente-paragliding<\/a><\/p>\n<p>&nbsp;<\/p>\n<p>[\/et_pb_text][\/et_pb_column][\/et_pb_row][\/et_pb_section]<\/p>\n","protected":false},"excerpt":{"rendered":"<p>Voler dans les parcs nationaux du Canada Il existe quelques parcs nationaux o\u00f9 il est d\u00e9sormais permis de voler. C&rsquo;est le r\u00e9sultat de nombreuses ann\u00e9es de discussions entre Parcs Canada et la HPAC. Il s&rsquo;agit d&rsquo;un partenariat pr\u00e9cieux qui n\u00e9cessite une gestion permanente et un comportement responsable de la part des pilotes. Les conditions requises [&hellip;]<\/p>\n","protected":false},"author":4,"featured_media":0,"parent":5416,"menu_order":0,"comment_status":"closed","ping_status":"closed","template":"","meta":{"_acf_changed":false,"_et_pb_use_builder":"on","_et_pb_old_content":"","_et_gb_content_width":"","footnotes":""},"class_list":["post-5582","page","type-page","status-publish","hentry"],"acf":[],"yoast_head":"<!-- This site is optimized with the Yoast SEO plugin v27.4 - https:\/\/yoast.com\/product\/yoast-seo-wordpress\/ -->\n<title>Voler dans les parcs nationaux du Canada - HPAC.ca<\/title>\n<meta name=\"robots\" content=\"index, follow, max-snippet:-1, max-image-preview:large, max-video-preview:-1\" \/>\n<link rel=\"canonical\" href=\"https:\/\/2024.hpac.ca\/fr\/pilote\/voler-dans-les-parcs-nationaux-du-canada\/\" \/>\n<meta property=\"og:locale\" content=\"fr_FR\" \/>\n<meta property=\"og:type\" content=\"article\" \/>\n<meta property=\"og:title\" content=\"Voler dans les parcs nationaux du Canada - HPAC.ca\" \/>\n<meta property=\"og:description\" content=\"Voler dans les parcs nationaux du Canada Il existe quelques parcs nationaux o\u00f9 il est d\u00e9sormais permis de voler. C&#039;est le r\u00e9sultat de nombreuses ann\u00e9es de discussions entre Parcs Canada et la HPAC. Il s&#039;agit d&#039;un partenariat pr\u00e9cieux qui n\u00e9cessite une gestion permanente et un comportement responsable de la part des pilotes. Les conditions requises [&hellip;]\" \/>\n<meta property=\"og:url\" content=\"https:\/\/2024.hpac.ca\/fr\/pilote\/voler-dans-les-parcs-nationaux-du-canada\/\" \/>\n<meta property=\"og:site_name\" content=\"HPAC.ca\" \/>\n<meta property=\"article:modified_time\" content=\"2026-04-24T21:02:34+00:00\" \/>\n<meta name=\"twitter:card\" content=\"summary_large_image\" \/>\n<meta name=\"twitter:label1\" content=\"Dur\u00e9e de lecture estim\u00e9e\" \/>\n\t<meta name=\"twitter:data1\" content=\"4 minute\" \/>\n<script type=\"application\/ld+json\" class=\"yoast-schema-graph\">{\"@context\":\"https:\\\/\\\/schema.org\",\"@graph\":[{\"@type\":\"WebPage\",\"@id\":\"https:\\\/\\\/2024.hpac.ca\\\/fr\\\/pilote\\\/voler-dans-les-parcs-nationaux-du-canada\\\/\",\"url\":\"https:\\\/\\\/2024.hpac.ca\\\/fr\\\/pilote\\\/voler-dans-les-parcs-nationaux-du-canada\\\/\",\"name\":\"Voler dans les parcs nationaux du Canada - HPAC.ca\",\"isPartOf\":{\"@id\":\"https:\\\/\\\/2024.hpac.ca\\\/fr\\\/#website\"},\"datePublished\":\"2024-06-26T18:37:38+00:00\",\"dateModified\":\"2026-04-24T21:02:34+00:00\",\"breadcrumb\":{\"@id\":\"https:\\\/\\\/2024.hpac.ca\\\/fr\\\/pilote\\\/voler-dans-les-parcs-nationaux-du-canada\\\/#breadcrumb\"},\"inLanguage\":\"fr-FR\",\"potentialAction\":[{\"@type\":\"ReadAction\",\"target\":[\"https:\\\/\\\/2024.hpac.ca\\\/fr\\\/pilote\\\/voler-dans-les-parcs-nationaux-du-canada\\\/\"]}]},{\"@type\":\"BreadcrumbList\",\"@id\":\"https:\\\/\\\/2024.hpac.ca\\\/fr\\\/pilote\\\/voler-dans-les-parcs-nationaux-du-canada\\\/#breadcrumb\",\"itemListElement\":[{\"@type\":\"ListItem\",\"position\":1,\"name\":\"Home\",\"item\":\"https:\\\/\\\/2024.hpac.ca\\\/fr\\\/\"},{\"@type\":\"ListItem\",\"position\":2,\"name\":\"Pilote\",\"item\":\"https:\\\/\\\/2024.hpac.ca\\\/fr\\\/pilote\\\/\"},{\"@type\":\"ListItem\",\"position\":3,\"name\":\"Voler dans les parcs nationaux du Canada\"}]},{\"@type\":\"WebSite\",\"@id\":\"https:\\\/\\\/2024.hpac.ca\\\/fr\\\/#website\",\"url\":\"https:\\\/\\\/2024.hpac.ca\\\/fr\\\/\",\"name\":\"HPAC.ca\",\"description\":\"Hang Gliding and Paragliding Association\",\"potentialAction\":[{\"@type\":\"SearchAction\",\"target\":{\"@type\":\"EntryPoint\",\"urlTemplate\":\"https:\\\/\\\/2024.hpac.ca\\\/fr\\\/?s={search_term_string}\"},\"query-input\":{\"@type\":\"PropertyValueSpecification\",\"valueRequired\":true,\"valueName\":\"search_term_string\"}}],\"inLanguage\":\"fr-FR\"}]}<\/script>\n<!-- \/ Yoast SEO plugin. -->","yoast_head_json":{"title":"Voler dans les parcs nationaux du Canada - HPAC.ca","robots":{"index":"index","follow":"follow","max-snippet":"max-snippet:-1","max-image-preview":"max-image-preview:large","max-video-preview":"max-video-preview:-1"},"canonical":"https:\/\/2024.hpac.ca\/fr\/pilote\/voler-dans-les-parcs-nationaux-du-canada\/","og_locale":"fr_FR","og_type":"article","og_title":"Voler dans les parcs nationaux du Canada - HPAC.ca","og_description":"Voler dans les parcs nationaux du Canada Il existe quelques parcs nationaux o\u00f9 il est d\u00e9sormais permis de voler. C'est le r\u00e9sultat de nombreuses ann\u00e9es de discussions entre Parcs Canada et la HPAC. Il s'agit d'un partenariat pr\u00e9cieux qui n\u00e9cessite une gestion permanente et un comportement responsable de la part des pilotes. Les conditions requises [&hellip;]","og_url":"https:\/\/2024.hpac.ca\/fr\/pilote\/voler-dans-les-parcs-nationaux-du-canada\/","og_site_name":"HPAC.ca","article_modified_time":"2026-04-24T21:02:34+00:00","twitter_card":"summary_large_image","twitter_misc":{"Dur\u00e9e de lecture estim\u00e9e":"4 minute"},"schema":{"@context":"https:\/\/schema.org","@graph":[{"@type":"WebPage","@id":"https:\/\/2024.hpac.ca\/fr\/pilote\/voler-dans-les-parcs-nationaux-du-canada\/","url":"https:\/\/2024.hpac.ca\/fr\/pilote\/voler-dans-les-parcs-nationaux-du-canada\/","name":"Voler dans les parcs nationaux du Canada - HPAC.ca","isPartOf":{"@id":"https:\/\/2024.hpac.ca\/fr\/#website"},"datePublished":"2024-06-26T18:37:38+00:00","dateModified":"2026-04-24T21:02:34+00:00","breadcrumb":{"@id":"https:\/\/2024.hpac.ca\/fr\/pilote\/voler-dans-les-parcs-nationaux-du-canada\/#breadcrumb"},"inLanguage":"fr-FR","potentialAction":[{"@type":"ReadAction","target":["https:\/\/2024.hpac.ca\/fr\/pilote\/voler-dans-les-parcs-nationaux-du-canada\/"]}]},{"@type":"BreadcrumbList","@id":"https:\/\/2024.hpac.ca\/fr\/pilote\/voler-dans-les-parcs-nationaux-du-canada\/#breadcrumb","itemListElement":[{"@type":"ListItem","position":1,"name":"Home","item":"https:\/\/2024.hpac.ca\/fr\/"},{"@type":"ListItem","position":2,"name":"Pilote","item":"https:\/\/2024.hpac.ca\/fr\/pilote\/"},{"@type":"ListItem","position":3,"name":"Voler dans les parcs nationaux du Canada"}]},{"@type":"WebSite","@id":"https:\/\/2024.hpac.ca\/fr\/#website","url":"https:\/\/2024.hpac.ca\/fr\/","name":"HPAC.ca","description":"Hang Gliding and Paragliding Association","potentialAction":[{"@type":"SearchAction","target":{"@type":"EntryPoint","urlTemplate":"https:\/\/2024.hpac.ca\/fr\/?s={search_term_string}"},"query-input":{"@type":"PropertyValueSpecification","valueRequired":true,"valueName":"search_term_string"}}],"inLanguage":"fr-FR"}]}},"_links":{"self":[{"href":"https:\/\/2024.hpac.ca\/fr\/wp-json\/wp\/v2\/pages\/5582","targetHints":{"allow":["GET"]}}],"collection":[{"href":"https:\/\/2024.hpac.ca\/fr\/wp-json\/wp\/v2\/pages"}],"about":[{"href":"https:\/\/2024.hpac.ca\/fr\/wp-json\/wp\/v2\/types\/page"}],"author":[{"embeddable":true,"href":"https:\/\/2024.hpac.ca\/fr\/wp-json\/wp\/v2\/users\/4"}],"replies":[{"embeddable":true,"href":"https:\/\/2024.hpac.ca\/fr\/wp-json\/wp\/v2\/comments?post=5582"}],"version-history":[{"count":14,"href":"https:\/\/2024.hpac.ca\/fr\/wp-json\/wp\/v2\/pages\/5582\/revisions"}],"predecessor-version":[{"id":6710,"href":"https:\/\/2024.hpac.ca\/fr\/wp-json\/wp\/v2\/pages\/5582\/revisions\/6710"}],"up":[{"embeddable":true,"href":"https:\/\/2024.hpac.ca\/fr\/wp-json\/wp\/v2\/pages\/5416"}],"wp:attachment":[{"href":"https:\/\/2024.hpac.ca\/fr\/wp-json\/wp\/v2\/media?parent=5582"}],"curies":[{"name":"wp","href":"https:\/\/api.w.org\/{rel}","templated":true}]}}