{"id":5595,"date":"2024-06-26T18:43:18","date_gmt":"2024-06-26T18:43:18","guid":{"rendered":"https:\/\/2024.hpac.ca\/instructeurs\/programme-de-notation-des-pilotes-et-examens\/"},"modified":"2026-04-22T01:44:23","modified_gmt":"2026-04-22T01:44:23","slug":"programme-de-notation-des-pilotes-et-examens","status":"publish","type":"page","link":"https:\/\/2024.hpac.ca\/fr\/instructeurs\/programme-de-notation-des-pilotes-et-examens\/","title":{"rendered":"Programme de notation des pilotes et examens"},"content":{"rendered":"<p>[et_pb_section fb_built=\u00a0\u00bb1&Prime; _builder_version=\u00a0\u00bb4.25.2&Prime; _module_preset=\u00a0\u00bbdefault\u00a0\u00bb global_colors_info=\u00a0\u00bb{}\u00a0\u00bb][et_pb_row _builder_version=\u00a0\u00bb4.25.2&Prime; _module_preset=\u00a0\u00bbdefault\u00a0\u00bb global_colors_info=\u00a0\u00bb{}\u00a0\u00bb][et_pb_column type=\u00a0\u00bb4_4&Prime; _builder_version=\u00a0\u00bb4.25.2&Prime; _module_preset=\u00a0\u00bbdefault\u00a0\u00bb global_colors_info=\u00a0\u00bb{}\u00a0\u00bb][et_pb_text _builder_version=\u00a0\u00bb4.25.2&Prime; _module_preset=\u00a0\u00bbdefault\u00a0\u00bb header_font=\u00a0\u00bb|600|||||||\u00a0\u00bb header_text_color=\u00a0\u00bb#545458&Prime; header_font_size=\u00a0\u00bb36px\u00a0\u00bb custom_margin=\u00a0\u00bb||8px||false|false\u00a0\u00bb header_font_size_tablet=\u00a0\u00bb36px\u00a0\u00bb header_font_size_phone=\u00a0\u00bb25px\u00a0\u00bb header_font_size_last_edited=\u00a0\u00bbon|phone\u00a0\u00bb global_colors_info=\u00a0\u00bb{}\u00a0\u00bb]<\/p>\n<h1>Programme de notation des pilotes et examens<\/h1>\n<p>[\/et_pb_text][et_pb_text quote_border_color=\u00a0\u00bb#f22312&Prime; _builder_version=\u00a0\u00bb4.25.2&Prime; _module_preset=\u00a0\u00bbdefault\u00a0\u00bb header_3_font=\u00a0\u00bb|700|||||||\u00a0\u00bb header_3_text_color=\u00a0\u00bb#666666&Prime; header_3_font_size=\u00a0\u00bb24px\u00a0\u00bb header_3_line_height=\u00a0\u00bb1.2em\u00a0\u00bb min_height=\u00a0\u00bb43.8px\u00a0\u00bb custom_margin=\u00a0\u00bb||0px||false|false\u00a0\u00bb custom_padding=\u00a0\u00bb||0px||false|false\u00a0\u00bb header_3_font_size_tablet=\u00a0\u00bb24px\u00a0\u00bb header_3_font_size_phone=\u00a0\u00bb22px\u00a0\u00bb header_3_font_size_last_edited=\u00a0\u00bbon|phone\u00a0\u00bb global_colors_info=\u00a0\u00bb{}\u00a0\u00bb]<\/p>\n<blockquote>\n<h3>Exigences pour toutes les qualifications de pilote :<\/h3>\n<\/blockquote>\n<p>[\/et_pb_text][et_pb_text _builder_version=\u00a0\u00bb4.25.2&Prime; _module_preset=\u00a0\u00bbdefault\u00a0\u00bb text_font=\u00a0\u00bb|300|||||||\u00a0\u00bb link_font=\u00a0\u00bb||||on||||\u00a0\u00bb link_text_color=\u00a0\u00bb#6B6B6B\u00a0\u00bb global_colors_info=\u00a0\u00bb{}\u00a0\u00bb]Les instructeurs doivent examiner les exigences relatives \u00e0 chaque qualification et mention pour s&rsquo;assurer que les pilotes ont satisfait \u00e0 toutes les exigences avant d&rsquo;attribuer une qualification de pilote. Les exigences se trouvent dans les <a href=\"https:\/\/2024.hpac.ca\/download\/4680\/?tmstv=1720166382\">SOP 410 Pilot Ratings<\/a>.<br \/>\n[\/et_pb_text][et_pb_text quote_border_color=\u00a0\u00bb#f22312&Prime; _builder_version=\u00a0\u00bb4.25.2&Prime; _module_preset=\u00a0\u00bbdefault\u00a0\u00bb header_3_font=\u00a0\u00bb|700|||||||\u00a0\u00bb header_3_text_color=\u00a0\u00bb#666666&Prime; header_3_font_size=\u00a0\u00bb24px\u00a0\u00bb header_3_line_height=\u00a0\u00bb1.2em\u00a0\u00bb min_height=\u00a0\u00bb43.8px\u00a0\u00bb custom_margin=\u00a0\u00bb||0px||false|false\u00a0\u00bb custom_padding=\u00a0\u00bb||0px||false|false\u00a0\u00bb header_3_font_size_tablet=\u00a0\u00bb24px\u00a0\u00bb header_3_font_size_phone=\u00a0\u00bb22px\u00a0\u00bb header_3_font_size_last_edited=\u00a0\u00bbon|phone\u00a0\u00bb global_colors_info=\u00a0\u00bb{}\u00a0\u00bb]<\/p>\n<blockquote>\n<h3>Liste de contr\u00f4le importante pour la conduite des examens et l&rsquo;attribution et la soumission des notations :<\/h3>\n<\/blockquote>\n<p>[\/et_pb_text][et_pb_text _builder_version=\u00a0\u00bb4.27.6&Prime; _module_preset=\u00a0\u00bbdefault\u00a0\u00bb text_font=\u00a0\u00bb|300|||||||\u00a0\u00bb link_font=\u00a0\u00bb||||on||||\u00a0\u00bb link_text_color=\u00a0\u00bb#6B6B6B\u00a0\u00bb global_colors_info=\u00a0\u00bb{}\u00a0\u00bb]<\/p>\n<ul>\n<li>Assurez-vous que<strong> toutes les comp\u00e9tences pratiques<\/strong> requises pour la qualification <strong>ont \u00e9t\u00e9 test\u00e9es et observ\u00e9es<\/strong> par vous en tant qu&rsquo;instructeur ;<\/li>\n<li>Utilisez le <a href=\"https:\/\/2024.hpac.ca\/fr\/securite\/carnet-de-formation\/\" target=\"_blank\" rel=\"noopener\">carnet de formation<\/a> pour tous les nouveaux \u00e9l\u00e8ves (disponible par achat en ligne ou par t\u00e9l\u00e9chargement).<\/li>\n<li>Consultez tout autre instructeur avec lequel l&rsquo;\u00e9l\u00e8ve a pu commencer sa formation afin de faire valoir les exigences de qualification remplies avec un instructeur pr\u00e9c\u00e9dent ;<\/li>\n<li>Veuillez <strong>soumettre rapidement le formulaire de notation<\/strong> \u00e0 l&rsquo;Office afin que les pilotes puissent recevoir leur carte de devises mise \u00e0 jour ;<\/li>\n<li>Soumettez les \u00e9valuations uniquement <strong>lorsque<\/strong> toutes les conditions ont \u00e9t\u00e9 remplies ; il incombe \u00e0 l&rsquo;instructeur et \u00e0 l&rsquo;\u00e9tudiant de g\u00e9rer tous les \u00e9l\u00e9ments n\u00e9cessaires \u00e0 l&rsquo;obtention d&rsquo;une \u00e9valuation ;<\/li>\n<li><strong>Prot\u00e9gez<\/strong> soigneusement <strong>les mots de passe<\/strong> li\u00e9s \u00e0 l&rsquo;acc\u00e8s aux examens \u00e9crits ; les instructeurs doivent \u00eatre connect\u00e9s pour acc\u00e9der aux examens pilotes, afin que le syst\u00e8me les reconnaisse comme instructeurs actuels ; un autre mot de passe est n\u00e9cessaire pour acc\u00e9der aux examens (contactez l&rsquo;Office en cas de difficult\u00e9) ;<\/li>\n<li>Veuillez \u00e9galement diriger les pilotes vers la <a href=\"https:\/\/www.facebook.com\/groups\/1203572566353229\/\" target=\"_blank\" rel=\"noopener\">page Facebook officielle<\/a> de l&rsquo;association afin qu&rsquo;ils puissent commencer \u00e0 participer \u00e0 des discussions avec d&rsquo;autres pilotes.<\/li>\n<\/ul>\n<p>[\/et_pb_text][et_pb_text quote_border_color=\u00a0\u00bb#f22312&Prime; _builder_version=\u00a0\u00bb4.25.2&Prime; _module_preset=\u00a0\u00bbdefault\u00a0\u00bb header_3_font=\u00a0\u00bb|700|||||||\u00a0\u00bb header_3_text_color=\u00a0\u00bb#666666&Prime; header_3_font_size=\u00a0\u00bb24px\u00a0\u00bb header_3_line_height=\u00a0\u00bb1.2em\u00a0\u00bb min_height=\u00a0\u00bb43.8px\u00a0\u00bb custom_margin=\u00a0\u00bb||0px||false|false\u00a0\u00bb custom_padding=\u00a0\u00bb||0px||false|false\u00a0\u00bb header_3_font_size_tablet=\u00a0\u00bb24px\u00a0\u00bb header_3_font_size_phone=\u00a0\u00bb22px\u00a0\u00bb header_3_font_size_last_edited=\u00a0\u00bbon|phone\u00a0\u00bb global_colors_info=\u00a0\u00bb{}\u00a0\u00bb]<\/p>\n<blockquote>\n<h3>Quand les \u00e9tudiants doivent-ils devenir membres de la HPAC ?<\/h3>\n<\/blockquote>\n<p>[\/et_pb_text][et_pb_text _builder_version=\u00a0\u00bb4.25.2&Prime; _module_preset=\u00a0\u00bbdefault\u00a0\u00bb text_font=\u00a0\u00bb|300|||||||\u00a0\u00bb link_font=\u00a0\u00bb||||on||||\u00a0\u00bb link_text_color=\u00a0\u00bb#6B6B6B\u00a0\u00bb global_colors_info=\u00a0\u00bb{}\u00a0\u00bb]<\/p>\n<p>Les \u00e9tudiants peuvent devenir membres de ACVL<\/p>\n<ul>\n<li>au d\u00e9but ou au cours de leur formation D1, P1 ou S1<\/li>\n<li>\u00e0 la fin de leur formation D2, P2 ou S2 (la demande d&rsquo;adh\u00e9sion et de qualification est soumise par l&rsquo;instructeur).<\/li>\n<\/ul>\n<p>Pendant que l&rsquo;\u00e9l\u00e8ve est en cours d&rsquo;instruction, l&rsquo;\u00e9l\u00e8ve pilote est couvert par l&rsquo;assurance responsabilit\u00e9 civile souscrite par l&rsquo;instructeur\/le pilote de biplace.<\/p>\n<p>[\/et_pb_text][et_pb_text quote_border_color=\u00a0\u00bb#f22312&Prime; _builder_version=\u00a0\u00bb4.25.2&Prime; _module_preset=\u00a0\u00bbdefault\u00a0\u00bb header_3_font=\u00a0\u00bb|700|||||||\u00a0\u00bb header_3_text_color=\u00a0\u00bb#666666&Prime; header_3_font_size=\u00a0\u00bb24px\u00a0\u00bb header_3_line_height=\u00a0\u00bb1.2em\u00a0\u00bb min_height=\u00a0\u00bb43.8px\u00a0\u00bb custom_margin=\u00a0\u00bb||0px||false|false\u00a0\u00bb custom_padding=\u00a0\u00bb||0px||false|false\u00a0\u00bb header_3_font_size_tablet=\u00a0\u00bb24px\u00a0\u00bb header_3_font_size_phone=\u00a0\u00bb22px\u00a0\u00bb header_3_font_size_last_edited=\u00a0\u00bbon|phone\u00a0\u00bb global_colors_info=\u00a0\u00bb{}\u00a0\u00bb]<\/p>\n<blockquote>\n<h3>Pilotes avec des qualifications \u00e9trang\u00e8res :<\/h3>\n<\/blockquote>\n<p>[\/et_pb_text][et_pb_text _builder_version=\u00a0\u00bb4.25.2&Prime; _module_preset=\u00a0\u00bbdefault\u00a0\u00bb text_font=\u00a0\u00bb|300|||||||\u00a0\u00bb link_font=\u00a0\u00bb||||on||||\u00a0\u00bb link_text_color=\u00a0\u00bb#6B6B6B\u00a0\u00bb global_colors_info=\u00a0\u00bb{}\u00a0\u00bb]Les pilotes titulaires d&rsquo;une qualification \u00e9trang\u00e8re doivent contacter un instructeur certifi\u00e9 HPAC pour faire examiner leur qualification \u00e9trang\u00e8re et \u00e9valuer leurs comp\u00e9tences afin que l&rsquo;instructeur puisse leur attribuer une qualification \u00e9quivalente \u00e0 celle de la HPAC. L&rsquo;instructeur dispose d&rsquo;une certaine latitude quant \u00e0 la mani\u00e8re de proc\u00e9der \u00e0 l&rsquo;\u00e9valuation de la qualification \u00e9trang\u00e8re, y compris \u00e9ventuellement en faisant passer un examen \u00e9crit. <\/p>\n<p>Toute qualification ACVL attribu\u00e9e par l&rsquo;instructeur doit \u00eatre soumise par l&rsquo;instructeur sur un formulaire de qualification de pilote de la mani\u00e8re habituelle.<br \/>\n[\/et_pb_text][et_pb_text _builder_version=\u00a0\u00bb4.27.6&Prime; _module_preset=\u00a0\u00bbdefault\u00a0\u00bb text_font=\u00a0\u00bb|300|||||||\u00a0\u00bb link_font=\u00a0\u00bb||||on||||\u00a0\u00bb link_text_color=\u00a0\u00bb#6B6B6B\u00a0\u00bb custom_margin=\u00a0\u00bb||15px||false|false\u00a0\u00bb link_option_url=\u00a0\u00bbhttps:\/\/pq3ivecn4rb.typeform.com\/to\/CS6gUPem\u00a0\u00bb link_option_url_new_window=\u00a0\u00bbon\u00a0\u00bb global_colors_info=\u00a0\u00bb{}\u00a0\u00bb][\/et_pb_text][et_pb_text quote_border_color=\u00a0\u00bb#f22312&Prime; _builder_version=\u00a0\u00bb4.25.2&Prime; _module_preset=\u00a0\u00bbdefault\u00a0\u00bb header_3_font=\u00a0\u00bb|700|||||||\u00a0\u00bb header_3_text_color=\u00a0\u00bb#666666&Prime; header_3_font_size=\u00a0\u00bb24px\u00a0\u00bb header_3_line_height=\u00a0\u00bb1.2em\u00a0\u00bb min_height=\u00a0\u00bb43.8px\u00a0\u00bb custom_margin=\u00a0\u00bb||0px||false|false\u00a0\u00bb custom_padding=\u00a0\u00bb||0px||false|false\u00a0\u00bb header_3_font_size_tablet=\u00a0\u00bb24px\u00a0\u00bb header_3_font_size_phone=\u00a0\u00bb22px\u00a0\u00bb header_3_font_size_last_edited=\u00a0\u00bbon|phone\u00a0\u00bb global_colors_info=\u00a0\u00bb{}\u00a0\u00bb]<\/p>\n<blockquote>\n<h3>Examens :<\/h3>\n<\/blockquote>\n<p>[\/et_pb_text][et_pb_text _builder_version=\u00a0\u00bb4.25.2&Prime; _module_preset=\u00a0\u00bbdefault\u00a0\u00bb text_font=\u00a0\u00bb|300|||||||\u00a0\u00bb link_text_color=\u00a0\u00bb#6B6B6B\u00a0\u00bb custom_margin=\u00a0\u00bb||15px||false|false\u00a0\u00bb global_colors_info=\u00a0\u00bb{}\u00a0\u00bb]Les instructeurs actifs peuvent t\u00e9l\u00e9charger les examens sur cette page.<br \/>\n[\/et_pb_text][\/et_pb_column][\/et_pb_row][\/et_pb_section]<\/p>\n","protected":false},"excerpt":{"rendered":"<p>Programme de notation des pilotes et examens Exigences pour toutes les qualifications de pilote : Les instructeurs doivent examiner les exigences relatives \u00e0 chaque qualification et mention pour s&rsquo;assurer que les pilotes ont satisfait \u00e0 toutes les exigences avant d&rsquo;attribuer une qualification de pilote. Les exigences se trouvent dans les SOP 410 Pilot Ratings. Liste [&hellip;]<\/p>\n","protected":false},"author":4,"featured_media":0,"parent":5424,"menu_order":0,"comment_status":"closed","ping_status":"closed","template":"","meta":{"_acf_changed":false,"_et_pb_use_builder":"on","_et_pb_old_content":"","_et_gb_content_width":"","footnotes":""},"class_list":["post-5595","page","type-page","status-publish","hentry"],"acf":[],"yoast_head":"<!-- This site is optimized with the Yoast SEO plugin v27.4 - https:\/\/yoast.com\/product\/yoast-seo-wordpress\/ -->\n<title>Programme de notation des pilotes et examens - HPAC.ca<\/title>\n<meta name=\"robots\" content=\"index, follow, max-snippet:-1, max-image-preview:large, max-video-preview:-1\" \/>\n<link rel=\"canonical\" href=\"https:\/\/2024.hpac.ca\/fr\/instructeurs\/programme-de-notation-des-pilotes-et-examens\/\" \/>\n<meta property=\"og:locale\" content=\"fr_FR\" \/>\n<meta property=\"og:type\" content=\"article\" \/>\n<meta property=\"og:title\" content=\"Programme de notation des pilotes et examens - HPAC.ca\" \/>\n<meta property=\"og:description\" content=\"Programme de notation des pilotes et examens Exigences pour toutes les qualifications de pilote : Les instructeurs doivent examiner les exigences relatives \u00e0 chaque qualification et mention pour s&#039;assurer que les pilotes ont satisfait \u00e0 toutes les exigences avant d&#039;attribuer une qualification de pilote. Les exigences se trouvent dans les SOP 410 Pilot Ratings. Liste [&hellip;]\" \/>\n<meta property=\"og:url\" content=\"https:\/\/2024.hpac.ca\/fr\/instructeurs\/programme-de-notation-des-pilotes-et-examens\/\" \/>\n<meta property=\"og:site_name\" content=\"HPAC.ca\" \/>\n<meta property=\"article:modified_time\" content=\"2026-04-22T01:44:23+00:00\" \/>\n<meta name=\"twitter:card\" content=\"summary_large_image\" \/>\n<meta name=\"twitter:label1\" content=\"Dur\u00e9e de lecture estim\u00e9e\" \/>\n\t<meta name=\"twitter:data1\" content=\"5 minute\" \/>\n<script type=\"application\/ld+json\" class=\"yoast-schema-graph\">{\"@context\":\"https:\\\/\\\/schema.org\",\"@graph\":[{\"@type\":\"WebPage\",\"@id\":\"https:\\\/\\\/2024.hpac.ca\\\/fr\\\/instructeurs\\\/programme-de-notation-des-pilotes-et-examens\\\/\",\"url\":\"https:\\\/\\\/2024.hpac.ca\\\/fr\\\/instructeurs\\\/programme-de-notation-des-pilotes-et-examens\\\/\",\"name\":\"Programme de notation des pilotes et examens - HPAC.ca\",\"isPartOf\":{\"@id\":\"https:\\\/\\\/2024.hpac.ca\\\/fr\\\/#website\"},\"datePublished\":\"2024-06-26T18:43:18+00:00\",\"dateModified\":\"2026-04-22T01:44:23+00:00\",\"breadcrumb\":{\"@id\":\"https:\\\/\\\/2024.hpac.ca\\\/fr\\\/instructeurs\\\/programme-de-notation-des-pilotes-et-examens\\\/#breadcrumb\"},\"inLanguage\":\"fr-FR\",\"potentialAction\":[{\"@type\":\"ReadAction\",\"target\":[\"https:\\\/\\\/2024.hpac.ca\\\/fr\\\/instructeurs\\\/programme-de-notation-des-pilotes-et-examens\\\/\"]}]},{\"@type\":\"BreadcrumbList\",\"@id\":\"https:\\\/\\\/2024.hpac.ca\\\/fr\\\/instructeurs\\\/programme-de-notation-des-pilotes-et-examens\\\/#breadcrumb\",\"itemListElement\":[{\"@type\":\"ListItem\",\"position\":1,\"name\":\"Home\",\"item\":\"https:\\\/\\\/2024.hpac.ca\\\/fr\\\/\"},{\"@type\":\"ListItem\",\"position\":2,\"name\":\"instructeurs\",\"item\":\"https:\\\/\\\/2024.hpac.ca\\\/fr\\\/instructeurs\\\/\"},{\"@type\":\"ListItem\",\"position\":3,\"name\":\"Programme de notation des pilotes et examens\"}]},{\"@type\":\"WebSite\",\"@id\":\"https:\\\/\\\/2024.hpac.ca\\\/fr\\\/#website\",\"url\":\"https:\\\/\\\/2024.hpac.ca\\\/fr\\\/\",\"name\":\"HPAC.ca\",\"description\":\"Hang Gliding and Paragliding Association\",\"potentialAction\":[{\"@type\":\"SearchAction\",\"target\":{\"@type\":\"EntryPoint\",\"urlTemplate\":\"https:\\\/\\\/2024.hpac.ca\\\/fr\\\/?s={search_term_string}\"},\"query-input\":{\"@type\":\"PropertyValueSpecification\",\"valueRequired\":true,\"valueName\":\"search_term_string\"}}],\"inLanguage\":\"fr-FR\"}]}<\/script>\n<!-- \/ Yoast SEO plugin. -->","yoast_head_json":{"title":"Programme de notation des pilotes et examens - HPAC.ca","robots":{"index":"index","follow":"follow","max-snippet":"max-snippet:-1","max-image-preview":"max-image-preview:large","max-video-preview":"max-video-preview:-1"},"canonical":"https:\/\/2024.hpac.ca\/fr\/instructeurs\/programme-de-notation-des-pilotes-et-examens\/","og_locale":"fr_FR","og_type":"article","og_title":"Programme de notation des pilotes et examens - HPAC.ca","og_description":"Programme de notation des pilotes et examens Exigences pour toutes les qualifications de pilote : Les instructeurs doivent examiner les exigences relatives \u00e0 chaque qualification et mention pour s'assurer que les pilotes ont satisfait \u00e0 toutes les exigences avant d'attribuer une qualification de pilote. Les exigences se trouvent dans les SOP 410 Pilot Ratings. Liste [&hellip;]","og_url":"https:\/\/2024.hpac.ca\/fr\/instructeurs\/programme-de-notation-des-pilotes-et-examens\/","og_site_name":"HPAC.ca","article_modified_time":"2026-04-22T01:44:23+00:00","twitter_card":"summary_large_image","twitter_misc":{"Dur\u00e9e de lecture estim\u00e9e":"5 minute"},"schema":{"@context":"https:\/\/schema.org","@graph":[{"@type":"WebPage","@id":"https:\/\/2024.hpac.ca\/fr\/instructeurs\/programme-de-notation-des-pilotes-et-examens\/","url":"https:\/\/2024.hpac.ca\/fr\/instructeurs\/programme-de-notation-des-pilotes-et-examens\/","name":"Programme de notation des pilotes et examens - HPAC.ca","isPartOf":{"@id":"https:\/\/2024.hpac.ca\/fr\/#website"},"datePublished":"2024-06-26T18:43:18+00:00","dateModified":"2026-04-22T01:44:23+00:00","breadcrumb":{"@id":"https:\/\/2024.hpac.ca\/fr\/instructeurs\/programme-de-notation-des-pilotes-et-examens\/#breadcrumb"},"inLanguage":"fr-FR","potentialAction":[{"@type":"ReadAction","target":["https:\/\/2024.hpac.ca\/fr\/instructeurs\/programme-de-notation-des-pilotes-et-examens\/"]}]},{"@type":"BreadcrumbList","@id":"https:\/\/2024.hpac.ca\/fr\/instructeurs\/programme-de-notation-des-pilotes-et-examens\/#breadcrumb","itemListElement":[{"@type":"ListItem","position":1,"name":"Home","item":"https:\/\/2024.hpac.ca\/fr\/"},{"@type":"ListItem","position":2,"name":"instructeurs","item":"https:\/\/2024.hpac.ca\/fr\/instructeurs\/"},{"@type":"ListItem","position":3,"name":"Programme de notation des pilotes et examens"}]},{"@type":"WebSite","@id":"https:\/\/2024.hpac.ca\/fr\/#website","url":"https:\/\/2024.hpac.ca\/fr\/","name":"HPAC.ca","description":"Hang Gliding and Paragliding Association","potentialAction":[{"@type":"SearchAction","target":{"@type":"EntryPoint","urlTemplate":"https:\/\/2024.hpac.ca\/fr\/?s={search_term_string}"},"query-input":{"@type":"PropertyValueSpecification","valueRequired":true,"valueName":"search_term_string"}}],"inLanguage":"fr-FR"}]}},"_links":{"self":[{"href":"https:\/\/2024.hpac.ca\/fr\/wp-json\/wp\/v2\/pages\/5595","targetHints":{"allow":["GET"]}}],"collection":[{"href":"https:\/\/2024.hpac.ca\/fr\/wp-json\/wp\/v2\/pages"}],"about":[{"href":"https:\/\/2024.hpac.ca\/fr\/wp-json\/wp\/v2\/types\/page"}],"author":[{"embeddable":true,"href":"https:\/\/2024.hpac.ca\/fr\/wp-json\/wp\/v2\/users\/4"}],"replies":[{"embeddable":true,"href":"https:\/\/2024.hpac.ca\/fr\/wp-json\/wp\/v2\/comments?post=5595"}],"version-history":[{"count":30,"href":"https:\/\/2024.hpac.ca\/fr\/wp-json\/wp\/v2\/pages\/5595\/revisions"}],"predecessor-version":[{"id":6650,"href":"https:\/\/2024.hpac.ca\/fr\/wp-json\/wp\/v2\/pages\/5595\/revisions\/6650"}],"up":[{"embeddable":true,"href":"https:\/\/2024.hpac.ca\/fr\/wp-json\/wp\/v2\/pages\/5424"}],"wp:attachment":[{"href":"https:\/\/2024.hpac.ca\/fr\/wp-json\/wp\/v2\/media?parent=5595"}],"curies":[{"name":"wp","href":"https:\/\/api.w.org\/{rel}","templated":true}]}}