{"id":5630,"date":"2024-06-26T18:27:34","date_gmt":"2024-06-26T18:27:34","guid":{"rendered":"https:\/\/2024.hpac.ca\/a-propos-de\/reunion-annuelle-des-membres-en-ligne\/"},"modified":"2026-04-22T03:47:07","modified_gmt":"2026-04-22T03:47:07","slug":"reunion-annuelle-des-membres-en-ligne","status":"publish","type":"page","link":"https:\/\/2024.hpac.ca\/fr\/a-propos-de\/reunion-annuelle-des-membres-en-ligne\/","title":{"rendered":"R\u00e9union annuelle des membres en ligne"},"content":{"rendered":"<p>[et_pb_section fb_built=\u00a0\u00bb1&Prime; _builder_version=\u00a0\u00bb4.25.2&Prime; _module_preset=\u00a0\u00bbdefault\u00a0\u00bb global_colors_info=\u00a0\u00bb{}\u00a0\u00bb][et_pb_row _builder_version=\u00a0\u00bb4.25.2&Prime; _module_preset=\u00a0\u00bbdefault\u00a0\u00bb global_colors_info=\u00a0\u00bb{}\u00a0\u00bb][et_pb_column type=\u00a0\u00bb4_4&Prime; _builder_version=\u00a0\u00bb4.25.2&Prime; _module_preset=\u00a0\u00bbdefault\u00a0\u00bb global_colors_info=\u00a0\u00bb{}\u00a0\u00bb][et_pb_text _builder_version=\u00a0\u00bb4.25.2&Prime; _module_preset=\u00a0\u00bbdefault\u00a0\u00bb header_font=\u00a0\u00bb|600|||||||\u00a0\u00bb header_text_color=\u00a0\u00bb#545458&Prime; header_font_size=\u00a0\u00bb36px\u00a0\u00bb custom_margin=\u00a0\u00bb||8px||false|false\u00a0\u00bb header_font_size_tablet=\u00a0\u00bb36px\u00a0\u00bb header_font_size_phone=\u00a0\u00bb25px\u00a0\u00bb header_font_size_last_edited=\u00a0\u00bbon|phone\u00a0\u00bb global_colors_info=\u00a0\u00bb{}\u00a0\u00bb]<\/p>\n<h1>R\u00e9union annuelle des membres en ligne<\/h1>\n<p>[\/et_pb_text][et_pb_text _builder_version=\u00a0\u00bb4.27.6&Prime; _module_preset=\u00a0\u00bbdefault\u00a0\u00bb text_font=\u00a0\u00bb|300|||||||\u00a0\u00bb text_text_color=\u00a0\u00bb#6B6B6B\u00a0\u00bb link_text_color=\u00a0\u00bb#6b6b6b\u00a0\u00bb global_colors_info=\u00a0\u00bb{}\u00a0\u00bb]<\/p>\n<p>Les membres de l&rsquo;association se r\u00e9unissent chaque ann\u00e9e en ligne pour voter sur les questions importantes soumises \u00e0 l&rsquo;association :<\/p>\n<ul>\n<li>L&rsquo;\u00e9tat financier de l&rsquo;exercice \u00e9coul\u00e9<\/li>\n<li>La proposition de budget pour l&rsquo;ann\u00e9e fiscale \u00e0 venir<\/li>\n<li>Choix des auditeurs officiels de l&rsquo;association<\/li>\n<li>les modifications majeures apport\u00e9es \u00e0 la politique d&rsquo;adh\u00e9sion ou \u00e0 d&rsquo;autres politiques ayant une incidence sur l&rsquo;ensemble de l&rsquo;association.<\/li>\n<\/ul>\n<p>Voir <a href=\"https:\/\/2024.hpac.ca\/download\/4672\/?tmstv=1720156892\"><span style=\"text-decoration: underline;\">SOP 230 R\u00e9unions des membres<\/span><\/a><\/p>\n<p>[\/et_pb_text][\/et_pb_column][\/et_pb_row][\/et_pb_section]<\/p>\n","protected":false},"excerpt":{"rendered":"<p>R\u00e9union annuelle des membres en ligneLes membres de l&rsquo;association se r\u00e9unissent chaque ann\u00e9e en ligne pour voter sur les questions importantes soumises \u00e0 l&rsquo;association : L&rsquo;\u00e9tat financier de l&rsquo;exercice \u00e9coul\u00e9 La proposition de budget pour l&rsquo;ann\u00e9e fiscale \u00e0 venir Choix des auditeurs officiels de l&rsquo;association les modifications majeures apport\u00e9es \u00e0 la politique d&rsquo;adh\u00e9sion ou \u00e0 [&hellip;]<\/p>\n","protected":false},"author":4,"featured_media":0,"parent":5307,"menu_order":0,"comment_status":"closed","ping_status":"closed","template":"","meta":{"_acf_changed":false,"_et_pb_use_builder":"on","_et_pb_old_content":"","_et_gb_content_width":"","footnotes":""},"class_list":["post-5630","page","type-page","status-publish","hentry"],"acf":[],"yoast_head":"<!-- This site is optimized with the Yoast SEO plugin v27.4 - https:\/\/yoast.com\/product\/yoast-seo-wordpress\/ -->\n<title>R\u00e9union annuelle des membres en ligne - HPAC.ca<\/title>\n<meta name=\"robots\" content=\"index, follow, max-snippet:-1, max-image-preview:large, max-video-preview:-1\" \/>\n<link rel=\"canonical\" href=\"https:\/\/2024.hpac.ca\/fr\/a-propos-de\/reunion-annuelle-des-membres-en-ligne\/\" \/>\n<meta property=\"og:locale\" content=\"fr_FR\" \/>\n<meta property=\"og:type\" content=\"article\" \/>\n<meta property=\"og:title\" content=\"R\u00e9union annuelle des membres en ligne - HPAC.ca\" \/>\n<meta property=\"og:description\" content=\"R\u00e9union annuelle des membres en ligneLes membres de l&#039;association se r\u00e9unissent chaque ann\u00e9e en ligne pour voter sur les questions importantes soumises \u00e0 l&#039;association : L&#039;\u00e9tat financier de l&#039;exercice \u00e9coul\u00e9 La proposition de budget pour l&#039;ann\u00e9e fiscale \u00e0 venir Choix des auditeurs officiels de l&#039;association les modifications majeures apport\u00e9es \u00e0 la politique d&#039;adh\u00e9sion ou \u00e0 [&hellip;]\" \/>\n<meta property=\"og:url\" content=\"https:\/\/2024.hpac.ca\/fr\/a-propos-de\/reunion-annuelle-des-membres-en-ligne\/\" \/>\n<meta property=\"og:site_name\" content=\"HPAC.ca\" \/>\n<meta property=\"article:modified_time\" content=\"2026-04-22T03:47:07+00:00\" \/>\n<meta name=\"twitter:card\" content=\"summary_large_image\" \/>\n<meta name=\"twitter:label1\" content=\"Dur\u00e9e de lecture estim\u00e9e\" \/>\n\t<meta name=\"twitter:data1\" content=\"1 minute\" \/>\n<script type=\"application\/ld+json\" class=\"yoast-schema-graph\">{\"@context\":\"https:\\\/\\\/schema.org\",\"@graph\":[{\"@type\":\"WebPage\",\"@id\":\"https:\\\/\\\/2024.hpac.ca\\\/fr\\\/a-propos-de\\\/reunion-annuelle-des-membres-en-ligne\\\/\",\"url\":\"https:\\\/\\\/2024.hpac.ca\\\/fr\\\/a-propos-de\\\/reunion-annuelle-des-membres-en-ligne\\\/\",\"name\":\"R\u00e9union annuelle des membres en ligne - HPAC.ca\",\"isPartOf\":{\"@id\":\"https:\\\/\\\/2024.hpac.ca\\\/fr\\\/#website\"},\"datePublished\":\"2024-06-26T18:27:34+00:00\",\"dateModified\":\"2026-04-22T03:47:07+00:00\",\"breadcrumb\":{\"@id\":\"https:\\\/\\\/2024.hpac.ca\\\/fr\\\/a-propos-de\\\/reunion-annuelle-des-membres-en-ligne\\\/#breadcrumb\"},\"inLanguage\":\"fr-FR\",\"potentialAction\":[{\"@type\":\"ReadAction\",\"target\":[\"https:\\\/\\\/2024.hpac.ca\\\/fr\\\/a-propos-de\\\/reunion-annuelle-des-membres-en-ligne\\\/\"]}]},{\"@type\":\"BreadcrumbList\",\"@id\":\"https:\\\/\\\/2024.hpac.ca\\\/fr\\\/a-propos-de\\\/reunion-annuelle-des-membres-en-ligne\\\/#breadcrumb\",\"itemListElement\":[{\"@type\":\"ListItem\",\"position\":1,\"name\":\"Home\",\"item\":\"https:\\\/\\\/2024.hpac.ca\\\/fr\\\/\"},{\"@type\":\"ListItem\",\"position\":2,\"name\":\"A propos de\",\"item\":\"https:\\\/\\\/2024.hpac.ca\\\/fr\\\/a-propos-de\\\/\"},{\"@type\":\"ListItem\",\"position\":3,\"name\":\"R\u00e9union annuelle des membres en ligne\"}]},{\"@type\":\"WebSite\",\"@id\":\"https:\\\/\\\/2024.hpac.ca\\\/fr\\\/#website\",\"url\":\"https:\\\/\\\/2024.hpac.ca\\\/fr\\\/\",\"name\":\"HPAC.ca\",\"description\":\"Hang Gliding and Paragliding Association\",\"potentialAction\":[{\"@type\":\"SearchAction\",\"target\":{\"@type\":\"EntryPoint\",\"urlTemplate\":\"https:\\\/\\\/2024.hpac.ca\\\/fr\\\/?s={search_term_string}\"},\"query-input\":{\"@type\":\"PropertyValueSpecification\",\"valueRequired\":true,\"valueName\":\"search_term_string\"}}],\"inLanguage\":\"fr-FR\"}]}<\/script>\n<!-- \/ Yoast SEO plugin. -->","yoast_head_json":{"title":"R\u00e9union annuelle des membres en ligne - HPAC.ca","robots":{"index":"index","follow":"follow","max-snippet":"max-snippet:-1","max-image-preview":"max-image-preview:large","max-video-preview":"max-video-preview:-1"},"canonical":"https:\/\/2024.hpac.ca\/fr\/a-propos-de\/reunion-annuelle-des-membres-en-ligne\/","og_locale":"fr_FR","og_type":"article","og_title":"R\u00e9union annuelle des membres en ligne - HPAC.ca","og_description":"R\u00e9union annuelle des membres en ligneLes membres de l'association se r\u00e9unissent chaque ann\u00e9e en ligne pour voter sur les questions importantes soumises \u00e0 l'association : L'\u00e9tat financier de l'exercice \u00e9coul\u00e9 La proposition de budget pour l'ann\u00e9e fiscale \u00e0 venir Choix des auditeurs officiels de l'association les modifications majeures apport\u00e9es \u00e0 la politique d'adh\u00e9sion ou \u00e0 [&hellip;]","og_url":"https:\/\/2024.hpac.ca\/fr\/a-propos-de\/reunion-annuelle-des-membres-en-ligne\/","og_site_name":"HPAC.ca","article_modified_time":"2026-04-22T03:47:07+00:00","twitter_card":"summary_large_image","twitter_misc":{"Dur\u00e9e de lecture estim\u00e9e":"1 minute"},"schema":{"@context":"https:\/\/schema.org","@graph":[{"@type":"WebPage","@id":"https:\/\/2024.hpac.ca\/fr\/a-propos-de\/reunion-annuelle-des-membres-en-ligne\/","url":"https:\/\/2024.hpac.ca\/fr\/a-propos-de\/reunion-annuelle-des-membres-en-ligne\/","name":"R\u00e9union annuelle des membres en ligne - HPAC.ca","isPartOf":{"@id":"https:\/\/2024.hpac.ca\/fr\/#website"},"datePublished":"2024-06-26T18:27:34+00:00","dateModified":"2026-04-22T03:47:07+00:00","breadcrumb":{"@id":"https:\/\/2024.hpac.ca\/fr\/a-propos-de\/reunion-annuelle-des-membres-en-ligne\/#breadcrumb"},"inLanguage":"fr-FR","potentialAction":[{"@type":"ReadAction","target":["https:\/\/2024.hpac.ca\/fr\/a-propos-de\/reunion-annuelle-des-membres-en-ligne\/"]}]},{"@type":"BreadcrumbList","@id":"https:\/\/2024.hpac.ca\/fr\/a-propos-de\/reunion-annuelle-des-membres-en-ligne\/#breadcrumb","itemListElement":[{"@type":"ListItem","position":1,"name":"Home","item":"https:\/\/2024.hpac.ca\/fr\/"},{"@type":"ListItem","position":2,"name":"A propos de","item":"https:\/\/2024.hpac.ca\/fr\/a-propos-de\/"},{"@type":"ListItem","position":3,"name":"R\u00e9union annuelle des membres en ligne"}]},{"@type":"WebSite","@id":"https:\/\/2024.hpac.ca\/fr\/#website","url":"https:\/\/2024.hpac.ca\/fr\/","name":"HPAC.ca","description":"Hang Gliding and Paragliding Association","potentialAction":[{"@type":"SearchAction","target":{"@type":"EntryPoint","urlTemplate":"https:\/\/2024.hpac.ca\/fr\/?s={search_term_string}"},"query-input":{"@type":"PropertyValueSpecification","valueRequired":true,"valueName":"search_term_string"}}],"inLanguage":"fr-FR"}]}},"_links":{"self":[{"href":"https:\/\/2024.hpac.ca\/fr\/wp-json\/wp\/v2\/pages\/5630","targetHints":{"allow":["GET"]}}],"collection":[{"href":"https:\/\/2024.hpac.ca\/fr\/wp-json\/wp\/v2\/pages"}],"about":[{"href":"https:\/\/2024.hpac.ca\/fr\/wp-json\/wp\/v2\/types\/page"}],"author":[{"embeddable":true,"href":"https:\/\/2024.hpac.ca\/fr\/wp-json\/wp\/v2\/users\/4"}],"replies":[{"embeddable":true,"href":"https:\/\/2024.hpac.ca\/fr\/wp-json\/wp\/v2\/comments?post=5630"}],"version-history":[{"count":3,"href":"https:\/\/2024.hpac.ca\/fr\/wp-json\/wp\/v2\/pages\/5630\/revisions"}],"predecessor-version":[{"id":6691,"href":"https:\/\/2024.hpac.ca\/fr\/wp-json\/wp\/v2\/pages\/5630\/revisions\/6691"}],"up":[{"embeddable":true,"href":"https:\/\/2024.hpac.ca\/fr\/wp-json\/wp\/v2\/pages\/5307"}],"wp:attachment":[{"href":"https:\/\/2024.hpac.ca\/fr\/wp-json\/wp\/v2\/media?parent=5630"}],"curies":[{"name":"wp","href":"https:\/\/api.w.org\/{rel}","templated":true}]}}