{"id":5634,"date":"2024-06-26T18:27:46","date_gmt":"2024-06-26T18:27:46","guid":{"rendered":"https:\/\/2024.hpac.ca\/a-propos-de\/prix\/"},"modified":"2026-03-25T09:45:24","modified_gmt":"2026-03-25T09:45:24","slug":"prix","status":"publish","type":"page","link":"https:\/\/2024.hpac.ca\/fr\/a-propos-de\/prix\/","title":{"rendered":"Prix"},"content":{"rendered":"<p>[et_pb_section fb_built=\u00a0\u00bb1&Prime; _builder_version=\u00a0\u00bb4.25.2&Prime; _module_preset=\u00a0\u00bbdefault\u00a0\u00bb global_colors_info=\u00a0\u00bb{}\u00a0\u00bb][et_pb_row _builder_version=\u00a0\u00bb4.25.2&Prime; _module_preset=\u00a0\u00bbdefault\u00a0\u00bb global_colors_info=\u00a0\u00bb{}\u00a0\u00bb][et_pb_column type=\u00a0\u00bb4_4&Prime; _builder_version=\u00a0\u00bb4.25.2&Prime; _module_preset=\u00a0\u00bbdefault\u00a0\u00bb global_colors_info=\u00a0\u00bb{}\u00a0\u00bb][et_pb_text _builder_version=\u00a0\u00bb4.25.2&Prime; _module_preset=\u00a0\u00bbdefault\u00a0\u00bb header_font=\u00a0\u00bb|600|||||||\u00a0\u00bb header_text_color=\u00a0\u00bb#545458&Prime; header_font_size=\u00a0\u00bb36px\u00a0\u00bb custom_margin=\u00a0\u00bb||8px||false|false\u00a0\u00bb header_font_size_tablet=\u00a0\u00bb36px\u00a0\u00bb header_font_size_phone=\u00a0\u00bb25px\u00a0\u00bb header_font_size_last_edited=\u00a0\u00bbon|phone\u00a0\u00bb global_colors_info=\u00a0\u00bb{}\u00a0\u00bb]<\/p>\n<h1>Prix<\/h1>\n<p>[\/et_pb_text][et_pb_text _builder_version=\u00a0\u00bb4.25.2&Prime; _module_preset=\u00a0\u00bbdefault\u00a0\u00bb text_font=\u00a0\u00bb|300|||||||\u00a0\u00bb text_text_color=\u00a0\u00bb#6B6B6B\u00a0\u00bb link_text_color=\u00a0\u00bb#6b6b6b\u00a0\u00bb hover_enabled=\u00a0\u00bb0&Prime; global_colors_info=\u00a0\u00bb{}\u00a0\u00bb sticky_enabled=\u00a0\u00bb0&Prime; link_font=\u00a0\u00bb||||on||||\u00a0\u00bb]<\/p>\n<p>Les prix de l&rsquo;APHP offrent une occasion importante de rendre hommage aux membres pilotes et aux autres personnes qui contribuent au sport du deltaplane et du parapente au Canada.<\/p>\n<p>Les r\u00e9compenses sont attribu\u00e9es dans les domaines suivants : b\u00e9n\u00e9volat et leadership exceptionnels, d\u00e9veloppement exceptionnel de sites de vol, instruction exceptionnelle et points de comp\u00e9tition nationaux des champions en deltaplane et en parapente, pour ne citer que quelques cat\u00e9gories.<\/p>\n<p>Les diff\u00e9rents prix et leurs crit\u00e8res peuvent \u00eatre consult\u00e9s dans le <a href=\"https:\/\/2024.hpac.ca\/fr\/pso-500-prix-de-lassociation\/\">POS 500 Prix de l&rsquo;association<\/a>.<\/p>\n<p>Les prix peuvent \u00eatre d\u00e9cern\u00e9s \u00e0 des pilotes individuels, \u00e0 des clubs, \u00e0 des propri\u00e9taires fonciers et \u00e0 des b\u00e9n\u00e9voles. Les nominations peuvent \u00eatre envoy\u00e9es \u00e0 tout moment au bureau national de la HPAC. <\/p>\n<p>[\/et_pb_text][\/et_pb_column][\/et_pb_row][\/et_pb_section]<\/p>\n","protected":false},"excerpt":{"rendered":"<p>PrixLes prix de l&rsquo;APHP offrent une occasion importante de rendre hommage aux membres pilotes et aux autres personnes qui contribuent au sport du deltaplane et du parapente au Canada. Les r\u00e9compenses sont attribu\u00e9es dans les domaines suivants : b\u00e9n\u00e9volat et leadership exceptionnels, d\u00e9veloppement exceptionnel de sites de vol, instruction exceptionnelle et points de comp\u00e9tition nationaux [&hellip;]<\/p>\n","protected":false},"author":4,"featured_media":0,"parent":5307,"menu_order":0,"comment_status":"closed","ping_status":"closed","template":"","meta":{"_acf_changed":false,"_et_pb_use_builder":"on","_et_pb_old_content":"","_et_gb_content_width":"","footnotes":""},"class_list":["post-5634","page","type-page","status-publish","hentry"],"acf":[],"yoast_head":"<!-- This site is optimized with the Yoast SEO plugin v27.4 - https:\/\/yoast.com\/product\/yoast-seo-wordpress\/ -->\n<title>Prix - HPAC.ca<\/title>\n<meta name=\"robots\" content=\"index, follow, max-snippet:-1, max-image-preview:large, max-video-preview:-1\" \/>\n<link rel=\"canonical\" href=\"https:\/\/2024.hpac.ca\/fr\/a-propos-de\/prix\/\" \/>\n<meta property=\"og:locale\" content=\"fr_FR\" \/>\n<meta property=\"og:type\" content=\"article\" \/>\n<meta property=\"og:title\" content=\"Prix - HPAC.ca\" \/>\n<meta property=\"og:description\" content=\"PrixLes prix de l&#039;APHP offrent une occasion importante de rendre hommage aux membres pilotes et aux autres personnes qui contribuent au sport du deltaplane et du parapente au Canada. Les r\u00e9compenses sont attribu\u00e9es dans les domaines suivants : b\u00e9n\u00e9volat et leadership exceptionnels, d\u00e9veloppement exceptionnel de sites de vol, instruction exceptionnelle et points de comp\u00e9tition nationaux [&hellip;]\" \/>\n<meta property=\"og:url\" content=\"https:\/\/2024.hpac.ca\/fr\/a-propos-de\/prix\/\" \/>\n<meta property=\"og:site_name\" content=\"HPAC.ca\" \/>\n<meta property=\"article:modified_time\" content=\"2026-03-25T09:45:24+00:00\" \/>\n<meta name=\"twitter:card\" content=\"summary_large_image\" \/>\n<meta name=\"twitter:label1\" content=\"Dur\u00e9e de lecture estim\u00e9e\" \/>\n\t<meta name=\"twitter:data1\" content=\"1 minute\" \/>\n<script type=\"application\/ld+json\" class=\"yoast-schema-graph\">{\"@context\":\"https:\\\/\\\/schema.org\",\"@graph\":[{\"@type\":\"WebPage\",\"@id\":\"https:\\\/\\\/2024.hpac.ca\\\/fr\\\/a-propos-de\\\/prix\\\/\",\"url\":\"https:\\\/\\\/2024.hpac.ca\\\/fr\\\/a-propos-de\\\/prix\\\/\",\"name\":\"Prix - HPAC.ca\",\"isPartOf\":{\"@id\":\"https:\\\/\\\/2024.hpac.ca\\\/fr\\\/#website\"},\"datePublished\":\"2024-06-26T18:27:46+00:00\",\"dateModified\":\"2026-03-25T09:45:24+00:00\",\"breadcrumb\":{\"@id\":\"https:\\\/\\\/2024.hpac.ca\\\/fr\\\/a-propos-de\\\/prix\\\/#breadcrumb\"},\"inLanguage\":\"fr-FR\",\"potentialAction\":[{\"@type\":\"ReadAction\",\"target\":[\"https:\\\/\\\/2024.hpac.ca\\\/fr\\\/a-propos-de\\\/prix\\\/\"]}]},{\"@type\":\"BreadcrumbList\",\"@id\":\"https:\\\/\\\/2024.hpac.ca\\\/fr\\\/a-propos-de\\\/prix\\\/#breadcrumb\",\"itemListElement\":[{\"@type\":\"ListItem\",\"position\":1,\"name\":\"Home\",\"item\":\"https:\\\/\\\/2024.hpac.ca\\\/fr\\\/\"},{\"@type\":\"ListItem\",\"position\":2,\"name\":\"A propos de\",\"item\":\"https:\\\/\\\/2024.hpac.ca\\\/fr\\\/a-propos-de\\\/\"},{\"@type\":\"ListItem\",\"position\":3,\"name\":\"Prix\"}]},{\"@type\":\"WebSite\",\"@id\":\"https:\\\/\\\/2024.hpac.ca\\\/fr\\\/#website\",\"url\":\"https:\\\/\\\/2024.hpac.ca\\\/fr\\\/\",\"name\":\"HPAC.ca\",\"description\":\"Hang Gliding and Paragliding Association\",\"potentialAction\":[{\"@type\":\"SearchAction\",\"target\":{\"@type\":\"EntryPoint\",\"urlTemplate\":\"https:\\\/\\\/2024.hpac.ca\\\/fr\\\/?s={search_term_string}\"},\"query-input\":{\"@type\":\"PropertyValueSpecification\",\"valueRequired\":true,\"valueName\":\"search_term_string\"}}],\"inLanguage\":\"fr-FR\"}]}<\/script>\n<!-- \/ Yoast SEO plugin. -->","yoast_head_json":{"title":"Prix - HPAC.ca","robots":{"index":"index","follow":"follow","max-snippet":"max-snippet:-1","max-image-preview":"max-image-preview:large","max-video-preview":"max-video-preview:-1"},"canonical":"https:\/\/2024.hpac.ca\/fr\/a-propos-de\/prix\/","og_locale":"fr_FR","og_type":"article","og_title":"Prix - HPAC.ca","og_description":"PrixLes prix de l'APHP offrent une occasion importante de rendre hommage aux membres pilotes et aux autres personnes qui contribuent au sport du deltaplane et du parapente au Canada. Les r\u00e9compenses sont attribu\u00e9es dans les domaines suivants : b\u00e9n\u00e9volat et leadership exceptionnels, d\u00e9veloppement exceptionnel de sites de vol, instruction exceptionnelle et points de comp\u00e9tition nationaux [&hellip;]","og_url":"https:\/\/2024.hpac.ca\/fr\/a-propos-de\/prix\/","og_site_name":"HPAC.ca","article_modified_time":"2026-03-25T09:45:24+00:00","twitter_card":"summary_large_image","twitter_misc":{"Dur\u00e9e de lecture estim\u00e9e":"1 minute"},"schema":{"@context":"https:\/\/schema.org","@graph":[{"@type":"WebPage","@id":"https:\/\/2024.hpac.ca\/fr\/a-propos-de\/prix\/","url":"https:\/\/2024.hpac.ca\/fr\/a-propos-de\/prix\/","name":"Prix - HPAC.ca","isPartOf":{"@id":"https:\/\/2024.hpac.ca\/fr\/#website"},"datePublished":"2024-06-26T18:27:46+00:00","dateModified":"2026-03-25T09:45:24+00:00","breadcrumb":{"@id":"https:\/\/2024.hpac.ca\/fr\/a-propos-de\/prix\/#breadcrumb"},"inLanguage":"fr-FR","potentialAction":[{"@type":"ReadAction","target":["https:\/\/2024.hpac.ca\/fr\/a-propos-de\/prix\/"]}]},{"@type":"BreadcrumbList","@id":"https:\/\/2024.hpac.ca\/fr\/a-propos-de\/prix\/#breadcrumb","itemListElement":[{"@type":"ListItem","position":1,"name":"Home","item":"https:\/\/2024.hpac.ca\/fr\/"},{"@type":"ListItem","position":2,"name":"A propos de","item":"https:\/\/2024.hpac.ca\/fr\/a-propos-de\/"},{"@type":"ListItem","position":3,"name":"Prix"}]},{"@type":"WebSite","@id":"https:\/\/2024.hpac.ca\/fr\/#website","url":"https:\/\/2024.hpac.ca\/fr\/","name":"HPAC.ca","description":"Hang Gliding and Paragliding Association","potentialAction":[{"@type":"SearchAction","target":{"@type":"EntryPoint","urlTemplate":"https:\/\/2024.hpac.ca\/fr\/?s={search_term_string}"},"query-input":{"@type":"PropertyValueSpecification","valueRequired":true,"valueName":"search_term_string"}}],"inLanguage":"fr-FR"}]}},"_links":{"self":[{"href":"https:\/\/2024.hpac.ca\/fr\/wp-json\/wp\/v2\/pages\/5634","targetHints":{"allow":["GET"]}}],"collection":[{"href":"https:\/\/2024.hpac.ca\/fr\/wp-json\/wp\/v2\/pages"}],"about":[{"href":"https:\/\/2024.hpac.ca\/fr\/wp-json\/wp\/v2\/types\/page"}],"author":[{"embeddable":true,"href":"https:\/\/2024.hpac.ca\/fr\/wp-json\/wp\/v2\/users\/4"}],"replies":[{"embeddable":true,"href":"https:\/\/2024.hpac.ca\/fr\/wp-json\/wp\/v2\/comments?post=5634"}],"version-history":[{"count":11,"href":"https:\/\/2024.hpac.ca\/fr\/wp-json\/wp\/v2\/pages\/5634\/revisions"}],"predecessor-version":[{"id":5897,"href":"https:\/\/2024.hpac.ca\/fr\/wp-json\/wp\/v2\/pages\/5634\/revisions\/5897"}],"up":[{"embeddable":true,"href":"https:\/\/2024.hpac.ca\/fr\/wp-json\/wp\/v2\/pages\/5307"}],"wp:attachment":[{"href":"https:\/\/2024.hpac.ca\/fr\/wp-json\/wp\/v2\/media?parent=5634"}],"curies":[{"name":"wp","href":"https:\/\/api.w.org\/{rel}","templated":true}]}}