{"id":5641,"date":"2024-06-26T18:33:41","date_gmt":"2024-06-26T18:33:41","guid":{"rendered":"https:\/\/2024.hpac.ca\/pilote\/tous-les-formulaires-pilotes\/"},"modified":"2026-04-17T16:10:11","modified_gmt":"2026-04-17T16:10:11","slug":"tous-les-formulaires-pilotes","status":"publish","type":"page","link":"https:\/\/2024.hpac.ca\/fr\/pilote\/tous-les-formulaires-pilotes\/","title":{"rendered":"Tous les formulaires pilotes"},"content":{"rendered":"<p>[et_pb_section fb_built=\u00a0\u00bb1&Prime; _builder_version=\u00a0\u00bb4.25.2&Prime; _module_preset=\u00a0\u00bbdefault\u00a0\u00bb global_colors_info=\u00a0\u00bb{}\u00a0\u00bb][et_pb_row _builder_version=\u00a0\u00bb4.25.2&Prime; _module_preset=\u00a0\u00bbdefault\u00a0\u00bb global_colors_info=\u00a0\u00bb{}\u00a0\u00bb][et_pb_column type=\u00a0\u00bb4_4&Prime; _builder_version=\u00a0\u00bb4.25.2&Prime; _module_preset=\u00a0\u00bbdefault\u00a0\u00bb global_colors_info=\u00a0\u00bb{}\u00a0\u00bb][et_pb_text _builder_version=\u00a0\u00bb4.25.2&Prime; _module_preset=\u00a0\u00bbdefault\u00a0\u00bb header_font=\u00a0\u00bb|600|||||||\u00a0\u00bb header_text_color=\u00a0\u00bb#545458&Prime; header_font_size=\u00a0\u00bb36px\u00a0\u00bb custom_margin=\u00a0\u00bb||||false|false\u00a0\u00bb header_font_size_tablet=\u00a0\u00bb36px\u00a0\u00bb header_font_size_phone=\u00a0\u00bb25px\u00a0\u00bb header_font_size_last_edited=\u00a0\u00bbon|phone\u00a0\u00bb global_colors_info=\u00a0\u00bb{}\u00a0\u00bb]<\/p>\n<h1>Tous les formulaires pilotes<\/h1>\n<p>[\/et_pb_text][et_pb_text _builder_version=\u00a0\u00bb4.27.6&Prime; _module_preset=\u00a0\u00bbdefault\u00a0\u00bb text_font=\u00a0\u00bb|300|||||||\u00a0\u00bb link_font=\u00a0\u00bb||||on||||\u00a0\u00bb link_text_color=\u00a0\u00bb#6B6B6B\u00a0\u00bb global_colors_info=\u00a0\u00bb{}\u00a0\u00bb]<\/p>\n<ul>\n<li><a href=\"https:\/\/2024.hpac.ca\/download\/4720\/?tmstv=1720158824\" target=\"_blank\" rel=\"noopener\">Formulaire m\u00e9dical de cat\u00e9gorie 4 (Transport Canada)<\/a><\/li>\n<li><a href=\"https:\/\/pq3ivecn4rb.typeform.com\/to\/EhU0AhCT\" target=\"_blank\" rel=\"noopener\">Demande de licence sportive FAI<\/a><\/li>\n<li><a href=\"https:\/\/2024.hpac.ca\/download\/4722\/?tmstv=1720160621\" target=\"_blank\" rel=\"noopener\">D\u00e9claration de la FAI<\/a><\/li>\n<li><a href=\"https:\/\/2024.hpac.ca\/download\/4723\/?tmstv=1720160651\" target=\"_blank\" rel=\"noopener\">Demande de record du monde FAI<\/a><\/li>\n<li><a href=\"https:\/\/pq3ivecn4rb.typeform.com\/to\/g2mPTEm9\" target=\"_blank\" rel=\"noopener\">Demande d&rsquo;adh\u00e9sion pour les visiteurs temporaires<\/a><\/li>\n<li><a href=\"https:\/\/pq3ivecn4rb.typeform.com\/to\/wlSzkuNi\" target=\"_blank\" rel=\"noopener\">Demande d&rsquo;assurance du site<\/a><\/li>\n<li><a href=\"https:\/\/waiver.smartwaiver.com\/w\/5ff747e412cc4\/web\/\" target=\"_blank\" rel=\"noopener\">Renonciation<\/a><\/li>\n<\/ul>\n<p>[\/et_pb_text][\/et_pb_column][\/et_pb_row][\/et_pb_section]<\/p>\n","protected":false},"excerpt":{"rendered":"<p>Tous les formulaires pilotes Formulaire m\u00e9dical de cat\u00e9gorie 4 (Transport Canada) Demande de licence sportive FAI D\u00e9claration de la FAI Demande de record du monde FAI Demande d&rsquo;adh\u00e9sion pour les visiteurs temporaires Demande d&rsquo;assurance du site Renonciation<\/p>\n","protected":false},"author":4,"featured_media":0,"parent":5416,"menu_order":0,"comment_status":"closed","ping_status":"closed","template":"","meta":{"_acf_changed":false,"_et_pb_use_builder":"on","_et_pb_old_content":"","_et_gb_content_width":"","footnotes":""},"class_list":["post-5641","page","type-page","status-publish","hentry"],"acf":[],"yoast_head":"<!-- This site is optimized with the Yoast SEO plugin v27.4 - https:\/\/yoast.com\/product\/yoast-seo-wordpress\/ -->\n<title>Tous les formulaires pilotes - HPAC.ca<\/title>\n<meta name=\"robots\" content=\"index, follow, max-snippet:-1, max-image-preview:large, max-video-preview:-1\" \/>\n<link rel=\"canonical\" href=\"https:\/\/2024.hpac.ca\/fr\/pilote\/tous-les-formulaires-pilotes\/\" \/>\n<meta property=\"og:locale\" content=\"fr_FR\" \/>\n<meta property=\"og:type\" content=\"article\" \/>\n<meta property=\"og:title\" content=\"Tous les formulaires pilotes - HPAC.ca\" \/>\n<meta property=\"og:description\" content=\"Tous les formulaires pilotes Formulaire m\u00e9dical de cat\u00e9gorie 4 (Transport Canada) Demande de licence sportive FAI D\u00e9claration de la FAI Demande de record du monde FAI Demande d&#039;adh\u00e9sion pour les visiteurs temporaires Demande d&#039;assurance du site Renonciation\" \/>\n<meta property=\"og:url\" content=\"https:\/\/2024.hpac.ca\/fr\/pilote\/tous-les-formulaires-pilotes\/\" \/>\n<meta property=\"og:site_name\" content=\"HPAC.ca\" \/>\n<meta property=\"article:modified_time\" content=\"2026-04-17T16:10:11+00:00\" \/>\n<meta name=\"twitter:card\" content=\"summary_large_image\" \/>\n<meta name=\"twitter:label1\" content=\"Dur\u00e9e de lecture estim\u00e9e\" \/>\n\t<meta name=\"twitter:data1\" content=\"1 minute\" \/>\n<script type=\"application\/ld+json\" class=\"yoast-schema-graph\">{\"@context\":\"https:\\\/\\\/schema.org\",\"@graph\":[{\"@type\":\"WebPage\",\"@id\":\"https:\\\/\\\/2024.hpac.ca\\\/fr\\\/pilote\\\/tous-les-formulaires-pilotes\\\/\",\"url\":\"https:\\\/\\\/2024.hpac.ca\\\/fr\\\/pilote\\\/tous-les-formulaires-pilotes\\\/\",\"name\":\"Tous les formulaires pilotes - HPAC.ca\",\"isPartOf\":{\"@id\":\"https:\\\/\\\/2024.hpac.ca\\\/fr\\\/#website\"},\"datePublished\":\"2024-06-26T18:33:41+00:00\",\"dateModified\":\"2026-04-17T16:10:11+00:00\",\"breadcrumb\":{\"@id\":\"https:\\\/\\\/2024.hpac.ca\\\/fr\\\/pilote\\\/tous-les-formulaires-pilotes\\\/#breadcrumb\"},\"inLanguage\":\"fr-FR\",\"potentialAction\":[{\"@type\":\"ReadAction\",\"target\":[\"https:\\\/\\\/2024.hpac.ca\\\/fr\\\/pilote\\\/tous-les-formulaires-pilotes\\\/\"]}]},{\"@type\":\"BreadcrumbList\",\"@id\":\"https:\\\/\\\/2024.hpac.ca\\\/fr\\\/pilote\\\/tous-les-formulaires-pilotes\\\/#breadcrumb\",\"itemListElement\":[{\"@type\":\"ListItem\",\"position\":1,\"name\":\"Home\",\"item\":\"https:\\\/\\\/2024.hpac.ca\\\/fr\\\/\"},{\"@type\":\"ListItem\",\"position\":2,\"name\":\"Pilote\",\"item\":\"https:\\\/\\\/2024.hpac.ca\\\/fr\\\/pilote\\\/\"},{\"@type\":\"ListItem\",\"position\":3,\"name\":\"Tous les formulaires pilotes\"}]},{\"@type\":\"WebSite\",\"@id\":\"https:\\\/\\\/2024.hpac.ca\\\/fr\\\/#website\",\"url\":\"https:\\\/\\\/2024.hpac.ca\\\/fr\\\/\",\"name\":\"HPAC.ca\",\"description\":\"Hang Gliding and Paragliding Association\",\"potentialAction\":[{\"@type\":\"SearchAction\",\"target\":{\"@type\":\"EntryPoint\",\"urlTemplate\":\"https:\\\/\\\/2024.hpac.ca\\\/fr\\\/?s={search_term_string}\"},\"query-input\":{\"@type\":\"PropertyValueSpecification\",\"valueRequired\":true,\"valueName\":\"search_term_string\"}}],\"inLanguage\":\"fr-FR\"}]}<\/script>\n<!-- \/ Yoast SEO plugin. -->","yoast_head_json":{"title":"Tous les formulaires pilotes - HPAC.ca","robots":{"index":"index","follow":"follow","max-snippet":"max-snippet:-1","max-image-preview":"max-image-preview:large","max-video-preview":"max-video-preview:-1"},"canonical":"https:\/\/2024.hpac.ca\/fr\/pilote\/tous-les-formulaires-pilotes\/","og_locale":"fr_FR","og_type":"article","og_title":"Tous les formulaires pilotes - HPAC.ca","og_description":"Tous les formulaires pilotes Formulaire m\u00e9dical de cat\u00e9gorie 4 (Transport Canada) Demande de licence sportive FAI D\u00e9claration de la FAI Demande de record du monde FAI Demande d'adh\u00e9sion pour les visiteurs temporaires Demande d'assurance du site Renonciation","og_url":"https:\/\/2024.hpac.ca\/fr\/pilote\/tous-les-formulaires-pilotes\/","og_site_name":"HPAC.ca","article_modified_time":"2026-04-17T16:10:11+00:00","twitter_card":"summary_large_image","twitter_misc":{"Dur\u00e9e de lecture estim\u00e9e":"1 minute"},"schema":{"@context":"https:\/\/schema.org","@graph":[{"@type":"WebPage","@id":"https:\/\/2024.hpac.ca\/fr\/pilote\/tous-les-formulaires-pilotes\/","url":"https:\/\/2024.hpac.ca\/fr\/pilote\/tous-les-formulaires-pilotes\/","name":"Tous les formulaires pilotes - HPAC.ca","isPartOf":{"@id":"https:\/\/2024.hpac.ca\/fr\/#website"},"datePublished":"2024-06-26T18:33:41+00:00","dateModified":"2026-04-17T16:10:11+00:00","breadcrumb":{"@id":"https:\/\/2024.hpac.ca\/fr\/pilote\/tous-les-formulaires-pilotes\/#breadcrumb"},"inLanguage":"fr-FR","potentialAction":[{"@type":"ReadAction","target":["https:\/\/2024.hpac.ca\/fr\/pilote\/tous-les-formulaires-pilotes\/"]}]},{"@type":"BreadcrumbList","@id":"https:\/\/2024.hpac.ca\/fr\/pilote\/tous-les-formulaires-pilotes\/#breadcrumb","itemListElement":[{"@type":"ListItem","position":1,"name":"Home","item":"https:\/\/2024.hpac.ca\/fr\/"},{"@type":"ListItem","position":2,"name":"Pilote","item":"https:\/\/2024.hpac.ca\/fr\/pilote\/"},{"@type":"ListItem","position":3,"name":"Tous les formulaires pilotes"}]},{"@type":"WebSite","@id":"https:\/\/2024.hpac.ca\/fr\/#website","url":"https:\/\/2024.hpac.ca\/fr\/","name":"HPAC.ca","description":"Hang Gliding and Paragliding Association","potentialAction":[{"@type":"SearchAction","target":{"@type":"EntryPoint","urlTemplate":"https:\/\/2024.hpac.ca\/fr\/?s={search_term_string}"},"query-input":{"@type":"PropertyValueSpecification","valueRequired":true,"valueName":"search_term_string"}}],"inLanguage":"fr-FR"}]}},"_links":{"self":[{"href":"https:\/\/2024.hpac.ca\/fr\/wp-json\/wp\/v2\/pages\/5641","targetHints":{"allow":["GET"]}}],"collection":[{"href":"https:\/\/2024.hpac.ca\/fr\/wp-json\/wp\/v2\/pages"}],"about":[{"href":"https:\/\/2024.hpac.ca\/fr\/wp-json\/wp\/v2\/types\/page"}],"author":[{"embeddable":true,"href":"https:\/\/2024.hpac.ca\/fr\/wp-json\/wp\/v2\/users\/4"}],"replies":[{"embeddable":true,"href":"https:\/\/2024.hpac.ca\/fr\/wp-json\/wp\/v2\/comments?post=5641"}],"version-history":[{"count":11,"href":"https:\/\/2024.hpac.ca\/fr\/wp-json\/wp\/v2\/pages\/5641\/revisions"}],"predecessor-version":[{"id":6544,"href":"https:\/\/2024.hpac.ca\/fr\/wp-json\/wp\/v2\/pages\/5641\/revisions\/6544"}],"up":[{"embeddable":true,"href":"https:\/\/2024.hpac.ca\/fr\/wp-json\/wp\/v2\/pages\/5416"}],"wp:attachment":[{"href":"https:\/\/2024.hpac.ca\/fr\/wp-json\/wp\/v2\/media?parent=5641"}],"curies":[{"name":"wp","href":"https:\/\/api.w.org\/{rel}","templated":true}]}}