{"id":5681,"date":"2024-06-26T18:39:54","date_gmt":"2024-06-26T18:39:54","guid":{"rendered":"https:\/\/2024.hpac.ca\/hagar\/"},"modified":"2026-04-22T02:33:47","modified_gmt":"2026-04-22T02:33:47","slug":"hagar","status":"publish","type":"page","link":"https:\/\/2024.hpac.ca\/fr\/hagar\/","title":{"rendered":"HAGAR"},"content":{"rendered":"<p>[et_pb_section fb_built=\u00a0\u00bb1&Prime; _builder_version=\u00a0\u00bb4.25.2&Prime; _module_preset=\u00a0\u00bbdefault\u00a0\u00bb global_colors_info=\u00a0\u00bb{}\u00a0\u00bb][et_pb_row _builder_version=\u00a0\u00bb4.25.2&Prime; _module_preset=\u00a0\u00bbdefault\u00a0\u00bb global_colors_info=\u00a0\u00bb{}\u00a0\u00bb][et_pb_column type=\u00a0\u00bb4_4&Prime; _builder_version=\u00a0\u00bb4.25.2&Prime; _module_preset=\u00a0\u00bbdefault\u00a0\u00bb global_colors_info=\u00a0\u00bb{}\u00a0\u00bb][et_pb_text _builder_version=\u00a0\u00bb4.25.2&Prime; _module_preset=\u00a0\u00bbdefault\u00a0\u00bb header_font=\u00a0\u00bb|600|||||||\u00a0\u00bb header_text_color=\u00a0\u00bb#545458&Prime; header_font_size=\u00a0\u00bb36px\u00a0\u00bb custom_margin=\u00a0\u00bb||8px||false|false\u00a0\u00bb header_font_size_tablet=\u00a0\u00bb36px\u00a0\u00bb header_font_size_phone=\u00a0\u00bb25px\u00a0\u00bb header_font_size_last_edited=\u00a0\u00bbon|phone\u00a0\u00bb global_colors_info=\u00a0\u00bb{}\u00a0\u00bb]<\/p>\n<h1>HAGAR<\/h1>\n<p>[\/et_pb_text][et_pb_image src=\u00a0\u00bbhttps:\/\/2024.hpac.ca\/wp-content\/uploads\/2024\/07\/image9-1024&#215;422-1.png\u00a0\u00bb title_text=\u00a0\u00bbimage9-1024&#215;422&Prime; align=\u00a0\u00bbcenter\u00a0\u00bb _builder_version=\u00a0\u00bb4.25.2&Prime; _module_preset=\u00a0\u00bbdefault\u00a0\u00bb width=\u00a0\u00bb55%\u00a0\u00bb global_colors_info=\u00a0\u00bb{}\u00a0\u00bb][\/et_pb_image][et_pb_text _builder_version=\u00a0\u00bb4.25.2&Prime; _module_preset=\u00a0\u00bbdefault\u00a0\u00bb text_font=\u00a0\u00bb|300|on||||||\u00a0\u00bb text_font_size=\u00a0\u00bb13px\u00a0\u00bb text_orientation=\u00a0\u00bbcenter\u00a0\u00bb global_colors_info=\u00a0\u00bb{}\u00a0\u00bb]<\/p>\n<p>R\u00e9glementation a\u00e9rienne du delta-plane<\/p>\n<p>[\/et_pb_text][et_pb_text _builder_version=\u00a0\u00bb4.27.6&Prime; _module_preset=\u00a0\u00bbdefault\u00a0\u00bb text_font=\u00a0\u00bb|300|||||||\u00a0\u00bb link_font=\u00a0\u00bb||||on||||\u00a0\u00bb link_text_color=\u00a0\u00bb#6B6B6B\u00a0\u00bb global_colors_info=\u00a0\u00bb{}\u00a0\u00bb]<\/p>\n<p>HAGAR est l&rsquo;acronyme de Hang Glider Air Regulations. Il s&rsquo;agit du R\u00e8glement de l&rsquo;aviation canadien relatif aux deltaplanes et aux parapentes. <\/p>\n<p>Les pilotes HG\/PG volant dans un espace a\u00e9rien contr\u00f4l\u00e9 doivent avoir r\u00e9ussi l&rsquo;examen HAGAR, quelle que soit leur qualification ACVL. L&rsquo;espace a\u00e9rien non contr\u00f4l\u00e9 dispara\u00eet lentement dans la plupart des endroits o\u00f9 nous volons. <\/p>\n<p>L&rsquo;examen HAGAR est administr\u00e9 dans certains centres de Transports Canada et par des surveillants d&rsquo;examen autoris\u00e9s que vous trouverez <a href=\"https:\/\/tc.canada.ca\/en\/aviation\/licensing-pilots-personnel\/flight-crew-licences-permits-ratings\/flight-crew-examinations\" target=\"_blank\" rel=\"noopener\">ici.<\/a><\/p>\n<p>Avant de vous pr\u00e9senter \u00e0 l&rsquo;examen, assurez-vous que vous avez tout ce qu&rsquo;il vous faut. Pour vous inscrire \u00e0 l&rsquo;examen HAGAR, vous devez pr\u00e9senter un certificat m\u00e9dical de cat\u00e9gorie 4. <\/p>\n<p>Le co\u00fbt de l&rsquo;examen varie en fonction de la r\u00e9gion dans laquelle vous passez l&rsquo;examen. S&rsquo;il n&rsquo;y a pas de surveillant \u00e0 proximit\u00e9, le centre d&rsquo;examen TC CA local peut vous en proposer un. Si un surveillant est disponible \u00e0 la place, c&rsquo;est lui qui d\u00e9terminera les frais.  <\/p>\n<p>Pour vous aider \u00e0 pr\u00e9parer cet examen, consultez le guide d&rsquo;\u00e9tude HPAC HAGAR qui a \u00e9t\u00e9 mis \u00e0 jour en juin 2016.<\/p>\n<p>Le <a href=\"https:\/\/2024.hpac.ca\/download\/4719\/?tmstv=1720164624\" target=\"_blank\" rel=\"noopener\">guide d&rsquo;\u00e9tude officiel HAGAR<\/a> de Transports Canada est disponible en ligne \u00e0 l&rsquo;adresse suivante :<\/p>\n<p><a href=\"https:\/\/tc.canada.ca\/en\/aviation\/publications\/study-reference-guide-air-law-procedures-class-e-airspace-tp-11408\" target=\"_blank\" rel=\"noopener\">TP 11408F Guide d&rsquo;\u00e9tude et de r\u00e9f\u00e9rence &#8211; Droit a\u00e9rien et proc\u00e9dures &#8211; Deltaplane<\/a><\/p>\n<p>Si vous cherchez d&rsquo;autres moyens de tester vos connaissances, vous pouvez trouver quelques examens pratiques en ligne sur le site :<\/p>\n<p><a href=\"https:\/\/tc.canada.ca\/en\/aviation\/publications\/sample-examination-glider-pilot-licence-tp-877\" target=\"_blank\" rel=\"noopener\">Exemple d&rsquo;examen &#8211; Licence de pilote de planeur (TP 877<\/a> ) (exemples de r\u00e8glements a\u00e9riens pour les avions \u00e0 voile).<br \/><a href=\"https:\/\/tc.canada.ca\/en\/aviation\/publications\/sample-examination-pilot-permit-ultra-light-aeroplane-tp-14454\" target=\"_blank\" rel=\"noopener\">TP 14454 &#8211; Exemple d&rsquo;examen &#8211; Permis de pilote &#8211; Avion ultra-l\u00e9ger<\/a> (pour les avions ultra-l\u00e9gers).<\/p>\n<p>[\/et_pb_text][\/et_pb_column][\/et_pb_row][\/et_pb_section]<\/p>\n","protected":false},"excerpt":{"rendered":"<p>HAGARR\u00e9glementation a\u00e9rienne du delta-planeHAGAR est l&rsquo;acronyme de Hang Glider Air Regulations. Il s&rsquo;agit du R\u00e8glement de l&rsquo;aviation canadien relatif aux deltaplanes et aux parapentes. Les pilotes HG\/PG volant dans un espace a\u00e9rien contr\u00f4l\u00e9 doivent avoir r\u00e9ussi l&rsquo;examen HAGAR, quelle que soit leur qualification ACVL. L&rsquo;espace a\u00e9rien non contr\u00f4l\u00e9 dispara\u00eet lentement dans la plupart des endroits [&hellip;]<\/p>\n","protected":false},"author":4,"featured_media":0,"parent":0,"menu_order":0,"comment_status":"closed","ping_status":"closed","template":"","meta":{"_acf_changed":false,"_et_pb_use_builder":"on","_et_pb_old_content":"","_et_gb_content_width":"","footnotes":""},"class_list":["post-5681","page","type-page","status-publish","hentry"],"acf":[],"yoast_head":"<!-- This site is optimized with the Yoast SEO plugin v27.4 - https:\/\/yoast.com\/product\/yoast-seo-wordpress\/ -->\n<title>HAGAR - HPAC.ca<\/title>\n<meta name=\"robots\" content=\"index, follow, max-snippet:-1, max-image-preview:large, max-video-preview:-1\" \/>\n<link rel=\"canonical\" href=\"https:\/\/2024.hpac.ca\/fr\/hagar\/\" \/>\n<meta property=\"og:locale\" content=\"fr_FR\" \/>\n<meta property=\"og:type\" content=\"article\" \/>\n<meta property=\"og:title\" content=\"HAGAR - HPAC.ca\" \/>\n<meta property=\"og:description\" content=\"HAGARR\u00e9glementation a\u00e9rienne du delta-planeHAGAR est l&#039;acronyme de Hang Glider Air Regulations. Il s&#039;agit du R\u00e8glement de l&#039;aviation canadien relatif aux deltaplanes et aux parapentes. Les pilotes HG\/PG volant dans un espace a\u00e9rien contr\u00f4l\u00e9 doivent avoir r\u00e9ussi l&#039;examen HAGAR, quelle que soit leur qualification ACVL. L&#039;espace a\u00e9rien non contr\u00f4l\u00e9 dispara\u00eet lentement dans la plupart des endroits [&hellip;]\" \/>\n<meta property=\"og:url\" content=\"https:\/\/2024.hpac.ca\/fr\/hagar\/\" \/>\n<meta property=\"og:site_name\" content=\"HPAC.ca\" \/>\n<meta property=\"article:modified_time\" content=\"2026-04-22T02:33:47+00:00\" \/>\n<meta name=\"twitter:card\" content=\"summary_large_image\" \/>\n<meta name=\"twitter:label1\" content=\"Dur\u00e9e de lecture estim\u00e9e\" \/>\n\t<meta name=\"twitter:data1\" content=\"2 minute\" \/>\n<script type=\"application\/ld+json\" class=\"yoast-schema-graph\">{\"@context\":\"https:\\\/\\\/schema.org\",\"@graph\":[{\"@type\":\"WebPage\",\"@id\":\"https:\\\/\\\/2024.hpac.ca\\\/fr\\\/hagar\\\/\",\"url\":\"https:\\\/\\\/2024.hpac.ca\\\/fr\\\/hagar\\\/\",\"name\":\"HAGAR - HPAC.ca\",\"isPartOf\":{\"@id\":\"https:\\\/\\\/2024.hpac.ca\\\/fr\\\/#website\"},\"datePublished\":\"2024-06-26T18:39:54+00:00\",\"dateModified\":\"2026-04-22T02:33:47+00:00\",\"breadcrumb\":{\"@id\":\"https:\\\/\\\/2024.hpac.ca\\\/fr\\\/hagar\\\/#breadcrumb\"},\"inLanguage\":\"fr-FR\",\"potentialAction\":[{\"@type\":\"ReadAction\",\"target\":[\"https:\\\/\\\/2024.hpac.ca\\\/fr\\\/hagar\\\/\"]}]},{\"@type\":\"BreadcrumbList\",\"@id\":\"https:\\\/\\\/2024.hpac.ca\\\/fr\\\/hagar\\\/#breadcrumb\",\"itemListElement\":[{\"@type\":\"ListItem\",\"position\":1,\"name\":\"Home\",\"item\":\"https:\\\/\\\/2024.hpac.ca\\\/fr\\\/\"},{\"@type\":\"ListItem\",\"position\":2,\"name\":\"HAGAR\"}]},{\"@type\":\"WebSite\",\"@id\":\"https:\\\/\\\/2024.hpac.ca\\\/fr\\\/#website\",\"url\":\"https:\\\/\\\/2024.hpac.ca\\\/fr\\\/\",\"name\":\"HPAC.ca\",\"description\":\"Hang Gliding and Paragliding Association\",\"potentialAction\":[{\"@type\":\"SearchAction\",\"target\":{\"@type\":\"EntryPoint\",\"urlTemplate\":\"https:\\\/\\\/2024.hpac.ca\\\/fr\\\/?s={search_term_string}\"},\"query-input\":{\"@type\":\"PropertyValueSpecification\",\"valueRequired\":true,\"valueName\":\"search_term_string\"}}],\"inLanguage\":\"fr-FR\"}]}<\/script>\n<!-- \/ Yoast SEO plugin. -->","yoast_head_json":{"title":"HAGAR - HPAC.ca","robots":{"index":"index","follow":"follow","max-snippet":"max-snippet:-1","max-image-preview":"max-image-preview:large","max-video-preview":"max-video-preview:-1"},"canonical":"https:\/\/2024.hpac.ca\/fr\/hagar\/","og_locale":"fr_FR","og_type":"article","og_title":"HAGAR - HPAC.ca","og_description":"HAGARR\u00e9glementation a\u00e9rienne du delta-planeHAGAR est l'acronyme de Hang Glider Air Regulations. Il s'agit du R\u00e8glement de l'aviation canadien relatif aux deltaplanes et aux parapentes. Les pilotes HG\/PG volant dans un espace a\u00e9rien contr\u00f4l\u00e9 doivent avoir r\u00e9ussi l'examen HAGAR, quelle que soit leur qualification ACVL. L'espace a\u00e9rien non contr\u00f4l\u00e9 dispara\u00eet lentement dans la plupart des endroits [&hellip;]","og_url":"https:\/\/2024.hpac.ca\/fr\/hagar\/","og_site_name":"HPAC.ca","article_modified_time":"2026-04-22T02:33:47+00:00","twitter_card":"summary_large_image","twitter_misc":{"Dur\u00e9e de lecture estim\u00e9e":"2 minute"},"schema":{"@context":"https:\/\/schema.org","@graph":[{"@type":"WebPage","@id":"https:\/\/2024.hpac.ca\/fr\/hagar\/","url":"https:\/\/2024.hpac.ca\/fr\/hagar\/","name":"HAGAR - HPAC.ca","isPartOf":{"@id":"https:\/\/2024.hpac.ca\/fr\/#website"},"datePublished":"2024-06-26T18:39:54+00:00","dateModified":"2026-04-22T02:33:47+00:00","breadcrumb":{"@id":"https:\/\/2024.hpac.ca\/fr\/hagar\/#breadcrumb"},"inLanguage":"fr-FR","potentialAction":[{"@type":"ReadAction","target":["https:\/\/2024.hpac.ca\/fr\/hagar\/"]}]},{"@type":"BreadcrumbList","@id":"https:\/\/2024.hpac.ca\/fr\/hagar\/#breadcrumb","itemListElement":[{"@type":"ListItem","position":1,"name":"Home","item":"https:\/\/2024.hpac.ca\/fr\/"},{"@type":"ListItem","position":2,"name":"HAGAR"}]},{"@type":"WebSite","@id":"https:\/\/2024.hpac.ca\/fr\/#website","url":"https:\/\/2024.hpac.ca\/fr\/","name":"HPAC.ca","description":"Hang Gliding and Paragliding Association","potentialAction":[{"@type":"SearchAction","target":{"@type":"EntryPoint","urlTemplate":"https:\/\/2024.hpac.ca\/fr\/?s={search_term_string}"},"query-input":{"@type":"PropertyValueSpecification","valueRequired":true,"valueName":"search_term_string"}}],"inLanguage":"fr-FR"}]}},"_links":{"self":[{"href":"https:\/\/2024.hpac.ca\/fr\/wp-json\/wp\/v2\/pages\/5681","targetHints":{"allow":["GET"]}}],"collection":[{"href":"https:\/\/2024.hpac.ca\/fr\/wp-json\/wp\/v2\/pages"}],"about":[{"href":"https:\/\/2024.hpac.ca\/fr\/wp-json\/wp\/v2\/types\/page"}],"author":[{"embeddable":true,"href":"https:\/\/2024.hpac.ca\/fr\/wp-json\/wp\/v2\/users\/4"}],"replies":[{"embeddable":true,"href":"https:\/\/2024.hpac.ca\/fr\/wp-json\/wp\/v2\/comments?post=5681"}],"version-history":[{"count":4,"href":"https:\/\/2024.hpac.ca\/fr\/wp-json\/wp\/v2\/pages\/5681\/revisions"}],"predecessor-version":[{"id":6659,"href":"https:\/\/2024.hpac.ca\/fr\/wp-json\/wp\/v2\/pages\/5681\/revisions\/6659"}],"wp:attachment":[{"href":"https:\/\/2024.hpac.ca\/fr\/wp-json\/wp\/v2\/media?parent=5681"}],"curies":[{"name":"wp","href":"https:\/\/api.w.org\/{rel}","templated":true}]}}