{"id":5684,"date":"2021-01-13T07:33:02","date_gmt":"2021-01-13T07:33:02","guid":{"rendered":"https:\/\/2024.hpac.ca\/licence-sportive-fai\/"},"modified":"2026-04-17T17:13:44","modified_gmt":"2026-04-17T17:13:44","slug":"licence-sportive-fai","status":"publish","type":"page","link":"https:\/\/2024.hpac.ca\/fr\/licence-sportive-fai\/","title":{"rendered":"Licence sportive FAI"},"content":{"rendered":"<p>[et_pb_section fb_built=\u00a0\u00bb1&Prime; admin_label=\u00a0\u00bbsection\u00a0\u00bb _builder_version=\u00a0\u00bb4.16&Prime; global_colors_info=\u00a0\u00bb{}\u00a0\u00bb][et_pb_row admin_label=\u00a0\u00bbrang\u00e9e\u00a0\u00bb _builder_version=\u00a0\u00bb4.16&Prime; background_size=\u00a0\u00bbinitial\u00a0\u00bb background_position=\u00a0\u00bbtop_left\u00a0\u00bb background_repeat=\u00a0\u00bbrepeat\u00a0\u00bb global_colors_info=\u00a0\u00bb{}\u00a0\u00bb][et_pb_column type=\u00a0\u00bb4_4&Prime; _builder_version=\u00a0\u00bb4.16&Prime; custom_padding=\u00a0\u00bb|||\u00a0\u00bb global_colors_info=\u00a0\u00bb{}\u00a0\u00bb custom_padding__hover=\u00a0\u00bb|||\u00a0\u00bb][et_pb_heading title=\u00a0\u00bb@ET-DC@eyJkeW5hbWljIjp0cnVlLCJjb250ZW50IjoicG9zdF90aXRsZSIsInNldHRpbmdzIjp7ImJlZm9yZSI6IiIsImFmdGVyIjoiIiwiZW5hYmxlX2h0bWwiOiJvZmYifX0=@\u00a0\u00bb _builder_version=\u00a0\u00bb4.25.2&Prime; _dynamic_attributes=\u00a0\u00bbtitle\u00a0\u00bb _module_preset=\u00a0\u00bbdefault\u00a0\u00bb title_font=\u00a0\u00bb|600|||||||\u00a0\u00bb global_colors_info=\u00a0\u00bb{}\u00a0\u00bb][\/et_pb_heading][et_pb_text admin_label=\u00a0\u00bbText\u00a0\u00bb _builder_version=\u00a0\u00bb4.27.6&Prime; background_size=\u00a0\u00bbinitial\u00a0\u00bb background_position=\u00a0\u00bbtop_left\u00a0\u00bb background_repeat=\u00a0\u00bbrepeat\u00a0\u00bb global_colors_info=\u00a0\u00bb{}\u00a0\u00bb]<\/p>\n<p>Une licence sportive FAI valide pour l&rsquo;ann\u00e9e est nominalement requise pour participer \u00e0 toute comp\u00e9tition FAI de cat\u00e9gorie 2. Si vous souhaitez que vos r\u00e9sultats comptent pour les points du WPRS (World Pilot Ranking System), une licence sportive est n\u00e9cessaire. Pour obtenir une licence, envoyez le formulaire de demande \u00e0 l&rsquo;A\u00e9roclub du Canada. Le formulaire se trouve ici : <a href=\"https:\/\/pq3ivecn4rb.typeform.com\/to\/EhU0AhCT\">Licence sportive FAI<\/a>   <\/p>\n<p>Pour des informations g\u00e9n\u00e9rales sur les classements internationaux <a href=\"http:\/\/civlrankings.fai.org\/?a=304&amp;\" target=\"_blank\" rel=\"noopener noreferrer\">: http:\/\/civlrankings.fai.org\/?a=304<\/a><\/p>\n<p>[\/et_pb_text][\/et_pb_column][\/et_pb_row][\/et_pb_section]<\/p>\n","protected":false},"excerpt":{"rendered":"<p>Une licence sportive FAI valide pour l&rsquo;ann\u00e9e est nominalement requise pour participer \u00e0 toute comp\u00e9tition FAI de cat\u00e9gorie 2. Si vous souhaitez que vos r\u00e9sultats comptent pour les points du WPRS (World Pilot Ranking System), une licence sportive est n\u00e9cessaire. Pour obtenir une licence, envoyez le formulaire de demande \u00e0 l&rsquo;A\u00e9roclub du Canada. Le formulaire [&hellip;]<\/p>\n","protected":false},"author":4,"featured_media":0,"parent":0,"menu_order":0,"comment_status":"closed","ping_status":"closed","template":"","meta":{"_acf_changed":false,"_et_pb_use_builder":"on","_et_pb_old_content":"","_et_gb_content_width":"","footnotes":""},"class_list":["post-5684","page","type-page","status-publish","hentry"],"acf":[],"yoast_head":"<!-- This site is optimized with the Yoast SEO plugin v27.4 - https:\/\/yoast.com\/product\/yoast-seo-wordpress\/ -->\n<title>Licence sportive FAI - HPAC.ca<\/title>\n<meta name=\"robots\" content=\"index, follow, max-snippet:-1, max-image-preview:large, max-video-preview:-1\" \/>\n<link rel=\"canonical\" href=\"https:\/\/2024.hpac.ca\/fr\/licence-sportive-fai\/\" \/>\n<meta property=\"og:locale\" content=\"fr_FR\" \/>\n<meta property=\"og:type\" content=\"article\" \/>\n<meta property=\"og:title\" content=\"Licence sportive FAI - HPAC.ca\" \/>\n<meta property=\"og:description\" content=\"Une licence sportive FAI valide pour l&#039;ann\u00e9e est nominalement requise pour participer \u00e0 toute comp\u00e9tition FAI de cat\u00e9gorie 2. Si vous souhaitez que vos r\u00e9sultats comptent pour les points du WPRS (World Pilot Ranking System), une licence sportive est n\u00e9cessaire. Pour obtenir une licence, envoyez le formulaire de demande \u00e0 l&#039;A\u00e9roclub du Canada. Le formulaire [&hellip;]\" \/>\n<meta property=\"og:url\" content=\"https:\/\/2024.hpac.ca\/fr\/licence-sportive-fai\/\" \/>\n<meta property=\"og:site_name\" content=\"HPAC.ca\" \/>\n<meta property=\"article:modified_time\" content=\"2026-04-17T17:13:44+00:00\" \/>\n<meta name=\"twitter:card\" content=\"summary_large_image\" \/>\n<meta name=\"twitter:label1\" content=\"Dur\u00e9e de lecture estim\u00e9e\" \/>\n\t<meta name=\"twitter:data1\" content=\"1 minute\" \/>\n<script type=\"application\/ld+json\" class=\"yoast-schema-graph\">{\"@context\":\"https:\\\/\\\/schema.org\",\"@graph\":[{\"@type\":\"WebPage\",\"@id\":\"https:\\\/\\\/2024.hpac.ca\\\/fr\\\/licence-sportive-fai\\\/\",\"url\":\"https:\\\/\\\/2024.hpac.ca\\\/fr\\\/licence-sportive-fai\\\/\",\"name\":\"Licence sportive FAI - HPAC.ca\",\"isPartOf\":{\"@id\":\"https:\\\/\\\/2024.hpac.ca\\\/fr\\\/#website\"},\"datePublished\":\"2021-01-13T07:33:02+00:00\",\"dateModified\":\"2026-04-17T17:13:44+00:00\",\"breadcrumb\":{\"@id\":\"https:\\\/\\\/2024.hpac.ca\\\/fr\\\/licence-sportive-fai\\\/#breadcrumb\"},\"inLanguage\":\"fr-FR\",\"potentialAction\":[{\"@type\":\"ReadAction\",\"target\":[\"https:\\\/\\\/2024.hpac.ca\\\/fr\\\/licence-sportive-fai\\\/\"]}]},{\"@type\":\"BreadcrumbList\",\"@id\":\"https:\\\/\\\/2024.hpac.ca\\\/fr\\\/licence-sportive-fai\\\/#breadcrumb\",\"itemListElement\":[{\"@type\":\"ListItem\",\"position\":1,\"name\":\"Home\",\"item\":\"https:\\\/\\\/2024.hpac.ca\\\/fr\\\/\"},{\"@type\":\"ListItem\",\"position\":2,\"name\":\"Licence sportive FAI\"}]},{\"@type\":\"WebSite\",\"@id\":\"https:\\\/\\\/2024.hpac.ca\\\/fr\\\/#website\",\"url\":\"https:\\\/\\\/2024.hpac.ca\\\/fr\\\/\",\"name\":\"HPAC.ca\",\"description\":\"Hang Gliding and Paragliding Association\",\"potentialAction\":[{\"@type\":\"SearchAction\",\"target\":{\"@type\":\"EntryPoint\",\"urlTemplate\":\"https:\\\/\\\/2024.hpac.ca\\\/fr\\\/?s={search_term_string}\"},\"query-input\":{\"@type\":\"PropertyValueSpecification\",\"valueRequired\":true,\"valueName\":\"search_term_string\"}}],\"inLanguage\":\"fr-FR\"}]}<\/script>\n<!-- \/ Yoast SEO plugin. -->","yoast_head_json":{"title":"Licence sportive FAI - HPAC.ca","robots":{"index":"index","follow":"follow","max-snippet":"max-snippet:-1","max-image-preview":"max-image-preview:large","max-video-preview":"max-video-preview:-1"},"canonical":"https:\/\/2024.hpac.ca\/fr\/licence-sportive-fai\/","og_locale":"fr_FR","og_type":"article","og_title":"Licence sportive FAI - HPAC.ca","og_description":"Une licence sportive FAI valide pour l'ann\u00e9e est nominalement requise pour participer \u00e0 toute comp\u00e9tition FAI de cat\u00e9gorie 2. Si vous souhaitez que vos r\u00e9sultats comptent pour les points du WPRS (World Pilot Ranking System), une licence sportive est n\u00e9cessaire. Pour obtenir une licence, envoyez le formulaire de demande \u00e0 l'A\u00e9roclub du Canada. Le formulaire [&hellip;]","og_url":"https:\/\/2024.hpac.ca\/fr\/licence-sportive-fai\/","og_site_name":"HPAC.ca","article_modified_time":"2026-04-17T17:13:44+00:00","twitter_card":"summary_large_image","twitter_misc":{"Dur\u00e9e de lecture estim\u00e9e":"1 minute"},"schema":{"@context":"https:\/\/schema.org","@graph":[{"@type":"WebPage","@id":"https:\/\/2024.hpac.ca\/fr\/licence-sportive-fai\/","url":"https:\/\/2024.hpac.ca\/fr\/licence-sportive-fai\/","name":"Licence sportive FAI - HPAC.ca","isPartOf":{"@id":"https:\/\/2024.hpac.ca\/fr\/#website"},"datePublished":"2021-01-13T07:33:02+00:00","dateModified":"2026-04-17T17:13:44+00:00","breadcrumb":{"@id":"https:\/\/2024.hpac.ca\/fr\/licence-sportive-fai\/#breadcrumb"},"inLanguage":"fr-FR","potentialAction":[{"@type":"ReadAction","target":["https:\/\/2024.hpac.ca\/fr\/licence-sportive-fai\/"]}]},{"@type":"BreadcrumbList","@id":"https:\/\/2024.hpac.ca\/fr\/licence-sportive-fai\/#breadcrumb","itemListElement":[{"@type":"ListItem","position":1,"name":"Home","item":"https:\/\/2024.hpac.ca\/fr\/"},{"@type":"ListItem","position":2,"name":"Licence sportive FAI"}]},{"@type":"WebSite","@id":"https:\/\/2024.hpac.ca\/fr\/#website","url":"https:\/\/2024.hpac.ca\/fr\/","name":"HPAC.ca","description":"Hang Gliding and Paragliding Association","potentialAction":[{"@type":"SearchAction","target":{"@type":"EntryPoint","urlTemplate":"https:\/\/2024.hpac.ca\/fr\/?s={search_term_string}"},"query-input":{"@type":"PropertyValueSpecification","valueRequired":true,"valueName":"search_term_string"}}],"inLanguage":"fr-FR"}]}},"_links":{"self":[{"href":"https:\/\/2024.hpac.ca\/fr\/wp-json\/wp\/v2\/pages\/5684","targetHints":{"allow":["GET"]}}],"collection":[{"href":"https:\/\/2024.hpac.ca\/fr\/wp-json\/wp\/v2\/pages"}],"about":[{"href":"https:\/\/2024.hpac.ca\/fr\/wp-json\/wp\/v2\/types\/page"}],"author":[{"embeddable":true,"href":"https:\/\/2024.hpac.ca\/fr\/wp-json\/wp\/v2\/users\/4"}],"replies":[{"embeddable":true,"href":"https:\/\/2024.hpac.ca\/fr\/wp-json\/wp\/v2\/comments?post=5684"}],"version-history":[{"count":7,"href":"https:\/\/2024.hpac.ca\/fr\/wp-json\/wp\/v2\/pages\/5684\/revisions"}],"predecessor-version":[{"id":6599,"href":"https:\/\/2024.hpac.ca\/fr\/wp-json\/wp\/v2\/pages\/5684\/revisions\/6599"}],"wp:attachment":[{"href":"https:\/\/2024.hpac.ca\/fr\/wp-json\/wp\/v2\/media?parent=5684"}],"curies":[{"name":"wp","href":"https:\/\/api.w.org\/{rel}","templated":true}]}}