{"id":5696,"date":"2024-06-26T18:40:55","date_gmt":"2024-06-26T18:40:55","guid":{"rendered":"https:\/\/2024.hpac.ca\/informations-sur-lutilisation-de-la-radio\/"},"modified":"2026-04-22T03:00:22","modified_gmt":"2026-04-22T03:00:22","slug":"informations-sur-lutilisation-de-la-radio","status":"publish","type":"page","link":"https:\/\/2024.hpac.ca\/fr\/informations-sur-lutilisation-de-la-radio\/","title":{"rendered":"Informations sur l&rsquo;utilisation de la radio"},"content":{"rendered":"<p>[et_pb_section fb_built=\u00a0\u00bb1&Prime; _builder_version=\u00a0\u00bb4.25.2&Prime; _module_preset=\u00a0\u00bbdefault\u00a0\u00bb global_colors_info=\u00a0\u00bb{}\u00a0\u00bb][et_pb_row _builder_version=\u00a0\u00bb4.25.2&Prime; _module_preset=\u00a0\u00bbdefault\u00a0\u00bb custom_padding=\u00a0\u00bb|||41px||\u00a0\u00bb global_colors_info=\u00a0\u00bb{}\u00a0\u00bb][et_pb_column type=\u00a0\u00bb4_4&Prime; _builder_version=\u00a0\u00bb4.25.2&Prime; _module_preset=\u00a0\u00bbdefault\u00a0\u00bb global_colors_info=\u00a0\u00bb{}\u00a0\u00bb][et_pb_text _builder_version=\u00a0\u00bb4.25.2&Prime; _module_preset=\u00a0\u00bbdefault\u00a0\u00bb header_font=\u00a0\u00bb|600|||||||\u00a0\u00bb header_text_color=\u00a0\u00bb#545458&Prime; header_font_size=\u00a0\u00bb36px\u00a0\u00bb custom_margin=\u00a0\u00bb||8px||false|false\u00a0\u00bb header_font_size_tablet=\u00a0\u00bb36px\u00a0\u00bb header_font_size_phone=\u00a0\u00bb25px\u00a0\u00bb header_font_size_last_edited=\u00a0\u00bbon|phone\u00a0\u00bb global_colors_info=\u00a0\u00bb{}\u00a0\u00bb]<\/p>\n<h1>Informations sur l&rsquo;utilisation de la radio<\/h1>\n<p>[\/et_pb_text][et_pb_text _builder_version=\u00a0\u00bb4.27.6&Prime; _module_preset=\u00a0\u00bbdefault\u00a0\u00bb text_font=\u00a0\u00bb|300|||||||\u00a0\u00bb link_font=\u00a0\u00bb||||on||||\u00a0\u00bb link_text_color=\u00a0\u00bb#6B6B6B\u00a0\u00bb global_colors_info=\u00a0\u00bb{}\u00a0\u00bb]<\/p>\n<p>Depuis votre tout premier vol en tant que pilote de parapente ou de delta, vous avez probablement utilis\u00e9 une sorte de radio, que ce soit pour communiquer avec votre instructeur, d&rsquo;autres pilotes ou une \u00e9quipe au sol.<\/p>\n<p>La fa\u00e7on dont vous utilisez la radio d\u00e9pend de l&rsquo;endroit o\u00f9 vous volez et du type de radio que vous utilisez.<\/p>\n<p>Quelques \u00e9l\u00e9ments de contexte (le jargon radiophonique est assez d\u00e9routant, c&rsquo;est pourquoi certaines informations ci-dessous sont volontairement simplifi\u00e9es) :<\/p>\n<p>L&rsquo;utilisation non inform\u00e9e des radios portatives peut \u00eatre \u00e0 l&rsquo;origine de nombreux probl\u00e8mes. Imaginez que vous bloquiez involontairement une conversation entre des agents de la GRC qui se poursuivent ou entre un pilote d&rsquo;avion en difficult\u00e9 et un contr\u00f4leur a\u00e9rien. Ces exemples ne sont pas fictifs.  <\/p>\n<p>C&rsquo;est pourquoi le gouvernement contr\u00f4le l&rsquo;utilisation des ondes. Le minist\u00e8re responsable s&rsquo;appelle Innovation, science et d\u00e9veloppement \u00e9conomique Canada ou ISED (anciennement Industrie Canada, plus d&rsquo;informations <a href=\"https:\/\/ised-isde.canada.ca\/site\/spectrum-management-telecommunications\/en\/licences-and-certificates\/radio-authorizations\/amateur-radio-operator-certification\" target=\"_blank\" rel=\"noopener\">ici<\/a>). <\/p>\n<p>Certaines fr\u00e9quences sont \u00ab\u00a0libres pour tous\u00a0\u00bb, d&rsquo;autres ne peuvent \u00eatre utilis\u00e9es que par des op\u00e9rateurs radio titulaires d&rsquo;une licence sp\u00e9cifique.<\/p>\n<p>Dans notre sport, trois types de radios sont g\u00e9n\u00e9ralement utilis\u00e9s. Elles fonctionnent toutes dans des gammes de fr\u00e9quences diff\u00e9rentes et sont soumises \u00e0 des exigences diff\u00e9rentes en mati\u00e8re de licence. (Dans ce qui suit, le terme \u00ab\u00a0bande\u00a0\u00bb d\u00e9signe une gamme de fr\u00e9quences regroup\u00e9es).  <\/p>\n<p>[\/et_pb_text][et_pb_image src=\u00a0\u00bbhttps:\/\/2024.hpac.ca\/wp-content\/uploads\/2024\/07\/image10-1024&#215;768-1.jpeg\u00a0\u00bb title_text=\u00a0\u00bbimage10-1024&#215;768&Prime; align=\u00a0\u00bbcenter\u00a0\u00bb _builder_version=\u00a0\u00bb4.25.2&Prime; _module_preset=\u00a0\u00bbdefault\u00a0\u00bb width=\u00a0\u00bb50%\u00a0\u00bb global_colors_info=\u00a0\u00bb{}\u00a0\u00bb][\/et_pb_image][et_pb_text _builder_version=\u00a0\u00bb4.25.2&Prime; _module_preset=\u00a0\u00bbdefault\u00a0\u00bb text_font=\u00a0\u00bb|300|on||||||\u00a0\u00bb text_font_size=\u00a0\u00bb13px\u00a0\u00bb text_orientation=\u00a0\u00bbcenter\u00a0\u00bb global_colors_info=\u00a0\u00bb{}\u00a0\u00bb]<\/p>\n<p>Diverses radios<\/p>\n<p>[\/et_pb_text][et_pb_text _builder_version=\u00a0\u00bb4.25.2&Prime; _module_preset=\u00a0\u00bbdefault\u00a0\u00bb text_font=\u00a0\u00bb|300|||||||\u00a0\u00bb custom_margin=\u00a0\u00bb||8px|||\u00a0\u00bb global_colors_info=\u00a0\u00bb{}\u00a0\u00bb]<\/p>\n<ul>\n<li>Les radios FM, qui fonctionnent sur la bande amateur de 2 m\u00e8tres ; c&rsquo;est le type de radio le plus r\u00e9pandu parmi les pilotes de parapente et de deltaplane. Les radios qui utilisent ces fr\u00e9quences (144 &#8211; 148 MHz) ne doivent \u00eatre utilis\u00e9es qu&rsquo;apr\u00e8s l&rsquo;obtention d&rsquo;un certificat d&rsquo;op\u00e9rateur radio amateur. <\/li>\n<\/ul>\n<p>[\/et_pb_text][et_pb_text _builder_version=\u00a0\u00bb4.25.2&Prime; _module_preset=\u00a0\u00bbdefault\u00a0\u00bb text_font=\u00a0\u00bb|300|||||||\u00a0\u00bb custom_margin=\u00a0\u00bb||12px||false|false\u00a0\u00bb global_colors_info=\u00a0\u00bb{}\u00a0\u00bb]<\/p>\n<ul>\n<li>Radios d&rsquo;avion : elles fonctionnent sur la bande a\u00e9rienne (118 &#8211; 137 MHz) et sont utilis\u00e9es par l&rsquo;aviation commerciale et g\u00e9n\u00e9rale. Les radios d&rsquo;a\u00e9ronefs doivent \u00e9galement \u00eatre utilis\u00e9es par les deltaplanes et les parapentes lorsqu&rsquo;ils \u00e9voluent dans ou \u00e0 proximit\u00e9 d&rsquo;un espace a\u00e9rien contr\u00f4l\u00e9 (lien vers la section sur l&rsquo;espace a\u00e9rien contr\u00f4l\u00e9 ci-dessus). Pour utiliser ces radios, un certificat d&rsquo;op\u00e9rateur restreint &#8211; a\u00e9ronautique (ROC-A) est n\u00e9cessaire.  <\/li>\n<\/ul>\n<p>L&rsquo;utilisation des radios d&rsquo;a\u00e9ronefs pr\u00e9sente des avantages \u00e9vidents et est parfois obligatoire.<\/p>\n<p>[\/et_pb_text][et_pb_text _builder_version=\u00a0\u00bb4.25.2&Prime; _module_preset=\u00a0\u00bbdefault\u00a0\u00bb text_font=\u00a0\u00bb|300|||||||\u00a0\u00bb custom_margin=\u00a0\u00bb||8px|||\u00a0\u00bb global_colors_info=\u00a0\u00bb{}\u00a0\u00bb]<\/p>\n<ul>\n<li>Elle permet au pilote de communiquer avec les tours de contr\u00f4le et les pilotes d&rsquo;a\u00e9ronefs \u00e0 l&rsquo;int\u00e9rieur ou \u00e0 proximit\u00e9 de l&rsquo;espace a\u00e9rien contr\u00f4l\u00e9. Il est obligatoire de communiquer sur la bande a\u00e9rienne pour entrer ou op\u00e9rer dans certains types d&rsquo;espaces a\u00e9riens tels que les zones de contr\u00f4le et les zones de fr\u00e9quences obligatoires. Le pilote de cross-country chevronn\u00e9 traverse r\u00e9guli\u00e8rement ces types d&rsquo;espaces a\u00e9riens. (Voir RAC 602.29(2)+(3))   <\/li>\n<\/ul>\n<p>[\/et_pb_text][et_pb_text _builder_version=\u00a0\u00bb4.25.2&Prime; _module_preset=\u00a0\u00bbdefault\u00a0\u00bb text_font=\u00a0\u00bb|300|||||||\u00a0\u00bb custom_margin=\u00a0\u00bb||8px|||\u00a0\u00bb global_colors_info=\u00a0\u00bb{}\u00a0\u00bb]<\/p>\n<ul>\n<li>Les communications en bande a\u00e9rienne favorisent une utilisation s\u00fbre et collaborative de l&rsquo;espace a\u00e9rien. Cela suscitera le respect du reste de la communaut\u00e9 a\u00e9ronautique avec laquelle nous partageons le ciel. <\/li>\n<\/ul>\n<p>[\/et_pb_text][et_pb_text _builder_version=\u00a0\u00bb4.25.2&Prime; _module_preset=\u00a0\u00bbdefault\u00a0\u00bb text_font=\u00a0\u00bb|300|||||||\u00a0\u00bb custom_margin=\u00a0\u00bb||8px|||\u00a0\u00bb global_colors_info=\u00a0\u00bb{}\u00a0\u00bb]<\/p>\n<ul>\n<li>Les radios FRS (Family Radio Service). Vous verrez peut-\u00eatre ce type de radio utilis\u00e9 dans votre \u00e9cole pour des op\u00e9rations locales. Aucune licence n&rsquo;est n\u00e9cessaire pour utiliser ce type de radio.  <\/li>\n<\/ul>\n<p>La DISEDC a r\u00e9serv\u00e9 deux fr\u00e9quences d\u00e9di\u00e9es qui peuvent \u00eatre utilis\u00e9es par les deltaplanes, les parapentes et leurs \u00e9quipes au sol pour des op\u00e9rations Air to Air et Air to Ground. Attention, une licence est toujours n\u00e9cessaire pour utiliser ces fr\u00e9quences. Une redevance peut \u00e9galement \u00eatre exig\u00e9e.  <\/p>\n<p>Les deux fr\u00e9quences d\u00e9di\u00e9es sont :<br \/>\n&nbsp;<\/p>\n<ul>\n<li>123.40 MHz sur la bande a\u00e9rienne pour le vol \u00e0 voile<\/li>\n<li>640 MHz FM sur la bande commerciale priv\u00e9e pour les clubs de deltaplane<\/li>\n<\/ul>\n<p>[\/et_pb_text][et_pb_text quote_border_color=\u00a0\u00bb#f22312&Prime; _builder_version=\u00a0\u00bb4.25.2&Prime; _module_preset=\u00a0\u00bbdefault\u00a0\u00bb header_3_font=\u00a0\u00bb|700|||||||\u00a0\u00bb header_3_text_color=\u00a0\u00bb#666666&Prime; header_3_font_size=\u00a0\u00bb24px\u00a0\u00bb header_3_line_height=\u00a0\u00bb1.4em\u00a0\u00bb header_3_font_size_tablet=\u00a0\u00bb24px\u00a0\u00bb header_3_font_size_phone=\u00a0\u00bb22px\u00a0\u00bb header_3_font_size_last_edited=\u00a0\u00bbon|phone\u00a0\u00bb global_colors_info=\u00a0\u00bb{}\u00a0\u00bb]<\/p>\n<blockquote>\n<h3>Utilisation inappropri\u00e9e des radios<\/h3>\n<\/blockquote>\n<p>[\/et_pb_text][et_pb_text _builder_version=\u00a0\u00bb4.27.6&Prime; _module_preset=\u00a0\u00bbdefault\u00a0\u00bb text_font=\u00a0\u00bb|300|||||||\u00a0\u00bb link_font=\u00a0\u00bb||||on||||\u00a0\u00bb link_text_color=\u00a0\u00bb#6B6B6B\u00a0\u00bb custom_margin=\u00a0\u00bb||8px|||\u00a0\u00bb global_colors_info=\u00a0\u00bb{}\u00a0\u00bb]<\/p>\n<p>De nombreux pilotes utilisent des radios et\/ou des fr\u00e9quences pour lesquelles ils n&rsquo;ont pas de licence. M\u00eame si elle n&rsquo;est pas ill\u00e9gale, l&rsquo;utilisation de radios FM destin\u00e9es \u00e0 des transmissions sol-sol pour des op\u00e9rations air-sol peut provoquer de nombreuses interf\u00e9rences. Cela est d\u00fb \u00e0 la port\u00e9e accrue des radios lorsqu&rsquo;elles sont en vol et donc \u00e0 la possibilit\u00e9 de \u00ab\u00a0toucher\u00a0\u00bb des stations r\u00e9p\u00e9titrices tr\u00e8s \u00e9loign\u00e9es qui propagent les transmissions. L&rsquo;utilisation de radios d&rsquo;avion est souvent plus appropri\u00e9e.   <\/p>\n<p>&nbsp;<\/p>\n<p>Les autorit\u00e9s ont d\u00e9j\u00e0 contact\u00e9 le HPAC par le pass\u00e9 au sujet de l&rsquo;utilisation par nos pilotes d&rsquo;un canal radio a\u00e9roport\u00e9 et sans licence !<\/p>\n<p>De m\u00eame, les pilotes peuvent utiliser sans probl\u00e8me une fr\u00e9quence particuli\u00e8re sur leur site d&rsquo;origine, puis continuer \u00e0 l&rsquo;utiliser lors de leurs d\u00e9placements sans v\u00e9rifier si cette fr\u00e9quence est attribu\u00e9e \u00e0 un autre utilisateur dans d&rsquo;autres r\u00e9gions ou pays, comme c&rsquo;est souvent le cas. Renseignez-vous aupr\u00e8s des pilotes locaux pour savoir ce qu&rsquo;il faut faire et ne pas faire en mati\u00e8re de radio. <\/p>\n<p><strong>Certificat d&rsquo;op\u00e9rateur radioamateur<\/strong><\/p>\n<p>Toutes les informations n\u00e9cessaires \u00e0 l&rsquo;obtention du certificat d&rsquo;op\u00e9rateur radio amateur permettant d&rsquo;utiliser une radio FM sont disponibles sur <a href=\"https:\/\/ised-isde.canada.ca\/site\/spectrum-management-telecommunications\/en\/spectrum-allocation\/amateur-radio-service\/amateur-certification-fact-sheet\">cette<\/a> page web du DISEDC. Vous pouvez \u00e9galement vous renseigner aupr\u00e8s de votre club local pour conna\u00eetre les sessions d&rsquo;\u00e9tude du certificat d&rsquo;op\u00e9rateur radio parrain\u00e9es. <\/p>\n<p>L&rsquo;obtention de la licence est gratuite, mais vous devrez passer un examen et demander un indicatif d&rsquo;appel apr\u00e8s l&rsquo;avoir obtenu. Le surveillant peut \u00eatre amen\u00e9 \u00e0 facturer l&rsquo;administration de l&rsquo;examen. <\/p>\n<p>Ce certificat est d\u00e9livr\u00e9 \u00e0 vie. Vous n&rsquo;avez pas besoin de licence pour la radio elle-m\u00eame, comme c&rsquo;\u00e9tait le cas auparavant. <\/p>\n<p><strong>Certificat d&rsquo;op\u00e9rateur restreint &#8211; a\u00e9ronautique<\/strong><\/p>\n<p>Pour utiliser une radio d&rsquo;a\u00e9ronef, vous avez besoin d&rsquo;un ROC-A, ou d&rsquo;un certificat d&rsquo;op\u00e9rateur restreint &#8211; a\u00e9ronautique. Le ROC-A est d\u00e9livr\u00e9 \u00e0 vie et aucune revalidation n&rsquo;est n\u00e9cessaire. <\/p>\n<p>Voici un lien vers le guide d&rsquo;\u00e9tude officiel pour l&rsquo;examen ROC-A :<\/p>\n<p><a href=\"https:\/\/ised-isde.canada.ca\/site\/spectrum-management-telecommunications\/en\/licences-and-certificates\/radiocom-information-circulars-ric\/ric-21-study-guide-restricted-operator-certificate-aeronautical-qualification-roc\" target=\"_blank\" rel=\"noopener\">http:\/\/www.ic.gc.ca\/eic\/site\/smt-gst.nsf\/eng\/sf01397.html<\/a><\/p>\n<p>Les centres d&rsquo;examen pour cet examen sont disponibles <a href=\"https:\/\/apc-cap.ic.gc.ca\/pls\/apc_anon\/query_ex_roca%24.startup\" target=\"_blank\" rel=\"noopener\">ici<\/a>, et une foire aux questions sur le sujet est disponible <a href=\"https:\/\/ised-isde.canada.ca\/site\/professional-radio-operator-certificate-services\/en\/frequently-asked-questions\" target=\"_blank\" rel=\"noopener\">ici.<\/a><\/p>\n<p>[\/et_pb_text][\/et_pb_column][\/et_pb_row][\/et_pb_section]<\/p>\n","protected":false},"excerpt":{"rendered":"<p>Informations sur l&rsquo;utilisation de la radioDepuis votre tout premier vol en tant que pilote de parapente ou de delta, vous avez probablement utilis\u00e9 une sorte de radio, que ce soit pour communiquer avec votre instructeur, d&rsquo;autres pilotes ou une \u00e9quipe au sol. La fa\u00e7on dont vous utilisez la radio d\u00e9pend de l&rsquo;endroit o\u00f9 vous volez [&hellip;]<\/p>\n","protected":false},"author":4,"featured_media":0,"parent":0,"menu_order":0,"comment_status":"closed","ping_status":"closed","template":"","meta":{"_acf_changed":false,"_et_pb_use_builder":"on","_et_pb_old_content":"","_et_gb_content_width":"","footnotes":""},"class_list":["post-5696","page","type-page","status-publish","hentry"],"acf":[],"yoast_head":"<!-- This site is optimized with the Yoast SEO plugin v27.4 - https:\/\/yoast.com\/product\/yoast-seo-wordpress\/ -->\n<title>Informations sur l&#039;utilisation de la radio - HPAC.ca<\/title>\n<meta name=\"robots\" content=\"index, follow, max-snippet:-1, max-image-preview:large, max-video-preview:-1\" \/>\n<link rel=\"canonical\" href=\"https:\/\/2024.hpac.ca\/fr\/informations-sur-lutilisation-de-la-radio\/\" \/>\n<meta property=\"og:locale\" content=\"fr_FR\" \/>\n<meta property=\"og:type\" content=\"article\" \/>\n<meta property=\"og:title\" content=\"Informations sur l&#039;utilisation de la radio - HPAC.ca\" \/>\n<meta property=\"og:description\" content=\"Informations sur l&#039;utilisation de la radioDepuis votre tout premier vol en tant que pilote de parapente ou de delta, vous avez probablement utilis\u00e9 une sorte de radio, que ce soit pour communiquer avec votre instructeur, d&#039;autres pilotes ou une \u00e9quipe au sol. La fa\u00e7on dont vous utilisez la radio d\u00e9pend de l&#039;endroit o\u00f9 vous volez [&hellip;]\" \/>\n<meta property=\"og:url\" content=\"https:\/\/2024.hpac.ca\/fr\/informations-sur-lutilisation-de-la-radio\/\" \/>\n<meta property=\"og:site_name\" content=\"HPAC.ca\" \/>\n<meta property=\"article:modified_time\" content=\"2026-04-22T03:00:22+00:00\" \/>\n<meta name=\"twitter:card\" content=\"summary_large_image\" \/>\n<meta name=\"twitter:label1\" content=\"Dur\u00e9e de lecture estim\u00e9e\" \/>\n\t<meta name=\"twitter:data1\" content=\"7 minute\" \/>\n<script type=\"application\/ld+json\" class=\"yoast-schema-graph\">{\"@context\":\"https:\\\/\\\/schema.org\",\"@graph\":[{\"@type\":\"WebPage\",\"@id\":\"https:\\\/\\\/2024.hpac.ca\\\/fr\\\/informations-sur-lutilisation-de-la-radio\\\/\",\"url\":\"https:\\\/\\\/2024.hpac.ca\\\/fr\\\/informations-sur-lutilisation-de-la-radio\\\/\",\"name\":\"Informations sur l'utilisation de la radio - HPAC.ca\",\"isPartOf\":{\"@id\":\"https:\\\/\\\/2024.hpac.ca\\\/fr\\\/#website\"},\"datePublished\":\"2024-06-26T18:40:55+00:00\",\"dateModified\":\"2026-04-22T03:00:22+00:00\",\"breadcrumb\":{\"@id\":\"https:\\\/\\\/2024.hpac.ca\\\/fr\\\/informations-sur-lutilisation-de-la-radio\\\/#breadcrumb\"},\"inLanguage\":\"fr-FR\",\"potentialAction\":[{\"@type\":\"ReadAction\",\"target\":[\"https:\\\/\\\/2024.hpac.ca\\\/fr\\\/informations-sur-lutilisation-de-la-radio\\\/\"]}]},{\"@type\":\"BreadcrumbList\",\"@id\":\"https:\\\/\\\/2024.hpac.ca\\\/fr\\\/informations-sur-lutilisation-de-la-radio\\\/#breadcrumb\",\"itemListElement\":[{\"@type\":\"ListItem\",\"position\":1,\"name\":\"Home\",\"item\":\"https:\\\/\\\/2024.hpac.ca\\\/fr\\\/\"},{\"@type\":\"ListItem\",\"position\":2,\"name\":\"Informations sur l&rsquo;utilisation de la radio\"}]},{\"@type\":\"WebSite\",\"@id\":\"https:\\\/\\\/2024.hpac.ca\\\/fr\\\/#website\",\"url\":\"https:\\\/\\\/2024.hpac.ca\\\/fr\\\/\",\"name\":\"HPAC.ca\",\"description\":\"Hang Gliding and Paragliding Association\",\"potentialAction\":[{\"@type\":\"SearchAction\",\"target\":{\"@type\":\"EntryPoint\",\"urlTemplate\":\"https:\\\/\\\/2024.hpac.ca\\\/fr\\\/?s={search_term_string}\"},\"query-input\":{\"@type\":\"PropertyValueSpecification\",\"valueRequired\":true,\"valueName\":\"search_term_string\"}}],\"inLanguage\":\"fr-FR\"}]}<\/script>\n<!-- \/ Yoast SEO plugin. -->","yoast_head_json":{"title":"Informations sur l'utilisation de la radio - HPAC.ca","robots":{"index":"index","follow":"follow","max-snippet":"max-snippet:-1","max-image-preview":"max-image-preview:large","max-video-preview":"max-video-preview:-1"},"canonical":"https:\/\/2024.hpac.ca\/fr\/informations-sur-lutilisation-de-la-radio\/","og_locale":"fr_FR","og_type":"article","og_title":"Informations sur l'utilisation de la radio - HPAC.ca","og_description":"Informations sur l'utilisation de la radioDepuis votre tout premier vol en tant que pilote de parapente ou de delta, vous avez probablement utilis\u00e9 une sorte de radio, que ce soit pour communiquer avec votre instructeur, d'autres pilotes ou une \u00e9quipe au sol. La fa\u00e7on dont vous utilisez la radio d\u00e9pend de l'endroit o\u00f9 vous volez [&hellip;]","og_url":"https:\/\/2024.hpac.ca\/fr\/informations-sur-lutilisation-de-la-radio\/","og_site_name":"HPAC.ca","article_modified_time":"2026-04-22T03:00:22+00:00","twitter_card":"summary_large_image","twitter_misc":{"Dur\u00e9e de lecture estim\u00e9e":"7 minute"},"schema":{"@context":"https:\/\/schema.org","@graph":[{"@type":"WebPage","@id":"https:\/\/2024.hpac.ca\/fr\/informations-sur-lutilisation-de-la-radio\/","url":"https:\/\/2024.hpac.ca\/fr\/informations-sur-lutilisation-de-la-radio\/","name":"Informations sur l'utilisation de la radio - HPAC.ca","isPartOf":{"@id":"https:\/\/2024.hpac.ca\/fr\/#website"},"datePublished":"2024-06-26T18:40:55+00:00","dateModified":"2026-04-22T03:00:22+00:00","breadcrumb":{"@id":"https:\/\/2024.hpac.ca\/fr\/informations-sur-lutilisation-de-la-radio\/#breadcrumb"},"inLanguage":"fr-FR","potentialAction":[{"@type":"ReadAction","target":["https:\/\/2024.hpac.ca\/fr\/informations-sur-lutilisation-de-la-radio\/"]}]},{"@type":"BreadcrumbList","@id":"https:\/\/2024.hpac.ca\/fr\/informations-sur-lutilisation-de-la-radio\/#breadcrumb","itemListElement":[{"@type":"ListItem","position":1,"name":"Home","item":"https:\/\/2024.hpac.ca\/fr\/"},{"@type":"ListItem","position":2,"name":"Informations sur l&rsquo;utilisation de la radio"}]},{"@type":"WebSite","@id":"https:\/\/2024.hpac.ca\/fr\/#website","url":"https:\/\/2024.hpac.ca\/fr\/","name":"HPAC.ca","description":"Hang Gliding and Paragliding Association","potentialAction":[{"@type":"SearchAction","target":{"@type":"EntryPoint","urlTemplate":"https:\/\/2024.hpac.ca\/fr\/?s={search_term_string}"},"query-input":{"@type":"PropertyValueSpecification","valueRequired":true,"valueName":"search_term_string"}}],"inLanguage":"fr-FR"}]}},"_links":{"self":[{"href":"https:\/\/2024.hpac.ca\/fr\/wp-json\/wp\/v2\/pages\/5696","targetHints":{"allow":["GET"]}}],"collection":[{"href":"https:\/\/2024.hpac.ca\/fr\/wp-json\/wp\/v2\/pages"}],"about":[{"href":"https:\/\/2024.hpac.ca\/fr\/wp-json\/wp\/v2\/types\/page"}],"author":[{"embeddable":true,"href":"https:\/\/2024.hpac.ca\/fr\/wp-json\/wp\/v2\/users\/4"}],"replies":[{"embeddable":true,"href":"https:\/\/2024.hpac.ca\/fr\/wp-json\/wp\/v2\/comments?post=5696"}],"version-history":[{"count":3,"href":"https:\/\/2024.hpac.ca\/fr\/wp-json\/wp\/v2\/pages\/5696\/revisions"}],"predecessor-version":[{"id":6670,"href":"https:\/\/2024.hpac.ca\/fr\/wp-json\/wp\/v2\/pages\/5696\/revisions\/6670"}],"wp:attachment":[{"href":"https:\/\/2024.hpac.ca\/fr\/wp-json\/wp\/v2\/media?parent=5696"}],"curies":[{"name":"wp","href":"https:\/\/api.w.org\/{rel}","templated":true}]}}