{"id":5721,"date":"2021-01-18T15:54:00","date_gmt":"2021-01-18T15:54:00","guid":{"rendered":"https:\/\/2024.hpac.ca\/le-parapente-le-deltaplane-et-le-vol-de-vitesse-expliques\/"},"modified":"2026-03-11T13:34:29","modified_gmt":"2026-03-11T13:34:29","slug":"le-parapente-le-deltaplane-et-le-vol-de-vitesse-expliques","status":"publish","type":"page","link":"https:\/\/2024.hpac.ca\/fr\/le-parapente-le-deltaplane-et-le-vol-de-vitesse-expliques\/","title":{"rendered":"Le parapente, le deltaplane et le vol de vitesse expliqu\u00e9s"},"content":{"rendered":"<p>[et_pb_section fb_built=\u00a0\u00bb1&Prime; admin_label=\u00a0\u00bbsection\u00a0\u00bb _builder_version=\u00a0\u00bb4.16&Prime; global_colors_info=\u00a0\u00bb{}\u00a0\u00bb][et_pb_row admin_label=\u00a0\u00bbrang\u00e9e\u00a0\u00bb _builder_version=\u00a0\u00bb4.16&Prime; background_size=\u00a0\u00bbinitial\u00a0\u00bb background_position=\u00a0\u00bbtop_left\u00a0\u00bb background_repeat=\u00a0\u00bbrepeat\u00a0\u00bb global_colors_info=\u00a0\u00bb{}\u00a0\u00bb][et_pb_column type=\u00a0\u00bb4_4&Prime; _builder_version=\u00a0\u00bb4.16&Prime; custom_padding=\u00a0\u00bb|||\u00a0\u00bb global_colors_info=\u00a0\u00bb{}\u00a0\u00bb custom_padding__hover=\u00a0\u00bb|||\u00a0\u00bb][et_pb_heading title=\u00a0\u00bb@ET-DC@eyJkeW5hbWljIjp0cnVlLCJjb250ZW50IjoicG9zdF90aXRsZSIsInNldHRpbmdzIjp7ImJlZm9yZSI6IiIsImFmdGVyIjoiIn19@\u00a0\u00bb _builder_version=\u00a0\u00bb4.25.2&Prime; _dynamic_attributes=\u00a0\u00bbtitle\u00a0\u00bb _module_preset=\u00a0\u00bbdefault\u00a0\u00bb title_font=\u00a0\u00bb|600|||||||\u00a0\u00bb global_colors_info=\u00a0\u00bb{}\u00a0\u00bb][\/et_pb_heading][et_pb_text admin_label=\u00a0\u00bbText\u00a0\u00bb _builder_version=\u00a0\u00bb4.16&Prime; background_size=\u00a0\u00bbinitial\u00a0\u00bb background_position=\u00a0\u00bbtop_left\u00a0\u00bb background_repeat=\u00a0\u00bbrepeat\u00a0\u00bb global_colors_info=\u00a0\u00bb{}\u00a0\u00bb]<\/p>\n<h2>Le deltaplane et le parapente expliqu\u00e9s<\/h2>\n<p>Le deltaplane et le parapente sont des sports autor\u00e9glement\u00e9s au Canada, aux \u00c9tats-Unis et dans de nombreux autres pays o\u00f9 les lois r\u00e9glementant les activit\u00e9s sont tr\u00e8s peu nombreuses (mais pas inexistantes). L&rsquo;autor\u00e9gulation ne signifie pas l&rsquo;absence de r\u00e9glementation. Au Canada, l&rsquo;Association canadienne de deltaplane et de parapente g\u00e8re les qualifications des pilotes, certifie les instructeurs et fournit \u00e0 ses membres une assurance responsabilit\u00e9 civile.  <\/p>\n<h3><b>Qu&rsquo;est-ce qu&rsquo;un deltaplane ?<\/b><\/h3>\n<p><img decoding=\"async\" class=\"size-full wp-image-1470\" src=\"https:\/\/2024.hpac.ca\/wp-content\/uploads\/2024\/06\/paragliding-1138396_640.jpg\" alt=\"Image par Bernd Hildebrandt de Pixabay\" width=\"640\" height=\"404\"><\/p>\n<p>Un deltaplane est un cadre tubulaire en aluminium supportant une \u00ab\u00a0voile\u00a0\u00bb en tissu souple.<\/p>\n<p>Le pilote porte une \u00ab\u00a0sellette\u00a0\u00bb qui est reli\u00e9e au parapente par une \u00ab\u00a0sangle\u00a0\u00bb tr\u00e8s solide. Les sellettes permettent au pilote de voler confortablement face contre terre et de fermer la fermeture \u00e9clair pour envelopper compl\u00e8tement le bas du corps afin d&rsquo;assurer l&rsquo;efficacit\u00e9 a\u00e9rodynamique, et de la d\u00e9zipper pour permettre au pilote de se redresser, de d\u00e9coller et d&rsquo;atterrir sur ses pieds. <\/p>\n<p>Les deltaplanes se replient en un long cylindre pour le transport, d&rsquo;un diam\u00e8tre d&rsquo;environ 12 pouces et d&rsquo;une longueur de 16 \u00e0 20 pieds (des barres de toit sont n\u00e9cessaires). Avec un peu d&rsquo;effort suppl\u00e9mentaire, les deltaplanes peuvent \u00e9galement \u00eatre emball\u00e9s dans un sac de 8 pieds de long et peuvent \u00eatre transport\u00e9s en tant que bagage enregistr\u00e9 sur de nombreuses compagnies a\u00e9riennes. <\/p>\n<h3><b>Qu&rsquo;est-ce qu&rsquo;un parapente ?<\/b><\/h3>\n<p><img decoding=\"async\" class=\"alignnone size-full wp-image-1474\" src=\"https:\/\/2024.hpac.ca\/wp-content\/uploads\/2024\/06\/paraglider.jpg\" alt=\"\" width=\"636\" height=\"659\"><\/p>\n<p>Un parapente est une \u00ab\u00a0voile\u00a0\u00bb en tissu souple qui est gonfl\u00e9e par l&rsquo;air pouss\u00e9 dans des ouvertures sur le bord d&rsquo;attaque et qui est reli\u00e9e au pilote par des \u00ab\u00a0\u00e9l\u00e9vateurs\u00a0\u00bb et des \u00ab\u00a0suspentes\u00a0\u00bb. Bien que les parapentes ressemblent \u00e0 des parachutes, ils sont en fait des a\u00e9ronefs de vol \u00e0 voile tr\u00e8s performants. <\/p>\n<p>Le pilote porte une \u00ab\u00a0sellette\u00a0\u00bb qui se connecte aux \u00ab\u00a0\u00e9l\u00e9vateurs\u00a0\u00bb du parapente \u00e0 l&rsquo;aide de deux mousquetons solides. La sellette permet au pilote de s&rsquo;asseoir confortablement, les jambes et les pieds lev\u00e9s vers l&rsquo;avant et enti\u00e8rement enferm\u00e9s pour des raisons d&rsquo;efficacit\u00e9 a\u00e9rodynamique, et de basculer en position verticale avec les jambes et les pieds \u00e9tendus pour le d\u00e9collage et l&rsquo;atterrissage. <\/p>\n<p>Les parapentes se rangent dans un sac \u00e0 dos surdimensionn\u00e9. Dans la plupart des cas, la sellette sert de sac \u00e0 dos. Les parapentes sont tr\u00e8s transportables et peuvent \u00eatre transport\u00e9s \u00e0 pied, dans les transports publics et comme bagages enregistr\u00e9s dans les compagnies a\u00e9riennes. <\/p>\n<h3><b>Vitesse de vol, vitesse de d\u00e9placement<\/b><\/h3>\n<p><img decoding=\"async\" class=\" wp-image-1473 alignright\" src=\"https:\/\/2024.hpac.ca\/wp-content\/uploads\/2024\/06\/speedwing.png\" alt=\"\" width=\"343\" height=\"216\">Bien qu&rsquo;ils ressemblent beaucoup aux parapentes, les speed-wings sont beaucoup plus petits, plus rapides et requi\u00e8rent des comp\u00e9tences sup\u00e9rieures de la part des pilotes en raison de leur plus grande maniabilit\u00e9. Le speed flying est un sport \u00e9mergent, mais il s&rsquo;agit g\u00e9n\u00e9ralement d&rsquo;ailes de vitesse lanc\u00e9es \u00e0 pied et volant \u00e0 proximit\u00e9 du sol en suivant les contours naturels, les pistes de ski et d&rsquo;autres caract\u00e9ristiques du sol dans une descente continue depuis le d\u00e9collage jusqu&rsquo;au pied de la montagne. Il est \u00e9vident que l&rsquo;exigence d&rsquo;excellentes comp\u00e9tences et d&rsquo;un bon jugement de la part du pilote est particuli\u00e8rement importante lorsque ces ailes sont pilot\u00e9es pr\u00e8s du sol, en raison de la faible marge d&rsquo;erreur et des cons\u00e9quences d&rsquo;une collision avec le sol \u00e0 grande vitesse. Le speed riding est un hybride de ski et de speed flying.   <\/p>\n<p>Le HPAC ne dispose pas actuellement d&rsquo;un programme de formation des pilotes ou de qualifications de pilotes pour le vol de proximit\u00e9 ou le speed riding et ne certifie pas les instructeurs pour enseigner ces disciplines.<\/p>\n<h3><b>Ce qui n&rsquo;est <\/b><b>pas<\/b><b> un deltaplane ou un parapente ? <\/b><\/h3>\n<p><span style=\"font-weight: 400;\">Il est important de faire la diff\u00e9rence entre les deltaplanes, les parapentes et les autres a\u00e9ronefs d&rsquo;apparence similaire, car ils sont r\u00e9glement\u00e9s diff\u00e9remment.<\/span><\/p>\n<p><img decoding=\"async\" class=\"wp-image-1472 alignleft\" src=\"https:\/\/2024.hpac.ca\/wp-content\/uploads\/2021\/01\/trike-e1611134023365.jpg\" alt=\"\" width=\"345\" height=\"262\">Un <b>trike<\/b> est un a\u00e9ronef motoris\u00e9 dot\u00e9 d&rsquo;une aile qui ressemble \u00e0 un deltaplane, attach\u00e9e \u00e0 un \u00ab\u00a0buggy\u00a0\u00bb ou \u00ab\u00a0chariot\u00a0\u00bb \u00e0 trois roues, avec des si\u00e8ges pour un pilote (et parfois un passager) et un moteur avec une h\u00e9lice de pouss\u00e9e \u00e0 l&rsquo;arri\u00e8re. Dans certains cas, l&rsquo;aile est en fait une aile de deltaplane attach\u00e9e au buggy motoris\u00e9. <\/p>\n<p>Au Canada, un a\u00e9ronef n&rsquo;est un \u00ab\u00a0deltaplane\u00a0\u00bb que s&rsquo;il p\u00e8se moins de 100 livres et n&rsquo;a pas de moteur. Un trike ne r\u00e9pond pas \u00e0 cette d\u00e9finition et est donc class\u00e9 comme avion ultral\u00e9ger, doit \u00eatre enregistr\u00e9 aupr\u00e8s de Transports Canada et n\u00e9cessite un permis de pilote d&rsquo;avion ultral\u00e9ger, un permis de pilote de loisir ou une licence de pilote de Transports Canada pour voler. <\/p>\n<p><img decoding=\"async\" class=\"wp-image-1471 alignright\" src=\"https:\/\/2024.hpac.ca\/wp-content\/uploads\/2024\/06\/paramotor.png\" alt=\"\" width=\"321\" height=\"325\">Un <b>paramoteur ou parapente motoris\u00e9 (PPG)<\/b> est un a\u00e9ronef motoris\u00e9 dont l&rsquo;aile ressemble beaucoup \u00e0 celle d&rsquo;un parapente, mais dont le pilote porte un \u00ab\u00a0sac \u00e0 dos\u00a0\u00bb \u00e9quip\u00e9 d&rsquo;un moteur et d&rsquo;une h\u00e9lice de pouss\u00e9e. Les PPG peuvent \u00e9galement \u00eatre plus complexes, avec un buggy \u00e0 roues et des si\u00e8ges pour le pilote et parfois un passager. <\/p>\n<p>Au Canada, les parapentes correspondent \u00e0 la d\u00e9finition existante du \u00ab\u00a0deltaplane\u00a0\u00bb. Comme les PPG sont \u00e9quip\u00e9s d&rsquo;un moteur, ils sont class\u00e9s dans la cat\u00e9gorie des avions ultral\u00e9gers, doivent \u00eatre enregistr\u00e9s aupr\u00e8s de Transports Canada et n\u00e9cessitent une licence de pilote ultral\u00e9ger, une licence de pilote de loisir ou une licence de pilote de Transports Canada pour voler. [\/et_pb_text][\/et_pb_column][\/et_pb_row][\/et_pb_section]<\/p>\n","protected":false},"excerpt":{"rendered":"<p>Le deltaplane et le parapente expliqu\u00e9s Le deltaplane et le parapente sont des sports autor\u00e9glement\u00e9s au Canada, aux \u00c9tats-Unis et dans de nombreux autres pays o\u00f9 les lois r\u00e9glementant les activit\u00e9s sont tr\u00e8s peu nombreuses (mais pas inexistantes). L&rsquo;autor\u00e9gulation ne signifie pas l&rsquo;absence de r\u00e9glementation. Au Canada, l&rsquo;Association canadienne de deltaplane et de parapente g\u00e8re [&hellip;]<\/p>\n","protected":false},"author":4,"featured_media":5100,"parent":0,"menu_order":0,"comment_status":"closed","ping_status":"closed","template":"","meta":{"_acf_changed":false,"_et_pb_use_builder":"on","_et_pb_old_content":"","_et_gb_content_width":"","footnotes":""},"class_list":["post-5721","page","type-page","status-publish","has-post-thumbnail","hentry"],"acf":[],"yoast_head":"<!-- This site is optimized with the Yoast SEO plugin v27.4 - https:\/\/yoast.com\/product\/yoast-seo-wordpress\/ -->\n<title>Le parapente, le deltaplane et le vol de vitesse expliqu\u00e9s - HPAC.ca<\/title>\n<meta name=\"robots\" content=\"index, follow, max-snippet:-1, max-image-preview:large, max-video-preview:-1\" \/>\n<link rel=\"canonical\" href=\"https:\/\/2024.hpac.ca\/fr\/le-parapente-le-deltaplane-et-le-vol-de-vitesse-expliques\/\" \/>\n<meta property=\"og:locale\" content=\"fr_FR\" \/>\n<meta property=\"og:type\" content=\"article\" \/>\n<meta property=\"og:title\" content=\"Le parapente, le deltaplane et le vol de vitesse expliqu\u00e9s - HPAC.ca\" \/>\n<meta property=\"og:description\" content=\"Le deltaplane et le parapente expliqu\u00e9s Le deltaplane et le parapente sont des sports autor\u00e9glement\u00e9s au Canada, aux \u00c9tats-Unis et dans de nombreux autres pays o\u00f9 les lois r\u00e9glementant les activit\u00e9s sont tr\u00e8s peu nombreuses (mais pas inexistantes). L&#039;autor\u00e9gulation ne signifie pas l&#039;absence de r\u00e9glementation. Au Canada, l&#039;Association canadienne de deltaplane et de parapente g\u00e8re [&hellip;]\" \/>\n<meta property=\"og:url\" content=\"https:\/\/2024.hpac.ca\/fr\/le-parapente-le-deltaplane-et-le-vol-de-vitesse-expliques\/\" \/>\n<meta property=\"og:site_name\" content=\"HPAC.ca\" \/>\n<meta property=\"article:modified_time\" content=\"2026-03-11T13:34:29+00:00\" \/>\n<meta property=\"og:image\" content=\"https:\/\/2024.hpac.ca\/wp-content\/uploads\/2024\/06\/paraglider.jpg\" \/>\n\t<meta property=\"og:image:width\" content=\"636\" \/>\n\t<meta property=\"og:image:height\" content=\"659\" \/>\n\t<meta property=\"og:image:type\" content=\"image\/jpeg\" \/>\n<meta name=\"twitter:card\" content=\"summary_large_image\" \/>\n<meta name=\"twitter:label1\" content=\"Dur\u00e9e de lecture estim\u00e9e\" \/>\n\t<meta name=\"twitter:data1\" content=\"5 minute\" \/>\n<script type=\"application\/ld+json\" class=\"yoast-schema-graph\">{\"@context\":\"https:\\\/\\\/schema.org\",\"@graph\":[{\"@type\":\"WebPage\",\"@id\":\"https:\\\/\\\/2024.hpac.ca\\\/fr\\\/le-parapente-le-deltaplane-et-le-vol-de-vitesse-expliques\\\/\",\"url\":\"https:\\\/\\\/2024.hpac.ca\\\/fr\\\/le-parapente-le-deltaplane-et-le-vol-de-vitesse-expliques\\\/\",\"name\":\"Le parapente, le deltaplane et le vol de vitesse expliqu\u00e9s - HPAC.ca\",\"isPartOf\":{\"@id\":\"https:\\\/\\\/2024.hpac.ca\\\/fr\\\/#website\"},\"primaryImageOfPage\":{\"@id\":\"https:\\\/\\\/2024.hpac.ca\\\/fr\\\/le-parapente-le-deltaplane-et-le-vol-de-vitesse-expliques\\\/#primaryimage\"},\"image\":{\"@id\":\"https:\\\/\\\/2024.hpac.ca\\\/fr\\\/le-parapente-le-deltaplane-et-le-vol-de-vitesse-expliques\\\/#primaryimage\"},\"thumbnailUrl\":\"https:\\\/\\\/2024.hpac.ca\\\/wp-content\\\/uploads\\\/2024\\\/06\\\/paraglider.jpg\",\"datePublished\":\"2021-01-18T15:54:00+00:00\",\"dateModified\":\"2026-03-11T13:34:29+00:00\",\"breadcrumb\":{\"@id\":\"https:\\\/\\\/2024.hpac.ca\\\/fr\\\/le-parapente-le-deltaplane-et-le-vol-de-vitesse-expliques\\\/#breadcrumb\"},\"inLanguage\":\"fr-FR\",\"potentialAction\":[{\"@type\":\"ReadAction\",\"target\":[\"https:\\\/\\\/2024.hpac.ca\\\/fr\\\/le-parapente-le-deltaplane-et-le-vol-de-vitesse-expliques\\\/\"]}]},{\"@type\":\"ImageObject\",\"inLanguage\":\"fr-FR\",\"@id\":\"https:\\\/\\\/2024.hpac.ca\\\/fr\\\/le-parapente-le-deltaplane-et-le-vol-de-vitesse-expliques\\\/#primaryimage\",\"url\":\"https:\\\/\\\/2024.hpac.ca\\\/wp-content\\\/uploads\\\/2024\\\/06\\\/paraglider.jpg\",\"contentUrl\":\"https:\\\/\\\/2024.hpac.ca\\\/wp-content\\\/uploads\\\/2024\\\/06\\\/paraglider.jpg\",\"width\":636,\"height\":659},{\"@type\":\"BreadcrumbList\",\"@id\":\"https:\\\/\\\/2024.hpac.ca\\\/fr\\\/le-parapente-le-deltaplane-et-le-vol-de-vitesse-expliques\\\/#breadcrumb\",\"itemListElement\":[{\"@type\":\"ListItem\",\"position\":1,\"name\":\"Home\",\"item\":\"https:\\\/\\\/2024.hpac.ca\\\/fr\\\/\"},{\"@type\":\"ListItem\",\"position\":2,\"name\":\"Le parapente, le deltaplane et le vol de vitesse expliqu\u00e9s\"}]},{\"@type\":\"WebSite\",\"@id\":\"https:\\\/\\\/2024.hpac.ca\\\/fr\\\/#website\",\"url\":\"https:\\\/\\\/2024.hpac.ca\\\/fr\\\/\",\"name\":\"HPAC.ca\",\"description\":\"Hang Gliding and Paragliding Association\",\"potentialAction\":[{\"@type\":\"SearchAction\",\"target\":{\"@type\":\"EntryPoint\",\"urlTemplate\":\"https:\\\/\\\/2024.hpac.ca\\\/fr\\\/?s={search_term_string}\"},\"query-input\":{\"@type\":\"PropertyValueSpecification\",\"valueRequired\":true,\"valueName\":\"search_term_string\"}}],\"inLanguage\":\"fr-FR\"}]}<\/script>\n<!-- \/ Yoast SEO plugin. -->","yoast_head_json":{"title":"Le parapente, le deltaplane et le vol de vitesse expliqu\u00e9s - HPAC.ca","robots":{"index":"index","follow":"follow","max-snippet":"max-snippet:-1","max-image-preview":"max-image-preview:large","max-video-preview":"max-video-preview:-1"},"canonical":"https:\/\/2024.hpac.ca\/fr\/le-parapente-le-deltaplane-et-le-vol-de-vitesse-expliques\/","og_locale":"fr_FR","og_type":"article","og_title":"Le parapente, le deltaplane et le vol de vitesse expliqu\u00e9s - HPAC.ca","og_description":"Le deltaplane et le parapente expliqu\u00e9s Le deltaplane et le parapente sont des sports autor\u00e9glement\u00e9s au Canada, aux \u00c9tats-Unis et dans de nombreux autres pays o\u00f9 les lois r\u00e9glementant les activit\u00e9s sont tr\u00e8s peu nombreuses (mais pas inexistantes). L'autor\u00e9gulation ne signifie pas l'absence de r\u00e9glementation. Au Canada, l'Association canadienne de deltaplane et de parapente g\u00e8re [&hellip;]","og_url":"https:\/\/2024.hpac.ca\/fr\/le-parapente-le-deltaplane-et-le-vol-de-vitesse-expliques\/","og_site_name":"HPAC.ca","article_modified_time":"2026-03-11T13:34:29+00:00","og_image":[{"width":636,"height":659,"url":"https:\/\/2024.hpac.ca\/wp-content\/uploads\/2024\/06\/paraglider.jpg","type":"image\/jpeg"}],"twitter_card":"summary_large_image","twitter_misc":{"Dur\u00e9e de lecture estim\u00e9e":"5 minute"},"schema":{"@context":"https:\/\/schema.org","@graph":[{"@type":"WebPage","@id":"https:\/\/2024.hpac.ca\/fr\/le-parapente-le-deltaplane-et-le-vol-de-vitesse-expliques\/","url":"https:\/\/2024.hpac.ca\/fr\/le-parapente-le-deltaplane-et-le-vol-de-vitesse-expliques\/","name":"Le parapente, le deltaplane et le vol de vitesse expliqu\u00e9s - HPAC.ca","isPartOf":{"@id":"https:\/\/2024.hpac.ca\/fr\/#website"},"primaryImageOfPage":{"@id":"https:\/\/2024.hpac.ca\/fr\/le-parapente-le-deltaplane-et-le-vol-de-vitesse-expliques\/#primaryimage"},"image":{"@id":"https:\/\/2024.hpac.ca\/fr\/le-parapente-le-deltaplane-et-le-vol-de-vitesse-expliques\/#primaryimage"},"thumbnailUrl":"https:\/\/2024.hpac.ca\/wp-content\/uploads\/2024\/06\/paraglider.jpg","datePublished":"2021-01-18T15:54:00+00:00","dateModified":"2026-03-11T13:34:29+00:00","breadcrumb":{"@id":"https:\/\/2024.hpac.ca\/fr\/le-parapente-le-deltaplane-et-le-vol-de-vitesse-expliques\/#breadcrumb"},"inLanguage":"fr-FR","potentialAction":[{"@type":"ReadAction","target":["https:\/\/2024.hpac.ca\/fr\/le-parapente-le-deltaplane-et-le-vol-de-vitesse-expliques\/"]}]},{"@type":"ImageObject","inLanguage":"fr-FR","@id":"https:\/\/2024.hpac.ca\/fr\/le-parapente-le-deltaplane-et-le-vol-de-vitesse-expliques\/#primaryimage","url":"https:\/\/2024.hpac.ca\/wp-content\/uploads\/2024\/06\/paraglider.jpg","contentUrl":"https:\/\/2024.hpac.ca\/wp-content\/uploads\/2024\/06\/paraglider.jpg","width":636,"height":659},{"@type":"BreadcrumbList","@id":"https:\/\/2024.hpac.ca\/fr\/le-parapente-le-deltaplane-et-le-vol-de-vitesse-expliques\/#breadcrumb","itemListElement":[{"@type":"ListItem","position":1,"name":"Home","item":"https:\/\/2024.hpac.ca\/fr\/"},{"@type":"ListItem","position":2,"name":"Le parapente, le deltaplane et le vol de vitesse expliqu\u00e9s"}]},{"@type":"WebSite","@id":"https:\/\/2024.hpac.ca\/fr\/#website","url":"https:\/\/2024.hpac.ca\/fr\/","name":"HPAC.ca","description":"Hang Gliding and Paragliding Association","potentialAction":[{"@type":"SearchAction","target":{"@type":"EntryPoint","urlTemplate":"https:\/\/2024.hpac.ca\/fr\/?s={search_term_string}"},"query-input":{"@type":"PropertyValueSpecification","valueRequired":true,"valueName":"search_term_string"}}],"inLanguage":"fr-FR"}]}},"_links":{"self":[{"href":"https:\/\/2024.hpac.ca\/fr\/wp-json\/wp\/v2\/pages\/5721","targetHints":{"allow":["GET"]}}],"collection":[{"href":"https:\/\/2024.hpac.ca\/fr\/wp-json\/wp\/v2\/pages"}],"about":[{"href":"https:\/\/2024.hpac.ca\/fr\/wp-json\/wp\/v2\/types\/page"}],"author":[{"embeddable":true,"href":"https:\/\/2024.hpac.ca\/fr\/wp-json\/wp\/v2\/users\/4"}],"replies":[{"embeddable":true,"href":"https:\/\/2024.hpac.ca\/fr\/wp-json\/wp\/v2\/comments?post=5721"}],"version-history":[{"count":4,"href":"https:\/\/2024.hpac.ca\/fr\/wp-json\/wp\/v2\/pages\/5721\/revisions"}],"predecessor-version":[{"id":5730,"href":"https:\/\/2024.hpac.ca\/fr\/wp-json\/wp\/v2\/pages\/5721\/revisions\/5730"}],"wp:featuredmedia":[{"embeddable":true,"href":"https:\/\/2024.hpac.ca\/fr\/wp-json\/wp\/v2\/media\/5100"}],"wp:attachment":[{"href":"https:\/\/2024.hpac.ca\/fr\/wp-json\/wp\/v2\/media?parent=5721"}],"curies":[{"name":"wp","href":"https:\/\/api.w.org\/{rel}","templated":true}]}}