{"id":5740,"date":"2021-02-25T05:05:31","date_gmt":"2021-02-25T05:05:31","guid":{"rendered":"https:\/\/2024.hpac.ca\/carte-ippi\/"},"modified":"2026-03-11T13:34:44","modified_gmt":"2026-03-11T13:34:44","slug":"carte-ippi","status":"publish","type":"page","link":"https:\/\/2024.hpac.ca\/fr\/carte-ippi\/","title":{"rendered":"Carte IPPI"},"content":{"rendered":"<p>[et_pb_section fb_built=\u00a0\u00bb1&Prime; admin_label=\u00a0\u00bbsection\u00a0\u00bb _builder_version=\u00a0\u00bb4.16&Prime; global_colors_info=\u00a0\u00bb{}\u00a0\u00bb][et_pb_row admin_label=\u00a0\u00bbrang\u00e9e\u00a0\u00bb _builder_version=\u00a0\u00bb4.16&Prime; background_size=\u00a0\u00bbinitial\u00a0\u00bb background_position=\u00a0\u00bbtop_left\u00a0\u00bb background_repeat=\u00a0\u00bbrepeat\u00a0\u00bb global_colors_info=\u00a0\u00bb{}\u00a0\u00bb][et_pb_column type=\u00a0\u00bb4_4&Prime; _builder_version=\u00a0\u00bb4.16&Prime; custom_padding=\u00a0\u00bb|||\u00a0\u00bb global_colors_info=\u00a0\u00bb{}\u00a0\u00bb custom_padding__hover=\u00a0\u00bb|||\u00a0\u00bb][et_pb_heading title=\u00a0\u00bb@ET-DC@eyJkeW5hbWljIjp0cnVlLCJjb250ZW50IjoicG9zdF90aXRsZSIsInNldHRpbmdzIjp7ImJlZm9yZSI6IiIsImFmdGVyIjoiIn19@\u00a0\u00bb _builder_version=\u00a0\u00bb4.25.2&Prime; _module_preset=\u00a0\u00bbdefault\u00a0\u00bb _dynamic_attributes=\u00a0\u00bbtitle\u00a0\u00bb title_font=\u00a0\u00bb|700|||||||\u00a0\u00bb hover_enabled=\u00a0\u00bb0&Prime; sticky_enabled=\u00a0\u00bb0&Prime;][\/et_pb_heading][et_pb_text admin_label=\u00a0\u00bbText\u00a0\u00bb _builder_version=\u00a0\u00bb4.16&Prime; background_size=\u00a0\u00bbinitial\u00a0\u00bb background_position=\u00a0\u00bbtop_left\u00a0\u00bb background_repeat=\u00a0\u00bbrepeat\u00a0\u00bb global_colors_info=\u00a0\u00bb{}\u00a0\u00bb]<\/p>\n\n<figure class=\"wp-block-image size-large is-resized\"><img decoding=\"async\" src=\"https:\/\/2024.hpac.ca\/wp-content\/uploads\/2021\/03\/IPPI-card.jpg\" alt=\"\" class=\"wp-image-1655\" width=\"508\" height=\"335\"\/><\/figure>\n\n<div class=\"wp-block-contact-form-7-contact-form-selector\">\n<div class=\"wpcf7 no-js\" id=\"wpcf7-f5489-o1\" lang=\"fr-FR\" dir=\"ltr\" data-wpcf7-id=\"5489\">\n<div class=\"screen-reader-response\"><p role=\"status\" aria-live=\"polite\" aria-atomic=\"true\"><\/p> <ul><\/ul><\/div>\n<form action=\"\/fr\/wp-json\/wp\/v2\/pages\/5740#wpcf7-f5489-o1\" method=\"post\" class=\"wpcf7-form init\" aria-label=\"Formulaire de contact\" novalidate=\"novalidate\" data-status=\"init\">\n<fieldset class=\"hidden-fields-container\"><input type=\"hidden\" name=\"_wpcf7\" value=\"5489\" \/><input type=\"hidden\" name=\"_wpcf7_version\" value=\"6.1.5\" \/><input type=\"hidden\" name=\"_wpcf7_locale\" value=\"fr_FR\" \/><input type=\"hidden\" name=\"_wpcf7_unit_tag\" value=\"wpcf7-f5489-o1\" \/><input type=\"hidden\" name=\"_wpcf7_container_post\" value=\"0\" \/><input type=\"hidden\" name=\"_wpcf7_posted_data_hash\" value=\"\" \/>\n<\/fieldset>\n<p><label> Votre nom<br \/>\n<span class=\"wpcf7-form-control-wrap\" data-name=\"applicant-name\"><input size=\"40\" maxlength=\"400\" class=\"wpcf7-form-control wpcf7-text wpcf7-validates-as-required\" aria-required=\"true\" aria-invalid=\"false\" value=\"\" type=\"text\" name=\"applicant-name\" \/><\/span> <\/label>\n<\/p>\n<p><label> Adresse<br \/>\n<span class=\"wpcf7-form-control-wrap\" data-name=\"address\"><input size=\"40\" maxlength=\"400\" class=\"wpcf7-form-control wpcf7-text wpcf7-validates-as-required\" aria-required=\"true\" aria-invalid=\"false\" value=\"\" type=\"text\" name=\"address\" \/><\/span> <\/label>\n<\/p>\n<p><label> Votre email<br \/>\n<span class=\"wpcf7-form-control-wrap\" data-name=\"your-email\"><input size=\"40\" maxlength=\"400\" class=\"wpcf7-form-control wpcf7-email wpcf7-validates-as-required wpcf7-text wpcf7-validates-as-email\" aria-required=\"true\" aria-invalid=\"false\" value=\"\" type=\"email\" name=\"your-email\" \/><\/span> <\/label>\n<\/p>\n<p><label> Nationalit\u00e9 :<br \/>\n<span class=\"wpcf7-form-control-wrap\" data-name=\"nationality\"><input size=\"40\" maxlength=\"400\" class=\"wpcf7-form-control wpcf7-text wpcf7-validates-as-required\" aria-required=\"true\" aria-invalid=\"false\" value=\"\" type=\"text\" name=\"nationality\" \/><\/span> <\/label>\n<\/p>\n<p><label> Sexe :<br \/>\n<span class=\"wpcf7-form-control-wrap\" data-name=\"Gender\"><input size=\"40\" maxlength=\"400\" class=\"wpcf7-form-control wpcf7-text wpcf7-validates-as-required\" aria-required=\"true\" aria-invalid=\"false\" value=\"\" type=\"text\" name=\"Gender\" \/><\/span> <\/label>\n<\/p>\n<p><label> Num\u00e9ro d'adh\u00e9rent HPAC :<br \/>\n<span class=\"wpcf7-form-control-wrap\" data-name=\"hpac-membership-number\"><input size=\"40\" maxlength=\"400\" class=\"wpcf7-form-control wpcf7-text wpcf7-validates-as-required\" aria-required=\"true\" aria-invalid=\"false\" value=\"\" type=\"text\" name=\"hpac-membership-number\" \/><\/span> <\/label>\n<\/p>\n<p><label> Num\u00e9ro de licence sportive FAI, le cas \u00e9ch\u00e9ant :<br \/>\n<span class=\"wpcf7-form-control-wrap\" data-name=\"fai-sporting-license-number\"><input size=\"40\" maxlength=\"400\" class=\"wpcf7-form-control wpcf7-text\" aria-invalid=\"false\" value=\"\" type=\"text\" name=\"fai-sporting-license-number\" \/><\/span> <\/label>\n<\/p>\n<p><label> Qualification de pilote de deltaplane HPAC :<br \/>\n<span class=\"wpcf7-form-control-wrap\" data-name=\"hg-rating\"><input size=\"40\" maxlength=\"400\" class=\"wpcf7-form-control wpcf7-text\" aria-invalid=\"false\" value=\"\" type=\"text\" name=\"hg-rating\" \/><\/span> <\/label>\n<\/p>\n<p><label> Qualification de pilote de parapente HPAC :<br \/>\n<span class=\"wpcf7-form-control-wrap\" data-name=\"pg-rating\"><input size=\"40\" maxlength=\"400\" class=\"wpcf7-form-control wpcf7-text\" aria-invalid=\"false\" value=\"\" type=\"text\" name=\"pg-rating\" \/><\/span> <\/label>\n<\/p>\n<p><label> HAGAR # :<br \/>\n<span class=\"wpcf7-form-control-wrap\" data-name=\"hagar\"><input size=\"40\" maxlength=\"400\" class=\"wpcf7-form-control wpcf7-text\" aria-invalid=\"false\" value=\"\" type=\"text\" name=\"hagar\" \/><\/span> <\/label>\n<\/p>\n<p><label> Date :<br \/>\n<span class=\"wpcf7-form-control-wrap\" data-name=\"application-date\"><input class=\"wpcf7-form-control wpcf7-date wpcf7-validates-as-required wpcf7-validates-as-date\" aria-required=\"true\" aria-invalid=\"false\" value=\"\" type=\"date\" name=\"application-date\" \/><\/span> <\/label>\n<\/p>\n<p><input class=\"wpcf7-form-control wpcf7-submit has-spinner\" type=\"submit\" value=\"Soumettre\" \/>\n<\/p><div class=\"wpcf7-response-output\" aria-hidden=\"true\"><\/div>\n<\/form>\n<\/div>\n<\/div>\n\n<h2 class=\"wp-block-heading\">NOTE<\/h2>\n\n<p>Chaque pays croise ses notations avec le syst\u00e8me IPPI de la CIVL.<br\/>Une carte IPPI ne peut pas remplacer une notation nationale, c&rsquo;est-\u00e0-dire qu&rsquo;une notation nationale est une condition pr\u00e9alable \u00e0 l&rsquo;obtention d&rsquo;une carte IPPI.<\/p>\n\n<p>L&rsquo;examen HAGAR (R\u00e8glement a\u00e9rien du vol \u00e0 voile de Transports Canada) est exig\u00e9 le cas \u00e9ch\u00e9ant. Il faut s&rsquo;assurer que les r\u00e8gles d&#8217;emprise et les r\u00e8glements a\u00e9riens du Canada sont compris, que de nombreux sites ont des r\u00e8gles et des protocoles particuliers qu&rsquo;il faut apprendre et suivre. <\/p>\n\n<figure class=\"wp-block-table\"><table><tbody><tr><th>R\u00c9F\u00c9RENCE CROIS\u00c9E :<\/th><\/tr><tr><th>HPAC HG RATINGS<\/th><th>IPPI SafePro<\/th><th>NOTES PG DE L&rsquo;HPAC<\/th><th>IPPI ParaPro<\/th><\/tr><tr><td>H2 Novice<\/td><td>3<\/td><td>P2 Novice<\/td><td>3<\/td><\/tr><tr><td>H3 Interm\u00e9diaire+HAGAR<\/td><td>4<\/td><td>P3 Interm\u00e9diaire+HAGAR<\/td><td>4<\/td><\/tr><tr><td>H4 Avanc\u00e9+HAGAR<\/td><td>5<\/td><td>P4 Avanc\u00e9+HAGAR<\/td><td>5<\/td><\/tr><\/tbody><\/table><\/figure>\n\n<p id=\"block-c4e07567-ebff-4fd2-8b80-97b652b7d238\">R\u00e9f\u00e9rence : <a rel=\"noreferrer noopener\" href=\"http:\/\/www.fai.org\/ippi-card\/recognition-and-use\/373-civl\/civl-ippi-card\/31581-ippi-card-canada\" target=\"_blank\">FAI.org<\/a>: <a rel=\"noreferrer noopener\" href=\"http:\/\/www.fai.org\/component\/phocadownload\/category\/?download=2804:safepro-a-training-and-safety-standard-for-hang-gliding\" target=\"_blank\">SafePro<\/a> pour les deltaplanes, <a rel=\"noreferrer noopener\" href=\"http:\/\/www.fai.org\/downloads\/civl\/ParaProATrainingAndSafetyStandardForParagliding\" target=\"_blank\">ParaPro<\/a> pour les parapentes.<\/p>\n<p>[\/et_pb_text][\/et_pb_column][\/et_pb_row][\/et_pb_section]<\/p>\n","protected":false},"excerpt":{"rendered":"<p>\n<div class=\"wpcf7 no-js\" id=\"wpcf7-f5489-o2\" lang=\"fr-FR\" dir=\"ltr\" data-wpcf7-id=\"5489\">\n<div class=\"screen-reader-response\"><p role=\"status\" aria-live=\"polite\" aria-atomic=\"true\"><\/p> <ul><\/ul><\/div>\n<form action=\"\/fr\/wp-json\/wp\/v2\/pages\/5740#wpcf7-f5489-o2\" method=\"post\" class=\"wpcf7-form init\" aria-label=\"Formulaire de contact\" novalidate=\"novalidate\" data-status=\"init\">\n<fieldset class=\"hidden-fields-container\"><input type=\"hidden\" name=\"_wpcf7\" value=\"5489\" \/><input type=\"hidden\" name=\"_wpcf7_version\" value=\"6.1.5\" \/><input type=\"hidden\" name=\"_wpcf7_locale\" value=\"fr_FR\" \/><input type=\"hidden\" name=\"_wpcf7_unit_tag\" value=\"wpcf7-f5489-o2\" \/><input type=\"hidden\" name=\"_wpcf7_container_post\" value=\"0\" \/><input type=\"hidden\" name=\"_wpcf7_posted_data_hash\" value=\"\" \/>\n<\/fieldset>\n<p><label> Votre nom<br \/>\n<span class=\"wpcf7-form-control-wrap\" data-name=\"applicant-name\"><input size=\"40\" maxlength=\"400\" class=\"wpcf7-form-control wpcf7-text wpcf7-validates-as-required\" aria-required=\"true\" aria-invalid=\"false\" value=\"\" type=\"text\" name=\"applicant-name\" \/><\/span> <\/label>\n<\/p>\n<p><label> Adresse<br \/>\n<span class=\"wpcf7-form-control-wrap\" data-name=\"address\"><input size=\"40\" maxlength=\"400\" class=\"wpcf7-form-control wpcf7-text wpcf7-validates-as-required\" aria-required=\"true\" aria-invalid=\"false\" value=\"\" type=\"text\" name=\"address\" \/><\/span> <\/label>\n<\/p>\n<p><label> Votre email<br \/>\n<span class=\"wpcf7-form-control-wrap\" data-name=\"your-email\"><input size=\"40\" maxlength=\"400\" class=\"wpcf7-form-control wpcf7-email wpcf7-validates-as-required wpcf7-text wpcf7-validates-as-email\" aria-required=\"true\" aria-invalid=\"false\" value=\"\" type=\"email\" name=\"your-email\" \/><\/span> <\/label>\n<\/p>\n<p><label> Nationalit\u00e9 :<br \/>\n<span class=\"wpcf7-form-control-wrap\" data-name=\"nationality\"><input size=\"40\" maxlength=\"400\" class=\"wpcf7-form-control wpcf7-text wpcf7-validates-as-required\" aria-required=\"true\" aria-invalid=\"false\" value=\"\" type=\"text\" name=\"nationality\" \/><\/span> <\/label>\n<\/p>\n<p><label> Sexe :<br \/>\n<span class=\"wpcf7-form-control-wrap\" data-name=\"Gender\"><input size=\"40\" maxlength=\"400\" class=\"wpcf7-form-control wpcf7-text wpcf7-validates-as-required\" aria-required=\"true\" aria-invalid=\"false\" value=\"\" type=\"text\" name=\"Gender\" \/><\/span> <\/label>\n<\/p>\n<p><label> Num\u00e9ro d'adh\u00e9rent HPAC :<br \/>\n<span class=\"wpcf7-form-control-wrap\" data-name=\"hpac-membership-number\"><input size=\"40\" maxlength=\"400\" class=\"wpcf7-form-control wpcf7-text wpcf7-validates-as-required\" aria-required=\"true\" aria-invalid=\"false\" value=\"\" type=\"text\" name=\"hpac-membership-number\" \/><\/span> <\/label>\n<\/p>\n<p><label> Num\u00e9ro de licence sportive FAI, le cas \u00e9ch\u00e9ant :<br \/>\n<span class=\"wpcf7-form-control-wrap\" data-name=\"fai-sporting-license-number\"><input size=\"40\" maxlength=\"400\" class=\"wpcf7-form-control wpcf7-text\" aria-invalid=\"false\" value=\"\" type=\"text\" name=\"fai-sporting-license-number\" \/><\/span> <\/label>\n<\/p>\n<p><label> Qualification de pilote de deltaplane HPAC :<br \/>\n<span class=\"wpcf7-form-control-wrap\" data-name=\"hg-rating\"><input size=\"40\" maxlength=\"400\" class=\"wpcf7-form-control wpcf7-text\" aria-invalid=\"false\" value=\"\" type=\"text\" name=\"hg-rating\" \/><\/span> <\/label>\n<\/p>\n<p><label> Qualification de pilote de parapente HPAC :<br \/>\n<span class=\"wpcf7-form-control-wrap\" data-name=\"pg-rating\"><input size=\"40\" maxlength=\"400\" class=\"wpcf7-form-control wpcf7-text\" aria-invalid=\"false\" value=\"\" type=\"text\" name=\"pg-rating\" \/><\/span> <\/label>\n<\/p>\n<p><label> HAGAR # :<br \/>\n<span class=\"wpcf7-form-control-wrap\" data-name=\"hagar\"><input size=\"40\" maxlength=\"400\" class=\"wpcf7-form-control wpcf7-text\" aria-invalid=\"false\" value=\"\" type=\"text\" name=\"hagar\" \/><\/span> <\/label>\n<\/p>\n<p><label> Date :<br \/>\n<span class=\"wpcf7-form-control-wrap\" data-name=\"application-date\"><input class=\"wpcf7-form-control wpcf7-date wpcf7-validates-as-required wpcf7-validates-as-date\" aria-required=\"true\" aria-invalid=\"false\" value=\"\" type=\"date\" name=\"application-date\" \/><\/span> <\/label>\n<\/p>\n<p><input class=\"wpcf7-form-control wpcf7-submit has-spinner\" type=\"submit\" value=\"Soumettre\" \/>\n<\/p><div class=\"wpcf7-response-output\" aria-hidden=\"true\"><\/div>\n<\/form>\n<\/div>\n NOTE Chaque pays croise ses notations avec le syst\u00e8me IPPI de la CIVL.Une carte IPPI ne peut pas remplacer une notation nationale, c&rsquo;est-\u00e0-dire qu&rsquo;une notation nationale est une condition pr\u00e9alable \u00e0 l&rsquo;obtention d&rsquo;une carte IPPI. L&rsquo;examen HAGAR (R\u00e8glement a\u00e9rien du vol \u00e0 voile de Transports Canada) est exig\u00e9 le [&hellip;]<\/p>\n","protected":false},"author":4,"featured_media":5193,"parent":0,"menu_order":0,"comment_status":"closed","ping_status":"closed","template":"","meta":{"_acf_changed":false,"_et_pb_use_builder":"on","_et_pb_old_content":"","_et_gb_content_width":"","footnotes":""},"class_list":["post-5740","page","type-page","status-publish","has-post-thumbnail","hentry"],"acf":[],"yoast_head":"<!-- This site is optimized with the Yoast SEO plugin v27.4 - https:\/\/yoast.com\/product\/yoast-seo-wordpress\/ -->\n<title>Carte IPPI - HPAC.ca<\/title>\n<meta name=\"robots\" content=\"index, follow, max-snippet:-1, max-image-preview:large, max-video-preview:-1\" \/>\n<link rel=\"canonical\" href=\"https:\/\/2024.hpac.ca\/fr\/carte-ippi\/\" \/>\n<meta property=\"og:locale\" content=\"fr_FR\" \/>\n<meta property=\"og:type\" content=\"article\" \/>\n<meta property=\"og:title\" content=\"Carte IPPI - HPAC.ca\" \/>\n<meta property=\"og:description\" content=\"NOTE Chaque pays croise ses notations avec le syst\u00e8me IPPI de la CIVL.Une carte IPPI ne peut pas remplacer une notation nationale, c&#039;est-\u00e0-dire qu&#039;une notation nationale est une condition pr\u00e9alable \u00e0 l&#039;obtention d&#039;une carte IPPI. L&#039;examen HAGAR (R\u00e8glement a\u00e9rien du vol \u00e0 voile de Transports Canada) est exig\u00e9 le [&hellip;]\" \/>\n<meta property=\"og:url\" content=\"https:\/\/2024.hpac.ca\/fr\/carte-ippi\/\" \/>\n<meta property=\"og:site_name\" content=\"HPAC.ca\" \/>\n<meta property=\"article:modified_time\" content=\"2026-03-11T13:34:44+00:00\" \/>\n<meta property=\"og:image\" content=\"https:\/\/2024.hpac.ca\/wp-content\/uploads\/2021\/03\/IPPI-card.jpg\" \/>\n\t<meta property=\"og:image:width\" content=\"1015\" \/>\n\t<meta property=\"og:image:height\" content=\"669\" \/>\n\t<meta property=\"og:image:type\" content=\"image\/jpeg\" \/>\n<meta name=\"twitter:card\" content=\"summary_large_image\" \/>\n<meta name=\"twitter:label1\" content=\"Dur\u00e9e de lecture estim\u00e9e\" \/>\n\t<meta name=\"twitter:data1\" content=\"1 minute\" \/>\n<script type=\"application\/ld+json\" class=\"yoast-schema-graph\">{\"@context\":\"https:\\\/\\\/schema.org\",\"@graph\":[{\"@type\":\"WebPage\",\"@id\":\"https:\\\/\\\/2024.hpac.ca\\\/fr\\\/carte-ippi\\\/\",\"url\":\"https:\\\/\\\/2024.hpac.ca\\\/fr\\\/carte-ippi\\\/\",\"name\":\"Carte IPPI - HPAC.ca\",\"isPartOf\":{\"@id\":\"https:\\\/\\\/2024.hpac.ca\\\/fr\\\/#website\"},\"primaryImageOfPage\":{\"@id\":\"https:\\\/\\\/2024.hpac.ca\\\/fr\\\/carte-ippi\\\/#primaryimage\"},\"image\":{\"@id\":\"https:\\\/\\\/2024.hpac.ca\\\/fr\\\/carte-ippi\\\/#primaryimage\"},\"thumbnailUrl\":\"https:\\\/\\\/2024.hpac.ca\\\/wp-content\\\/uploads\\\/2021\\\/03\\\/IPPI-card.jpg\",\"datePublished\":\"2021-02-25T05:05:31+00:00\",\"dateModified\":\"2026-03-11T13:34:44+00:00\",\"breadcrumb\":{\"@id\":\"https:\\\/\\\/2024.hpac.ca\\\/fr\\\/carte-ippi\\\/#breadcrumb\"},\"inLanguage\":\"fr-FR\",\"potentialAction\":[{\"@type\":\"ReadAction\",\"target\":[\"https:\\\/\\\/2024.hpac.ca\\\/fr\\\/carte-ippi\\\/\"]}]},{\"@type\":\"ImageObject\",\"inLanguage\":\"fr-FR\",\"@id\":\"https:\\\/\\\/2024.hpac.ca\\\/fr\\\/carte-ippi\\\/#primaryimage\",\"url\":\"https:\\\/\\\/2024.hpac.ca\\\/wp-content\\\/uploads\\\/2021\\\/03\\\/IPPI-card.jpg\",\"contentUrl\":\"https:\\\/\\\/2024.hpac.ca\\\/wp-content\\\/uploads\\\/2021\\\/03\\\/IPPI-card.jpg\",\"width\":1015,\"height\":669},{\"@type\":\"BreadcrumbList\",\"@id\":\"https:\\\/\\\/2024.hpac.ca\\\/fr\\\/carte-ippi\\\/#breadcrumb\",\"itemListElement\":[{\"@type\":\"ListItem\",\"position\":1,\"name\":\"Home\",\"item\":\"https:\\\/\\\/2024.hpac.ca\\\/fr\\\/\"},{\"@type\":\"ListItem\",\"position\":2,\"name\":\"Carte IPPI\"}]},{\"@type\":\"WebSite\",\"@id\":\"https:\\\/\\\/2024.hpac.ca\\\/fr\\\/#website\",\"url\":\"https:\\\/\\\/2024.hpac.ca\\\/fr\\\/\",\"name\":\"HPAC.ca\",\"description\":\"Hang Gliding and Paragliding Association\",\"potentialAction\":[{\"@type\":\"SearchAction\",\"target\":{\"@type\":\"EntryPoint\",\"urlTemplate\":\"https:\\\/\\\/2024.hpac.ca\\\/fr\\\/?s={search_term_string}\"},\"query-input\":{\"@type\":\"PropertyValueSpecification\",\"valueRequired\":true,\"valueName\":\"search_term_string\"}}],\"inLanguage\":\"fr-FR\"}]}<\/script>\n<!-- \/ Yoast SEO plugin. -->","yoast_head_json":{"title":"Carte IPPI - HPAC.ca","robots":{"index":"index","follow":"follow","max-snippet":"max-snippet:-1","max-image-preview":"max-image-preview:large","max-video-preview":"max-video-preview:-1"},"canonical":"https:\/\/2024.hpac.ca\/fr\/carte-ippi\/","og_locale":"fr_FR","og_type":"article","og_title":"Carte IPPI - HPAC.ca","og_description":"NOTE Chaque pays croise ses notations avec le syst\u00e8me IPPI de la CIVL.Une carte IPPI ne peut pas remplacer une notation nationale, c'est-\u00e0-dire qu'une notation nationale est une condition pr\u00e9alable \u00e0 l'obtention d'une carte IPPI. L'examen HAGAR (R\u00e8glement a\u00e9rien du vol \u00e0 voile de Transports Canada) est exig\u00e9 le [&hellip;]","og_url":"https:\/\/2024.hpac.ca\/fr\/carte-ippi\/","og_site_name":"HPAC.ca","article_modified_time":"2026-03-11T13:34:44+00:00","og_image":[{"width":1015,"height":669,"url":"https:\/\/2024.hpac.ca\/wp-content\/uploads\/2021\/03\/IPPI-card.jpg","type":"image\/jpeg"}],"twitter_card":"summary_large_image","twitter_misc":{"Dur\u00e9e de lecture estim\u00e9e":"1 minute"},"schema":{"@context":"https:\/\/schema.org","@graph":[{"@type":"WebPage","@id":"https:\/\/2024.hpac.ca\/fr\/carte-ippi\/","url":"https:\/\/2024.hpac.ca\/fr\/carte-ippi\/","name":"Carte IPPI - HPAC.ca","isPartOf":{"@id":"https:\/\/2024.hpac.ca\/fr\/#website"},"primaryImageOfPage":{"@id":"https:\/\/2024.hpac.ca\/fr\/carte-ippi\/#primaryimage"},"image":{"@id":"https:\/\/2024.hpac.ca\/fr\/carte-ippi\/#primaryimage"},"thumbnailUrl":"https:\/\/2024.hpac.ca\/wp-content\/uploads\/2021\/03\/IPPI-card.jpg","datePublished":"2021-02-25T05:05:31+00:00","dateModified":"2026-03-11T13:34:44+00:00","breadcrumb":{"@id":"https:\/\/2024.hpac.ca\/fr\/carte-ippi\/#breadcrumb"},"inLanguage":"fr-FR","potentialAction":[{"@type":"ReadAction","target":["https:\/\/2024.hpac.ca\/fr\/carte-ippi\/"]}]},{"@type":"ImageObject","inLanguage":"fr-FR","@id":"https:\/\/2024.hpac.ca\/fr\/carte-ippi\/#primaryimage","url":"https:\/\/2024.hpac.ca\/wp-content\/uploads\/2021\/03\/IPPI-card.jpg","contentUrl":"https:\/\/2024.hpac.ca\/wp-content\/uploads\/2021\/03\/IPPI-card.jpg","width":1015,"height":669},{"@type":"BreadcrumbList","@id":"https:\/\/2024.hpac.ca\/fr\/carte-ippi\/#breadcrumb","itemListElement":[{"@type":"ListItem","position":1,"name":"Home","item":"https:\/\/2024.hpac.ca\/fr\/"},{"@type":"ListItem","position":2,"name":"Carte IPPI"}]},{"@type":"WebSite","@id":"https:\/\/2024.hpac.ca\/fr\/#website","url":"https:\/\/2024.hpac.ca\/fr\/","name":"HPAC.ca","description":"Hang Gliding and Paragliding Association","potentialAction":[{"@type":"SearchAction","target":{"@type":"EntryPoint","urlTemplate":"https:\/\/2024.hpac.ca\/fr\/?s={search_term_string}"},"query-input":{"@type":"PropertyValueSpecification","valueRequired":true,"valueName":"search_term_string"}}],"inLanguage":"fr-FR"}]}},"_links":{"self":[{"href":"https:\/\/2024.hpac.ca\/fr\/wp-json\/wp\/v2\/pages\/5740","targetHints":{"allow":["GET"]}}],"collection":[{"href":"https:\/\/2024.hpac.ca\/fr\/wp-json\/wp\/v2\/pages"}],"about":[{"href":"https:\/\/2024.hpac.ca\/fr\/wp-json\/wp\/v2\/types\/page"}],"author":[{"embeddable":true,"href":"https:\/\/2024.hpac.ca\/fr\/wp-json\/wp\/v2\/users\/4"}],"replies":[{"embeddable":true,"href":"https:\/\/2024.hpac.ca\/fr\/wp-json\/wp\/v2\/comments?post=5740"}],"version-history":[{"count":1,"href":"https:\/\/2024.hpac.ca\/fr\/wp-json\/wp\/v2\/pages\/5740\/revisions"}],"predecessor-version":[{"id":5741,"href":"https:\/\/2024.hpac.ca\/fr\/wp-json\/wp\/v2\/pages\/5740\/revisions\/5741"}],"wp:featuredmedia":[{"embeddable":true,"href":"https:\/\/2024.hpac.ca\/fr\/wp-json\/wp\/v2\/media\/5193"}],"wp:attachment":[{"href":"https:\/\/2024.hpac.ca\/fr\/wp-json\/wp\/v2\/media?parent=5740"}],"curies":[{"name":"wp","href":"https:\/\/api.w.org\/{rel}","templated":true}]}}